{"id":279,"date":"2025-02-12T19:38:31","date_gmt":"2025-02-12T11:38:31","guid":{"rendered":"https:\/\/carbitautoparts.com\/?page_id=279"},"modified":"2025-03-08T11:09:20","modified_gmt":"2025-03-08T03:09:20","slug":"purchase-process","status":"publish","type":"page","link":"https:\/\/carbitautoparts.com\/de\/kaufprozess\/","title":{"rendered":"Kaufprozess"},"content":{"rendered":"<div data-elementor-type=\"wp-page\" data-elementor-id=\"279\" class=\"elementor elementor-279\">\n\t\t\t\t<div class=\"elementor-element elementor-element-e224e57 e-con-full wd-section-stretch e-flex e-con e-parent\" data-id=\"e224e57\" data-element_type=\"container\" data-settings=\"{&quot;background_background&quot;:&quot;classic&quot;}\">\n\t\t\t\t<div class=\"elementor-element elementor-element-7053ee0 elementor-widget elementor-widget-heading\" data-id=\"7053ee0\" data-element_type=\"widget\" data-widget_type=\"heading.default\">\n\t\t\t\t<div class=\"elementor-widget-container\">\n\t\t\t\t\t<h1 class=\"elementor-heading-title elementor-size-default\">Kaufprozess<\/h1>\t\t\t\t<\/div>\n\t\t\t\t<\/div>\n\t\t\t\t<\/div>\n\t\t<div class=\"wd-negative-gap elementor-element elementor-element-e5abd25 e-flex e-con-boxed e-con e-parent\" data-id=\"e5abd25\" data-element_type=\"container\">\n\t\t\t\t\t<div class=\"e-con-inner\">\n\t\t\t\t<div class=\"elementor-element elementor-element-a0d92f6 elementor-widget elementor-widget-heading\" data-id=\"a0d92f6\" data-element_type=\"widget\" data-widget_type=\"heading.default\">\n\t\t\t\t<div class=\"elementor-widget-container\">\n\t\t\t\t\t<h2 class=\"elementor-heading-title elementor-size-default\">Wie kann man kaufen?<\/h2>\t\t\t\t<\/div>\n\t\t\t\t<\/div>\n\t\t\t\t\t<\/div>\n\t\t\t\t<\/div>\n\t\t<div class=\"wd-negative-gap elementor-element elementor-element-5823414 e-flex e-con-boxed e-con e-parent\" data-id=\"5823414\" data-element_type=\"container\">\n\t\t\t\t\t<div class=\"e-con-inner\">\n\t\t<div class=\"elementor-element elementor-element-5e7b637 e-con-full e-flex e-con e-child\" data-id=\"5e7b637\" data-element_type=\"container\">\n\t\t\t\t<div class=\"elementor-element elementor-element-84a4d89 wd-width-100 elementor-widget elementor-widget-wd_title\" data-id=\"84a4d89\" data-element_type=\"widget\" data-widget_type=\"wd_title.default\">\n\t\t\t\t<div class=\"elementor-widget-container\">\n\t\t\t\t\t\t\t<div class=\"title-wrapper wd-set-mb reset-last-child wd-title-color-default wd-title-style-default wd-title-size-default text-left\">\n\n\t\t\t\t\t\t\t\t\t\t\t<div class=\"title-subtitle subtitle-color-default subtitle-style-default wd-fontsize-xs\">\n\t\t\t\t\t01\t\t\t\t<\/div>\n\t\t\t\n\t\t\t<div class=\"liner-continer\">\n\t\t\t\t<h4 class=\"woodmart-title-container title wd-fontsize-l\">Finden Sie die VIN\/OEM-Nummer<\/h4> \n\t\t\t\t\t\t\t<\/div>\n\n\t\t\t\t\t\t\t<div class=\"title-after_title reset-last-child wd-fontsize-xs\">\n\t\t\t\t\t<p>Nennen Sie uns Ihre VIN\/OEM-Nummer des Fahrzeugs\/Teils.<\/p>\t\t\t\t<\/div>\n\t\t\t\t\t<\/div>\n\t\t\t\t\t\t<\/div>\n\t\t\t\t<\/div>\n\t\t\t\t<\/div>\n\t\t<div class=\"elementor-element elementor-element-cb5ee79 e-con-full e-flex e-con e-child\" data-id=\"cb5ee79\" data-element_type=\"container\">\n\t\t\t\t<div class=\"elementor-element elementor-element-8ab864f elementor-widget elementor-widget-image\" data-id=\"8ab864f\" data-element_type=\"widget\" data-widget_type=\"image.default\">\n\t\t\t\t<div class=\"elementor-widget-container\">\n\t\t\t\t\t\t\t\t\t\t\t\t\t\t\t<img fetchpriority=\"high\" decoding=\"async\" width=\"882\" height=\"489\" src=\"https:\/\/carbitautoparts.com\/wp-content\/uploads\/2025\/02\/001.jpg\" class=\"attachment-large size-large wp-image-459\" alt=\"\" srcset=\"https:\/\/carbitautoparts.com\/wp-content\/uploads\/2025\/02\/001.jpg 882w, https:\/\/carbitautoparts.com\/wp-content\/uploads\/2025\/02\/001-300x166.jpg 300w, https:\/\/carbitautoparts.com\/wp-content\/uploads\/2025\/02\/001-768x426.jpg 768w, https:\/\/carbitautoparts.com\/wp-content\/uploads\/2025\/02\/001-600x333.jpg 600w, https:\/\/carbitautoparts.com\/wp-content\/uploads\/2025\/02\/001-150x83.jpg 150w\" sizes=\"(max-width: 882px) 100vw, 882px\" \/>\t\t\t\t\t\t\t\t\t\t\t\t\t\t\t<\/div>\n\t\t\t\t<\/div>\n\t\t\t\t<\/div>\n\t\t\t\t\t<\/div>\n\t\t\t\t<\/div>\n\t\t<div class=\"wd-negative-gap elementor-element elementor-element-e3aef53 e-flex e-con-boxed e-con e-parent\" data-id=\"e3aef53\" data-element_type=\"container\">\n\t\t\t\t\t<div class=\"e-con-inner\">\n\t\t<div class=\"elementor-element elementor-element-98dd249 e-con-full e-flex e-con e-child\" data-id=\"98dd249\" data-element_type=\"container\">\n\t\t\t\t<div class=\"elementor-element elementor-element-34cbf26 elementor-widget elementor-widget-image\" data-id=\"34cbf26\" data-element_type=\"widget\" data-widget_type=\"image.default\">\n\t\t\t\t<div class=\"elementor-widget-container\">\n\t\t\t\t\t\t\t\t\t\t\t\t\t\t\t<img decoding=\"async\" width=\"1024\" height=\"683\" src=\"https:\/\/carbitautoparts.com\/wp-content\/uploads\/2025\/02\/002-1024x683.jpg\" class=\"attachment-large size-large wp-image-460\" alt=\"\" srcset=\"https:\/\/carbitautoparts.com\/wp-content\/uploads\/2025\/02\/002-1024x683.jpg 1024w, https:\/\/carbitautoparts.com\/wp-content\/uploads\/2025\/02\/002-300x200.jpg 300w, https:\/\/carbitautoparts.com\/wp-content\/uploads\/2025\/02\/002-768x512.jpg 768w, https:\/\/carbitautoparts.com\/wp-content\/uploads\/2025\/02\/002-600x400.jpg 600w, https:\/\/carbitautoparts.com\/wp-content\/uploads\/2025\/02\/002-150x100.jpg 150w, https:\/\/carbitautoparts.com\/wp-content\/uploads\/2025\/02\/002.jpg 1266w\" sizes=\"(max-width: 1024px) 100vw, 1024px\" \/>\t\t\t\t\t\t\t\t\t\t\t\t\t\t\t<\/div>\n\t\t\t\t<\/div>\n\t\t\t\t<\/div>\n\t\t<div class=\"elementor-element elementor-element-4a4e654 e-con-full e-flex e-con e-child\" data-id=\"4a4e654\" data-element_type=\"container\">\n\t\t\t\t<div class=\"elementor-element elementor-element-9ccce86 wd-width-100 elementor-widget elementor-widget-wd_title\" data-id=\"9ccce86\" data-element_type=\"widget\" data-widget_type=\"wd_title.default\">\n\t\t\t\t<div class=\"elementor-widget-container\">\n\t\t\t\t\t\t\t<div class=\"title-wrapper wd-set-mb reset-last-child wd-title-color-default wd-title-style-default wd-title-size-default text-left\">\n\n\t\t\t\t\t\t\t\t\t\t\t<div class=\"title-subtitle subtitle-color-default subtitle-style-default wd-fontsize-xs\">\n\t\t\t\t\t02\t\t\t\t<\/div>\n\t\t\t\n\t\t\t<div class=\"liner-continer\">\n\t\t\t\t<h4 class=\"woodmart-title-container title wd-fontsize-l\">Nennen Sie uns Ihre VIN\/OEM-Nummer des Fahrzeugs\/Teils.<\/h4> \n\t\t\t\t\t\t\t<\/div>\n\n\t\t\t\t\t\t\t<div class=\"title-after_title reset-last-child wd-fontsize-xs\">\n\t\t\t\t\t<p>Wir analysieren und suchen die richtigen, hochwertigen Teile, die Ihren Anforderungen entsprechen, den Lagerbestand, die wettbewerbsf\u00e4higsten Preise und die fr\u00fcheste Lieferfrist.<\/p>\t\t\t\t<\/div>\n\t\t\t\t\t<\/div>\n\t\t\t\t\t\t<\/div>\n\t\t\t\t<\/div>\n\t\t\t\t<\/div>\n\t\t\t\t\t<\/div>\n\t\t\t\t<\/div>\n\t\t<div class=\"wd-negative-gap elementor-element elementor-element-36d560c e-flex e-con-boxed e-con e-parent\" data-id=\"36d560c\" data-element_type=\"container\">\n\t\t\t\t\t<div class=\"e-con-inner\">\n\t\t<div class=\"elementor-element elementor-element-2e2f8f9 e-con-full e-flex e-con e-child\" data-id=\"2e2f8f9\" data-element_type=\"container\">\n\t\t\t\t<div class=\"elementor-element elementor-element-a0de016 wd-width-100 elementor-widget elementor-widget-wd_title\" data-id=\"a0de016\" data-element_type=\"widget\" data-widget_type=\"wd_title.default\">\n\t\t\t\t<div class=\"elementor-widget-container\">\n\t\t\t\t\t\t\t<div class=\"title-wrapper wd-set-mb reset-last-child wd-title-color-default wd-title-style-default wd-title-size-default text-left\">\n\n\t\t\t\t\t\t\t\t\t\t\t<div class=\"title-subtitle subtitle-color-default subtitle-style-default wd-fontsize-xs\">\n\t\t\t\t\t03\t\t\t\t<\/div>\n\t\t\t\n\t\t\t<div class=\"liner-continer\">\n\t\t\t\t<h4 class=\"woodmart-title-container title wd-fontsize-l\">Das Angebot vorbereiten<\/h4> \n\t\t\t\t\t\t\t<\/div>\n\n\t\t\t\t\t\t\t<div class=\"title-after_title reset-last-child wd-fontsize-xs\">\n\t\t\t\t\t<p>Nach der Analyse erstellen wir ein umfassendes Angebot, das den Preis der Teile, die gesch\u00e4tzten Versandkosten und die Lieferzeiten in der von Ihnen gew\u00fcnschten W\u00e4hrung und zu den von Ihnen gew\u00fcnschten Bedingungen enth\u00e4lt:<br \/>C &amp; F, CIF, FOB, etc.<\/p><p>Dieses Angebot wird Ihnen zur \u00dcberpr\u00fcfung und Genehmigung vorgelegt.<\/p>\t\t\t\t<\/div>\n\t\t\t\t\t<\/div>\n\t\t\t\t\t\t<\/div>\n\t\t\t\t<\/div>\n\t\t\t\t<\/div>\n\t\t<div class=\"elementor-element elementor-element-d8f0c45 e-con-full e-flex e-con e-child\" data-id=\"d8f0c45\" data-element_type=\"container\">\n\t\t\t\t<div class=\"elementor-element elementor-element-38a683a elementor-widget elementor-widget-image\" data-id=\"38a683a\" data-element_type=\"widget\" data-widget_type=\"image.default\">\n\t\t\t\t<div class=\"elementor-widget-container\">\n\t\t\t\t\t\t\t\t\t\t\t\t\t\t\t<img decoding=\"async\" width=\"1024\" height=\"683\" src=\"https:\/\/carbitautoparts.com\/wp-content\/uploads\/2025\/02\/003-1024x683.jpg\" class=\"attachment-large size-large wp-image-458\" alt=\"\" srcset=\"https:\/\/carbitautoparts.com\/wp-content\/uploads\/2025\/02\/003-1024x683.jpg 1024w, https:\/\/carbitautoparts.com\/wp-content\/uploads\/2025\/02\/003-300x200.jpg 300w, https:\/\/carbitautoparts.com\/wp-content\/uploads\/2025\/02\/003-768x512.jpg 768w, https:\/\/carbitautoparts.com\/wp-content\/uploads\/2025\/02\/003-600x400.jpg 600w, https:\/\/carbitautoparts.com\/wp-content\/uploads\/2025\/02\/003-150x100.jpg 150w, https:\/\/carbitautoparts.com\/wp-content\/uploads\/2025\/02\/003.jpg 1200w\" sizes=\"(max-width: 1024px) 100vw, 1024px\" \/>\t\t\t\t\t\t\t\t\t\t\t\t\t\t\t<\/div>\n\t\t\t\t<\/div>\n\t\t\t\t<\/div>\n\t\t\t\t\t<\/div>\n\t\t\t\t<\/div>\n\t\t<div class=\"wd-negative-gap elementor-element elementor-element-ad56b7b e-flex e-con-boxed e-con e-parent\" data-id=\"ad56b7b\" data-element_type=\"container\">\n\t\t\t\t\t<div class=\"e-con-inner\">\n\t\t<div class=\"elementor-element elementor-element-70d31f2 e-con-full e-flex e-con e-child\" data-id=\"70d31f2\" data-element_type=\"container\">\n\t\t\t\t<div class=\"elementor-element elementor-element-573b674 elementor-widget elementor-widget-image\" data-id=\"573b674\" data-element_type=\"widget\" data-widget_type=\"image.default\">\n\t\t\t\t<div class=\"elementor-widget-container\">\n\t\t\t\t\t\t\t\t\t\t\t\t\t\t\t<img loading=\"lazy\" decoding=\"async\" width=\"629\" height=\"353\" src=\"https:\/\/carbitautoparts.com\/wp-content\/uploads\/2025\/02\/004.png\" class=\"attachment-large size-large wp-image-461\" alt=\"\" srcset=\"https:\/\/carbitautoparts.com\/wp-content\/uploads\/2025\/02\/004.png 629w, https:\/\/carbitautoparts.com\/wp-content\/uploads\/2025\/02\/004-300x168.png 300w, https:\/\/carbitautoparts.com\/wp-content\/uploads\/2025\/02\/004-600x337.png 600w, https:\/\/carbitautoparts.com\/wp-content\/uploads\/2025\/02\/004-150x84.png 150w\" sizes=\"(max-width: 629px) 100vw, 629px\" \/>\t\t\t\t\t\t\t\t\t\t\t\t\t\t\t<\/div>\n\t\t\t\t<\/div>\n\t\t\t\t<\/div>\n\t\t<div class=\"elementor-element elementor-element-6506886 e-con-full e-flex e-con e-child\" data-id=\"6506886\" data-element_type=\"container\">\n\t\t\t\t<div class=\"elementor-element elementor-element-81e6529 wd-width-100 elementor-widget elementor-widget-wd_title\" data-id=\"81e6529\" data-element_type=\"widget\" data-widget_type=\"wd_title.default\">\n\t\t\t\t<div class=\"elementor-widget-container\">\n\t\t\t\t\t\t\t<div class=\"title-wrapper wd-set-mb reset-last-child wd-title-color-default wd-title-style-default wd-title-size-default text-left\">\n\n\t\t\t\n\t\t\t<div class=\"liner-continer\">\n\t\t\t\t<h4 class=\"woodmart-title-container title wd-fontsize-l\">Per Kurier, auf dem Luftweg, auf dem Seeweg, mit dem Zug, alles ist verf\u00fcgbar.<\/h4> \n\t\t\t\t\t\t\t<\/div>\n\n\t\t\t\t\t<\/div>\n\t\t\t\t\t\t<\/div>\n\t\t\t\t<\/div>\n\t\t\t\t<\/div>\n\t\t\t\t\t<\/div>\n\t\t\t\t<\/div>\n\t\t<div class=\"wd-negative-gap elementor-element elementor-element-6d075d6 e-flex e-con-boxed e-con e-parent\" data-id=\"6d075d6\" data-element_type=\"container\">\n\t\t\t\t\t<div class=\"e-con-inner\">\n\t\t<div class=\"elementor-element elementor-element-73c7931 e-con-full e-flex e-con e-child\" data-id=\"73c7931\" data-element_type=\"container\">\n\t\t\t\t<div class=\"elementor-element elementor-element-7970c7f elementor-widget elementor-widget-heading\" data-id=\"7970c7f\" data-element_type=\"widget\" data-widget_type=\"heading.default\">\n\t\t\t\t<div class=\"elementor-widget-container\">\n\t\t\t\t\t<h2 class=\"elementor-heading-title elementor-size-default\">Zahlung<\/h2>\t\t\t\t<\/div>\n\t\t\t\t<\/div>\n\t\t\t\t<div class=\"elementor-element elementor-element-66e46d9 elementor-widget elementor-widget-wd_text_block\" data-id=\"66e46d9\" data-element_type=\"widget\" data-widget_type=\"wd_text_block.default\">\n\t\t\t\t<div class=\"elementor-widget-container\">\n\t\t\t\t\t\t\t<div class=\"wd-text-block reset-last-child text-left\">\n\t\t\t\n\t\t\t<p>Nach Genehmigung des Angebots stellen wir eine Proforma-Rechnung (PI) aus, die alle Bestellspezifikationen, Bedingungen und Zahlungsanweisungen enth\u00e4lt.<br \/>Unser Unternehmen akzeptiert verschiedene internationale Zahlungsarten, einschlie\u00dflich T\/T, um sichere und bequeme Transaktionen zu gew\u00e4hrleisten.<\/p>\n\t\t\t\t\t<\/div>\n\t\t\t\t\t\t<\/div>\n\t\t\t\t<\/div>\n\t\t\t\t<\/div>\n\t\t<div class=\"elementor-element elementor-element-06eb334 e-con-full e-flex e-con e-child\" data-id=\"06eb334\" data-element_type=\"container\">\n\t\t\t\t<div class=\"elementor-element elementor-element-ee2edda wd-width-100 elementor-widget elementor-widget-wd_images_gallery\" data-id=\"ee2edda\" data-element_type=\"widget\" data-widget_type=\"wd_images_gallery.default\">\n\t\t\t\t<div class=\"elementor-widget-container\">\n\t\t\t\t\t\t\t<div class=\"wd-images-gallery photoswipe-images\" style=\"--wd-align-items:center; --wd-justify-content:center;\">\n\t\t\t\t\t\t<div class=\"wd-grid-g\" style=\"--wd-col-lg:4;--wd-col-md:4;--wd-col-sm:1;--wd-gap-lg:0px;\" >\n\t\t\t\t\t\t\t\t\t\t\t\t\t\t\t\t\t\t<div class=\"wd-gallery-item wd-col\">\n\t\t\t\t\t\t\t\t\t\t\t\t\t<a  href=\"https:\/\/carbitautoparts.com\/wp-content\/uploads\/2025\/02\/\u56fe\u7247-6.jpg\" data-width=\"303\" data-height=\"174\" data-index=\"1\" data-elementor-open-lightbox=\"no\">\n\t\t\t\t\t\t\n\t\t\t\t\t\t<img loading=\"lazy\" decoding=\"async\" width=\"303\" height=\"174\" src=\"https:\/\/carbitautoparts.com\/wp-content\/uploads\/2025\/02\/\u56fe\u7247-6.jpg\" class=\"attachment-large size-large\" alt=\"\u56fe\u7247 6\" srcset=\"https:\/\/carbitautoparts.com\/wp-content\/uploads\/2025\/02\/\u56fe\u7247-6.jpg 303w, https:\/\/carbitautoparts.com\/wp-content\/uploads\/2025\/02\/\u56fe\u7247-6-300x172.jpg 300w, https:\/\/carbitautoparts.com\/wp-content\/uploads\/2025\/02\/\u56fe\u7247-6-150x86.jpg 150w\" sizes=\"(max-width: 303px) 100vw, 303px\" \/>\n\t\t\t\t\t\t\t\t\t\t\t\t\t<\/a>\n\t\t\t\t\t\t\t\t\t\t\t<\/div>\n\t\t\t\t\t\t\t\t\t\t\t\t\t\t\t<div class=\"wd-gallery-item wd-col\">\n\t\t\t\t\t\t\t\t\t\t\t\t\t<a  href=\"https:\/\/carbitautoparts.com\/wp-content\/uploads\/2025\/02\/\u56fe\u7247-8.jpg\" data-width=\"244\" data-height=\"137\" data-index=\"2\" data-elementor-open-lightbox=\"no\">\n\t\t\t\t\t\t\n\t\t\t\t\t\t<img loading=\"lazy\" decoding=\"async\" width=\"244\" height=\"137\" src=\"https:\/\/carbitautoparts.com\/wp-content\/uploads\/2025\/02\/\u56fe\u7247-8.jpg\" class=\"attachment-large size-large\" alt=\"\u56fe\u7247 8\" srcset=\"https:\/\/carbitautoparts.com\/wp-content\/uploads\/2025\/02\/\u56fe\u7247-8.jpg 244w, https:\/\/carbitautoparts.com\/wp-content\/uploads\/2025\/02\/\u56fe\u7247-8-150x84.jpg 150w\" sizes=\"(max-width: 244px) 100vw, 244px\" \/>\n\t\t\t\t\t\t\t\t\t\t\t\t\t<\/a>\n\t\t\t\t\t\t\t\t\t\t\t<\/div>\n\t\t\t\t\t\t\t\t\t\t\t\t\t\t\t<div class=\"wd-gallery-item wd-col\">\n\t\t\t\t\t\t\t\t\t\t\t\t\t<a  href=\"https:\/\/carbitautoparts.com\/wp-content\/uploads\/2025\/02\/\u56fe\u7247-7.jpg\" data-width=\"276\" data-height=\"138\" data-index=\"3\" data-elementor-open-lightbox=\"no\">\n\t\t\t\t\t\t\n\t\t\t\t\t\t<img loading=\"lazy\" decoding=\"async\" width=\"276\" height=\"138\" src=\"https:\/\/carbitautoparts.com\/wp-content\/uploads\/2025\/02\/\u56fe\u7247-7.jpg\" class=\"attachment-large size-large\" alt=\"\u56fe\u7247 7\" srcset=\"https:\/\/carbitautoparts.com\/wp-content\/uploads\/2025\/02\/\u56fe\u7247-7.jpg 276w, https:\/\/carbitautoparts.com\/wp-content\/uploads\/2025\/02\/\u56fe\u7247-7-150x75.jpg 150w\" sizes=\"(max-width: 276px) 100vw, 276px\" \/>\n\t\t\t\t\t\t\t\t\t\t\t\t\t<\/a>\n\t\t\t\t\t\t\t\t\t\t\t<\/div>\n\t\t\t\t\t\t\t\t\t\t\t\t\t\t\t<div class=\"wd-gallery-item wd-col\">\n\t\t\t\t\t\t\t\t\t\t\t\t\t<a  href=\"https:\/\/carbitautoparts.com\/wp-content\/uploads\/2025\/02\/\u56fe\u7247-5.jpg\" data-width=\"258\" data-height=\"258\" data-index=\"4\" data-elementor-open-lightbox=\"no\">\n\t\t\t\t\t\t\n\t\t\t\t\t\t<img loading=\"lazy\" decoding=\"async\" width=\"258\" height=\"258\" src=\"https:\/\/carbitautoparts.com\/wp-content\/uploads\/2025\/02\/\u56fe\u7247-5.jpg\" class=\"attachment-large size-large\" alt=\"\u56fe\u7247 5\" srcset=\"https:\/\/carbitautoparts.com\/wp-content\/uploads\/2025\/02\/\u56fe\u7247-5.jpg 258w, https:\/\/carbitautoparts.com\/wp-content\/uploads\/2025\/02\/\u56fe\u7247-5-150x150.jpg 150w\" sizes=\"(max-width: 258px) 100vw, 258px\" \/>\n\t\t\t\t\t\t\t\t\t\t\t\t\t<\/a>\n\t\t\t\t\t\t\t\t\t\t\t<\/div>\n\t\t\t\t\t\t\t\t\t\t\t\t\t<\/div>\n\t\t\t\t\t<\/div>\n\t\t\t\t\t\t<\/div>\n\t\t\t\t<\/div>\n\t\t\t\t<\/div>\n\t\t\t\t\t<\/div>\n\t\t\t\t<\/div>\n\t\t<div class=\"wd-negative-gap elementor-element elementor-element-8de48ad e-flex e-con-boxed e-con e-parent\" data-id=\"8de48ad\" data-element_type=\"container\">\n\t\t\t\t\t<div class=\"e-con-inner\">\n\t\t<div class=\"elementor-element elementor-element-80ae0e1 e-con-full e-flex e-con e-child\" data-id=\"80ae0e1\" data-element_type=\"container\">\n\t\t\t\t<div class=\"elementor-element elementor-element-786d907 elementor-widget elementor-widget-wd_image_or_svg\" data-id=\"786d907\" data-element_type=\"widget\" data-widget_type=\"wd_image_or_svg.default\">\n\t\t\t\t<div class=\"elementor-widget-container\">\n\t\t\t\t\t\n\t\t<div class=\"wd-image text-left\">\n\t\t\t\t\t\t\t\t<img loading=\"lazy\" decoding=\"async\" width=\"1266\" height=\"712\" src=\"https:\/\/carbitautoparts.com\/wp-content\/uploads\/2025\/02\/\u56fe\u7247-9.jpg\" class=\"attachment-full size-full\" alt=\"\" srcset=\"https:\/\/carbitautoparts.com\/wp-content\/uploads\/2025\/02\/\u56fe\u7247-9.jpg 1266w, https:\/\/carbitautoparts.com\/wp-content\/uploads\/2025\/02\/\u56fe\u7247-9-300x169.jpg 300w, https:\/\/carbitautoparts.com\/wp-content\/uploads\/2025\/02\/\u56fe\u7247-9-1024x576.jpg 1024w, https:\/\/carbitautoparts.com\/wp-content\/uploads\/2025\/02\/\u56fe\u7247-9-768x432.jpg 768w, https:\/\/carbitautoparts.com\/wp-content\/uploads\/2025\/02\/\u56fe\u7247-9-600x337.jpg 600w, https:\/\/carbitautoparts.com\/wp-content\/uploads\/2025\/02\/\u56fe\u7247-9-150x84.jpg 150w\" sizes=\"(max-width: 1266px) 100vw, 1266px\" \/>\t\t\t\t\t<\/div>\n\n\t\t\t\t\t\t<\/div>\n\t\t\t\t<\/div>\n\t\t\t\t<\/div>\n\t\t<div class=\"elementor-element elementor-element-96e3ae1 e-con-full e-flex e-con e-child\" data-id=\"96e3ae1\" data-element_type=\"container\">\n\t\t\t\t<div class=\"elementor-element elementor-element-d943e62 elementor-widget elementor-widget-heading\" data-id=\"d943e62\" data-element_type=\"widget\" data-widget_type=\"heading.default\">\n\t\t\t\t<div class=\"elementor-widget-container\">\n\t\t\t\t\t<h2 class=\"elementor-heading-title elementor-size-default\">Liefern Sie die Waren<\/h2>\t\t\t\t<\/div>\n\t\t\t\t<\/div>\n\t\t\t\t<div class=\"elementor-element elementor-element-bea77af elementor-widget elementor-widget-wd_text_block\" data-id=\"bea77af\" data-element_type=\"widget\" data-widget_type=\"wd_text_block.default\">\n\t\t\t\t<div class=\"elementor-widget-container\">\n\t\t\t\t\t\t\t<div class=\"wd-text-block reset-last-child text-left\">\n\t\t\t\n\t\t\t<p>Nach Zahlungseingang werden die Bestellungen umgehend bearbeitet und die Ware nach Absprache versendet, wobei wir mit zuverl\u00e4ssigen internationalen Logistikpartnern zusammenarbeiten.<\/p>\n\t\t\t\t\t<\/div>\n\t\t\t\t\t\t<\/div>\n\t\t\t\t<\/div>\n\t\t\t\t<\/div>\n\t\t\t\t\t<\/div>\n\t\t\t\t<\/div>\n\t\t<div class=\"wd-negative-gap elementor-element elementor-element-0d4fbfa e-flex e-con-boxed e-con e-parent\" data-id=\"0d4fbfa\" data-element_type=\"container\">\n\t\t\t\t\t<div class=\"e-con-inner\">\n\t\t<div class=\"elementor-element elementor-element-3def1fb e-con-full e-flex e-con e-child\" data-id=\"3def1fb\" data-element_type=\"container\">\n\t\t\t\t<div class=\"elementor-element elementor-element-53edfb7 elementor-widget elementor-widget-heading\" data-id=\"53edfb7\" data-element_type=\"widget\" data-widget_type=\"heading.default\">\n\t\t\t\t<div class=\"elementor-widget-container\">\n\t\t\t\t\t<h2 class=\"elementor-heading-title elementor-size-default\">Verfolgung und Zustellung<\/h2>\t\t\t\t<\/div>\n\t\t\t\t<\/div>\n\t\t\t\t<div class=\"elementor-element elementor-element-d8ce4a3 elementor-widget elementor-widget-wd_text_block\" data-id=\"d8ce4a3\" data-element_type=\"widget\" data-widget_type=\"wd_text_block.default\">\n\t\t\t\t<div class=\"elementor-widget-container\">\n\t\t\t\t\t\t\t<div class=\"wd-text-block reset-last-child text-left\">\n\t\t\t\n\t\t\t<p>Wir stellen Ihnen Informationen zur Sendungsverfolgung zur Verf\u00fcgung, sobald die Sendung verschickt wurde, so dass Sie den Verlauf der Sendung verfolgen k\u00f6nnen.<\/p>\n\t\t\t\t\t<\/div>\n\t\t\t\t\t\t<\/div>\n\t\t\t\t<\/div>\n\t\t\t\t<\/div>\n\t\t<div class=\"elementor-element elementor-element-98eefec e-con-full e-flex e-con e-child\" data-id=\"98eefec\" data-element_type=\"container\">\n\t\t\t\t<div class=\"elementor-element elementor-element-3e920dc elementor-widget elementor-widget-wd_image_or_svg\" data-id=\"3e920dc\" data-element_type=\"widget\" data-widget_type=\"wd_image_or_svg.default\">\n\t\t\t\t<div class=\"elementor-widget-container\">\n\t\t\t\t\t\n\t\t<div class=\"wd-image text-left\">\n\t\t\t\t\t\t\t\t<img loading=\"lazy\" decoding=\"async\" width=\"1267\" height=\"689\" src=\"https:\/\/carbitautoparts.com\/wp-content\/uploads\/2025\/02\/\u56fe\u7247-10.jpg\" class=\"attachment-full size-full\" alt=\"\" srcset=\"https:\/\/carbitautoparts.com\/wp-content\/uploads\/2025\/02\/\u56fe\u7247-10.jpg 1267w, https:\/\/carbitautoparts.com\/wp-content\/uploads\/2025\/02\/\u56fe\u7247-10-300x163.jpg 300w, https:\/\/carbitautoparts.com\/wp-content\/uploads\/2025\/02\/\u56fe\u7247-10-1024x557.jpg 1024w, https:\/\/carbitautoparts.com\/wp-content\/uploads\/2025\/02\/\u56fe\u7247-10-768x418.jpg 768w, https:\/\/carbitautoparts.com\/wp-content\/uploads\/2025\/02\/\u56fe\u7247-10-600x326.jpg 600w, https:\/\/carbitautoparts.com\/wp-content\/uploads\/2025\/02\/\u56fe\u7247-10-150x82.jpg 150w\" sizes=\"(max-width: 1267px) 100vw, 1267px\" \/>\t\t\t\t\t<\/div>\n\n\t\t\t\t\t\t<\/div>\n\t\t\t\t<\/div>\n\t\t\t\t<\/div>\n\t\t\t\t\t<\/div>\n\t\t\t\t<\/div>\n\t\t\t\t<\/div>","protected":false},"excerpt":{"rendered":"<p>Purchase Process How to buy? 01 Find the VIN\/OEM Number Tell us your VIN\/OEM Number of the the Vehicle\/parts. 02<\/p>","protected":false},"author":1,"featured_media":0,"parent":0,"menu_order":0,"comment_status":"closed","ping_status":"closed","template":"","meta":{"footnotes":""},"class_list":["post-279","page","type-page","status-publish","hentry"],"_links":{"self":[{"href":"https:\/\/carbitautoparts.com\/de\/wp-json\/wp\/v2\/pages\/279","targetHints":{"allow":["GET"]}}],"collection":[{"href":"https:\/\/carbitautoparts.com\/de\/wp-json\/wp\/v2\/pages"}],"about":[{"href":"https:\/\/carbitautoparts.com\/de\/wp-json\/wp\/v2\/types\/page"}],"author":[{"embeddable":true,"href":"https:\/\/carbitautoparts.com\/de\/wp-json\/wp\/v2\/users\/1"}],"replies":[{"embeddable":true,"href":"https:\/\/carbitautoparts.com\/de\/wp-json\/wp\/v2\/comments?post=279"}],"version-history":[{"count":7,"href":"https:\/\/carbitautoparts.com\/de\/wp-json\/wp\/v2\/pages\/279\/revisions"}],"predecessor-version":[{"id":1664,"href":"https:\/\/carbitautoparts.com\/de\/wp-json\/wp\/v2\/pages\/279\/revisions\/1664"}],"wp:attachment":[{"href":"https:\/\/carbitautoparts.com\/de\/wp-json\/wp\/v2\/media?parent=279"}],"curies":[{"name":"wp","href":"https:\/\/api.w.org\/{rel}","templated":true}]}}