{"id":283,"date":"2025-02-12T19:39:35","date_gmt":"2025-02-12T11:39:35","guid":{"rendered":"https:\/\/carbitautoparts.com\/?page_id=283"},"modified":"2025-03-08T11:13:18","modified_gmt":"2025-03-08T03:13:18","slug":"faq","status":"publish","type":"page","link":"https:\/\/carbitautoparts.com\/de\/faq\/","title":{"rendered":"FAQ"},"content":{"rendered":"<div data-elementor-type=\"wp-page\" data-elementor-id=\"283\" class=\"elementor elementor-283\">\n\t\t\t\t<div class=\"elementor-element elementor-element-342df67 e-con-full wd-section-stretch e-flex e-con e-parent\" data-id=\"342df67\" data-element_type=\"container\" data-settings=\"{&quot;background_background&quot;:&quot;classic&quot;}\">\n\t\t\t\t<div class=\"elementor-element elementor-element-6b34c9a elementor-widget elementor-widget-heading\" data-id=\"6b34c9a\" data-element_type=\"widget\" data-widget_type=\"heading.default\">\n\t\t\t\t<div class=\"elementor-widget-container\">\n\t\t\t\t\t<h1 class=\"elementor-heading-title elementor-size-default\">FAQ<\/h1>\t\t\t\t<\/div>\n\t\t\t\t<\/div>\n\t\t\t\t<\/div>\n\t\t<div class=\"wd-negative-gap elementor-element elementor-element-9a2be9e e-flex e-con-boxed e-con e-parent\" data-id=\"9a2be9e\" data-element_type=\"container\">\n\t\t\t\t\t<div class=\"e-con-inner\">\n\t\t\t\t<div class=\"elementor-element elementor-element-02a82cd elementor-widget elementor-widget-wd_accordion\" data-id=\"02a82cd\" data-element_type=\"widget\" data-widget_type=\"wd_accordion.default\">\n\t\t\t\t<div class=\"elementor-widget-container\">\n\t\t\t\t\t\n\t\t<div class=\"wd-accordion wd-style-default wd-titles-left wd-opener-pos-left wd-opener-style-arrow\" data-state=\"first\">\n\t\t\t\t\t\t\t\n\t\t\t\t<div class=\"wd-accordion-item\">\n\t\t\t\t\t<div class=\"wd-accordion-title wd-active\" data-accordion-index=\"0\">\n\t\t\t\t\t\t<div class=\"wd-accordion-title-text color-scheme-dark\">\n\t\t\t\t\t\t\t\t\t\t\t\t\t\t<span>\n\t\t\t\t\t\t\t\tMit welchen Arten von Autoteilen handeln Sie haupts\u00e4chlich?\t\t\t\t\t\t\t<\/span>\n\t\t\t\t\t\t<\/div>\n\t\t\t\t\t\t<span class=\"wd-accordion-opener\"><\/span>\n\t\t\t\t\t<\/div>\n\n\t\t\t\t\t<div class=\"wd-accordion-content wd-entry-content wd-active\" data-accordion-index=\"0\">\n\t\t\t\t\t\t\t\t\t\t\t\t\t\n\t\t\t\t\t\t\t<p>Wir erforschen, entwickeln und produzieren Siliziumkarbid-Bremsscheiben auf Aluminiumbasis. Wir verkaufen auch Motorteile, Autoelektronik und Motorteile, Karosserieteile und andere Komponenten f\u00fcr japanische, koreanische, chinesische, europ\u00e4ische und amerikanische Autos.<\/p>\n\t\t\t\t\t\t\t\t\t\t\t\t\t\t\t\t\t\t<\/div>\n\t\t\t\t<\/div>\n\t\t\t\t\t<\/div>\n\t\t\t\t\t\t<\/div>\n\t\t\t\t<\/div>\n\t\t\t\t<div class=\"elementor-element elementor-element-76bc06c elementor-widget elementor-widget-wd_accordion\" data-id=\"76bc06c\" data-element_type=\"widget\" data-widget_type=\"wd_accordion.default\">\n\t\t\t\t<div class=\"elementor-widget-container\">\n\t\t\t\t\t\n\t\t<div class=\"wd-accordion wd-style-default wd-titles-left wd-opener-pos-left wd-opener-style-arrow\" data-state=\"first\">\n\t\t\t\t\t\t\t\n\t\t\t\t<div class=\"wd-accordion-item\">\n\t\t\t\t\t<div class=\"wd-accordion-title wd-active\" data-accordion-index=\"0\">\n\t\t\t\t\t\t<div class=\"wd-accordion-title-text color-scheme-dark\">\n\t\t\t\t\t\t\t\t\t\t\t\t\t\t<span>\n\t\t\t\t\t\t\t\tWie lauten Ihre Zahlungsbedingungen?\t\t\t\t\t\t\t<\/span>\n\t\t\t\t\t\t<\/div>\n\t\t\t\t\t\t<span class=\"wd-accordion-opener\"><\/span>\n\t\t\t\t\t<\/div>\n\n\t\t\t\t\t<div class=\"wd-accordion-content wd-entry-content wd-active\" data-accordion-index=\"0\">\n\t\t\t\t\t\t\t\t\t\t\t\t\t\n\t\t\t\t\t\t\t<p>Wir akzeptieren in der Regel T\/T, 30% Vorauszahlung und 70% Zahlung vor dem Versand.Paypal und Westernunion auch verf\u00fcgbar.Wir zeigen Ihnen die Fotos oder Videos der Produkte und Pakete, bevor Sie den Restbetrag bezahlen, um sicherzustellen, dass jeder Schritt sicher und zuverl\u00e4ssig ist.<\/p>\n\t\t\t\t\t\t\t\t\t\t\t\t\t\t\t\t\t\t<\/div>\n\t\t\t\t<\/div>\n\t\t\t\t\t<\/div>\n\t\t\t\t\t\t<\/div>\n\t\t\t\t<\/div>\n\t\t\t\t<div class=\"elementor-element elementor-element-17f66ad elementor-widget elementor-widget-wd_accordion\" data-id=\"17f66ad\" data-element_type=\"widget\" data-widget_type=\"wd_accordion.default\">\n\t\t\t\t<div class=\"elementor-widget-container\">\n\t\t\t\t\t\n\t\t<div class=\"wd-accordion wd-style-default wd-titles-left wd-opener-pos-left wd-opener-style-arrow\" data-state=\"first\">\n\t\t\t\t\t\t\t\n\t\t\t\t<div class=\"wd-accordion-item\">\n\t\t\t\t\t<div class=\"wd-accordion-title wd-active\" data-accordion-index=\"0\">\n\t\t\t\t\t\t<div class=\"wd-accordion-title-text color-scheme-dark\">\n\t\t\t\t\t\t\t\t\t\t\t\t\t\t<span>\n\t\t\t\t\t\t\t\tWie garantieren Sie die Qualit\u00e4t Ihrer Produkte? \t\t\t\t\t\t\t<\/span>\n\t\t\t\t\t\t<\/div>\n\t\t\t\t\t\t<span class=\"wd-accordion-opener\"><\/span>\n\t\t\t\t\t<\/div>\n\n\t\t\t\t\t<div class=\"wd-accordion-content wd-entry-content wd-active\" data-accordion-index=\"0\">\n\t\t\t\t\t\t\t\t\t\t\t\t\t\n\t\t\t\t\t\t\t<p>A: Die Produktion unserer Siliziumkarbid-Bremsscheiben auf Aluminiumbasis h\u00e4lt sich strikt an die Standards von ISO 9001 und IATF 16949, und wir haben ein strenges Produktpr\u00fcfungsverfahren.<br \/>B: F\u00fcr andere Autoteile, Wir arbeiten nur mit hervorragenden Herstellern. Die wichtigsten Marken, die wir verkaufen, sind CADIC, NPL, TORCH, STONEMOTOR, ABORN, HUANZHONG, etc. Vor dem Versand, wir inspizieren die Produkte streng.<\/p>\n\t\t\t\t\t\t\t\t\t\t\t\t\t\t\t\t\t\t<\/div>\n\t\t\t\t<\/div>\n\t\t\t\t\t<\/div>\n\t\t\t\t\t\t<\/div>\n\t\t\t\t<\/div>\n\t\t\t\t<div class=\"elementor-element elementor-element-7fa07ad elementor-widget elementor-widget-wd_accordion\" data-id=\"7fa07ad\" data-element_type=\"widget\" data-widget_type=\"wd_accordion.default\">\n\t\t\t\t<div class=\"elementor-widget-container\">\n\t\t\t\t\t\n\t\t<div class=\"wd-accordion wd-style-default wd-titles-left wd-opener-pos-left wd-opener-style-arrow\" data-state=\"first\">\n\t\t\t\t\t\t\t\n\t\t\t\t<div class=\"wd-accordion-item\">\n\t\t\t\t\t<div class=\"wd-accordion-title wd-active\" data-accordion-index=\"0\">\n\t\t\t\t\t\t<div class=\"wd-accordion-title-text color-scheme-dark\">\n\t\t\t\t\t\t\t\t\t\t\t\t\t\t<span>\n\t\t\t\t\t\t\t\tWie sieht Ihre Produktgarantie- und Kundendienstpolitik aus?\t\t\t\t\t\t\t<\/span>\n\t\t\t\t\t\t<\/div>\n\t\t\t\t\t\t<span class=\"wd-accordion-opener\"><\/span>\n\t\t\t\t\t<\/div>\n\n\t\t\t\t\t<div class=\"wd-accordion-content wd-entry-content wd-active\" data-accordion-index=\"0\">\n\t\t\t\t\t\t\t\t\t\t\t\t\t\n\t\t\t\t\t\t\t<p>Alle unsere Produkte werden mit 1 Jahr Garantie geliefert. Wenn das Problem auf die Produktqualit\u00e4t zur\u00fcckzuf\u00fchren ist, werden wir Ihnen entweder einen kostenlosen Ersatz schicken oder eine Entsch\u00e4digung anbieten.<\/p>\n\t\t\t\t\t\t\t\t\t\t\t\t\t\t\t\t\t\t<\/div>\n\t\t\t\t<\/div>\n\t\t\t\t\t<\/div>\n\t\t\t\t\t\t<\/div>\n\t\t\t\t<\/div>\n\t\t\t\t<div class=\"elementor-element elementor-element-58be50d elementor-widget elementor-widget-wd_accordion\" data-id=\"58be50d\" data-element_type=\"widget\" data-widget_type=\"wd_accordion.default\">\n\t\t\t\t<div class=\"elementor-widget-container\">\n\t\t\t\t\t\n\t\t<div class=\"wd-accordion wd-style-default wd-titles-left wd-opener-pos-left wd-opener-style-arrow\" data-state=\"first\">\n\t\t\t\t\t\t\t\n\t\t\t\t<div class=\"wd-accordion-item\">\n\t\t\t\t\t<div class=\"wd-accordion-title wd-active\" data-accordion-index=\"0\">\n\t\t\t\t\t\t<div class=\"wd-accordion-title-text color-scheme-dark\">\n\t\t\t\t\t\t\t\t\t\t\t\t\t\t<span>\n\t\t\t\t\t\t\t\tWie k\u00f6nnen Sie unsere Gesch\u00e4ftsbeziehung langfristig und gut gestalten?\t\t\t\t\t\t\t<\/span>\n\t\t\t\t\t\t<\/div>\n\t\t\t\t\t\t<span class=\"wd-accordion-opener\"><\/span>\n\t\t\t\t\t<\/div>\n\n\t\t\t\t\t<div class=\"wd-accordion-content wd-entry-content wd-active\" data-accordion-index=\"0\">\n\t\t\t\t\t\t\t\t\t\t\t\t\t\n\t\t\t\t\t\t\t<p>A:Wir halten gute Qualit\u00e4t und den wettbewerbsf\u00e4higsten Preis, um unseren Kunden Nutzen zu gew\u00e4hrleisten.<br \/>B\uff1aWir respektieren jeden Kunden als unseren Freund und wir machen aufrichtig Gesch\u00e4fte<br \/>Mit jedem Kunden.<\/p>\n\t\t\t\t\t\t\t\t\t\t\t\t\t\t\t\t\t\t<\/div>\n\t\t\t\t<\/div>\n\t\t\t\t\t<\/div>\n\t\t\t\t\t\t<\/div>\n\t\t\t\t<\/div>\n\t\t\t\t\t<\/div>\n\t\t\t\t<\/div>\n\t\t\t\t<\/div>","protected":false},"excerpt":{"rendered":"<p>FAQ What kinds of auto parts do you mainly deal in? We research, develop and manufacture Aluminum Based Silicon Carbide<\/p>","protected":false},"author":1,"featured_media":0,"parent":0,"menu_order":0,"comment_status":"closed","ping_status":"closed","template":"","meta":{"footnotes":""},"class_list":["post-283","page","type-page","status-publish","hentry"],"_links":{"self":[{"href":"https:\/\/carbitautoparts.com\/de\/wp-json\/wp\/v2\/pages\/283","targetHints":{"allow":["GET"]}}],"collection":[{"href":"https:\/\/carbitautoparts.com\/de\/wp-json\/wp\/v2\/pages"}],"about":[{"href":"https:\/\/carbitautoparts.com\/de\/wp-json\/wp\/v2\/types\/page"}],"author":[{"embeddable":true,"href":"https:\/\/carbitautoparts.com\/de\/wp-json\/wp\/v2\/users\/1"}],"replies":[{"embeddable":true,"href":"https:\/\/carbitautoparts.com\/de\/wp-json\/wp\/v2\/comments?post=283"}],"version-history":[{"count":7,"href":"https:\/\/carbitautoparts.com\/de\/wp-json\/wp\/v2\/pages\/283\/revisions"}],"predecessor-version":[{"id":1665,"href":"https:\/\/carbitautoparts.com\/de\/wp-json\/wp\/v2\/pages\/283\/revisions\/1665"}],"wp:attachment":[{"href":"https:\/\/carbitautoparts.com\/de\/wp-json\/wp\/v2\/media?parent=283"}],"curies":[{"name":"wp","href":"https:\/\/api.w.org\/{rel}","templated":true}]}}