{"id":1004,"date":"2025-02-25T15:17:25","date_gmt":"2025-02-25T07:17:25","guid":{"rendered":"https:\/\/carbitautoparts.com\/?post_type=product&#038;p=1004"},"modified":"2025-03-13T10:48:40","modified_gmt":"2025-03-13T02:48:40","slug":"premium-brake-discs-iatf-16949-certified","status":"publish","type":"product","link":"https:\/\/carbitautoparts.com\/de\/product\/premium-bremsscheiben-iatf-16949-zertifiziert\/","title":{"rendered":"Premium-Bremsscheiben - IATF 16949 zertifiziert"},"content":{"rendered":"<p><span style=\"font-family: verdana, geneva, sans-serif; font-size: 14pt; color: #4d4949;\"><strong>Pr\u00e4zisionstechnik, globale Konformit\u00e4t, un\u00fcbertroffene Kapazit\u00e4t<\/strong><\/span><\/p>\n<p><span style=\"font-family: verdana, geneva, sans-serif; color: #615b5b;\">Wir haben uns auf die Herstellung von Hochleistungsbremsscheiben spezialisiert, die den strengen globalen Standards entsprechen. Mit hochmodernen Anlagen und einer Verpflichtung zu Qualit\u00e4t beliefern wir Erstausr\u00fcster und Ersatzteilm\u00e4rkte weltweit.<\/span><\/p>\n<hr \/>\n<h3><span style=\"font-family: verdana, geneva, sans-serif; font-size: 14pt; color: #666060;\"><strong>Produktionskapazit\u00e4ten<\/strong><\/span><\/h3>\n<ul>\n<li><span style=\"color: #666060;\"><span style=\"color: #666060;\"><span style=\"font-family: verdana, geneva, sans-serif;\"><strong>Moderne Fertigungsinfrastruktur<\/strong><\/span><\/span><\/span><\/li>\n<\/ul>\n<p><strong style=\"font-family: verdana, geneva, sans-serif; color: #666060;\">\u00a0 \u00a0 \u00a0 \u00a0 2 x 2T\/H Induktionsschmelz\u00f6fen<\/strong><span style=\"font-family: verdana, geneva, sans-serif; color: #666060;\">: Sicherstellung einer gleichbleibenden Materialreinheit und Legierungszusammensetzung.<br \/>\n<\/span><strong style=\"font-family: verdana, geneva, sans-serif; color: #666060;\">\u00a0 \u00a0 \u00a0 \u00a0 17 CNC-Bearbeitungslinien<\/strong><span style=\"font-family: verdana, geneva, sans-serif; color: #666060;\">: Garantierte Pr\u00e4zision im Mikrometerbereich (\u00b10,02 mm Toleranz).<br \/>\n<\/span><strong style=\"font-family: verdana, geneva, sans-serif; color: #666060;\">\u00a0 \u00a0 \u00a0 \u00a0 J\u00e4hrlicher Output<\/strong><span style=\"font-family: verdana, geneva, sans-serif; color: #666060;\">: 3 Millionen Einheiten, skalierbar f\u00fcr Gro\u00dfauftr\u00e4ge.<\/span><\/p>\n<ul>\n<li><strong style=\"font-family: verdana, geneva, sans-serif; color: #666060;\">Umfassende Qualit\u00e4tskontrolle<\/strong><\/li>\n<\/ul>\n<p><span style=\"color: #666060;\"><span style=\"color: #666060;\"><span style=\"font-family: verdana, geneva, sans-serif;\"><strong>\u00a0 \u00a0 \u00a0 \u00a0 Materialpr\u00fcfungslabor<\/strong>:<br \/>\n<\/span><span style=\"font-family: verdana, geneva, sans-serif;\">\u00a0 \u00a0 \u00a0 \u00a0 Spektrometer (ISO 17025-konform) zur \u00dcberpr\u00fcfung von Grauguss der G\u00fcteklasse G3000.<br \/>\n<\/span><span style=\"font-family: verdana, geneva, sans-serif;\">\u00a0 \u00a0 \u00a0 \u00a0 Metallographisches Mikroskop, Zugpr\u00fcfmaschine und Rockwell-H\u00e4rtepr\u00fcfger\u00e4t, etc.<br \/>\n<\/span><\/span><\/span><strong style=\"font-family: verdana, geneva, sans-serif; color: #666060;\">\u00a0 \u00a0 \u00a0 \u00a0 Dynamische Auswuchtmaschinen<\/strong><span style=\"font-family: verdana, geneva, sans-serif; color: #666060;\">: Erreichen Sie eine Unwucht von &lt;10g-cm (\u00fcbertrifft ISO 1940 G6.3).<br \/>\n<\/span><span style=\"color: #666060;\"><span style=\"font-family: verdana, geneva, sans-serif;\"><strong>\u00a0 \u00a0 \u00a0 \u00a0 End-of-Line-Inspektion<\/strong>: 100% Ma\u00df-, Rundlauf- und Oberfl\u00e4chenkontrollen.<\/span><\/span><\/p>\n<hr \/>\n<h3><span style=\"font-family: verdana, geneva, sans-serif; color: #666060;\"><strong>Zertifizierungen &amp; Konformit\u00e4t<\/strong><\/span><\/h3>\n<ul>\n<li><span style=\"font-family: verdana, geneva, sans-serif; color: #666060;\"><strong>IATF 16949<\/strong>: Zertifiziertes Qualit\u00e4tsmanagementsystem f\u00fcr die Automobilindustrie.<\/span><\/li>\n<li><span style=\"font-family: verdana, geneva, sans-serif; color: #666060;\"><strong>E-Zeichen (ECE R90)<\/strong>: Entspricht den EU-Bremsanlagenvorschriften.<\/span><\/li>\n<li><span style=\"font-family: verdana, geneva, sans-serif; color: #666060;\"><strong>COP (Konformit\u00e4tsbescheinigung)<\/strong>: Validiert f\u00fcr OEM-Spezifikationen.<\/span><\/li>\n<\/ul>","protected":false},"excerpt":{"rendered":"<p><span style=\"font-family: verdana, geneva, sans-serif; color: #615a5a;\"><strong>Produktname\uff1a<\/strong>Bremsscheiben<\/span><br \/>\n<span style=\"font-family: verdana, geneva, sans-serif; color: #615a5a;\"><strong>Garantie\uff1a<\/strong>1 Jahr<\/span><br \/>\n<span style=\"font-family: verdana, geneva, sans-serif; color: #615a5a;\"><strong>Zustand\uff1a<\/strong>Neu<\/span><br \/>\n<span style=\"font-family: verdana, geneva, sans-serif; color: #615a5a;\"><strong>Qualit\u00e4t:<\/strong>\u00a0100% Gepr\u00fcft<\/span><br \/>\n<span style=\"font-family: verdana, geneva, sans-serif; color: #615a5a;\"><strong>Lieferzeiten:<\/strong> 7-30 Tage<\/span><\/p>","protected":false},"featured_media":1005,"comment_status":"closed","ping_status":"closed","template":"","meta":[],"product_cat":[15],"product_tag":[36,34,35,38,37],"class_list":{"0":"post-1004","1":"product","2":"type-product","3":"status-publish","4":"has-post-thumbnail","6":"product_cat-brake-parts","7":"product_tag-brake","8":"product_tag-brake-rotors-discs","9":"product_tag-brakerotorsdiscs","10":"product_tag-discs","11":"product_tag-rotors","13":"first","14":"instock","15":"shipping-taxable","16":"product-type-simple"},"_links":{"self":[{"href":"https:\/\/carbitautoparts.com\/de\/wp-json\/wp\/v2\/product\/1004","targetHints":{"allow":["GET"]}}],"collection":[{"href":"https:\/\/carbitautoparts.com\/de\/wp-json\/wp\/v2\/product"}],"about":[{"href":"https:\/\/carbitautoparts.com\/de\/wp-json\/wp\/v2\/types\/product"}],"replies":[{"embeddable":true,"href":"https:\/\/carbitautoparts.com\/de\/wp-json\/wp\/v2\/comments?post=1004"}],"wp:featuredmedia":[{"embeddable":true,"href":"https:\/\/carbitautoparts.com\/de\/wp-json\/wp\/v2\/media\/1005"}],"wp:attachment":[{"href":"https:\/\/carbitautoparts.com\/de\/wp-json\/wp\/v2\/media?parent=1004"}],"wp:term":[{"taxonomy":"product_cat","embeddable":true,"href":"https:\/\/carbitautoparts.com\/de\/wp-json\/wp\/v2\/product_cat?post=1004"},{"taxonomy":"product_tag","embeddable":true,"href":"https:\/\/carbitautoparts.com\/de\/wp-json\/wp\/v2\/product_tag?post=1004"}],"curies":[{"name":"wp","href":"https:\/\/api.w.org\/{rel}","templated":true}]}}