{"id":1673,"date":"2025-03-13T11:54:10","date_gmt":"2025-03-13T03:54:10","guid":{"rendered":"https:\/\/carbitautoparts.com\/?post_type=product&#038;p=1673"},"modified":"2025-05-06T15:37:39","modified_gmt":"2025-05-06T07:37:39","slug":"nissan-x-trail-ac-compressor-92600-au010","status":"publish","type":"product","link":"https:\/\/carbitautoparts.com\/de\/product\/nissan-x-trail-klimakompressor-92600-au010\/","title":{"rendered":"Klimakompressor f\u00fcr Nissan X-Trail | OEM 92600-AU010"},"content":{"rendered":"<p><span style=\"font-family: verdana, geneva, sans-serif; color: #474545;\"><span style=\"font-size: 14pt;\"><strong><b>Leistungsstarke K\u00fchll\u00f6sung f\u00fcr Nissan X-Trail Modelle<br \/>\n<\/b><\/strong><\/span><strong><b><br \/>\n<\/b><\/strong>Bringen Sie die Klimaanlage Ihres Nissan X-Trail mit unserem hochwertigen Klimakompressor in Erstausr\u00fcsterqualit\u00e4t wieder auf Vordermann. Dieser Kompressor wurde als direkter Ersatz entwickelt und gew\u00e4hrleistet zuverl\u00e4ssige K\u00fchleffizienz und Haltbarkeit f\u00fcr verschiedene X-Trail Generationen.<\/span><\/p>\n<hr \/>\n<ul>\n<li><span style=\"font-family: verdana, geneva, sans-serif; color: #5e5c5c;\"><span style=\"font-family: verdana, geneva, sans-serif;\"><strong><b>Optimiert f\u00fcr extreme Bedingungen<\/b><\/strong><strong><b><br \/>\n<\/b><\/strong>-Kompatibel mit dem K\u00e4ltemittel R134a (mit PAG46-\u00d6l bef\u00fcllt).<br \/>\n-Korrosionsbest\u00e4ndiges Aluminiumgeh\u00e4use f\u00fcr feuchte und hei\u00dfe Umgebungen.<\/span><\/span>&nbsp;<\/li>\n<li><span style=\"font-family: verdana, geneva, sans-serif; color: #5e5c5c;\"><span style=\"font-family: verdana, geneva, sans-serif;\"><strong><b>Langlebige Konstruktion<\/b><\/strong><strong><b><br \/>\n<\/b><\/strong><strong><b>&#8211;<\/b><\/strong>Pr\u00e4zisionsgefertigte Innenteile f\u00fcr geringere Abnutzung und Verschlei\u00df.<br \/>\n-Doppellippige Wellendichtung f\u00fcr leckagefreien Betrieb.<br \/>\n-ISO 9001-zertifizierte Fertigung.<\/span><\/span>&nbsp;<\/li>\n<li><span style=\"font-family: verdana, geneva, sans-serif; color: #5e5c5c;\"><span style=\"font-family: verdana, geneva, sans-serif;\"><strong><b>Einfache Installation<\/b><\/strong><strong><b><br \/>\n<\/b><\/strong>-Direkter Austausch durch Anschrauben (keine \u00c4nderungen erforderlich).<br \/>\n-Voreingestellter Kupplungsspalt (0,5 mm \u00b10,1 mm Toleranz).<br \/>\n-Inklusive Montagehalterungen und Ausrichtungsstiften.<\/span><\/span>&nbsp;<\/li>\n<li><span style=\"font-family: verdana, geneva, sans-serif; color: #5e5c5c;\"><strong><b>Warum sollten Sie sich f\u00fcr unsere Kompressoren entscheiden?<br \/>\n<\/b><\/strong>\u00a0Strenge Qualit\u00e4tskontrolle: 72-Stunden-Leistungstest.<\/span><br \/>\n<span style=\"font-family: verdana, geneva, sans-serif; color: #5e5c5c;\">\u00a0100% leckagegepr\u00fcft mit Heliumdetektion.<br \/>\n1-Jahres-Garantie.<\/span><\/li>\n<\/ul>","protected":false},"excerpt":{"rendered":"<p><span style=\"font-family: verdana, geneva, sans-serif; color: #4d4b4b;\"><strong>Produktname\uff1a<\/strong>Auto AC-Kompressor<\/span><br \/>\n<span style=\"font-family: verdana, geneva, sans-serif; color: #4d4b4b;\"><strong>Garantie\uff1a<\/strong>1 Jahr<\/span><br \/>\n<span style=\"font-family: verdana, geneva, sans-serif; color: #4d4b4b;\"><strong>Zustand\uff1a<\/strong>Neu<\/span><br \/>\n<span style=\"font-family: verdana, geneva, sans-serif; color: #4d4b4b;\"><strong>Auto-Modell\uff1a<\/strong>Nissan X-Trail<\/span><br \/>\n<span style=\"font-family: verdana, geneva, sans-serif; color: #4d4b4b;\"><strong>Spannung:\u00a0<\/strong>12V<\/span><br \/>\n<span style=\"font-family: verdana, geneva, sans-serif; color: #4d4b4b;\"><strong>K\u00e4ltemittel\uff1a<\/strong>R134a<\/span><br \/>\n<span style=\"color: #4d4b4b;\"><span style=\"font-family: verdana, geneva, sans-serif;\"><strong>OEM: <\/strong>92600-AU010 92600-AU000<br \/>\n92600-AU01B 92600-AU01A<br \/>\n92600-ET82A 92600-JG30B<br \/>\n92600-JG30A 4472501490<strong><b><br \/>\n<\/b><\/strong><\/span><strong style=\"font-family: verdana, geneva, sans-serif;\">Qualit\u00e4t: <\/strong><span style=\"font-family: verdana, geneva, sans-serif;\">100% Gepr\u00fcft<br \/>\n<\/span><span style=\"font-family: verdana, geneva, sans-serif;\"><strong>Lieferzeiten:\u00a0<\/strong>3-7 Tage<\/span><\/span><\/p>","protected":false},"featured_media":1674,"comment_status":"closed","ping_status":"closed","template":"","meta":[],"product_cat":[19],"product_tag":[44,45,42,40,41,47,43,46],"class_list":{"0":"post-1673","1":"product","2":"type-product","3":"status-publish","4":"has-post-thumbnail","6":"product_cat-electric-almotor-parts","7":"product_tag-ac","8":"product_tag-compressor","9":"product_tag-nissan","10":"product_tag-nissan-x-trail-ac-compressor","11":"product_tag-nissanx-trailaccompressor","12":"product_tag-nissanxtrailaccompressor","13":"product_tag-x-trail","14":"product_tag-xtrail","16":"first","17":"instock","18":"featured","19":"shipping-taxable","20":"product-type-simple"},"_links":{"self":[{"href":"https:\/\/carbitautoparts.com\/de\/wp-json\/wp\/v2\/product\/1673","targetHints":{"allow":["GET"]}}],"collection":[{"href":"https:\/\/carbitautoparts.com\/de\/wp-json\/wp\/v2\/product"}],"about":[{"href":"https:\/\/carbitautoparts.com\/de\/wp-json\/wp\/v2\/types\/product"}],"replies":[{"embeddable":true,"href":"https:\/\/carbitautoparts.com\/de\/wp-json\/wp\/v2\/comments?post=1673"}],"wp:featuredmedia":[{"embeddable":true,"href":"https:\/\/carbitautoparts.com\/de\/wp-json\/wp\/v2\/media\/1674"}],"wp:attachment":[{"href":"https:\/\/carbitautoparts.com\/de\/wp-json\/wp\/v2\/media?parent=1673"}],"wp:term":[{"taxonomy":"product_cat","embeddable":true,"href":"https:\/\/carbitautoparts.com\/de\/wp-json\/wp\/v2\/product_cat?post=1673"},{"taxonomy":"product_tag","embeddable":true,"href":"https:\/\/carbitautoparts.com\/de\/wp-json\/wp\/v2\/product_tag?post=1673"}],"curies":[{"name":"wp","href":"https:\/\/api.w.org\/{rel}","templated":true}]}}