{"id":1687,"date":"2025-04-28T21:27:06","date_gmt":"2025-04-28T13:27:06","guid":{"rendered":"https:\/\/carbitautoparts.com\/?post_type=product&#038;p=1687"},"modified":"2025-05-06T15:32:59","modified_gmt":"2025-05-06T07:32:59","slug":"brake-pads-toyota-honda-hyundai-ford-mg-geely","status":"publish","type":"product","link":"https:\/\/carbitautoparts.com\/de\/product\/bremsbelage-toyota-honda-hyundai-ford-mg-geely\/","title":{"rendered":"Bremsbel\u00e4ge f\u00fcr Toyota Honda Hyundai Ford MG Geely"},"content":{"rendered":"<p class=\"ds-markdown-paragraph\"><span style=\"font-family: verdana, geneva, sans-serif; color: #383636;\"><strong>Premium-Bremsbel\u00e4ge - Unerreichte Sicherheit, Leistung und Langlebigkeit<\/strong><\/span><\/p>\n<p class=\"ds-markdown-paragraph\"><span style=\"font-family: verdana, geneva, sans-serif; color: #383636;\">R\u00fcsten Sie das Bremssystem Ihres Fahrzeugs mit unserem <strong>Hochleistungs-Bremsbel\u00e4ge<\/strong>Unsere Bremsbel\u00e4ge wurden entwickelt, um unter allen Fahrbedingungen pr\u00e4zise Bremsleistung, Zuverl\u00e4ssigkeit und leisen Betrieb zu gew\u00e4hrleisten. Ob in der Stadt, an steilen H\u00e4ngen oder auf der Autobahn - unsere Bremsbel\u00e4ge sorgen daf\u00fcr, dass Ihre Sicherheit und Kontrolle nie beeintr\u00e4chtigt werden.<\/span><\/p>\n<hr \/>\n<p class=\"ds-markdown-paragraph\"><span style=\"font-family: verdana, geneva, sans-serif; color: #383636;\">\u2705\u00a0<strong>\u00dcberlegene Bremskraft<\/strong>: Hochentwickelte Reibmaterialien sorgen f\u00fcr gleichm\u00e4\u00dfiges, ausbleichsicheres Bremsen, selbst bei extremen Temperaturen oder schweren Lasten.<\/span><\/p>\n<p class=\"ds-markdown-paragraph\"><span style=\"font-family: verdana, geneva, sans-serif; color: #383636;\">\u2705\u00a0<strong>L\u00e4ngere Lebensspanne<\/strong>: Verst\u00e4rkt mit haltbaren Verbundwerkstoffformeln zur Verringerung des Verschlei\u00dfes und zur Verl\u00e4ngerung der Lebensdauer um bis zu 30% im Vergleich zu Standardbel\u00e4gen.<\/span><\/p>\n<p class=\"ds-markdown-paragraph\"><span style=\"font-family: verdana, geneva, sans-serif; color: #383636;\">\u2705 <strong>Ger\u00e4uscharmer Betrieb<\/strong>: Ger\u00e4uschd\u00e4mpfende Unterlegscheiben und abgeschr\u00e4gte Kanten eliminieren Quietschen und Vibrationen und sorgen so f\u00fcr eine sanfte, ruhige Fahrt.<\/span><\/p>\n<p class=\"ds-markdown-paragraph\"><span style=\"font-family: verdana, geneva, sans-serif; color: #383636;\">\u2705 <strong>Optimiert f\u00fcr Sicherheit<\/strong>: Pr\u00e4zisionsgefertigt, um die OEM-Spezifikationen zu erf\u00fcllen oder zu \u00fcbertreffen, um perfekte Kompatibilit\u00e4t und zuverl\u00e4ssige Leistung zu gew\u00e4hrleisten.<\/span><\/p>\n<p class=\"ds-markdown-paragraph\"><span style=\"font-family: verdana, geneva, sans-serif; color: #383636;\">\u2705 <strong>Staubarme Formel<\/strong>: Minimiert die Ablagerung von Bremsstaub, h\u00e4lt Ihre R\u00e4der sauber und reduziert den Wartungsaufwand.<\/span><\/p>\n<p>&nbsp;<\/p>\n<ul>\n<li><span style=\"font-family: verdana, geneva, sans-serif; color: #383636;\"><strong>Fortschrittliche Materialien f\u00fcr Spitzenleistungen<\/strong><\/span><br \/>\n<span style=\"font-family: verdana, geneva, sans-serif; color: #383636;\">Unsere Bremsbel\u00e4ge bestehen aus hochmodernen Keramik-, Halbmetall- oder organischen Verbindungen (je nach Modell) und werden rigoros auf W\u00e4rmeableitung, Rotorkompatibilit\u00e4t und Reibungsstabilit\u00e4t getestet. Ideal f\u00fcr t\u00e4gliche Pendler, Hochleistungsfahrzeuge und schwere Anwendungen.<\/span><\/li>\n<li class=\"ds-markdown-paragraph\"><span style=\"font-family: verdana, geneva, sans-serif; color: #383636;\"><strong>Einfache Installation und perfekte Passform<\/strong><\/span><br \/>\n<span style=\"font-family: verdana, geneva, sans-serif; color: #383636;\">Jeder Satz wurde f\u00fcr einen problemlosen Austausch entwickelt und enth\u00e4lt alle erforderlichen Teile sowie vorinstallierte Verschlei\u00dfsensoren (sofern zutreffend). Pr\u00fcfen Sie unsere Kompatibilit\u00e4tsliste, um die Passgenauigkeit f\u00fcr die Marke, das Modell und das Jahr Ihres Fahrzeugs zu best\u00e4tigen.<\/span><\/li>\n<li class=\"ds-markdown-paragraph\"><span style=\"font-family: verdana, geneva, sans-serif; color: #383636;\"><strong>Zuverl\u00e4ssige Qualit\u00e4tssicherung<\/strong><\/span><br \/>\n<span style=\"font-family: verdana, geneva, sans-serif; color: #383636;\">Jeder Bremsbelag unterliegt einer strengen Qualit\u00e4tskontrolle und wird von Dritten zertifiziert (z. B. ISO, DOT). Unterst\u00fctzt durch eine [1-Jahres-Garantie] und einen engagierten Kundensupport.<\/span><\/li>\n<li class=\"ds-markdown-paragraph\"><span style=\"font-family: verdana, geneva, sans-serif; color: #383636;\"><strong>Selbstbewusst fahren - Upgrade heute!<\/strong><\/span><br \/>\n<span style=\"font-family: verdana, geneva, sans-serif; color: #383636;\">Gehen Sie keine Kompromisse bei Sicherheit und Leistung ein. St\u00f6bern Sie in unserem Katalog, finden Sie Ihre perfekte Passform und erleben Sie den Unterschied, den hochwertige Bremstechnologie ausmacht.<\/span><\/li>\n<\/ul>","protected":false},"excerpt":{"rendered":"<p><span style=\"font-family: verdana, geneva, sans-serif; color: #4d4a4a;\"><strong>Produktname<\/strong>\uff1aBremsbel\u00e4ge<\/span><br \/>\n<span style=\"font-family: verdana, geneva, sans-serif; color: #4d4a4a;\"><strong>Garantie<\/strong>\uff1a1 Jahr<\/span><br \/>\n<span style=\"font-family: verdana, geneva, sans-serif; color: #4d4a4a;\"><strong>Zustand\uff1a<\/strong>Neu<\/span><br \/>\n<span style=\"font-family: verdana, geneva, sans-serif; color: #4d4a4a;\"><strong>Auto-Modell\uff1a<\/strong>Toyota Honda Hyundai Ford MG Geely<\/span><br \/>\n<span style=\"font-family: verdana, geneva, sans-serif; color: #4d4a4a;\"><strong>Material:<\/strong> Halbmetallisch, weniger metallisch, Keramik<\/span><br \/>\n<span style=\"font-family: verdana, geneva, sans-serif; color: #4d4a4a;\"><strong>Qualit\u00e4t:<\/strong>\u00a0100% Gepr\u00fcft<\/span><br \/>\n<span style=\"font-family: verdana, geneva, sans-serif; color: #4d4a4a;\"><strong>Lieferzeiten:<\/strong> 7-10 Tage<\/span><\/p>","protected":false},"featured_media":1688,"comment_status":"closed","ping_status":"closed","template":"","meta":[],"product_cat":[15],"product_tag":[49],"class_list":{"0":"post-1687","1":"product","2":"type-product","3":"status-publish","4":"has-post-thumbnail","6":"product_cat-brake-parts","7":"product_tag-brake-pads-for-toyota-honda-hyundai-ford-mg-geely","9":"first","10":"instock","11":"featured","12":"shipping-taxable","13":"product-type-simple"},"_links":{"self":[{"href":"https:\/\/carbitautoparts.com\/de\/wp-json\/wp\/v2\/product\/1687","targetHints":{"allow":["GET"]}}],"collection":[{"href":"https:\/\/carbitautoparts.com\/de\/wp-json\/wp\/v2\/product"}],"about":[{"href":"https:\/\/carbitautoparts.com\/de\/wp-json\/wp\/v2\/types\/product"}],"replies":[{"embeddable":true,"href":"https:\/\/carbitautoparts.com\/de\/wp-json\/wp\/v2\/comments?post=1687"}],"wp:featuredmedia":[{"embeddable":true,"href":"https:\/\/carbitautoparts.com\/de\/wp-json\/wp\/v2\/media\/1688"}],"wp:attachment":[{"href":"https:\/\/carbitautoparts.com\/de\/wp-json\/wp\/v2\/media?parent=1687"}],"wp:term":[{"taxonomy":"product_cat","embeddable":true,"href":"https:\/\/carbitautoparts.com\/de\/wp-json\/wp\/v2\/product_cat?post=1687"},{"taxonomy":"product_tag","embeddable":true,"href":"https:\/\/carbitautoparts.com\/de\/wp-json\/wp\/v2\/product_tag?post=1687"}],"curies":[{"name":"wp","href":"https:\/\/api.w.org\/{rel}","templated":true}]}}