{"id":1777,"date":"2025-05-05T10:33:45","date_gmt":"2025-05-05T02:33:45","guid":{"rendered":"https:\/\/carbitautoparts.com\/?post_type=product&#038;p=1777"},"modified":"2025-05-05T10:33:45","modified_gmt":"2025-05-05T02:33:45","slug":"rack-end-set-honda-cr-v-oem-53010-swa-a01","status":"publish","type":"product","link":"https:\/\/carbitautoparts.com\/de\/product\/zahnstange-endsatz-honda-cr-v-oem-53010-swa-a01\/","title":{"rendered":"Zahnstangenkopfsatz f\u00fcr Honda CR-V-OEM 53010-SWA-A01"},"content":{"rendered":"<p class=\"ds-markdown-paragraph\"><span style=\"font-family: verdana, geneva, sans-serif; color: #4f4b4b;\"><strong>Premium-Zahnstangenkopfsatz f\u00fcr Honda CRV (OEM: 53010-SWA-A01) - Verbesserte Lenkpr\u00e4zision und Langlebigkeit<\/strong><\/span><\/p>\n<p class=\"ds-markdown-paragraph\"><span style=\"font-family: verdana, geneva, sans-serif; color: #4f4b4b;\">R\u00fcsten Sie das Lenksystem Ihres Honda CRV mit unserem\u00a0<strong>hochwertiges Rack End Set<\/strong>\u00a0(OEM: 53010-SWA-A01), die nach strengen OEM-Spezifikationen f\u00fcr perfekte Passform, Zuverl\u00e4ssigkeit und Leistung entwickelt wurde. Diese wichtige Lenkungskomponente wurde f\u00fcr Honda CRV-Modelle entwickelt und sorgt f\u00fcr ein reibungsloses Handling, weniger Spiel und mehr Fahrsicherheit.<\/span><\/p>\n<hr \/>\n<p><span style=\"font-family: verdana, geneva, sans-serif; color: #4f4b4b;\">\u2705\u00a0<strong>Exakter OEM-Ersatz<\/strong>: Pr\u00e4zise abgestimmt auf die Werksspezifikationen des Honda CRV (OEM 53010-SWA-A01) f\u00fcr eine nahtlose Integration.<br \/>\n<\/span><br \/>\n<span style=\"font-family: verdana, geneva, sans-serif; color: #4f4b4b;\">\u2705\u00a0<strong>\u00dcberlegene Langlebigkeit<\/strong>: Geschmiedet aus hochwertigem legiertem Stahl und verzinkter Oberfl\u00e4chenbehandlung, um rauen Stra\u00dfenbedingungen zu widerstehen, den Verschlei\u00df zu verringern und die Lebensdauer zu verl\u00e4ngern.<br \/>\n<\/span><br \/>\n<span style=\"font-family: verdana, geneva, sans-serif; color: #4f4b4b;\">\u2705\u00a0<strong>Optimiertes Lenkverhalten<\/strong>: Stellt die pr\u00e4zise, reaktionsschnelle Lenkkontrolle wieder her und sorgt so f\u00fcr ein sichereres und ruhigeres Fahrgef\u00fchl.<br \/>\n<\/span><br \/>\n<span style=\"font-family: verdana, geneva, sans-serif; color: #4f4b4b;\">\u2705\u00a0<strong>Rigoros getestet<\/strong>: Qualit\u00e4tsgesichert durch Belastungstests, um die Leistung unter extremen Bedingungen zu gew\u00e4hrleisten.<\/span><\/p>\n<ul>\n<li><span style=\"font-family: verdana, geneva, sans-serif; color: #4f4b4b;\"><strong>Perfekte Passform f\u00fcr Honda CRV-Modelle<\/strong>:<\/span><br \/>\n<span style=\"font-family: verdana, geneva, sans-serif; color: #4f4b4b;\">Kompatibel mit Honda CRV\u00a0<strong>[2007-2011]<\/strong>\u00a0- \u00fcberpr\u00fcfen Sie die Kompatibilit\u00e4t Ihres Fahrzeugs mit dem OEM-Code 53010-SWA-A01.<\/p>\n<p><\/span><\/li>\n<\/ul>","protected":false},"excerpt":{"rendered":"<p><span style=\"font-family: verdana, geneva, sans-serif;\"><strong>Produktname\uff1a<\/strong>Satz Zahnstangenenden<\/span><br \/>\n<span style=\"font-family: verdana, geneva, sans-serif;\"><strong>Garantie\uff1a<\/strong>1 Jahr<\/span><br \/>\n<span style=\"font-family: verdana, geneva, sans-serif;\"><strong>Zustand\uff1a<\/strong>Neu<\/span><br \/>\n<span style=\"font-family: verdana, geneva, sans-serif;\"><strong>Auto-Modell\uff1a<\/strong>Honda CR-V<\/span><br \/>\n<span style=\"font-family: verdana, geneva, sans-serif;\"><strong>OEM NO.:<\/strong>53010-SWA-A01<\/span><br \/>\n<span style=\"font-family: verdana, geneva, sans-serif;\"><strong>Qualit\u00e4t:<\/strong>\u00a0100% Gepr\u00fcft<\/span><br \/>\n<span style=\"font-family: verdana, geneva, sans-serif;\"><strong>Lieferzeiten:<\/strong>\u00a07-10 Tage<\/span><\/p>","protected":false},"featured_media":1778,"comment_status":"closed","ping_status":"closed","template":"","meta":[],"product_cat":[50],"product_tag":[],"class_list":{"0":"post-1777","1":"product","2":"type-product","3":"status-publish","4":"has-post-thumbnail","6":"product_cat-chassis-parts","8":"first","9":"instock","10":"shipping-taxable","11":"product-type-simple"},"_links":{"self":[{"href":"https:\/\/carbitautoparts.com\/de\/wp-json\/wp\/v2\/product\/1777","targetHints":{"allow":["GET"]}}],"collection":[{"href":"https:\/\/carbitautoparts.com\/de\/wp-json\/wp\/v2\/product"}],"about":[{"href":"https:\/\/carbitautoparts.com\/de\/wp-json\/wp\/v2\/types\/product"}],"replies":[{"embeddable":true,"href":"https:\/\/carbitautoparts.com\/de\/wp-json\/wp\/v2\/comments?post=1777"}],"wp:featuredmedia":[{"embeddable":true,"href":"https:\/\/carbitautoparts.com\/de\/wp-json\/wp\/v2\/media\/1778"}],"wp:attachment":[{"href":"https:\/\/carbitautoparts.com\/de\/wp-json\/wp\/v2\/media?parent=1777"}],"wp:term":[{"taxonomy":"product_cat","embeddable":true,"href":"https:\/\/carbitautoparts.com\/de\/wp-json\/wp\/v2\/product_cat?post=1777"},{"taxonomy":"product_tag","embeddable":true,"href":"https:\/\/carbitautoparts.com\/de\/wp-json\/wp\/v2\/product_tag?post=1777"}],"curies":[{"name":"wp","href":"https:\/\/api.w.org\/{rel}","templated":true}]}}