{"id":1782,"date":"2025-05-05T11:02:16","date_gmt":"2025-05-05T03:02:16","guid":{"rendered":"https:\/\/carbitautoparts.com\/?post_type=product&#038;p=1782"},"modified":"2025-05-06T15:32:13","modified_gmt":"2025-05-06T07:32:13","slug":"upper-control-arm-honda-accord-oem-51510-ta0-a03-51520-ta0-a03","status":"publish","type":"product","link":"https:\/\/carbitautoparts.com\/de\/product\/oberer-steuerarm-honda-accord-oem-51510-ta0-a03-51520-ta0-a03\/","title":{"rendered":"Oberer Querlenker f\u00fcr Honda Accord-OEM 51510-TA0-A03 &amp; 51520-TA0-A03"},"content":{"rendered":"<p class=\"ds-markdown-paragraph\"><span style=\"font-family: verdana, geneva, sans-serif; color: #3b3838;\"><strong>Oberer Premium-Querlenker f\u00fcr Honda Accord (OEM: 51510-TA0-A03 &amp; 51520-TA0-A03) - stellt Pr\u00e4zision und Stabilit\u00e4t der Aufh\u00e4ngung wieder her<\/strong><\/span><\/p>\n<p class=\"ds-markdown-paragraph\"><span style=\"font-family: verdana, geneva, sans-serif; color: #3b3838;\">Verbessern Sie die Fahrwerksleistung Ihres Honda Accord mit unserem\u00a0<strong>OEM-kompatibler oberer Querlenker-Satz<\/strong>\u00a0(51510-TA0-A03 &amp; 51520-TA0-A03), die sorgf\u00e4ltig nach den Original-Spezifikationen von Honda entwickelt wurden, um eine nahtlose Passform, Haltbarkeit und Fahrkomfort zu gew\u00e4hrleisten. Diese wichtige Aufh\u00e4ngungskomponente wurde entwickelt, um eine pr\u00e4zise Achsvermessung wiederherzustellen, Vibrationen zu reduzieren und das Fahrverhalten zu verbessern, damit Ihr Accord wie neu f\u00e4hrt.<\/span><\/p>\n<hr \/>\n<p class=\"ds-markdown-paragraph\">\n<span style=\"font-family: verdana, geneva, sans-serif; color: #3b3838;\">\u2705\u00a0<strong>Exakter OEM-Ersatz<\/strong>: Pr\u00e4zisionsgefertigt nach den Werksnormen des Honda Accord (OEM 51510-TA0-A03 &amp; 51520-TA0-A03) f\u00fcr garantierte Kompatibilit\u00e4t und problemlosen Einbau.<br \/>\n<\/span><br \/>\n<span style=\"font-family: verdana, geneva, sans-serif; color: #3b3838;\">\u2705\u00a0<strong>Hochfeste Konstruktion<\/strong>: Geschmiedet aus hochfestem Stahl und Oberfl\u00e4chenbehandlung mit Zn-Ni-Legierungsbeschichtung und galvanischer Beschichtung f\u00fcr hohe Belastbarkeit, Verschlei\u00dffestigkeit bei rauen Stra\u00dfen und schweren St\u00f6\u00dfen sowie Rostbest\u00e4ndigkeit.<br \/>\n<\/span><br \/>\n<span style=\"font-family: verdana, geneva, sans-serif; color: #3b3838;\">\u2705\u00a0<strong>Optimierte Fahrqualit\u00e4t<\/strong>: Stellt die Aufh\u00e4ngungsgeometrie wieder her und minimiert Reifenverschlei\u00df, Vibrationen und ungleichm\u00e4\u00dfige Lenkung f\u00fcr ein ruhigeres und sichereres Fahrverhalten.<br \/>\n<\/span><br \/>\n<span style=\"font-family: verdana, geneva, sans-serif; color: #3b3838;\">\u2705\u00a0<strong>Strenge Qualit\u00e4tssicherungsma\u00dfnahmen<\/strong>: Getestet auf Erm\u00fcdungsfestigkeit und Leistung unter extremen Bedingungen, um langfristige Zuverl\u00e4ssigkeit zu gew\u00e4hrleisten.<\/span><\/p>\n<ul>\n<li class=\"ds-markdown-paragraph\"><span style=\"font-family: verdana, geneva, sans-serif; color: #3b3838;\"><strong>Perfekte Passform f\u00fcr Honda Accord Modelle<\/strong>:<\/span><br \/>\n<span style=\"font-family: verdana, geneva, sans-serif; color: #3b3838;\">Kompatibel mit Honda Accord\u00a0<strong>[ 2009-2012]<\/strong>\u00a0- Best\u00e4tigen Sie die Passform Ihres Fahrzeugs anhand der OEM-Codes 51510-TA0-A03 (links) und 51520-TA0-A03 (rechts).<\/span><\/li>\n<\/ul>","protected":false},"excerpt":{"rendered":"<p><span style=\"color: #5c5959; font-family: verdana, geneva, sans-serif;\"><strong>Produktname\uff1a<\/strong>Oberer Querlenker<\/span><br \/>\n<span style=\"color: #5c5959; font-family: verdana, geneva, sans-serif;\"><strong>Garantie\uff1a<\/strong>1 Jahr<\/span><br \/>\n<span style=\"color: #5c5959; font-family: verdana, geneva, sans-serif;\"><strong>Zustand\uff1a<\/strong>Neu<\/span><br \/>\n<span style=\"color: #5c5959; font-family: verdana, geneva, sans-serif;\"><strong>Auto-Modell\uff1a<\/strong>Honda Accord CP1<\/span><br \/>\n<span style=\"color: #5c5959; font-family: verdana, geneva, sans-serif;\"><strong>OEM NO.:<\/strong>51510-TA0-A03 , 51520-TA0-A03<\/span><br \/>\n<span style=\"color: #5c5959; font-family: verdana, geneva, sans-serif;\"><strong>Qualit\u00e4t:<\/strong>\u00a0100% Gepr\u00fcft<\/span><br \/>\n<span style=\"color: #5c5959; font-family: verdana, geneva, sans-serif;\"><strong>Lieferzeiten:<\/strong>\u00a07-10 Tage<\/span><\/p>","protected":false},"featured_media":1783,"comment_status":"closed","ping_status":"closed","template":"","meta":[],"product_cat":[50],"product_tag":[],"class_list":{"0":"post-1782","1":"product","2":"type-product","3":"status-publish","4":"has-post-thumbnail","6":"product_cat-chassis-parts","8":"first","9":"instock","10":"featured","11":"shipping-taxable","12":"product-type-simple"},"_links":{"self":[{"href":"https:\/\/carbitautoparts.com\/de\/wp-json\/wp\/v2\/product\/1782","targetHints":{"allow":["GET"]}}],"collection":[{"href":"https:\/\/carbitautoparts.com\/de\/wp-json\/wp\/v2\/product"}],"about":[{"href":"https:\/\/carbitautoparts.com\/de\/wp-json\/wp\/v2\/types\/product"}],"replies":[{"embeddable":true,"href":"https:\/\/carbitautoparts.com\/de\/wp-json\/wp\/v2\/comments?post=1782"}],"wp:featuredmedia":[{"embeddable":true,"href":"https:\/\/carbitautoparts.com\/de\/wp-json\/wp\/v2\/media\/1783"}],"wp:attachment":[{"href":"https:\/\/carbitautoparts.com\/de\/wp-json\/wp\/v2\/media?parent=1782"}],"wp:term":[{"taxonomy":"product_cat","embeddable":true,"href":"https:\/\/carbitautoparts.com\/de\/wp-json\/wp\/v2\/product_cat?post=1782"},{"taxonomy":"product_tag","embeddable":true,"href":"https:\/\/carbitautoparts.com\/de\/wp-json\/wp\/v2\/product_tag?post=1782"}],"curies":[{"name":"wp","href":"https:\/\/api.w.org\/{rel}","templated":true}]}}