{"id":1787,"date":"2025-05-05T16:46:25","date_gmt":"2025-05-05T08:46:25","guid":{"rendered":"https:\/\/carbitautoparts.com\/?post_type=product&#038;p=1787"},"modified":"2025-05-06T15:34:27","modified_gmt":"2025-05-06T07:34:27","slug":"rod-assy-nissan-patrol-y62-oem-546181lb0a","status":"publish","type":"product","link":"https:\/\/carbitautoparts.com\/de\/product\/stange-assy-nissan-patrol-y62-oem-546181lb0a\/","title":{"rendered":"Stange Assy f\u00fcr Nissan Patrol Y62-OEM 546181LB0A"},"content":{"rendered":"<p class=\"ds-markdown-paragraph\">\n<span style=\"color: #5e5b5b;\"><span style=\"font-family: verdana, geneva, sans-serif;\"><strong>Rod Assy f\u00fcr Nissan Patrol Y62 - OEM 546181LB0A Ersatz | Langlebig &amp; zuverl\u00e4ssig<\/p>\n<p><\/strong><\/span><span style=\"font-family: verdana, geneva, sans-serif;\">Verbessern Sie die Leistung und Langlebigkeit Ihres Nissan Patrol Y62 mit unseren hochwertigen\u00a0<strong>Stange Assy<\/strong>\u00a0(OEM: 546181LB0A). Dieses hochwertige Bauteil wurde als direkter Ersatz f\u00fcr die Originalausr\u00fcstung entwickelt und gew\u00e4hrleistet eine nahtlose Integration in die Aufh\u00e4ngung oder das Lenksystem Ihres Fahrzeugs (best\u00e4tigen Sie die Anwendungsspezifika auf der Grundlage der genauen Verwendung des Teils).<\/span><\/span><\/p>\n<hr \/>\n<p class=\"ds-markdown-paragraph\">\n<span style=\"font-family: verdana, geneva, sans-serif; color: #5e5b5b;\">\u2705\u00a0<strong>Feinmechanik:<\/strong>\u00a0Hergestellt, um die OEM-Spezifikationen zu erf\u00fcllen oder zu \u00fcbertreffen, was eine optimale Passform, St\u00e4rke und Leistung garantiert.<br \/>\n<\/span><br \/>\n<span style=\"font-family: verdana, geneva, sans-serif; color: #5e5b5b;\">\u2705\u00a0<strong>Dauerhaftigkeit garantiert:<\/strong> Geschmiedet aus hochfestem Stahl und Oberfl\u00e4chenbehandlung mit Zn-Ni-Legierungsbeschichtung und galvanischer Beschichtung f\u00fcr hohe Belastbarkeit, Widerstandsf\u00e4higkeit gegen Abnutzung durch raue Stra\u00dfen und schwere St\u00f6\u00dfe sowie Rostbest\u00e4ndigkeit.<br \/>\n<\/span><br \/>\n<span style=\"font-family: verdana, geneva, sans-serif; color: #5e5b5b;\">\u2705\u00a0<strong>Perfekte Kompatibilit\u00e4t:<\/strong> Speziell f\u00fcr den Nissan Patrol Y62 (2010-2017) entwickelt - keine \u00c4nderungen erforderlich.<br \/>\n<\/span><br \/>\n<span style=\"font-family: verdana, geneva, sans-serif; color: #5e5b5b;\">\u2705\u00a0<strong>Reibungsloser Betrieb:<\/strong>\u00a0Stellt das werkseitige Ansprechverhalten und die Stabilit\u00e4t wieder her und verbessert die Fahrsicherheit und -kontrolle.<\/span><\/p>\n<p class=\"ds-markdown-paragraph\"><span style=\"font-family: verdana, geneva, sans-serif; color: #5e5b5b;\"><strong>Warum sollten Sie unser ROD ASSY w\u00e4hlen?<\/strong><\/span><\/p>\n<ul>\n<li>\n<p class=\"ds-markdown-paragraph\"><span style=\"font-family: verdana, geneva, sans-serif; color: #5e5b5b;\"><strong>100% Gepr\u00fcfte Qualit\u00e4t:<\/strong>\u00a0Strenge Inspektionen gew\u00e4hrleisten eine einwandfreie Leistung.<\/span><\/p>\n<\/li>\n<li>\n<p class=\"ds-markdown-paragraph\"><span style=\"font-family: verdana, geneva, sans-serif; color: #5e5b5b;\"><strong>Schneller Versand:<\/strong>\u00a0Bestellen Sie noch heute und lassen Sie sich Ihre Bestellung schnell nach Hause liefern.<\/span><\/p>\n<\/li>\n<li>\n<p class=\"ds-markdown-paragraph\"><span style=\"font-family: verdana, geneva, sans-serif; color: #5e5b5b;\"><strong>Wettbewerbsf\u00e4hige Preisgestaltung:<\/strong>\u00a0Erstklassige Qualit\u00e4t zu einem unschlagbaren Preis.<\/span><\/p>\n<\/li>\n<\/ul>","protected":false},"excerpt":{"rendered":"<p><span style=\"font-family: verdana, geneva, sans-serif; color: #524e4e;\"><strong>Produktname\uff1a<\/strong>Stange Assy<\/span><br \/>\n<span style=\"font-family: verdana, geneva, sans-serif; color: #524e4e;\"><strong>Garantie\uff1a<\/strong>1 Jahr<\/span><br \/>\n<span style=\"font-family: verdana, geneva, sans-serif; color: #524e4e;\"><strong>Zustand\uff1a<\/strong>Neu<\/span><br \/>\n<span style=\"font-family: verdana, geneva, sans-serif; color: #524e4e;\"><strong>Auto-Modell\uff1a<\/strong>Nissan Patrol Y62<\/span><br \/>\n<span style=\"font-family: verdana, geneva, sans-serif; color: #524e4e;\"><strong>OEM NO.:<\/strong>546181LB0A<\/span><br \/>\n<span style=\"font-family: verdana, geneva, sans-serif; color: #524e4e;\"><strong>Qualit\u00e4t:<\/strong>\u00a0100% Gepr\u00fcft<\/span><br \/>\n<span style=\"font-family: verdana, geneva, sans-serif; color: #524e4e;\"><strong>Lieferzeiten:<\/strong>\u00a07-10 Tage<\/span><\/p>","protected":false},"featured_media":1788,"comment_status":"closed","ping_status":"closed","template":"","meta":[],"product_cat":[50],"product_tag":[],"class_list":{"0":"post-1787","1":"product","2":"type-product","3":"status-publish","4":"has-post-thumbnail","6":"product_cat-chassis-parts","8":"first","9":"instock","10":"featured","11":"shipping-taxable","12":"product-type-simple"},"_links":{"self":[{"href":"https:\/\/carbitautoparts.com\/de\/wp-json\/wp\/v2\/product\/1787","targetHints":{"allow":["GET"]}}],"collection":[{"href":"https:\/\/carbitautoparts.com\/de\/wp-json\/wp\/v2\/product"}],"about":[{"href":"https:\/\/carbitautoparts.com\/de\/wp-json\/wp\/v2\/types\/product"}],"replies":[{"embeddable":true,"href":"https:\/\/carbitautoparts.com\/de\/wp-json\/wp\/v2\/comments?post=1787"}],"wp:featuredmedia":[{"embeddable":true,"href":"https:\/\/carbitautoparts.com\/de\/wp-json\/wp\/v2\/media\/1788"}],"wp:attachment":[{"href":"https:\/\/carbitautoparts.com\/de\/wp-json\/wp\/v2\/media?parent=1787"}],"wp:term":[{"taxonomy":"product_cat","embeddable":true,"href":"https:\/\/carbitautoparts.com\/de\/wp-json\/wp\/v2\/product_cat?post=1787"},{"taxonomy":"product_tag","embeddable":true,"href":"https:\/\/carbitautoparts.com\/de\/wp-json\/wp\/v2\/product_tag?post=1787"}],"curies":[{"name":"wp","href":"https:\/\/api.w.org\/{rel}","templated":true}]}}