{"id":1805,"date":"2025-05-06T15:30:52","date_gmt":"2025-05-06T07:30:52","guid":{"rendered":"https:\/\/carbitautoparts.com\/?post_type=product&#038;p=1805"},"modified":"2025-05-06T15:34:34","modified_gmt":"2025-05-06T07:34:34","slug":"engine-head-gasket-for-ford-focusfiestaecosport-oem-7s7g-6051-xb","status":"publish","type":"product","link":"https:\/\/carbitautoparts.com\/de\/product\/motor-kopfdichtung-fur-ford-focusfiestaecosport-oem-7s7g-6051-xb\/","title":{"rendered":"Motorkopfdichtung f\u00fcr Ford Focus,Fiesta,Ecosport-OEM 7S7G-6051-XB"},"content":{"rendered":"<p class=\"ds-markdown-paragraph\"><span style=\"font-family: verdana, geneva, sans-serif; color: #5e5757;\"><strong>Premium-Motorkopfdichtung f\u00fcr Ford Focus, Fiesta, Ecosport - OEM 7S7G-6051-XB<\/strong><\/span><\/p>\n<p class=\"ds-markdown-paragraph\"><span style=\"color: #5e5757;\"><span style=\"font-family: verdana, geneva, sans-serif;\">Sichern Sie die Langlebigkeit und Spitzenleistung Ihres Ford-Motors mit unseren\u00a0<strong>hochwertige Kopfdichtung<\/strong>sorgf\u00e4ltig hergestellt, um die OEM-Spezifikationen zu erf\u00fcllen oder zu \u00fcbertreffen (7S7G-6051-XB). Entwickelt f\u00fcr Ford Focus, Fiesta und Ecosport Modelle.<\/span><\/span><\/p>\n<hr \/>\n<p class=\"ds-markdown-paragraph\"><span style=\"color: #5e5757;\"><span style=\"font-family: verdana, geneva, sans-serif;\"><br \/>\n<\/span><span style=\"font-family: verdana, geneva, sans-serif;\">\u2705 <strong>Exakte OEM-Anpassung:<\/strong> Direkter Ersatz f\u00fcr das Ford-Teil 7S7G-6051-XB, der eine nahtlose Kompatibilit\u00e4t mit Focus (2011-2015), Fiesta (2008-2015) und Ecosport (2012-2014) Motoren gew\u00e4hrleistet.<br \/>\n<\/span><\/span><br \/>\n<span style=\"font-family: verdana, geneva, sans-serif; color: #5e5757;\">\u2705\u00a0<strong>Fortgeschrittene Mehrschichtstahlkonstruktion (MLS):<\/strong>\u00a0Die verst\u00e4rkte Konstruktion h\u00e4lt extremen Temperaturen und Druckschwankungen stand und verhindert Leckagen und Kopfverformungen.<br \/>\n<\/span><br \/>\n<span style=\"font-family: verdana, geneva, sans-serif; color: #5e5757;\">\u2705\u00a0<strong>Pr\u00e4zise Dichtungstechnik:<\/strong>\u00a0Eliminiert Verbrennungslecks, K\u00fchlmittelvermischung und \u00d6lverschmutzung, um Ihren Motor vor kostspieligen Sch\u00e4den zu sch\u00fctzen.<br \/>\n<\/span><br \/>\n<span style=\"font-family: verdana, geneva, sans-serif; color: #5e5757;\">\u2705\u00a0<strong>Langlebige Materialien:<\/strong>\u00a0Hochwertige Elastomere und korrosionsbest\u00e4ndige Beschichtungen sorgen f\u00fcr eine lange Lebensdauer unter rauen Fahrbedingungen.<br \/>\n<\/span><br \/>\n<span style=\"font-family: verdana, geneva, sans-serif; color: #5e5757;\">\u2705\u00a0<strong>Einfache Installation:<\/strong>\u00a0Vorgestanzte Bolzenl\u00f6cher und werkseitig angepasste Abmessungen reduzieren die Installationszeit und -fehler.<\/span><\/p>\n<p class=\"ds-markdown-paragraph\"><span style=\"font-family: verdana, geneva, sans-serif; color: #5e5757;\"><strong>Warum diese Kopfdichtung w\u00e4hlen?<\/strong><\/span><br \/>\n<span style=\"font-family: verdana, geneva, sans-serif; color: #5e5757;\">Eine defekte Zylinderkopfdichtung kann zu einem katastrophalen Motorschaden, \u00dcberhitzung und teuren Reparaturen f\u00fchren. Unsere OEM-\u00e4quivalente Dichtung bietet eine\u00a0<strong>kosteng\u00fcnstige L\u00f6sung<\/strong>\u00a0um die Kompression zu erhalten, Fl\u00fcssigkeitslecks zu verhindern und die Lebensdauer Ihres Motors zu verl\u00e4ngern. Es wird von Kfz-Profis gesch\u00e4tzt und ist die ideale Wahl f\u00fcr:<\/span><\/p>\n<ul>\n<li>\n<p class=\"ds-markdown-paragraph\"><span style=\"font-family: verdana, geneva, sans-serif; color: #5e5757;\">Routinem\u00e4\u00dfige Motor\u00fcberholungen<\/span><\/p>\n<\/li>\n<li>\n<p class=\"ds-markdown-paragraph\"><span style=\"font-family: verdana, geneva, sans-serif; color: #5e5757;\">Reparatur von \u00dcberhitzungen<\/span><\/p>\n<\/li>\n<li>\n<p class=\"ds-markdown-paragraph\"><span style=\"font-family: verdana, geneva, sans-serif; color: #5e5757;\">Vorbeugende Wartung<\/span><\/p>\n<\/li>\n<\/ul>\n<p class=\"ds-markdown-paragraph\"><span style=\"font-family: verdana, geneva, sans-serif; color: #5e5757;\"><strong>Perfekte Passform f\u00fcr Ford-Modelle:<\/strong><\/span><\/p>\n<ul>\n<li>\n<p class=\"ds-markdown-paragraph\"><span style=\"font-family: verdana, geneva, sans-serif; color: #5e5757;\">Ford Focus (<span style=\"color: #5e5757;\"><span style=\"font-family: verdana, geneva, sans-serif;\">2011-2015<\/span><\/span>)<\/span><\/p>\n<\/li>\n<li>\n<p class=\"ds-markdown-paragraph\"><span style=\"font-family: verdana, geneva, sans-serif; color: #5e5757;\">Ford Fiesta (<span style=\"color: #5e5757;\"><span style=\"font-family: verdana, geneva, sans-serif;\">2008-2015<\/span><\/span>)<\/span><\/p>\n<\/li>\n<li>\n<p class=\"ds-markdown-paragraph\"><span style=\"font-family: verdana, geneva, sans-serif; color: #5e5757;\">Ford Ecosport (<span style=\"color: #5e5757;\"><span style=\"font-family: verdana, geneva, sans-serif;\">2012-2014<\/span><\/span>)<\/span><\/p>\n<\/li>\n<\/ul>\n<p class=\"ds-markdown-paragraph\"><span style=\"font-family: verdana, geneva, sans-serif; color: #5e5757;\"><strong>OEM-Qualit\u00e4tssicherung:<\/strong><\/span><br \/>\n<span style=\"font-family: verdana, geneva, sans-serif; color: #5e5757;\">Jede Dichtung wird strengen Tests unterzogen, um die strengen OE-Normen zu erf\u00fcllen und eine optimale W\u00e4rmeleitf\u00e4higkeit und eine perfekte Abdichtung zu gew\u00e4hrleisten. Mit einer 12-monatigen Garantie f\u00fcr einen sorgenfreien Kauf.<\/span><\/p>","protected":false},"excerpt":{"rendered":"<p><span style=\"font-family: verdana, geneva, sans-serif; color: #615d5d;\"><strong>Produktname\uff1a<\/strong>Motorkopfdichtung<\/span><br \/>\n<span style=\"font-family: verdana, geneva, sans-serif; color: #615d5d;\"><strong>Garantie\uff1a<\/strong>1 Jahr<\/span><br \/>\n<span style=\"font-family: verdana, geneva, sans-serif; color: #615d5d;\"><strong>Zustand\uff1a<\/strong>Neu<\/span><br \/>\n<span style=\"font-family: verdana, geneva, sans-serif; color: #615d5d;\"><strong>Auto-Modell\uff1a<\/strong>Ford <span style=\"color: #5e5757;\"><span style=\"font-family: verdana, geneva, sans-serif;\">Focus (2011-2015), Fiesta (2008-2015) und Ecosport (2012-2014)<\/span><\/span><\/span><br \/>\n<span style=\"font-family: verdana, geneva, sans-serif; color: #615d5d;\"><strong>OEM NO.:<\/strong><span style=\"color: #5e5757;\"><span style=\"font-family: verdana, geneva, sans-serif;\">7S7G-6051-XB<\/span><\/span><\/span><br \/>\n<span style=\"font-family: verdana, geneva, sans-serif; color: #615d5d;\"><strong>Qualit\u00e4t:<\/strong>\u00a0100% Gepr\u00fcft<\/span><br \/>\n<span style=\"font-family: verdana, geneva, sans-serif; color: #615d5d;\"><strong>Lieferzeiten:<\/strong>\u00a07-10 Tage<\/span><\/p>","protected":false},"featured_media":1806,"comment_status":"closed","ping_status":"closed","template":"","meta":[],"product_cat":[18],"product_tag":[],"class_list":{"0":"post-1805","1":"product","2":"type-product","3":"status-publish","4":"has-post-thumbnail","6":"product_cat-engine-parts","8":"first","9":"instock","10":"featured","11":"shipping-taxable","12":"product-type-simple"},"_links":{"self":[{"href":"https:\/\/carbitautoparts.com\/de\/wp-json\/wp\/v2\/product\/1805","targetHints":{"allow":["GET"]}}],"collection":[{"href":"https:\/\/carbitautoparts.com\/de\/wp-json\/wp\/v2\/product"}],"about":[{"href":"https:\/\/carbitautoparts.com\/de\/wp-json\/wp\/v2\/types\/product"}],"replies":[{"embeddable":true,"href":"https:\/\/carbitautoparts.com\/de\/wp-json\/wp\/v2\/comments?post=1805"}],"wp:featuredmedia":[{"embeddable":true,"href":"https:\/\/carbitautoparts.com\/de\/wp-json\/wp\/v2\/media\/1806"}],"wp:attachment":[{"href":"https:\/\/carbitautoparts.com\/de\/wp-json\/wp\/v2\/media?parent=1805"}],"wp:term":[{"taxonomy":"product_cat","embeddable":true,"href":"https:\/\/carbitautoparts.com\/de\/wp-json\/wp\/v2\/product_cat?post=1805"},{"taxonomy":"product_tag","embeddable":true,"href":"https:\/\/carbitautoparts.com\/de\/wp-json\/wp\/v2\/product_tag?post=1805"}],"curies":[{"name":"wp","href":"https:\/\/api.w.org\/{rel}","templated":true}]}}