{"id":1823,"date":"2025-05-09T11:26:23","date_gmt":"2025-05-09T03:26:23","guid":{"rendered":"https:\/\/carbitautoparts.com\/?post_type=product&#038;p=1823"},"modified":"2025-05-09T11:26:23","modified_gmt":"2025-05-09T03:26:23","slug":"ac-condenser-toyota-corolla-oem-8845002390","status":"publish","type":"product","link":"https:\/\/carbitautoparts.com\/de\/product\/klimakondensator-toyota-corolla-oem-8845002390\/","title":{"rendered":"AC-Kondensator f\u00fcr Toyota Corolla-OEM 8845002390"},"content":{"rendered":"<p class=\"ds-markdown-paragraph\"><span style=\"font-family: verdana, geneva, sans-serif; color: #524c4c;\"><strong>Hochwertiger AC-Kondensator f\u00fcr Toyota Corolla (OEM 8845002390 Ersatz) | Langlebig &amp; Direct Fit<\/strong><\/span><\/p>\n<p class=\"ds-markdown-paragraph\"><span style=\"font-family: verdana, geneva, sans-serif; color: #524c4c;\">Halten Sie das K\u00fchlsystem Ihres Toyota Corolla mit unserem Premium-K\u00fchlsystem auf H\u00f6chstleistung.\u00a0<strong>AC-Kondensator<\/strong>Dieser Kondensator wurde als direkter Ersatz f\u00fcr den OEM #8845002390 entwickelt. Dieser Kondensator wurde f\u00fcr Langlebigkeit, Effizienz und nahtlose Kompatibilit\u00e4t entwickelt und gew\u00e4hrleistet einen optimalen Luftstrom und eine optimale K\u00fchlmittelzirkulation, um die Zuverl\u00e4ssigkeit der Klimaanlage Ihres Fahrzeugs wiederherzustellen.<\/span><\/p>\n<hr \/>\n<p class=\"ds-markdown-paragraph\">\n<span style=\"font-family: verdana, geneva, sans-serif; color: #524c4c;\">\u2705\u00a0<strong>Exakte OEM-Anpassung<\/strong>: Pr\u00e4zisionsgefertigt nach den Spezifikationen des Toyota Corolla (Modelle 2008-2014), was einen problemlosen Einbau ohne \u00c4nderungen garantiert.<br \/>\n<\/span><br \/>\n<span style=\"font-family: verdana, geneva, sans-serif; color: #524c4c;\">\u2705\u00a0<strong>Robuste Konstruktion<\/strong>: Hochwertige Aluminiumrohre und korrosionsbest\u00e4ndige Lamellen sorgen f\u00fcr eine verbesserte W\u00e4rmeableitung und lange Haltbarkeit.<br \/>\n<\/span><br \/>\n<span style=\"font-family: verdana, geneva, sans-serif; color: #524c4c;\">\u2705\u00a0<strong>Verbesserte K\u00fchleffizienz<\/strong>: Stellt die schnelle K\u00fchlleistung auch bei extremen Temperaturen wieder her und entlastet den Klimakompressor.<br \/>\n<\/span><br \/>\n<span style=\"font-family: verdana, geneva, sans-serif; color: #524c4c;\">\u2705\u00a0<strong>Auslaufsichere Konstruktion<\/strong>: Druckgepr\u00fcft, um strengen Betriebsbedingungen standzuhalten, was zuverl\u00e4ssige Leistung und minimale Wartung gew\u00e4hrleistet.<br \/>\n<\/span><br \/>\n<span style=\"font-family: verdana, geneva, sans-serif; color: #524c4c;\">\u2705\u00a0<strong>Kosteneffiziente L\u00f6sung<\/strong>: Sparen Sie bis zu 30% im Vergleich zu den H\u00e4ndlerpreisen, ohne Kompromisse bei der Qualit\u00e4t einzugehen.<\/span><\/p>\n<p class=\"ds-markdown-paragraph\"><span style=\"font-family: verdana, geneva, sans-serif; color: #524c4c;\"><strong>Warum unseren AC-Kondensator w\u00e4hlen?<\/strong><\/span><br \/>\n<span style=\"font-family: verdana, geneva, sans-serif; color: #524c4c;\">Dieser OEM-kompatible Kondensator (8845002390) wird strengen Qualit\u00e4tskontrollen unterzogen, um die OE-Standards zu erf\u00fcllen oder zu \u00fcbertreffen. Er ist ideal f\u00fcr Heimwerker und professionelle Mechaniker gleicherma\u00dfen und wird von einem\u00a0<strong>12-monatige Garantie<\/strong>\u00a0und das Vertrauen von Tausenden von Toyota-Besitzern weltweit.<\/span><\/p>\n<p class=\"ds-markdown-paragraph\"><span style=\"font-family: verdana, geneva, sans-serif; color: #524c4c;\"><strong>Perfekte Kompatibilit\u00e4t<\/strong>:<\/span><\/p>\n<ul>\n<li>\n<p class=\"ds-markdown-paragraph\"><span style=\"font-family: verdana, geneva, sans-serif; color: #524c4c;\"><strong>Fahrzeug<\/strong>: Toyota Corolla (2008-2014, einschlie\u00dflich Hybrid-Varianten)<\/span><\/p>\n<\/li>\n<li>\n<p class=\"ds-markdown-paragraph\"><span style=\"font-family: verdana, geneva, sans-serif; color: #524c4c;\"><strong>OEM-Referenz<\/strong>: 8845002390, 88450-02390<\/span><\/p>\n<\/li>\n<\/ul>","protected":false},"excerpt":{"rendered":"<p><span style=\"font-family: verdana, geneva, sans-serif; color: #544e4e;\"><strong>Produktname\uff1a<\/strong>AC-Kondensator<\/span><br \/>\n<span style=\"font-family: verdana, geneva, sans-serif; color: #544e4e;\"><strong>Garantie\uff1a<\/strong>1 Jahr<\/span><br \/>\n<span style=\"font-family: verdana, geneva, sans-serif; color: #544e4e;\"><strong>Zustand\uff1a<\/strong>Neu<\/span><br \/>\n<span style=\"font-family: verdana, geneva, sans-serif; color: #544e4e;\"><strong>Auto-Modell\uff1a<\/strong><span style=\"font-family: verdana, geneva, sans-serif; color: #524c4c;\">Toyota Corolla (2008-2014\uff09<\/span><\/span><br \/>\n<span style=\"font-family: verdana, geneva, sans-serif; color: #544e4e;\"><strong>OEM NO.: <\/strong><span style=\"font-family: verdana, geneva, sans-serif; color: #524c4c;\">8845002390<\/span><\/span><br \/>\n<span style=\"font-family: verdana, geneva, sans-serif; color: #544e4e;\"><strong>Qualit\u00e4t:<\/strong>\u00a0100% Gepr\u00fcft<\/span><br \/>\n<span style=\"font-family: verdana, geneva, sans-serif; color: #544e4e;\"><strong>Lieferzeiten:<\/strong>\u00a07-10 Tage<\/span><\/p>","protected":false},"featured_media":1824,"comment_status":"closed","ping_status":"closed","template":"","meta":[],"product_cat":[24],"product_tag":[],"class_list":{"0":"post-1823","1":"product","2":"type-product","3":"status-publish","4":"has-post-thumbnail","6":"product_cat-body-parts","8":"first","9":"instock","10":"shipping-taxable","11":"product-type-simple"},"_links":{"self":[{"href":"https:\/\/carbitautoparts.com\/de\/wp-json\/wp\/v2\/product\/1823","targetHints":{"allow":["GET"]}}],"collection":[{"href":"https:\/\/carbitautoparts.com\/de\/wp-json\/wp\/v2\/product"}],"about":[{"href":"https:\/\/carbitautoparts.com\/de\/wp-json\/wp\/v2\/types\/product"}],"replies":[{"embeddable":true,"href":"https:\/\/carbitautoparts.com\/de\/wp-json\/wp\/v2\/comments?post=1823"}],"wp:featuredmedia":[{"embeddable":true,"href":"https:\/\/carbitautoparts.com\/de\/wp-json\/wp\/v2\/media\/1824"}],"wp:attachment":[{"href":"https:\/\/carbitautoparts.com\/de\/wp-json\/wp\/v2\/media?parent=1823"}],"wp:term":[{"taxonomy":"product_cat","embeddable":true,"href":"https:\/\/carbitautoparts.com\/de\/wp-json\/wp\/v2\/product_cat?post=1823"},{"taxonomy":"product_tag","embeddable":true,"href":"https:\/\/carbitautoparts.com\/de\/wp-json\/wp\/v2\/product_tag?post=1823"}],"curies":[{"name":"wp","href":"https:\/\/api.w.org\/{rel}","templated":true}]}}