{"id":1834,"date":"2025-05-09T16:06:22","date_gmt":"2025-05-09T08:06:22","guid":{"rendered":"https:\/\/carbitautoparts.com\/?post_type=product&#038;p=1834"},"modified":"2025-05-09T16:06:22","modified_gmt":"2025-05-09T08:06:22","slug":"engine-mounting-toyota-vios-yaris-ncp90-oem-12363-0m040-0m010-0m011","status":"publish","type":"product","link":"https:\/\/carbitautoparts.com\/de\/product\/motorlager-toyota-vios-yaris-ncp90-oem-12363-0m040-0m010-0m011\/","title":{"rendered":"Motorhalterung f\u00fcr TOYOTA Vios YARIS NCP90 | OEM 12363-0M040\/0M010\/0M011"},"content":{"rendered":"<p class=\"ds-markdown-paragraph\"><span style=\"font-family: verdana, geneva, sans-serif; color: #524d4d;\"><strong>Premium Motorhalterung f\u00fcr TOYOTA Vios YARIS NCP90 | OEM 12363-0M040\/0M010\/0M011<\/strong><\/span><\/p>\n<p class=\"ds-markdown-paragraph\"><span style=\"font-family: verdana, geneva, sans-serif; color: #524d4d;\">Verbessern Sie die Leistung Ihres TOYOTA Vios YARIS NCP90 mit unserem\u00a0<strong>Hochpr\u00e4zise Motorlagerung<\/strong>entwickelt, um Zuverl\u00e4ssigkeit und Vibrationskontrolle in Originalqualit\u00e4t zu bieten. Direkt kompatibel mit OEM\u00a0 <strong>12363-0M040, 12363-0M010 und 12363-0M011<\/strong>Diese robuste Komponente gew\u00e4hrleistet eine perfekte Passform und eine nahtlose Integration in das Motorsystem Ihres Fahrzeugs.<\/p>\n<p><\/span><span style=\"font-family: verdana, geneva, sans-serif; color: #524d4d;\">\u2705\u00a0<strong>Exakter OEM-Ersatz<\/strong>: Hergestellt nach den strengen Toyota-Spezifikationen f\u00fcr optimale Passgenauigkeit und Haltbarkeit.<br \/>\n<\/span><br \/>\n<span style=\"font-family: verdana, geneva, sans-serif; color: #524d4d;\">\u2705\u00a0<strong>Erweiterte Schwingungsd\u00e4mpfung<\/strong>: Verst\u00e4rktes Gummi und eine hochfeste Stahlkonstruktion minimieren Motorger\u00e4usche und Stra\u00dfenst\u00f6\u00dfe.<br \/>\n<\/span><br \/>\n<span style=\"font-family: verdana, geneva, sans-serif; color: #524d4d;\">\u2705\u00a0<strong>Verl\u00e4ngerte Langlebigkeit<\/strong>Hochfester Stahl und elektrolytische Oberfl\u00e4chenbehandlung widerstehen Hitze, \u00d6l, Rost und Verschlei\u00df f\u00fcr eine lange Lebensdauer.<br \/>\n<\/span><\/p>\n<p class=\"ds-markdown-paragraph\"><span style=\"font-family: verdana, geneva, sans-serif; color: #524d4d;\"><strong>Warum sollten Sie sich f\u00fcr unsere Motorhalterung entscheiden?<\/strong><\/span><\/p>\n<ul>\n<li>\n<p class=\"ds-markdown-paragraph\"><span style=\"font-family: verdana, geneva, sans-serif; color: #524d4d;\"><strong>Garantierte Kompatibilit\u00e4t<\/strong>: Speziell entwickelt f\u00fcr TOYOTA Vios YARIS NCP90 Modelle (2006-2014).<\/span><\/p>\n<\/li>\n<li>\n<p class=\"ds-markdown-paragraph\"><span style=\"font-family: verdana, geneva, sans-serif; color: #524d4d;\"><strong>Erh\u00f6hter Fahrkomfort<\/strong>: Reduziert Vibrationen im Innenraum und sorgt so f\u00fcr eine sanftere, leisere Fahrt.<\/span><\/p>\n<\/li>\n<li>\n<p class=\"ds-markdown-paragraph\"><span style=\"font-family: verdana, geneva, sans-serif; color: #524d4d;\"><strong>Kosteneffiziente L\u00f6sung<\/strong>: Vermeiden Sie H\u00e4ndleraufschl\u00e4ge bei gleichbleibender OEM-Qualit\u00e4t.<\/span><\/p>\n<\/li>\n<\/ul>","protected":false},"excerpt":{"rendered":"<p><span style=\"font-family: verdana, geneva, sans-serif; color: #595353;\"><strong>Produktname\uff1a<\/strong>Motormontage<\/span><br \/>\n<span style=\"font-family: verdana, geneva, sans-serif; color: #595353;\"><strong>Garantie\uff1a<\/strong>1 Jahr<\/span><br \/>\n<span style=\"font-family: verdana, geneva, sans-serif; color: #595353;\"><strong>Zustand\uff1a<\/strong>Neu<\/span><br \/>\n<span style=\"font-family: verdana, geneva, sans-serif; color: #595353;\"><strong>Auto-Modell\uff1a<\/strong><span style=\"font-family: verdana, geneva, sans-serif; color: #524d4d;\">TOYOTA Vios YARIS NCP90 (2006-2014)<\/span><\/span><br \/>\n<span style=\"font-family: verdana, geneva, sans-serif; color: #595353;\"><strong>OEM NO.: <\/strong><span style=\"font-family: verdana, geneva, sans-serif; color: #524d4d;\">12363-0M040, 12363-0M010, 12363-0M011<\/span><\/span><br \/>\n<span style=\"font-family: verdana, geneva, sans-serif; color: #595353;\"><strong>Qualit\u00e4t:<\/strong>\u00a0100% Gepr\u00fcft<\/span><br \/>\n<span style=\"font-family: verdana, geneva, sans-serif; color: #595353;\"><strong>Lieferzeiten:<\/strong>\u00a07-10 Tage<\/span><\/p>","protected":false},"featured_media":1835,"comment_status":"closed","ping_status":"closed","template":"","meta":[],"product_cat":[50],"product_tag":[],"class_list":{"0":"post-1834","1":"product","2":"type-product","3":"status-publish","4":"has-post-thumbnail","6":"product_cat-chassis-parts","8":"first","9":"instock","10":"shipping-taxable","11":"product-type-simple"},"_links":{"self":[{"href":"https:\/\/carbitautoparts.com\/de\/wp-json\/wp\/v2\/product\/1834","targetHints":{"allow":["GET"]}}],"collection":[{"href":"https:\/\/carbitautoparts.com\/de\/wp-json\/wp\/v2\/product"}],"about":[{"href":"https:\/\/carbitautoparts.com\/de\/wp-json\/wp\/v2\/types\/product"}],"replies":[{"embeddable":true,"href":"https:\/\/carbitautoparts.com\/de\/wp-json\/wp\/v2\/comments?post=1834"}],"wp:featuredmedia":[{"embeddable":true,"href":"https:\/\/carbitautoparts.com\/de\/wp-json\/wp\/v2\/media\/1835"}],"wp:attachment":[{"href":"https:\/\/carbitautoparts.com\/de\/wp-json\/wp\/v2\/media?parent=1834"}],"wp:term":[{"taxonomy":"product_cat","embeddable":true,"href":"https:\/\/carbitautoparts.com\/de\/wp-json\/wp\/v2\/product_cat?post=1834"},{"taxonomy":"product_tag","embeddable":true,"href":"https:\/\/carbitautoparts.com\/de\/wp-json\/wp\/v2\/product_tag?post=1834"}],"curies":[{"name":"wp","href":"https:\/\/api.w.org\/{rel}","templated":true}]}}