{"id":1865,"date":"2025-09-26T15:13:22","date_gmt":"2025-09-26T07:13:22","guid":{"rendered":"https:\/\/carbitautoparts.com\/?post_type=product&#038;p=1865"},"modified":"2025-09-26T15:13:22","modified_gmt":"2025-09-26T07:13:22","slug":"front-lower-control-arm-for-toyota-corolla-oem-48068-02150","status":"publish","type":"product","link":"https:\/\/carbitautoparts.com\/de\/product\/vorderer-unterer-querlenker-fur-toyota-corolla-oem-48068-02150\/","title":{"rendered":"Unterer Querlenker vorne f\u00fcr Toyota Corolla | OEM 48068-02150"},"content":{"rendered":"<p class=\"ds-markdown-paragraph\"><span style=\"font-family: verdana, geneva, sans-serif; color: #423939;\"><strong>Unterer Querlenker vorne f\u00fcr Toyota Corolla | Teil # 48068-02150 | Kompatibel mit Toyota Corolla 2000-2008<\/strong><\/span><\/p>\n<hr \/>\n<p class=\"ds-markdown-paragraph\">\n<span style=\"font-family: verdana, geneva, sans-serif; color: #423939;\">Der untere Querlenker ist ein wichtiges Bauteil der Vorderradaufh\u00e4ngung. Er dient als zentraler Verbindungspunkt zwischen dem Fahrzeugrahmen und der Vorderradbaugruppe. Seine Hauptfunktionen bestehen darin, die korrekte Radausrichtung beizubehalten, eine kontrollierte vertikale Radbewegung zu erm\u00f6glichen und die beim Lenken und \u00dcberfahren von Stra\u00dfenunebenheiten auftretenden Kr\u00e4fte zu absorbieren. Ein defekter Querlenker kann zu unsicherem Fahrverhalten, ungleichm\u00e4\u00dfigem Reifenverschlei\u00df und schlechter Fahrzeugstabilit\u00e4t f\u00fchren.<\/span><\/p>\n<p class=\"ds-markdown-paragraph\"><span style=\"font-family: verdana, geneva, sans-serif; color: #423939;\">Dieser Querlenker wird nach den strengen Qualit\u00e4tsstandards von Toyota hergestellt:<\/span><\/p>\n<ul>\n<li>\n<p class=\"ds-markdown-paragraph\"><span style=\"font-family: verdana, geneva, sans-serif; color: #423939;\"><strong>Hochfestes gestanztes und geschwei\u00dftes Stahlblech<\/strong>\u00a0Der Arm wird durch Pr\u00e4zisionsstanz- und Schwei\u00dfverfahren aus hochfestem Stahl geformt. Diese Konstruktion bietet eine au\u00dfergew\u00f6hnliche strukturelle Integrit\u00e4t und Widerstandsf\u00e4higkeit gegen\u00fcber den erheblichen Belastungen und St\u00f6\u00dfen, die im t\u00e4glichen Fahrbetrieb auftreten.<\/span><\/p>\n<\/li>\n<li>\n<p class=\"ds-markdown-paragraph\"><span style=\"font-family: verdana, geneva, sans-serif; color: #423939;\"><strong>Elektrophoretische Oberfl\u00e4chenbeschichtung:<\/strong>\u00a0Das Bauteil wird einem umfassenden elektrophoretischen Lackierverfahren unterzogen. Diese fortschrittliche Beschichtungstechnik sorgt f\u00fcr eine gleichm\u00e4\u00dfige, korrosionssch\u00fctzende Schicht auf der gesamten Oberfl\u00e4che, auch an schwer zug\u00e4nglichen Stellen, und bietet so einen hervorragenden Schutz gegen Rost und umweltbedingte Beeintr\u00e4chtigungen.<\/span><\/p>\n<\/li>\n<\/ul>","protected":false},"excerpt":{"rendered":"<p><span style=\"font-family: verdana, geneva, sans-serif; color: #403737;\"><strong><b>Produktname\uff1a<\/b><\/strong><span style=\"font-family: verdana, geneva, sans-serif; color: #423939;\">Unterer Querlenker<\/span><\/span><br \/>\n<span style=\"font-family: verdana, geneva, sans-serif; color: #403737;\"><strong><b>Garantie\uff1a<\/b><\/strong>1 Jahr<\/span><br \/>\n<span style=\"font-family: verdana, geneva, sans-serif; color: #403737;\"><strong><b>Zustand\uff1a<\/b><\/strong>Neu<\/span><br \/>\n<span style=\"font-family: verdana, geneva, sans-serif; color: #403737;\"><strong><b>Auto-Modell\uff1a<\/b><\/strong>Toyota Corolla (2000-2008)<\/span><br \/>\n<span style=\"font-family: verdana, geneva, sans-serif; color: #403737;\"><strong><b>OEM NO.: <\/b><\/strong><span style=\"font-family: verdana, geneva, sans-serif; color: #423939;\">48068-02150<\/span><\/span><br \/>\n<span style=\"font-family: verdana, geneva, sans-serif; color: #403737;\"><strong><b>Qualit\u00e4t:<\/b><\/strong>\u00a0100% Gepr\u00fcft<\/span><\/p>","protected":false},"featured_media":1866,"comment_status":"closed","ping_status":"closed","template":"","meta":[],"product_cat":[50],"product_tag":[],"class_list":{"0":"post-1865","1":"product","2":"type-product","3":"status-publish","4":"has-post-thumbnail","6":"product_cat-chassis-parts","8":"first","9":"instock","10":"shipping-taxable","11":"product-type-simple"},"_links":{"self":[{"href":"https:\/\/carbitautoparts.com\/de\/wp-json\/wp\/v2\/product\/1865","targetHints":{"allow":["GET"]}}],"collection":[{"href":"https:\/\/carbitautoparts.com\/de\/wp-json\/wp\/v2\/product"}],"about":[{"href":"https:\/\/carbitautoparts.com\/de\/wp-json\/wp\/v2\/types\/product"}],"replies":[{"embeddable":true,"href":"https:\/\/carbitautoparts.com\/de\/wp-json\/wp\/v2\/comments?post=1865"}],"wp:featuredmedia":[{"embeddable":true,"href":"https:\/\/carbitautoparts.com\/de\/wp-json\/wp\/v2\/media\/1866"}],"wp:attachment":[{"href":"https:\/\/carbitautoparts.com\/de\/wp-json\/wp\/v2\/media?parent=1865"}],"wp:term":[{"taxonomy":"product_cat","embeddable":true,"href":"https:\/\/carbitautoparts.com\/de\/wp-json\/wp\/v2\/product_cat?post=1865"},{"taxonomy":"product_tag","embeddable":true,"href":"https:\/\/carbitautoparts.com\/de\/wp-json\/wp\/v2\/product_tag?post=1865"}],"curies":[{"name":"wp","href":"https:\/\/api.w.org\/{rel}","templated":true}]}}