{"id":1933,"date":"2026-01-15T17:16:28","date_gmt":"2026-01-15T09:16:28","guid":{"rendered":"https:\/\/carbitautoparts.com\/?post_type=product&#038;p=1933"},"modified":"2026-01-15T17:16:28","modified_gmt":"2026-01-15T09:16:28","slug":"shock-absorber-for-toyota-carina-oem-48540-20270","status":"publish","type":"product","link":"https:\/\/carbitautoparts.com\/de\/product\/stosdampfer-fur-toyota-carina-oem-48540-20270\/","title":{"rendered":"Sto\u00dfd\u00e4mpfer f\u00fcr Toyota CARINA-OEM 48540-20270"},"content":{"rendered":"<p><span style=\"font-family: verdana, geneva, sans-serif; color: #383434;\"><strong>Hochleistungs-Sto\u00dfd\u00e4mpfer hinten - weicheres Fahrverhalten und verbesserte Stabilit\u00e4t<\/strong><\/span><br \/>\n<span style=\"font-family: verdana, geneva, sans-serif; color: #383434;\">Verbessern Sie Ihr Fahrwerk mit diesem hochwertigen hinteren Sto\u00dfd\u00e4mpfer, der f\u00fcr \u00fcberragenden Fahrkomfort, reaktionsschnelles Fahrverhalten und lange Haltbarkeit entwickelt wurde. Mit Gasdrucktechnik, korrosionsbest\u00e4ndigen Materialien und ger\u00e4uscharmem Betrieb - perfekt zur Verbesserung der Fahrzeugsicherheit und des Fahrverhaltens. Direktes Schraubendesign f\u00fcr problemlosen Einbau.<\/span><\/p>\n<hr \/>\n<p><span style=\"font-family: verdana, geneva, sans-serif; color: #383434;\"><strong><b>Wichtigste Vorteile<\/b><\/strong><strong><b>\uff1a<\/b><\/strong><strong><b>Pr\u00e4zise OEM-Anpassung<\/b><\/strong><strong><b><br \/>\n<\/b><\/strong>Konzipiert f\u00fcr den direkten Ersatz von Werkssto\u00dfd\u00e4mpfern - keine \u00c4nderungen erforderlich.<\/span><br \/>\n<span style=\"font-family: verdana, geneva, sans-serif; color: #383434;\"><strong><b>Sanftes und stabiles Fahrverhalten<\/b><\/strong><\/span><\/p>\n<p><span style=\"font-family: verdana, geneva, sans-serif; color: #383434;\">D\u00e4mpft effektiv Fahrbahnunebenheiten und Vibrationen, verbessert die Fahrqualit\u00e4t und reduziert die Wankneigung der Karosserie.<\/span><\/p>\n<p><span style=\"font-family: verdana, geneva, sans-serif; color: #383434;\"><strong><b>Langlebige und korrosionsbest\u00e4ndige Konstruktion<\/b><\/strong><\/span><\/p>\n<p><span style=\"font-family: verdana, geneva, sans-serif; color: #383434;\">Hergestellt aus hochwertigen Materialien und mit einer Anti-Rost-Beschichtung, um eine lange Lebensdauer zu gew\u00e4hrleisten.<\/span><\/p>\n<p><span style=\"font-family: verdana, geneva, sans-serif; color: #383434;\"><strong><b>Verbesserte Handhabung und Sicherheit<\/b><\/strong><strong><b><br \/>\n<\/b><\/strong>Verbessert den Kontakt der Reifen mit der Stra\u00dfe, was zu besserem Bremsen und Kurvenfahren f\u00fchrt.<\/span><br \/>\n<span style=\"font-family: verdana, geneva, sans-serif; color: #383434;\"><strong><b>Ger\u00e4uscharmer Betrieb<\/b><\/strong><\/span><\/p>\n<p><span style=\"font-family: verdana, geneva, sans-serif; color: #383434;\">Entwickelt, um Ger\u00e4usche und Rauheit zu minimieren und ein ruhigeres, komfortableres Fahrerlebnis zu erm\u00f6glichen.<\/span><\/p>\n<p><span style=\"font-family: verdana, geneva, sans-serif; color: #383434;\"><strong><b>Tipps zur Installation<\/b><\/strong><\/span><\/p>\n<p><span style=\"font-family: verdana, geneva, sans-serif; color: #383434;\">F\u00fcr eine optimale Leistung und Sicherheit wird eine professionelle Installation empfohlen.<\/span><\/p>\n<p><span style=\"font-family: verdana, geneva, sans-serif; color: #383434;\">Tauschen Sie die Sto\u00dfd\u00e4mpfer immer paarweise aus (z. B. links und rechts), um das Fahrzeug im Gleichgewicht zu halten.<\/span><\/p>\n<p><span style=\"font-family: verdana, geneva, sans-serif; color: #383434;\">\u00dcberpr\u00fcfen Sie vor dem Kauf das Jahr, die Marke und das Modell Ihres Fahrzeugs, um die Kompatibilit\u00e4t sicherzustellen.<\/span><\/p>","protected":false},"excerpt":{"rendered":"<p><span style=\"font-family: verdana, geneva, sans-serif;\"><strong><b>Produktname\uff1aSto\u00dfd\u00e4mpfer<br \/>\nZustand\uff1aNeu<br \/>\nSto\u00dfd\u00e4mpfer Typ: Gasdruckd\u00e4mpfer \/ Hydraulisch<\/b><br \/>\nMontageart: Direkt anschraubbar<br \/>\nWerkstoff: Hochfester legierter Stahl<br \/>\n<b>Fahrzeugmodell\uff1aHyundai Toyota CARINA<\/b><br \/>\n<b>OEM-NR.:48540-20270<br \/>\n<\/b><\/strong><\/span><strong><span style=\"font-family: verdana, geneva, sans-serif;\">Garantie: 12 Monate \/ 50.000 km<\/span><\/strong><\/p>","protected":false},"featured_media":1934,"comment_status":"closed","ping_status":"closed","template":"","meta":[],"product_cat":[50],"product_tag":[],"class_list":{"0":"post-1933","1":"product","2":"type-product","3":"status-publish","4":"has-post-thumbnail","6":"product_cat-chassis-parts","8":"first","9":"instock","10":"shipping-taxable","11":"product-type-simple"},"_links":{"self":[{"href":"https:\/\/carbitautoparts.com\/de\/wp-json\/wp\/v2\/product\/1933","targetHints":{"allow":["GET"]}}],"collection":[{"href":"https:\/\/carbitautoparts.com\/de\/wp-json\/wp\/v2\/product"}],"about":[{"href":"https:\/\/carbitautoparts.com\/de\/wp-json\/wp\/v2\/types\/product"}],"replies":[{"embeddable":true,"href":"https:\/\/carbitautoparts.com\/de\/wp-json\/wp\/v2\/comments?post=1933"}],"wp:featuredmedia":[{"embeddable":true,"href":"https:\/\/carbitautoparts.com\/de\/wp-json\/wp\/v2\/media\/1934"}],"wp:attachment":[{"href":"https:\/\/carbitautoparts.com\/de\/wp-json\/wp\/v2\/media?parent=1933"}],"wp:term":[{"taxonomy":"product_cat","embeddable":true,"href":"https:\/\/carbitautoparts.com\/de\/wp-json\/wp\/v2\/product_cat?post=1933"},{"taxonomy":"product_tag","embeddable":true,"href":"https:\/\/carbitautoparts.com\/de\/wp-json\/wp\/v2\/product_tag?post=1933"}],"curies":[{"name":"wp","href":"https:\/\/api.w.org\/{rel}","templated":true}]}}