{"id":322,"date":"2025-02-12T20:10:47","date_gmt":"2025-02-12T12:10:47","guid":{"rendered":"https:\/\/carbitautoparts.com\/?post_type=product&#038;p=322"},"modified":"2025-03-07T18:16:12","modified_gmt":"2025-03-07T10:16:12","slug":"solar-powered-wireless-tpms-tire-pressure-monitoring-system","status":"publish","type":"product","link":"https:\/\/carbitautoparts.com\/de\/product\/solarbetriebenes-drahtloses-tpms-reifendruckuberwachungssystem\/","title":{"rendered":"Solarbetriebenes drahtloses TPMS (Reifendruck\u00fcberwachungssystem)"},"content":{"rendered":"<p>&nbsp;<\/p>\n<p>&nbsp;<\/p>\n<p><img fetchpriority=\"high\" decoding=\"async\" class=\"wp-image-861 alignleft\" src=\"https:\/\/carbitautoparts.com\/wp-content\/uploads\/2025\/02\/\u5c4f\u5e55\u622a\u56fe-2025-02-18-114635-2.jpg\" alt=\"\" width=\"442\" height=\"636\" srcset=\"https:\/\/carbitautoparts.com\/wp-content\/uploads\/2025\/02\/\u5c4f\u5e55\u622a\u56fe-2025-02-18-114635-2.jpg 595w, https:\/\/carbitautoparts.com\/wp-content\/uploads\/2025\/02\/\u5c4f\u5e55\u622a\u56fe-2025-02-18-114635-2-209x300.jpg 209w, https:\/\/carbitautoparts.com\/wp-content\/uploads\/2025\/02\/\u5c4f\u5e55\u622a\u56fe-2025-02-18-114635-2-150x216.jpg 150w\" sizes=\"(max-width: 442px) 100vw, 442px\" \/><\/p>\n<p>&nbsp;<\/p>\n<p>&nbsp;<\/p>\n<p>&nbsp;<\/p>\n<ul>\n<li><span style=\"font-family: verdana, geneva, sans-serif;\">Unser solarbetriebenes kabelloses TPMS nutzt fortschrittliche intelligente Chips f\u00fcr verbesserte Pr\u00e4zision. <\/span><br \/>\n<span style=\"font-family: verdana, geneva, sans-serif;\">Es zeichnet sich durch eine genaue Erkennung, rechtzeitige Warnungen, eine stabile Signal\u00fcbertragung und einen erweiterten Empfangsbereich aus, <\/span><br \/>\n<span style=\"font-family: verdana, geneva, sans-serif;\"><span style=\"font-family: verdana, geneva, sans-serif;\">geringer Stromverbrauch und robuste Widerstandsf\u00e4higkeit gegen verschiedene Arten von elektromagnetischen St\u00f6rungen.<\/span><\/span><\/li>\n<li><span style=\"font-family: verdana, geneva, sans-serif;\">Die Verwendung von in den Reifen eingebauten Sensoren sorgt f\u00fcr erh\u00f6hte Genauigkeit, \u00fcberlegene Sicherheit, Diebstahlschutz und die Beseitigung des Risikos von Luftverlusten.<\/span><\/li>\n<\/ul>\n<p>&nbsp;<\/p>\n<p>&nbsp;<\/p>\n<p>&nbsp;<\/p>\n<p>&nbsp;<\/p>\n<p>&nbsp;<\/p>\n<p>&nbsp;<\/p>\n<p>&nbsp;<\/p>\n<p>&nbsp;<\/p>\n<p>&nbsp;<\/p>\n<p>&nbsp;<\/p>\n<p>&nbsp;<\/p>\n<p><img decoding=\"async\" class=\"alignright wp-image-961\" src=\"https:\/\/carbitautoparts.com\/wp-content\/uploads\/2025\/02\/O1CN01ndVyVa1vZEwYHduer_2200620026186-0-cib-2-1024x1024.jpg\" alt=\"\" width=\"410\" height=\"410\" srcset=\"https:\/\/carbitautoparts.com\/wp-content\/uploads\/2025\/02\/O1CN01ndVyVa1vZEwYHduer_2200620026186-0-cib-2-1024x1024.jpg 1024w, https:\/\/carbitautoparts.com\/wp-content\/uploads\/2025\/02\/O1CN01ndVyVa1vZEwYHduer_2200620026186-0-cib-2-300x300.jpg 300w, https:\/\/carbitautoparts.com\/wp-content\/uploads\/2025\/02\/O1CN01ndVyVa1vZEwYHduer_2200620026186-0-cib-2-150x150.jpg 150w, https:\/\/carbitautoparts.com\/wp-content\/uploads\/2025\/02\/O1CN01ndVyVa1vZEwYHduer_2200620026186-0-cib-2-768x768.jpg 768w, https:\/\/carbitautoparts.com\/wp-content\/uploads\/2025\/02\/O1CN01ndVyVa1vZEwYHduer_2200620026186-0-cib-2-600x600.jpg 600w, https:\/\/carbitautoparts.com\/wp-content\/uploads\/2025\/02\/O1CN01ndVyVa1vZEwYHduer_2200620026186-0-cib-2.jpg 1080w\" sizes=\"(max-width: 410px) 100vw, 410px\" \/><\/p>\n<p>&nbsp;<\/p>\n<p><strong><span style=\"font-family: verdana, geneva, sans-serif;\">Intelligente Umschaltung<\/span><\/strong><\/p>\n<ul>\n<li><span style=\"font-family: verdana, geneva, sans-serif;\">Schaltet das TPMS automatisch ein, nachdem das Fahrzeug<br \/>\nbegonnen.<\/span><\/li>\n<li><span style=\"font-family: verdana, geneva, sans-serif;\">Automatische Abschaltung nach Stillstand des Fahrzeugs.<\/span><\/li>\n<li><span style=\"font-family: verdana, geneva, sans-serif;\"><span style=\"font-family: verdana, geneva, sans-serif;\"><span style=\"font-family: verdana, geneva, sans-serif;\">Einfache und schnelle Installation, ohne dass ein Anschluss erforderlich ist<br \/>\nmit irgendwelchen Dr\u00e4hten.<\/span><\/span><\/span><\/li>\n<li><span style=\"font-family: verdana, geneva, sans-serif;\">Wasserdichte IPX7-Norm f\u00fcr Sensoren.<br \/>\n<\/span><\/li>\n<li><span style=\"font-family: verdana, geneva, sans-serif;\"><span style=\"font-family: verdana, geneva, sans-serif;\">Anpassbare mehrsprachige Ansaget\u00f6ne (Sprachansageversion)<\/span><\/span><\/li>\n<\/ul>\n<p>&nbsp;<\/p>\n<p>&nbsp;<\/p>\n<p>&nbsp;<\/p>\n<p>Das TPMS hat die Zertifizierungen ISO9001:2015 und IATF 16949:2016 erhalten. Es wurde von verschiedenen nationalen und internationalen Aufsichtsbeh\u00f6rden, einschlie\u00dflich FCC, CE, ROHS und Qualit\u00e4tspr\u00fcfungszentren von Drittanbietern, eingehend gepr\u00fcft und genehmigt. Dar\u00fcber hinaus hat sich das Unternehmen mehrere Patente f\u00fcr die Reifendruck\u00fcberwachungstechnologie gesichert und h\u00e4lt die Urheberrechte f\u00fcr die zugeh\u00f6rige Anwendungssoftware.<\/p>\n<p><img decoding=\"async\" class=\"size-large wp-image-864 aligncenter\" src=\"https:\/\/carbitautoparts.com\/wp-content\/uploads\/2025\/02\/WPS\u62fc\u56fe0-1-1024x187.png\" alt=\"\" width=\"1024\" height=\"187\" srcset=\"https:\/\/carbitautoparts.com\/wp-content\/uploads\/2025\/02\/WPS\u62fc\u56fe0-1-1024x187.png 1024w, https:\/\/carbitautoparts.com\/wp-content\/uploads\/2025\/02\/WPS\u62fc\u56fe0-1-300x55.png 300w, https:\/\/carbitautoparts.com\/wp-content\/uploads\/2025\/02\/WPS\u62fc\u56fe0-1-768x140.png 768w, https:\/\/carbitautoparts.com\/wp-content\/uploads\/2025\/02\/WPS\u62fc\u56fe0-1-1536x281.png 1536w, https:\/\/carbitautoparts.com\/wp-content\/uploads\/2025\/02\/WPS\u62fc\u56fe0-1-2048x374.png 2048w, https:\/\/carbitautoparts.com\/wp-content\/uploads\/2025\/02\/WPS\u62fc\u56fe0-1-600x110.png 600w, https:\/\/carbitautoparts.com\/wp-content\/uploads\/2025\/02\/WPS\u62fc\u56fe0-1-150x27.png 150w\" sizes=\"(max-width: 1024px) 100vw, 1024px\" \/><\/p>\n<p>&nbsp;<\/p>\n<p>&nbsp;<\/p>\n<p>&nbsp;<\/p>","protected":false},"excerpt":{"rendered":"<p><span style=\"color: #473636; font-family: verdana, geneva, sans-serif;\"><strong>Produktname\uff1a<\/strong>Solarbetriebenes drahtloses TPMS<br \/>\n<strong>Garantie\uff1a<\/strong>1 Jahr<br \/>\n<strong>Zustand\uff1a<\/strong>Neu<br \/>\n<strong>Betriebsspannung\uff1a<\/strong>3.7V<br \/>\n<strong>Betriebstemperatur:<\/strong> 70\u00b0C<br \/>\n<strong>Wasserdichte Klasse:<\/strong> IPX7<br \/>\n<strong>Ladespannung:<\/strong> DC 5,1V<br \/>\n<strong>Druckbereich:<\/strong>0\u223c6Bar<br \/>\n<strong>Sendefrequenz:<\/strong> 433,92MHZ<br \/>\n<strong>Sendeleistung:<\/strong> &gt;10dBm<br \/>\n<strong>Qualit\u00e4t:<\/strong> 100% Gepr\u00fcft<br \/>\n<strong>Lieferzeiten:<\/strong> 3-7 Tage<\/span><\/p>","protected":false},"featured_media":865,"comment_status":"closed","ping_status":"closed","template":"","meta":[],"product_cat":[25],"product_tag":[],"class_list":{"0":"post-322","1":"product","2":"type-product","3":"status-publish","4":"has-post-thumbnail","6":"product_cat-others-autoparts","8":"first","9":"instock","10":"shipping-taxable","11":"product-type-simple"},"_links":{"self":[{"href":"https:\/\/carbitautoparts.com\/de\/wp-json\/wp\/v2\/product\/322","targetHints":{"allow":["GET"]}}],"collection":[{"href":"https:\/\/carbitautoparts.com\/de\/wp-json\/wp\/v2\/product"}],"about":[{"href":"https:\/\/carbitautoparts.com\/de\/wp-json\/wp\/v2\/types\/product"}],"replies":[{"embeddable":true,"href":"https:\/\/carbitautoparts.com\/de\/wp-json\/wp\/v2\/comments?post=322"}],"wp:featuredmedia":[{"embeddable":true,"href":"https:\/\/carbitautoparts.com\/de\/wp-json\/wp\/v2\/media\/865"}],"wp:attachment":[{"href":"https:\/\/carbitautoparts.com\/de\/wp-json\/wp\/v2\/media?parent=322"}],"wp:term":[{"taxonomy":"product_cat","embeddable":true,"href":"https:\/\/carbitautoparts.com\/de\/wp-json\/wp\/v2\/product_cat?post=322"},{"taxonomy":"product_tag","embeddable":true,"href":"https:\/\/carbitautoparts.com\/de\/wp-json\/wp\/v2\/product_tag?post=322"}],"curies":[{"name":"wp","href":"https:\/\/api.w.org\/{rel}","templated":true}]}}