{"id":805,"date":"2025-02-20T10:16:45","date_gmt":"2025-02-20T02:16:45","guid":{"rendered":"https:\/\/carbitautoparts.com\/?post_type=product&#038;p=805"},"modified":"2025-05-06T15:39:07","modified_gmt":"2025-05-06T07:39:07","slug":"dual-iridium-spark-plug-for-toyota-camry-corolla-rav4-90919-01297","status":"publish","type":"product","link":"https:\/\/carbitautoparts.com\/de\/product\/doppel-iridium-zundkerze-fur-toyota-camry-corolla-rav4-90919-01297\/","title":{"rendered":"Dual Iridium Z\u00fcndkerze f\u00fcr Toyota Camry\uff0cCorolla\uff0cRAV4-OEM 90919-01297"},"content":{"rendered":"<p><span style=\"font-family: verdana, geneva, sans-serif; color: #4f4d4d; font-size: 14pt;\"><strong>Pr\u00e4zisionsz\u00fcndleistung f\u00fcr verbesserte Effizienz und Langlebigkeit<\/strong><\/span><\/p>\n<p><span style=\"font-family: verdana, geneva, sans-serif; color: #636060;\">Maximieren Sie die Motorleistung und den Kraftstoffverbrauch mit unserem\u00a0<strong>Doppel-Iridium-Z\u00fcndkerze<\/strong> <strong>(OEM:90919-01297)<\/strong>speziell f\u00fcr die 1.8L, 2.0L und 2.5L Motoren von Toyota entwickelt. Entwickelt, um zu erf\u00fcllen oder zu \u00fcbertreffen<br \/>\nDiese Hochleistungsz\u00fcndkerze entspricht den OEM-Standards und gew\u00e4hrleistet eine zuverl\u00e4ssige Z\u00fcndung, reduzierte Emissionen und eine l\u00e4ngere Lebensdauer f\u00fcr die Modelle Camry, Corolla, Auris, RAV4 und Lexus.<\/span><\/p>\n<hr \/>\n<ul>\n<li><span style=\"font-family: verdana, geneva, sans-serif; color: #736f6f;\"><strong><b>L\u00e4ngere Nutzungsdauer<\/b><\/strong><\/span><\/li>\n<\/ul>\n<p style=\"padding-left: 40px;\"><span style=\"font-family: verdana, geneva, sans-serif; color: #736f6f;\">Das Doppel-Iridium-Material hat eine hohe Oxidationsbest\u00e4ndigkeit, und die Seitenelektrode<br \/>\nTechnologie macht den Z\u00fcndkerzenspalt nahezu verschlei\u00dffrei und verl\u00e4ngert so seine Lebensdauer.<\/span><\/p>\n<ul>\n<li><span style=\"font-family: verdana, geneva, sans-serif; color: #736f6f;\"><strong><b>St\u00e4rkere Z\u00fcndungsleistung<\/b><\/strong><\/span><\/li>\n<\/ul>\n<p style=\"padding-left: 40px;\"><span style=\"font-family: verdana, geneva, sans-serif; color: #736f6f;\">Double Iridium Doppel-Nadel-Design, gute W\u00e4rmeleitf\u00e4higkeit, die Verwendung von \"Hot Melt\"<br \/>\nTechnologie, mit einem hohen Grad an Luftdichtheit. Sicherstellen, dass die Temperatur auf<br \/>\ndie Selbstreinigungstemperatur innerhalb weniger Sekunden nach dem Einschalten, wodurch die<br \/>\nerfolgreiche Entz\u00fcndung.<\/span><\/p>\n<ul>\n<li><span style=\"font-family: verdana, geneva, sans-serif; color: #736f6f;\"><strong><b>Schnellere Z\u00fcndung <\/b><\/strong><\/span><\/li>\n<\/ul>\n<p style=\"padding-left: 40px;\"><span style=\"font-family: verdana, geneva, sans-serif; color: #736f6f;\">Verbesserte Kraftstoffeffizienz und sanftere Beschleunigung.<\/span><\/p>\n<ul>\n<li><span style=\"font-family: verdana, geneva, sans-serif; color: #736f6f;\"><strong><b>Kraftstoffeinsparung<\/b><\/strong><\/span><\/li>\n<\/ul>\n<p style=\"padding-left: 40px;\"><span style=\"font-family: verdana, geneva, sans-serif; color: #736f6f;\">Die Seitenelektroden sind kegelf\u00f6rmig bearbeitet, was die Ladungsaggregation erh\u00f6ht<br \/>\nEffekt und verbessert den Z\u00fcndweg, wodurch Kraftstoff gespart und Ihr Drei-Wege-Katalysator gesch\u00fctzt wird, um Wartungskosten zu sparen.<\/span><\/p>\n<ul>\n<li><span style=\"font-family: verdana, geneva, sans-serif; color: #736f6f;\"><strong><b>Behebung des Motorsch\u00fcttelns<\/b><\/strong><\/span><\/li>\n<\/ul>\n<p style=\"padding-left: 40px;\"><span style=\"font-family: verdana, geneva, sans-serif; color: #736f6f;\">Behebt wirksam das durch die Oxidation der Z\u00fcndkerzen verursachte Motorruckeln und verbessert die Motorleistung.<\/span><\/p>","protected":false},"excerpt":{"rendered":"<p><span style=\"font-family: verdana, geneva, sans-serif; color: #4a4747;\"><strong>Produktname\uff1a<\/strong>Doppel-Iridium-Z\u00fcndkerze <\/span><br \/>\n<span style=\"font-family: verdana, geneva, sans-serif; color: #4a4747;\"><strong>Garantie\uff1a<\/strong>1 Jahr<\/span><br \/>\n<span style=\"font-family: verdana, geneva, sans-serif; color: #4a4747;\"><strong>Zustand\uff1a<\/strong>Neu<\/span><br \/>\n<span style=\"font-family: verdana, geneva, sans-serif; color: #4a4747;\"><strong>Auto-Modell\uff1a<\/strong>Toyota Camry\/Corolla\/<span style=\"font-family: verdana, geneva, sans-serif; color: #636060;\">Auris<\/span>\/RAV4\/Lexus<\/span><br \/>\n<span style=\"font-family: verdana, geneva, sans-serif; color: #4a4747;\"><strong>OEM NO.:<\/strong> 90919-01297<\/span><br \/>\n<span style=\"font-family: verdana, geneva, sans-serif; color: #4a4747;\"><strong>Qualit\u00e4t:<\/strong>\u00a0100% Gepr\u00fcft<\/span><br \/>\n<span style=\"font-family: verdana, geneva, sans-serif; color: #4a4747;\"><strong>Lieferzeiten:<\/strong>\u00a03-7 Tage<\/span><\/p>","protected":false},"featured_media":806,"comment_status":"closed","ping_status":"closed","template":"","meta":[],"product_cat":[18],"product_tag":[],"class_list":{"0":"post-805","1":"product","2":"type-product","3":"status-publish","4":"has-post-thumbnail","6":"product_cat-engine-parts","8":"first","9":"instock","10":"featured","11":"shipping-taxable","12":"product-type-simple"},"_links":{"self":[{"href":"https:\/\/carbitautoparts.com\/de\/wp-json\/wp\/v2\/product\/805","targetHints":{"allow":["GET"]}}],"collection":[{"href":"https:\/\/carbitautoparts.com\/de\/wp-json\/wp\/v2\/product"}],"about":[{"href":"https:\/\/carbitautoparts.com\/de\/wp-json\/wp\/v2\/types\/product"}],"replies":[{"embeddable":true,"href":"https:\/\/carbitautoparts.com\/de\/wp-json\/wp\/v2\/comments?post=805"}],"wp:featuredmedia":[{"embeddable":true,"href":"https:\/\/carbitautoparts.com\/de\/wp-json\/wp\/v2\/media\/806"}],"wp:attachment":[{"href":"https:\/\/carbitautoparts.com\/de\/wp-json\/wp\/v2\/media?parent=805"}],"wp:term":[{"taxonomy":"product_cat","embeddable":true,"href":"https:\/\/carbitautoparts.com\/de\/wp-json\/wp\/v2\/product_cat?post=805"},{"taxonomy":"product_tag","embeddable":true,"href":"https:\/\/carbitautoparts.com\/de\/wp-json\/wp\/v2\/product_tag?post=805"}],"curies":[{"name":"wp","href":"https:\/\/api.w.org\/{rel}","templated":true}]}}