{"id":828,"date":"2025-02-20T18:00:27","date_gmt":"2025-02-20T10:00:27","guid":{"rendered":"https:\/\/carbitautoparts.com\/?post_type=product&#038;p=828"},"modified":"2025-09-29T11:20:43","modified_gmt":"2025-09-29T03:20:43","slug":"mazda-3-starter-oem-88320-48150","status":"publish","type":"product","link":"https:\/\/carbitautoparts.com\/de\/product\/mazda-3-anlasser-oem-88320-48150\/","title":{"rendered":"MAZDA 3 6 CX-5 Anlasser - OEM 88320-48150"},"content":{"rendered":"<p style=\"padding-left: 40px;\"><span style=\"font-family: verdana, geneva, sans-serif; color: #4d4949;\"><strong>Hochleistungs-Z\u00fcndsystemkomponente f\u00fcr Mazda-Fahrzeuge<\/strong><\/span><\/p>\n<hr \/>\n<ul>\n<li><span style=\"font-family: verdana, geneva, sans-serif; color: #5c5757;\"><span style=\"font-family: verdana, geneva, sans-serif; color: #5c5757;\"><strong><b>H<\/b><\/strong><strong><b>hoch<\/b><\/strong><strong><b>\u00a0P<\/b><\/strong><strong><b>erformance<\/b><\/strong><strong><b>\u00a0D<\/b><\/strong><strong><b>esign<\/b><\/strong><strong><b>: <\/b><\/strong>Verwendet eine fortschrittliche elektromagnetische Technologie und ein Pr\u00e4zisionsgetriebesystem, um eine h\u00f6here Startleistung und eine l\u00e4ngere Lebensdauer zu gew\u00e4hrleisten. Er kann sowohl in extrem kalten als auch in hei\u00dfen Umgebungen schnell und zuverl\u00e4ssig starten.<\/span><\/span><\/li>\n<li><span style=\"font-family: verdana, geneva, sans-serif; color: #5c5757;\"><span style=\"font-family: verdana, geneva, sans-serif; color: #5c5757;\"><strong><b>E<\/b><\/strong><strong><b>xcellent<\/b><\/strong><strong><b>\u00a0C<\/b><\/strong><strong><b>ompatibilit\u00e4t<\/b><\/strong><strong><b>: <\/b><\/strong>Hergestellt in strikter \u00dcbereinstimmung mit den Mazda-Spezifikationen, um perfekte Kompatibilit\u00e4t zu gew\u00e4hrleisten.<\/span><\/span><\/li>\n<li><span style=\"font-family: verdana, geneva, sans-serif; color: #5c5757;\"><strong><b>D<\/b><\/strong><strong><b>nungsf\u00e4higkeit<\/b><\/strong><strong><b>:<\/b><\/strong>\u00a0Hochfeste Materialien und korrosionsbest\u00e4ndige Beschichtungen sorgen f\u00fcr Langlebigkeit in einer Vielzahl von Klimazonen.<\/span><\/li>\n<\/ul>","protected":false},"excerpt":{"rendered":"<p><span style=\"font-family: verdana, geneva, sans-serif;\"><strong>Produktname\uff1a<\/strong>Motorstarter<br \/>\n<\/span><strong style=\"font-family: verdana, geneva, sans-serif;\">Garantie\uff1a<\/strong><span style=\"font-family: verdana, geneva, sans-serif;\">1 Jahr<br \/>\n<\/span><strong style=\"font-family: verdana, geneva, sans-serif;\">Zustand\uff1a<\/strong><span style=\"font-family: verdana, geneva, sans-serif;\">Neu<br \/>\n<\/span><strong style=\"font-family: verdana, geneva, sans-serif;\">Auto-Modell\uff1a<\/strong><span style=\"font-family: verdana, geneva, sans-serif;\">MAZDA 3 6 CX-5<br \/>\n<\/span><strong style=\"font-family: verdana, geneva, sans-serif;\">Spannung:\u00a0<\/strong><span style=\"font-family: verdana, geneva, sans-serif;\">12V<br \/>\n<\/span><strong style=\"font-family: verdana, geneva, sans-serif;\">OEM NO.: <\/strong><span style=\"font-family: verdana, geneva, sans-serif;\">PE0718400<br \/>\n<\/span><strong style=\"font-family: verdana, geneva, sans-serif;\">Qualit\u00e4t: <\/strong><span style=\"font-family: verdana, geneva, sans-serif;\">100% Gepr\u00fcft<\/span><br \/>\n<strong style=\"font-family: verdana, geneva, sans-serif;\">Lieferzeiten: <\/strong><span style=\"font-family: verdana, geneva, sans-serif;\">3-7 Tage<\/span><\/p>","protected":false},"featured_media":851,"comment_status":"closed","ping_status":"closed","template":"","meta":[],"product_cat":[19],"product_tag":[],"class_list":{"0":"post-828","1":"product","2":"type-product","3":"status-publish","4":"has-post-thumbnail","6":"product_cat-electric-almotor-parts","8":"first","9":"instock","10":"shipping-taxable","11":"product-type-simple"},"_links":{"self":[{"href":"https:\/\/carbitautoparts.com\/de\/wp-json\/wp\/v2\/product\/828","targetHints":{"allow":["GET"]}}],"collection":[{"href":"https:\/\/carbitautoparts.com\/de\/wp-json\/wp\/v2\/product"}],"about":[{"href":"https:\/\/carbitautoparts.com\/de\/wp-json\/wp\/v2\/types\/product"}],"replies":[{"embeddable":true,"href":"https:\/\/carbitautoparts.com\/de\/wp-json\/wp\/v2\/comments?post=828"}],"wp:featuredmedia":[{"embeddable":true,"href":"https:\/\/carbitautoparts.com\/de\/wp-json\/wp\/v2\/media\/851"}],"wp:attachment":[{"href":"https:\/\/carbitautoparts.com\/de\/wp-json\/wp\/v2\/media?parent=828"}],"wp:term":[{"taxonomy":"product_cat","embeddable":true,"href":"https:\/\/carbitautoparts.com\/de\/wp-json\/wp\/v2\/product_cat?post=828"},{"taxonomy":"product_tag","embeddable":true,"href":"https:\/\/carbitautoparts.com\/de\/wp-json\/wp\/v2\/product_tag?post=828"}],"curies":[{"name":"wp","href":"https:\/\/api.w.org\/{rel}","templated":true}]}}