{"id":872,"date":"2025-02-21T11:17:26","date_gmt":"2025-02-21T03:17:26","guid":{"rendered":"https:\/\/carbitautoparts.com\/?post_type=product&#038;p=872"},"modified":"2025-03-31T09:28:01","modified_gmt":"2025-03-31T01:28:01","slug":"engine-valve-cover-for-bmw-3-5-7-x3-x5-series-oem-11127570292","status":"publish","type":"product","link":"https:\/\/carbitautoparts.com\/de\/product\/motor-ventildeckel-fur-bmw-3-5-7-x3-x5-serie-oem-11127570292\/","title":{"rendered":"Motorventildeckel f\u00fcr BMW 3\/5\/7\/X3\/X5 Serie-OEM 11127570292"},"content":{"rendered":"<p style=\"padding-left: 40px;\"><span style=\"font-family: verdana, geneva, sans-serif; color: #5e5959;\"><strong>Pr\u00e4zisionsgefertigter Schutz f\u00fcr BMW-Motoren<\/strong><\/span><\/p>\n<hr \/>\n<ul>\n<li><span style=\"color: #636060;\"><span style=\"font-family: verdana, geneva, sans-serif;\"><strong>Fortschrittliche Kunststoffkonstruktion<br \/>\n<\/strong><\/span><span style=\"font-family: verdana, geneva, sans-serif;\"><strong><br \/>\n-Hochfestes Material<\/strong><br \/>\n<\/span><span style=\"font-family: verdana, geneva, sans-serif;\"><strong>-Integriertes PCV-Ventil<\/strong> f\u00fcr eine pr\u00e4zise Kurbelgeh\u00e4useentl\u00fcftung.<br \/>\n<\/span><span style=\"font-family: verdana, geneva, sans-serif;\"><strong>-Hitzebest\u00e4ndig<\/strong> bis zu 180\u00b0C (356\u00b0F) bei Motoren mit Turbolader.<\/span><\/span><\/li>\n<li><span style=\"font-family: verdana, geneva, sans-serif; color: #636060;\"><strong>Leckfreie Konstruktion<\/strong><\/span><span style=\"color: #636060;\"><span style=\"font-family: verdana, geneva, sans-serif;\"><strong>-Vorinstalliert h<\/strong><\/span><strong><span style=\"font-family: verdana, geneva, sans-serif;\">Hochwertiges Gummi <\/span><\/strong><span style=\"font-family: verdana, geneva, sans-serif;\"><strong>Dichtung<\/strong> mit mehrschichtiger Dichtungstechnik,<br \/>\n<\/span><span style=\"font-family: verdana, geneva, sans-serif;\">hochtemperaturbest\u00e4ndig und korrosionsbest\u00e4ndig f\u00fcr eine l\u00e4ngere Lebensdauer.<br \/>\n<\/span><strong style=\"font-family: verdana, geneva, sans-serif;\">-Anti-Verwerfungsrippen<\/strong><span style=\"font-family: verdana, geneva, sans-serif;\">\u00a0f\u00fcr langfristige Stabilit\u00e4t<\/span><\/span><\/li>\n<li><span style=\"color: #636060;\"><strong><span style=\"font-family: verdana, geneva, sans-serif;\">Originelles Design mit pr\u00e4ziser Gr\u00f6\u00dfe<\/span><\/strong><\/span><span style=\"font-family: verdana, geneva, sans-serif; color: #636060;\">Das ma\u00dfgenaue Originaldesign ist einfach und schnell zu installieren, ohne dass \u00c4nderungen erforderlich sind.<\/span><\/li>\n<\/ul>\n<p>&nbsp;<\/p>","protected":false},"excerpt":{"rendered":"<p><span style=\"font-family: verdana, geneva, sans-serif;\"><strong>Produktname\uff1a<\/strong>Scheinwerfer Montage<\/span><br \/>\n<span style=\"font-family: verdana, geneva, sans-serif;\"><strong>Garantie\uff1a<\/strong>1 Jahr<\/span><br \/>\n<span style=\"font-family: verdana, geneva, sans-serif;\"><strong>Zustand\uff1a<\/strong>Neu<\/span><br \/>\n<span style=\"font-family: verdana, geneva, sans-serif;\"><strong>Auto-Modell\uff1a<\/strong>BMW 1\/3\/5\/6\/7\/X3\/X5\/X6 Serie<\/span><br \/>\n<span style=\"font-family: verdana, geneva, sans-serif;\"><strong>OEM NO.:<\/strong> 11127570292<\/span><br \/>\n<span style=\"font-family: verdana, geneva, sans-serif;\"><strong>Qualit\u00e4t:<\/strong>\u00a0100% Gepr\u00fcft<\/span><br \/>\n<span style=\"font-family: verdana, geneva, sans-serif;\"><strong>Lieferzeiten:<\/strong>\u00a03-7 Tage<\/span><\/p>","protected":false},"featured_media":881,"comment_status":"closed","ping_status":"closed","template":"","meta":[],"product_cat":[18],"product_tag":[],"class_list":{"0":"post-872","1":"product","2":"type-product","3":"status-publish","4":"has-post-thumbnail","6":"product_cat-engine-parts","8":"first","9":"instock","10":"shipping-taxable","11":"product-type-simple"},"_links":{"self":[{"href":"https:\/\/carbitautoparts.com\/de\/wp-json\/wp\/v2\/product\/872","targetHints":{"allow":["GET"]}}],"collection":[{"href":"https:\/\/carbitautoparts.com\/de\/wp-json\/wp\/v2\/product"}],"about":[{"href":"https:\/\/carbitautoparts.com\/de\/wp-json\/wp\/v2\/types\/product"}],"replies":[{"embeddable":true,"href":"https:\/\/carbitautoparts.com\/de\/wp-json\/wp\/v2\/comments?post=872"}],"wp:featuredmedia":[{"embeddable":true,"href":"https:\/\/carbitautoparts.com\/de\/wp-json\/wp\/v2\/media\/881"}],"wp:attachment":[{"href":"https:\/\/carbitautoparts.com\/de\/wp-json\/wp\/v2\/media?parent=872"}],"wp:term":[{"taxonomy":"product_cat","embeddable":true,"href":"https:\/\/carbitautoparts.com\/de\/wp-json\/wp\/v2\/product_cat?post=872"},{"taxonomy":"product_tag","embeddable":true,"href":"https:\/\/carbitautoparts.com\/de\/wp-json\/wp\/v2\/product_tag?post=872"}],"curies":[{"name":"wp","href":"https:\/\/api.w.org\/{rel}","templated":true}]}}