{"id":877,"date":"2025-02-21T11:42:47","date_gmt":"2025-02-21T03:42:47","guid":{"rendered":"https:\/\/carbitautoparts.com\/?post_type=product&#038;p=877"},"modified":"2025-05-06T15:35:31","modified_gmt":"2025-05-06T07:35:31","slug":"engine-oil-pan-for-golf-tiguan-oem-06k103600r","status":"publish","type":"product","link":"https:\/\/carbitautoparts.com\/de\/product\/motorolwanne-fur-golf-tiguan-oem-06k103600r\/","title":{"rendered":"Motor\u00f6lwanne f\u00fcr Golf\uff0cTiguan-OEM 06K103600R"},"content":{"rendered":"<h1><span style=\"font-family: verdana, geneva, sans-serif; font-size: 18pt; color: #3d3b3b;\"><strong>Motor\u00f6lwanne f\u00fcr VW Golf\/Tiguan | OEM 06K103600R<\/strong><\/span><\/h1>\n<p><span style=\"font-family: verdana, geneva, sans-serif; color: #524e4e;\"><strong>Hochleistungs-\u00d6lwanne aus verst\u00e4rktem Polymer-Kunststoff f\u00fcr verbesserte Haltbarkeit und Leckagepr\u00e4vention<\/strong><\/span><\/p>\n<p><span style=\"font-family: verdana, geneva, sans-serif; color: #524e4e;\">Sorgen Sie f\u00fcr zuverl\u00e4ssigen Motorschutz und optimale \u00d6lzirkulation mit unseren OEM-gepr\u00fcften\u00a0<strong>Motor\u00f6lwanne<\/strong> <strong>(OEM:<\/strong> <strong>06K103600R)<\/strong>. Diese \u00d6lwanne wurde f\u00fcr die Modelle Golf und Tiguan von Volkswagen entwickelt und kombiniert eine leichte Bauweise mit einer \u00fcberragenden Haltbarkeit, was sie zu einem idealen Ersatz f\u00fcr verschlissene oder besch\u00e4digte Einheiten macht.<\/span><\/p>\n<hr \/>\n<ul>\n<li><span style=\"font-family: verdana, geneva, sans-serif; color: #4a4646;\"><strong>Exakte OEM-Anpassung<\/strong><\/span><br \/>\n<span style=\"color: #4a4646;\"><span style=\"color: #4a4646;\"><span style=\"font-family: verdana, geneva, sans-serif;\">Kompatibel mit:<br \/>\n<\/span><span style=\"font-family: verdana, geneva, sans-serif;\"><strong>VW Golf Mk7<\/strong> (2013-2021)<br \/>\n<\/span><span style=\"font-family: verdana, geneva, sans-serif;\"><strong>VW Tiguan Mk2<\/strong> (2016-2021)<\/span><\/span><\/span><\/li>\n<li><span style=\"font-family: verdana, geneva, sans-serif; color: #4a4646;\"><strong>Material &amp; Langlebigkeit<\/strong><\/span><br class=\"container_fd70d wrapper_80cf2 undefined\" \/><span style=\"font-family: verdana, geneva, sans-serif; color: #4a4646;\"><strong>Hochwertiges, verst\u00e4rktes Polymer<\/strong>: Entwickelt mit fortschrittlicher Thermoplastik-Technologie f\u00fcr<br \/>\n\u00fcberragende Best\u00e4ndigkeit gegen Hitze, Korrosion und St\u00f6\u00dfe.<\/span><br class=\"container_fd70d wrapper_80cf2 undefined\" \/><span style=\"font-family: verdana, geneva, sans-serif; color: #4a4646;\"><strong>Leichte Konstruktion<\/strong>: Reduziert das Gesamtgewicht des Motors bei gleichzeitiger Wahrung der strukturellen Integrit\u00e4t.<\/span><br class=\"container_fd70d wrapper_80cf2 undefined\" \/><span style=\"color: #4a4646;\"><span style=\"color: #4a4646;\"><span style=\"font-family: verdana, geneva, sans-serif;\"><strong>Lecksichere Konstruktion<\/strong>: Pr\u00e4zisionsgeformte N\u00e4hte und integrierte Dichtungskan\u00e4le gew\u00e4hrleisten eine<br \/>\nzuverl\u00e4ssige Dichtung, die \u00d6lleckagen verhindert.<br \/>\n<\/span><span style=\"font-family: verdana, geneva, sans-serif;\"><strong>Hitzebest\u00e4ndig<\/strong> bis zu 150\u00b0C (302\u00b0F) - ideal f\u00fcr Motoren mit Turbolader.<\/span><\/span><\/span><\/li>\n<li><span style=\"font-family: verdana, geneva, sans-serif; color: #4a4646;\"><strong>Wesentliche Merkmale<\/strong><\/span><br class=\"container_fd70d wrapper_80cf2 undefined\" \/><span style=\"font-family: verdana, geneva, sans-serif; color: #4a4646;\"><strong>Direkter OEM-Ersatz<\/strong>: Garantierte Passgenauigkeit f\u00fcr problemlosen Einbau.<\/span><br class=\"container_fd70d wrapper_80cf2 undefined\" \/><span style=\"font-family: verdana, geneva, sans-serif; color: #4a4646;\"><strong>Optimierte \u00d6lzirkulation<\/strong>: Interne Leitbleche minimieren das Schwappen des \u00d6ls und verbessern die Schmiereffizienz.<\/span><br class=\"container_fd70d wrapper_80cf2 undefined\" \/><span style=\"font-family: verdana, geneva, sans-serif; color: #4a4646;\"><strong>Verl\u00e4ngerte Nutzungsdauer<\/strong>: Best\u00e4ndig gegen chemischen Abbau durch Motor\u00f6le und Additive.<\/span><\/li>\n<\/ul>","protected":false},"excerpt":{"rendered":"<p><span style=\"font-family: verdana, geneva, sans-serif; color: #5e5858;\"><strong>Produktname\uff1a<\/strong>Motor\u00f6lwanne<\/span><br \/>\n<span style=\"font-family: verdana, geneva, sans-serif; color: #5e5858;\"><strong>Garantie\uff1a<\/strong>1 Jahr<\/span><br \/>\n<span style=\"font-family: verdana, geneva, sans-serif; color: #5e5858;\"><strong>Zustand\uff1a<\/strong>Neu<\/span><br \/>\n<span style=\"font-family: verdana, geneva, sans-serif; color: #5e5858;\"><strong>Auto-Modell\uff1a<\/strong><span style=\"font-family: verdana, geneva, sans-serif;\">Volkswagen Golf und Tiguan<\/span><\/span><br \/>\n<span style=\"color: #5e5858;\"><span style=\"font-family: verdana, geneva, sans-serif;\"><strong>OEM NO.:<\/strong>06K103600R<br \/>\n<\/span><strong style=\"font-family: verdana, geneva, sans-serif;\">Qualit\u00e4t:<\/strong><span style=\"font-family: verdana, geneva, sans-serif;\"> 100% Gepr\u00fcft<br \/>\n<\/span><strong style=\"font-family: verdana, geneva, sans-serif;\">Lieferzeiten:<\/strong><span style=\"font-family: verdana, geneva, sans-serif;\">\u00a03-7 Tage<\/span><\/span><\/p>","protected":false},"featured_media":878,"comment_status":"closed","ping_status":"closed","template":"","meta":[],"product_cat":[18],"product_tag":[],"class_list":{"0":"post-877","1":"product","2":"type-product","3":"status-publish","4":"has-post-thumbnail","6":"product_cat-engine-parts","8":"first","9":"instock","10":"featured","11":"shipping-taxable","12":"product-type-simple"},"_links":{"self":[{"href":"https:\/\/carbitautoparts.com\/de\/wp-json\/wp\/v2\/product\/877","targetHints":{"allow":["GET"]}}],"collection":[{"href":"https:\/\/carbitautoparts.com\/de\/wp-json\/wp\/v2\/product"}],"about":[{"href":"https:\/\/carbitautoparts.com\/de\/wp-json\/wp\/v2\/types\/product"}],"replies":[{"embeddable":true,"href":"https:\/\/carbitautoparts.com\/de\/wp-json\/wp\/v2\/comments?post=877"}],"wp:featuredmedia":[{"embeddable":true,"href":"https:\/\/carbitautoparts.com\/de\/wp-json\/wp\/v2\/media\/878"}],"wp:attachment":[{"href":"https:\/\/carbitautoparts.com\/de\/wp-json\/wp\/v2\/media?parent=877"}],"wp:term":[{"taxonomy":"product_cat","embeddable":true,"href":"https:\/\/carbitautoparts.com\/de\/wp-json\/wp\/v2\/product_cat?post=877"},{"taxonomy":"product_tag","embeddable":true,"href":"https:\/\/carbitautoparts.com\/de\/wp-json\/wp\/v2\/product_tag?post=877"}],"curies":[{"name":"wp","href":"https:\/\/api.w.org\/{rel}","templated":true}]}}