{"id":891,"date":"2025-02-21T19:33:21","date_gmt":"2025-02-21T11:33:21","guid":{"rendered":"https:\/\/carbitautoparts.com\/?post_type=product&#038;p=891"},"modified":"2025-03-07T17:36:57","modified_gmt":"2025-03-07T09:36:57","slug":"carbon-ceramic-car-brake-disc-for-audi-s6-s7-c7-rs5-rs6-rs7-porsche","status":"publish","type":"product","link":"https:\/\/carbitautoparts.com\/de\/product\/kohlenstoff-keramik-autobremsscheibe-fur-audi-s6-s7-c7-rs5-rs6-rs7-porsche\/","title":{"rendered":"Carbon-Keramik-Autobremsscheibe f\u00fcr Audi S6 S7 C7 RS5 RS6 RS7"},"content":{"rendered":"<h1 style=\"padding-left: 40px;\"><span style=\"font-family: verdana, geneva, sans-serif;\"><strong>Carbon-Keramik-Bremsscheibe | Hochleistungsbremsen f\u00fcr Luxus- und Sportwagen<\/strong><\/span><\/h1>\n<hr \/>\n<p style=\"padding-left: 40px;\"><span style=\"font-family: verdana, geneva, sans-serif;\"><strong>Unerreichte Bremskraft und Langlebigkeit<\/strong><\/span><\/p>\n<p style=\"padding-left: 40px;\"><span style=\"font-family: verdana, geneva, sans-serif;\">R\u00fcsten Sie das Bremssystem Ihres Fahrzeugs mit unserem Premium\u00a0<strong>Carbon-Keramik-Bremsscheiben<\/strong>, entwickelt f\u00fcr Hochleistungsfahrten. Diese Bremsscheiben wurden entwickelt, um \u00fcberragende Bremsleistung, geringes Gewicht und au\u00dfergew\u00f6hnliche Haltbarkeit zu bieten und sind die ultimative Wahl f\u00fcr Luxus- und Sportwagen-Enthusiasten.<\/span><\/p>\n<p>\u00a0 \u00a0 <img fetchpriority=\"high\" decoding=\"async\" class=\"size-large wp-image-903 aligncenter\" src=\"https:\/\/carbitautoparts.com\/wp-content\/uploads\/2025\/02\/9cbfb11d7c6a9731f4bc0be0912af6c7-1024x569.jpg\" alt=\"\" width=\"1024\" height=\"569\" srcset=\"https:\/\/carbitautoparts.com\/wp-content\/uploads\/2025\/02\/9cbfb11d7c6a9731f4bc0be0912af6c7-1024x569.jpg 1024w, https:\/\/carbitautoparts.com\/wp-content\/uploads\/2025\/02\/9cbfb11d7c6a9731f4bc0be0912af6c7-300x167.jpg 300w, https:\/\/carbitautoparts.com\/wp-content\/uploads\/2025\/02\/9cbfb11d7c6a9731f4bc0be0912af6c7-768x427.jpg 768w, https:\/\/carbitautoparts.com\/wp-content\/uploads\/2025\/02\/9cbfb11d7c6a9731f4bc0be0912af6c7-600x333.jpg 600w, https:\/\/carbitautoparts.com\/wp-content\/uploads\/2025\/02\/9cbfb11d7c6a9731f4bc0be0912af6c7-150x83.jpg 150w, https:\/\/carbitautoparts.com\/wp-content\/uploads\/2025\/02\/9cbfb11d7c6a9731f4bc0be0912af6c7.jpg 1080w\" sizes=\"(max-width: 1024px) 100vw, 1024px\" \/><\/p>\n<p>&nbsp;<\/p>\n<ul>\n<li><span style=\"font-family: verdana, geneva, sans-serif;\"><strong><b>Leichtes Gewicht:<\/b><\/strong><\/span><\/li>\n<\/ul>\n<p style=\"padding-left: 40px;\"><span style=\"font-family: verdana, geneva, sans-serif;\">Machen Sie das Auto flexibler. Dichte ist nur 1\/3 von Grauguss, effektiv reduzieren Gewicht unter Sto\u00dfd\u00e4mpfer, verbessern Fahrzeug Handhabung.<\/span><\/p>\n<ul>\n<li><span style=\"font-family: verdana, geneva, sans-serif;\"><strong><b>Hoher Reibungskoeffizient.<\/b><\/strong><\/span><\/li>\n<\/ul>\n<p style=\"padding-left: 40px;\"><span style=\"font-family: verdana, geneva, sans-serif;\">Ein k\u00fcrzerer Bremsweg sorgt f\u00fcr mehr Sicherheit beim Anhalten.<\/span><\/p>\n<p style=\"padding-left: 40px;\"><span style=\"font-family: verdana, geneva, sans-serif;\">Das Carbon-Keramik-Bremssystem bietet eine verbesserte Bremsleistung und macht den Bremsvorgang sicherer und zuverl\u00e4ssiger.<\/span><\/p>\n<ul>\n<li><span style=\"font-family: verdana, geneva, sans-serif;\"><strong><b>Keine Abschw\u00e4chung im nassen Zustand. <\/b><\/strong><\/span><\/li>\n<\/ul>\n<p style=\"padding-left: 40px;\"><span style=\"font-family: verdana, geneva, sans-serif;\">Die Bremskraft l\u00e4sst auch bei Regen nicht nach.<\/span><\/p>\n<ul>\n<li><span style=\"font-family: verdana, geneva, sans-serif;\"><strong><b>Keine W\u00e4rmed\u00e4mpfung <\/b><\/strong><\/span><\/li>\n<\/ul>\n<p style=\"padding-left: 40px;\"><span style=\"font-family: verdana, geneva, sans-serif;\">Unter den Hochtemperaturbedingungen (1200\u00b0C) einer Dauerbremsung zeigt die Bremskraft des Carbon-Keramik-Bremssystems kaum eine Abschw\u00e4chung.<\/span><\/p>\n<ul>\n<li><span style=\"font-family: verdana, geneva, sans-serif;\"><strong><b>Gute chemische Stabilit\u00e4t <\/b><\/strong><\/span><\/li>\n<\/ul>\n<p style=\"padding-left: 40px;\"><span style=\"font-family: verdana, geneva, sans-serif;\">Rostfrei, s\u00e4ure-, laugen- und salzresistent.<\/span><\/p>\n<ul>\n<li><span style=\"font-family: verdana, geneva, sans-serif;\"><strong><b>Lange Lebensdauer<\/b><\/strong><\/span><\/li>\n<\/ul>\n<p style=\"padding-left: 40px;\"><span style=\"font-family: verdana, geneva, sans-serif;\">Die Lebensdauer ist wesentlich l\u00e4nger als bei herk\u00f6mmlichen Bremsscheiben aus Gusseisen.<\/span><\/p>","protected":false},"excerpt":{"rendered":"<p><span style=\"font-family: verdana, geneva, sans-serif;\"><strong>Produktname\uff1a<\/strong>Carbon-Keramik-Bremsscheibe<\/span><br \/>\n<span style=\"font-family: verdana, geneva, sans-serif;\"><strong>Garantie\uff1a<\/strong>1 Jahr<\/span><br \/>\n<span style=\"font-family: verdana, geneva, sans-serif;\"><strong>Zustand\uff1a<\/strong>Neu<br \/>\n<strong>Die Dichte:\u00a0 <\/strong>2,0\u00b10,05g\/cm3<br \/>\n<strong>Zugfestigkeit: <\/strong>87MPa<br \/>\n<strong>Druckfestigkeit:<\/strong> 212MPa<br \/>\n<strong>Biegefestigkeit: <\/strong>189MPa<br \/>\n<strong>Interlaminare Scherfestigkeit: <\/strong>26MPa<br \/>\n<strong>Scherfestigkeit in der Ebene: <\/strong>49MPa<br \/>\n<strong>Spezifische W\u00e4rme bei Raumtemperatur: <\/strong>1140-1880(RT-1200\u00baC)J\/kg\u00b7k<br \/>\n<strong>W\u00e4rmeleitf\u00e4higkeit: <\/strong>40~50W\/mK<\/span><br \/>\n<span style=\"font-family: verdana, geneva, sans-serif;\"><strong>Qualit\u00e4t:<\/strong>\u00a0100% Gepr\u00fcft<\/span><\/p>","protected":false},"featured_media":911,"comment_status":"closed","ping_status":"closed","template":"","meta":[],"product_cat":[15],"product_tag":[],"class_list":{"0":"post-891","1":"product","2":"type-product","3":"status-publish","4":"has-post-thumbnail","6":"product_cat-brake-parts","8":"first","9":"instock","10":"shipping-taxable","11":"product-type-simple"},"_links":{"self":[{"href":"https:\/\/carbitautoparts.com\/de\/wp-json\/wp\/v2\/product\/891","targetHints":{"allow":["GET"]}}],"collection":[{"href":"https:\/\/carbitautoparts.com\/de\/wp-json\/wp\/v2\/product"}],"about":[{"href":"https:\/\/carbitautoparts.com\/de\/wp-json\/wp\/v2\/types\/product"}],"replies":[{"embeddable":true,"href":"https:\/\/carbitautoparts.com\/de\/wp-json\/wp\/v2\/comments?post=891"}],"wp:featuredmedia":[{"embeddable":true,"href":"https:\/\/carbitautoparts.com\/de\/wp-json\/wp\/v2\/media\/911"}],"wp:attachment":[{"href":"https:\/\/carbitautoparts.com\/de\/wp-json\/wp\/v2\/media?parent=891"}],"wp:term":[{"taxonomy":"product_cat","embeddable":true,"href":"https:\/\/carbitautoparts.com\/de\/wp-json\/wp\/v2\/product_cat?post=891"},{"taxonomy":"product_tag","embeddable":true,"href":"https:\/\/carbitautoparts.com\/de\/wp-json\/wp\/v2\/product_tag?post=891"}],"curies":[{"name":"wp","href":"https:\/\/api.w.org\/{rel}","templated":true}]}}