{"id":904,"date":"2025-02-23T13:12:50","date_gmt":"2025-02-23T05:12:50","guid":{"rendered":"https:\/\/carbitautoparts.com\/?post_type=product&#038;p=904"},"modified":"2025-03-08T11:37:44","modified_gmt":"2025-03-08T03:37:44","slug":"aluminum-based-silicon-carbide-brake-discs","status":"publish","type":"product","link":"https:\/\/carbitautoparts.com\/de\/product\/siliziumkarbid-bremsscheiben-auf-aluminiumbasis\/","title":{"rendered":"Siliziumkarbid-Bremsscheiben auf Aluminiumbasis (AlSiC)"},"content":{"rendered":"<h1 style=\"padding-left: 40px;\"><span style=\"font-family: verdana, geneva, sans-serif; color: #635e5e;\"><strong>Aluminium <span style=\"font-family: verdana, geneva, sans-serif;\">Basierend auf <\/span>Siliziumkarbid-Bremsscheiben (AlSiC) | Erweiterte Bremsleistung<\/strong><\/span><\/h1>\n<p style=\"padding-left: 40px;\"><span style=\"font-family: verdana, geneva, sans-serif; font-size: 14pt; color: #7a7777;\"><strong>Entwickelt f\u00fcr \u00fcberragende W\u00e4rmeableitung und Gewichtsreduzierung<\/strong><\/span><\/p>\n<hr \/>\n<p style=\"padding-left: 40px;\"><span style=\"font-family: verdana, geneva, sans-serif; color: #575454;\">Verbessern Sie die Bremsleistung Ihres Fahrzeugs mit unseren hochmodernen\u00a0<strong>Bremsscheiben aus Siliziumkarbid auf Aluminiumbasis (AlSiC)<\/strong>. Durch die Kombination von Materialien in Luft- und Raumfahrtqualit\u00e4t mit Pr\u00e4zisionsmechanik bieten diese Rotoren un\u00fcbertroffene Haltbarkeit, thermische Stabilit\u00e4t und Effizienz f\u00fcr Luxus-, Sport- und Hochleistungs-Elektrofahrzeuge.<\/span><\/p>\n<p><img fetchpriority=\"high\" decoding=\"async\" class=\"aligncenter size-full wp-image-1666\" src=\"http:\/\/carbitautoparts.com\/wp-content\/uploads\/2025\/02\/ChMkJ1bKyF2IAzc8AAWbKjY7JKgAALIBAOHQ-EABZtC900_\u526f\u672c.jpg\" alt=\"Professioneller Hersteller von Siliziumkarbid-Bremsscheiben auf Aluminiumbasis\" width=\"800\" height=\"500\" srcset=\"https:\/\/carbitautoparts.com\/wp-content\/uploads\/2025\/02\/ChMkJ1bKyF2IAzc8AAWbKjY7JKgAALIBAOHQ-EABZtC900_\u526f\u672c.jpg 800w, https:\/\/carbitautoparts.com\/wp-content\/uploads\/2025\/02\/ChMkJ1bKyF2IAzc8AAWbKjY7JKgAALIBAOHQ-EABZtC900_\u526f\u672c-300x188.jpg 300w, https:\/\/carbitautoparts.com\/wp-content\/uploads\/2025\/02\/ChMkJ1bKyF2IAzc8AAWbKjY7JKgAALIBAOHQ-EABZtC900_\u526f\u672c-768x480.jpg 768w, https:\/\/carbitautoparts.com\/wp-content\/uploads\/2025\/02\/ChMkJ1bKyF2IAzc8AAWbKjY7JKgAALIBAOHQ-EABZtC900_\u526f\u672c-18x12.jpg 18w, https:\/\/carbitautoparts.com\/wp-content\/uploads\/2025\/02\/ChMkJ1bKyF2IAzc8AAWbKjY7JKgAALIBAOHQ-EABZtC900_\u526f\u672c-600x375.jpg 600w, https:\/\/carbitautoparts.com\/wp-content\/uploads\/2025\/02\/ChMkJ1bKyF2IAzc8AAWbKjY7JKgAALIBAOHQ-EABZtC900_\u526f\u672c-150x94.jpg 150w\" sizes=\"(max-width: 800px) 100vw, 800px\" \/><\/p>\n<p>&nbsp;<\/p>\n<ul>\n<li><span style=\"font-family: verdana, geneva, sans-serif; font-size: 14pt; color: #575454;\"><strong>Leichtes Design f\u00fcr verbesserte Leistung<\/strong><\/span><\/li>\n<\/ul>\n<p style=\"padding-left: 40px;\"><span style=\"font-family: verdana, geneva, sans-serif; color: #575454;\"><strong>Dichte<\/strong>: Mit einer Dichte von nur\u00a0<strong>2,8-3,0 g\/cm\u00b3<\/strong>sind unsere AlSiC-Rotoren\u00a0<strong>50-60% Feuerzeug<\/strong>\u00a0als herk\u00f6mmliche Gussrotoren (7,8 g\/cm\u00b3).<\/span><\/p>\n<p style=\"padding-left: 40px;\"><span style=\"font-family: verdana, geneva, sans-serif; color: #575454;\"><strong>Auswirkungen<\/strong>: Reduziert das Gewicht unter der Feder um bis zu\u00a0<strong>40%<\/strong>und verbessert die Fahrzeugdynamik, die Beschleunigung und die Kraftstoffeffizienz. Ideal f\u00fcr Elektrofahrzeuge (EVs) und Hochleistungsfahrzeuge.<\/span><\/p>\n<p>&nbsp;<\/p>\n<ul>\n<li><span style=\"font-family: verdana, geneva, sans-serif; font-size: 14pt; color: #575454;\"><strong>Hervorragendes W\u00e4rmemanagement<\/strong><\/span><\/li>\n<\/ul>\n<p style=\"padding-left: 40px;\"><span style=\"font-family: verdana, geneva, sans-serif; color: #575454;\"><strong>W\u00e4rmeleitf\u00e4higkeit<\/strong>: Unsere Rotoren verf\u00fcgen \u00fcber eine W\u00e4rmeleitf\u00e4higkeit von\u00a0<strong>160-200 W\/m-K<\/strong>deutlich h\u00f6her als der von Gusseisen\u00a0<strong>50-55 W\/m-K<\/strong>.<\/span><\/p>\n<p style=\"padding-left: 40px;\"><span style=\"font-family: verdana, geneva, sans-serif; color: #575454;\"><strong>W\u00e4rmeableitung<\/strong>: Reduziert die Spitzenbetriebstemperaturen um\u00a0<strong>15-25%<\/strong>wodurch das thermische Fading minimiert und ein stabiler Reibungskoeffizient (\u03bc \u2248) beibehalten wird.\u00a0<strong>0.4-0.45<\/strong>) auch bei Temperaturen von mehr als\u00a0<strong>600\u00b0C<\/strong>.<\/span><\/p>\n<p>&nbsp;<\/p>\n<ul>\n<li><span style=\"font-family: verdana, geneva, sans-serif; font-size: 14pt; color: #575454;\"><strong>Au\u00dfergew\u00f6hnliche Verschlei\u00dfbest\u00e4ndigkeit und Langlebigkeit<\/strong><\/span><\/li>\n<\/ul>\n<p style=\"padding-left: 40px;\"><span style=\"font-family: verdana, geneva, sans-serif; color: #575454;\"><strong>H\u00e4rte<\/strong>: Die Einbeziehung von\u00a0<strong>20-30% Siliziumkarbid (SiC)<\/strong>\u00a0nach Volumen ergibt eine Vickersh\u00e4rte von\u00a0<strong>250-300 HV<\/strong>im Vergleich zu\u00a0<strong>180-220 HV<\/strong>\u00a0f\u00fcr Gusseisen.<\/span><\/p>\n<p style=\"padding-left: 40px;\"><span style=\"font-family: verdana, geneva, sans-serif; color: #575454;\"><strong>Dauerhaftigkeit<\/strong>: Die Abnutzungsraten sind\u00a0<strong>40-60% unten<\/strong>\u00a0als Gusseisen und verl\u00e4ngert die Lebensdauer des Rotors um\u00a0<strong>2-3\u00d7<\/strong>\u00a0unter extremen Fahrbedingungen.<\/span><\/p>\n<p>&nbsp;<\/p>\n<ul>\n<li><span style=\"font-family: verdana, geneva, sans-serif; font-size: 14pt; color: #575454;\"><strong>Optimierte W\u00e4rmeausdehnung und -stabilit\u00e4t<\/strong><\/span><\/li>\n<\/ul>\n<p style=\"padding-left: 40px;\"><span style=\"font-family: verdana, geneva, sans-serif; color: #575454;\"><strong>CTE<\/strong>: Unsere AlSiC-Rotoren haben einen W\u00e4rmeausdehnungskoeffizienten (CTE) von\u00a0<strong>7-9 ppm\/\u00b0C<\/strong>eng angepasste Stahlnaben (\u2248<strong>11 ppm\/\u00b0C<\/strong>).<\/span><\/p>\n<p style=\"padding-left: 40px;\"><span style=\"font-family: verdana, geneva, sans-serif; color: #575454;\"><strong>Leistung<\/strong>: Verringert die thermische Belastung und Verformung und gew\u00e4hrleistet einen gleichm\u00e4\u00dfigen Kontakt zwischen Belag und Rotor sowie eine gleichm\u00e4\u00dfige Bremsleistung.<\/span><\/p>\n<p>&nbsp;<\/p>\n<ul>\n<li><span style=\"font-family: verdana, geneva, sans-serif; font-size: 14pt; color: #575454;\"><strong>Korrosionsbest\u00e4ndigkeit f\u00fcr raue Umgebungen<\/strong><\/span><\/li>\n<\/ul>\n<p style=\"padding-left: 40px;\"><span style=\"font-family: verdana, geneva, sans-serif; color: #575454;\"><strong>Schutz<\/strong>: Die Aluminiummatrix bildet eine nat\u00fcrliche Oxidschicht, w\u00e4hrend SiC dem chemischen Abbau widersteht.<\/span><\/p>\n<p style=\"padding-left: 40px;\"><span style=\"font-family: verdana, geneva, sans-serif; color: #575454;\"><strong>Pr\u00fcfung<\/strong>: Salzspr\u00fchtests (ASTM B117) zeigen\u00a0<strong>&lt;5% Oberfl\u00e4chenkorrosion<\/strong>\u00a0nach 1.000 Stunden, verglichen mit\u00a0<strong>&gt;20%<\/strong>\u00a0f\u00fcr Gusseisen.<\/span><\/p>\n<p>&nbsp;<\/p>\n<ul>\n<li><span style=\"font-family: verdana, geneva, sans-serif; font-size: 14pt; color: #575454;\"><strong>Hohe spezifische Steifigkeit und Erm\u00fcdungsbest\u00e4ndigkeit<\/strong><\/span><\/li>\n<\/ul>\n<p style=\"padding-left: 40px;\"><span style=\"color: #575454;\"><strong style=\"font-family: verdana, geneva, sans-serif;\">Steifigkeit<\/strong><span style=\"font-family: verdana, geneva, sans-serif;\">: Die spezifische Steifigkeit erreicht\u00a0<\/span><strong style=\"font-family: verdana, geneva, sans-serif;\">35-40 GPa-cm\u00b3\/g<\/strong><span style=\"font-family: verdana, geneva, sans-serif;\">und \u00fcbertrifft die von Gusseisen\u00a0<\/span><strong style=\"font-family: verdana, geneva, sans-serif;\">25 GPa-cm\u00b3\/g<\/strong><span style=\"font-family: verdana, geneva, sans-serif;\">.<\/span><\/span><\/p>\n<p style=\"padding-left: 40px;\"><span style=\"font-family: verdana, geneva, sans-serif; color: #575454;\"><strong>Erm\u00fcdungsfestigkeit<\/strong>: Die Erm\u00fcdungsfestigkeit bei 10\u2077 Zyklen betr\u00e4gt\u00a0<strong>120-150 MPa<\/strong>,\u00a0<strong>2\u00d7 h\u00f6her<\/strong>\u00a0als Gusseisen.<\/span><\/p>\n<p>&nbsp;<\/p>\n<ul>\n<li><span style=\"font-family: verdana, geneva, sans-serif; font-size: 14pt; color: #575454;\"><strong>Kosteneffiziente Alternative zu Kohlenstoff-Keramik<\/strong><\/span><\/li>\n<\/ul>\n<p style=\"padding-left: 40px;\"><span style=\"font-family: verdana, geneva, sans-serif; color: #575454;\"><strong>Kosten<\/strong>: Unsere AlSiC-Rotoren sind\u00a0<strong>50-70% g\u00fcnstiger<\/strong>\u00a0als Karbon-Keramik-Systeme und bietet \u00e4hnliche Leistung zu einem Bruchteil des Preises.<\/span><\/p>\n<h3 style=\"padding-left: 40px;\"><span style=\"font-family: verdana, geneva, sans-serif; color: #575454;\"><strong>Zusammenfassung der Leistungsdaten<\/strong><\/span><\/h3>\n<table style=\"margin-left: 40px;\">\n<tbody style=\"padding-left: 40px;\">\n<tr style=\"padding-left: 40px;\">\n<td style=\"padding-left: 40px;\">\n<p style=\"padding-left: 40px;\"><span style=\"font-family: verdana, geneva, sans-serif; color: #575454;\"><strong><b>Eigentum<\/b><\/strong><\/span><\/p>\n<\/td>\n<td style=\"padding-left: 40px;\">\n<p style=\"padding-left: 40px;\"><span style=\"font-family: verdana, geneva, sans-serif; color: #575454;\"><strong><b>AlSiC-Bremsscheiben<\/b><\/strong><\/span><\/p>\n<\/td>\n<td style=\"padding-left: 40px;\">\n<p style=\"padding-left: 40px;\"><span style=\"font-family: verdana, geneva, sans-serif; color: #575454;\"><strong><b>Gusseisen-Rotoren<\/b><\/strong><\/span><\/p>\n<\/td>\n<td style=\"padding-left: 40px;\">\n<p style=\"padding-left: 40px;\"><span style=\"font-family: verdana, geneva, sans-serif; color: #575454;\"><strong><b>Karbon-Keramik-Rotoren<\/b><\/strong><\/span><\/p>\n<\/td>\n<\/tr>\n<tr style=\"padding-left: 40px;\">\n<td style=\"padding-left: 40px;\">\n<p style=\"padding-left: 40px;\"><span style=\"font-family: verdana, geneva, sans-serif; color: #575454;\">Dichte (g\/cm\u00b3)<\/span><\/p>\n<\/td>\n<td style=\"padding-left: 40px;\">\n<p style=\"padding-left: 40px;\"><span style=\"font-family: verdana, geneva, sans-serif; color: #575454;\">2.8-3.0<\/span><\/p>\n<\/td>\n<td style=\"padding-left: 40px;\">\n<p style=\"padding-left: 40px;\"><span style=\"font-family: verdana, geneva, sans-serif; color: #575454;\">7.8<\/span><\/p>\n<\/td>\n<td style=\"padding-left: 40px;\">\n<p style=\"padding-left: 40px;\"><span style=\"font-family: verdana, geneva, sans-serif; color: #575454;\">2.5-2.7<\/span><\/p>\n<\/td>\n<\/tr>\n<tr style=\"padding-left: 40px;\">\n<td style=\"padding-left: 40px;\">\n<p style=\"padding-left: 40px;\"><span style=\"font-family: verdana, geneva, sans-serif; color: #575454;\">W\u00e4rmeleitf\u00e4higkeit (W\/m-K)<\/span><\/p>\n<\/td>\n<td style=\"padding-left: 40px;\">\n<p style=\"padding-left: 40px;\"><span style=\"font-family: verdana, geneva, sans-serif; color: #575454;\">160-200<\/span><\/p>\n<\/td>\n<td style=\"padding-left: 40px;\">\n<p style=\"padding-left: 40px;\"><span style=\"font-family: verdana, geneva, sans-serif; color: #575454;\">50-55<\/span><\/p>\n<\/td>\n<td style=\"padding-left: 40px;\">\n<p style=\"padding-left: 40px;\"><span style=\"font-family: verdana, geneva, sans-serif; color: #575454;\">200-250<\/span><\/p>\n<\/td>\n<\/tr>\n<tr style=\"padding-left: 40px;\">\n<td style=\"padding-left: 40px;\">\n<p style=\"padding-left: 40px;\"><span style=\"font-family: verdana, geneva, sans-serif; color: #575454;\">H\u00e4rte (HV)<\/span><\/p>\n<\/td>\n<td style=\"padding-left: 40px;\">\n<p style=\"padding-left: 40px;\"><span style=\"font-family: verdana, geneva, sans-serif; color: #575454;\">250-300<\/span><\/p>\n<\/td>\n<td style=\"padding-left: 40px;\">\n<p style=\"padding-left: 40px;\"><span style=\"font-family: verdana, geneva, sans-serif; color: #575454;\">180-220<\/span><\/p>\n<\/td>\n<td style=\"padding-left: 40px;\">\n<p style=\"padding-left: 40px;\"><span style=\"font-family: verdana, geneva, sans-serif; color: #575454;\">1,500-2,000<\/span><\/p>\n<\/td>\n<\/tr>\n<tr style=\"padding-left: 40px;\">\n<td style=\"padding-left: 40px;\">\n<p style=\"padding-left: 40px;\"><span style=\"font-family: verdana, geneva, sans-serif; color: #575454;\">CTE (ppm\/\u00b0C)<\/span><\/p>\n<\/td>\n<td style=\"padding-left: 40px;\">\n<p style=\"padding-left: 40px;\"><span style=\"font-family: verdana, geneva, sans-serif; color: #575454;\">7-9<\/span><\/p>\n<\/td>\n<td style=\"padding-left: 40px;\">\n<p style=\"padding-left: 40px;\"><span style=\"font-family: verdana, geneva, sans-serif; color: #575454;\">12-14<\/span><\/p>\n<\/td>\n<td style=\"padding-left: 40px;\">\n<p style=\"padding-left: 40px;\"><span style=\"font-family: verdana, geneva, sans-serif; color: #575454;\">4-6<\/span><\/p>\n<\/td>\n<\/tr>\n<\/tbody>\n<\/table>\n<h3 style=\"padding-left: 40px;\"><span style=\"font-family: verdana, geneva, sans-serif; color: #575454;\"><strong>Warum sollten Sie unser Aluminium w\u00e4hlen?<\/strong><strong>\u00a0Basierend auf<\/strong><strong>\u00a0Siliziumkarbid (AlSiC)Bremse <\/strong><strong>Scheibe<\/strong><strong>s?<\/strong><\/span><\/h3>\n<p style=\"padding-left: 40px;\"><span style=\"font-family: verdana, geneva, sans-serif; color: #575454;\"><strong>Bew\u00e4hrte Leistung<\/strong>: Gest\u00fctzt durch strenge Tests und reale Anwendungen im Motorsport, in der Luft- und Raumfahrt und in der Hochleistungsautomobilbranche.<\/span><\/p>\n<p style=\"padding-left: 40px;\"><span style=\"font-family: verdana, geneva, sans-serif; color: #575454;\"><strong>Kundenspezifische L\u00f6sungen<\/strong>: Ma\u00dfgeschneiderte Entw\u00fcrfe f\u00fcr spezifische OEM- und Aftermarket-Anforderungen, OEM-Dienstleistungen und Herstellung von Teilen nach Zeichnung sind m\u00f6glich.<\/span><\/p>\n<p style=\"padding-left: 40px;\"><span style=\"font-family: verdana, geneva, sans-serif; color: #575454;\"><strong>Nachhaltigkeit<\/strong>: Die Leichtbauweise tr\u00e4gt zu einem geringeren Kraftstoffverbrauch und niedrigeren Emissionen bei.<\/span><\/p>\n<p>&nbsp;<\/p>\n<p style=\"padding-left: 40px;\"><span style=\"font-family: verdana, geneva, sans-serif; color: #ff9900; font-size: 14pt;\"><strong>Kontaktieren Sie uns heute<\/strong><\/span><br \/>\n<span style=\"font-family: verdana, geneva, sans-serif; color: #575454;\">Verbessern Sie Ihr Bremssystem mit unseren hochmodernen AlSiC-Bremsscheiben. Egal, ob Sie ein Erstausr\u00fcster, ein Rennteam oder ein Leistungsenthusiast sind, wir bieten die Technologie und das Fachwissen, um Ihre Anforderungen zu erf\u00fcllen. Lassen Sie uns gemeinsam Innovationen vorantreiben.<\/span><\/p>","protected":false},"excerpt":{"rendered":"<p><span style=\"color: #696666;\"><span style=\"font-family: verdana, geneva, sans-serif;\"><strong>Produktname\uff1a<\/strong><\/span><span style=\"font-family: verdana, geneva, sans-serif;\">Aluminium-Siliziumkarbid-Bremsscheiben (AlSiC)<strong><br \/>\n<\/strong><\/span><span style=\"font-family: verdana, geneva, sans-serif;\"><strong>Garantie\uff1a<\/strong>1 Jahr<\/span><\/span><br \/>\n<span style=\"font-family: verdana, geneva, sans-serif; color: #696666;\"><strong>Zustand\uff1a<\/strong>Neu<\/span><br \/>\n<span style=\"font-family: verdana, geneva, sans-serif; color: #696666;\"><strong>Die Dichte:<\/strong> 2,8-3,0 g\/cm\u00b3<\/span><br \/>\n<span style=\"font-family: verdana, geneva, sans-serif; color: #696666;\"><strong>Qualit\u00e4t:<\/strong>\u00a0100% Gepr\u00fcft<\/span><\/p>","protected":false},"featured_media":906,"comment_status":"closed","ping_status":"closed","template":"","meta":[],"product_cat":[15],"product_tag":[],"class_list":{"0":"post-904","1":"product","2":"type-product","3":"status-publish","4":"has-post-thumbnail","6":"product_cat-brake-parts","8":"first","9":"instock","10":"shipping-taxable","11":"product-type-simple"},"_links":{"self":[{"href":"https:\/\/carbitautoparts.com\/de\/wp-json\/wp\/v2\/product\/904","targetHints":{"allow":["GET"]}}],"collection":[{"href":"https:\/\/carbitautoparts.com\/de\/wp-json\/wp\/v2\/product"}],"about":[{"href":"https:\/\/carbitautoparts.com\/de\/wp-json\/wp\/v2\/types\/product"}],"replies":[{"embeddable":true,"href":"https:\/\/carbitautoparts.com\/de\/wp-json\/wp\/v2\/comments?post=904"}],"wp:featuredmedia":[{"embeddable":true,"href":"https:\/\/carbitautoparts.com\/de\/wp-json\/wp\/v2\/media\/906"}],"wp:attachment":[{"href":"https:\/\/carbitautoparts.com\/de\/wp-json\/wp\/v2\/media?parent=904"}],"wp:term":[{"taxonomy":"product_cat","embeddable":true,"href":"https:\/\/carbitautoparts.com\/de\/wp-json\/wp\/v2\/product_cat?post=904"},{"taxonomy":"product_tag","embeddable":true,"href":"https:\/\/carbitautoparts.com\/de\/wp-json\/wp\/v2\/product_tag?post=904"}],"curies":[{"name":"wp","href":"https:\/\/api.w.org\/{rel}","templated":true}]}}