{"id":938,"date":"2025-02-24T11:44:46","date_gmt":"2025-02-24T03:44:46","guid":{"rendered":"https:\/\/carbitautoparts.com\/?post_type=product&#038;p=938"},"modified":"2025-03-07T12:13:06","modified_gmt":"2025-03-07T04:13:06","slug":"air-conditioning-compressor-for-toyota-highlander-oem-88320-48150","status":"publish","type":"product","link":"https:\/\/carbitautoparts.com\/de\/product\/klimaanlage-kompressor-fur-toyota-highlander-oem-88320-48150\/","title":{"rendered":"Klimakompressor f\u00fcr Toyota Highlander | OEM 88320-48150"},"content":{"rendered":"<p><span style=\"font-family: verdana, geneva, sans-serif; color: #403939; font-size: 14pt;\"><strong><b>Premium-K\u00fchlleistung f\u00fcr Toyota Highlander Modelle\u00a0<\/b><\/strong><\/span><\/p>\n<p><span style=\"font-family: verdana, geneva, sans-serif; color: #635f5f;\">Sorgen Sie f\u00fcr optimalen Komfort im Innenraum mit unserem Toyota Highlander Klimakompressor in Originalqualit\u00e4t,<br \/>\nsorgf\u00e4ltig konstruiert, um die OEM-Spezifikationen zu erf\u00fcllen oder zu \u00fcbertreffen. Dieser direkt einsetzbare Ersatz<br \/>\nEinheit bietet eine au\u00dfergew\u00f6hnliche K\u00fchleffizienz und Haltbarkeit f\u00fcr verschiedene Highlander-Generationen.<\/span><\/p>\n<hr \/>\n<p><span style=\"font-family: verdana, geneva, sans-serif; color: #635f5f;\"><strong><b>\u00a0<\/b><\/strong><\/span><\/p>\n<ul>\n<li><span style=\"font-family: verdana, geneva, sans-serif; color: #635f5f;\"><strong><b>Langlebige Konstruktion\u00a0<\/b><\/strong><\/span><\/li>\n<\/ul>\n<p style=\"padding-left: 40px;\"><span style=\"color: #635f5f;\"><span style=\"font-family: verdana, geneva, sans-serif;\">Hochwertiges Aluminiumgeh\u00e4use mit T6-W\u00e4rmebehandlung.<br \/>\n<\/span><span style=\"font-family: verdana, geneva, sans-serif;\">Die doppellippige Wellendichtung verhindert Leckagen.<br \/>\n<\/span><span style=\"font-family: verdana, geneva, sans-serif;\">ISO 9001-zertifizierte Fertigung.<\/span><\/span><\/p>\n<p>&nbsp;<\/p>\n<ul>\n<li><span style=\"font-family: verdana, geneva, sans-serif; color: #635f5f;\"><strong><b>Einfache Installation<\/b><\/strong><\/span><\/li>\n<\/ul>\n<p><span style=\"color: #635f5f;\"><span style=\"font-family: verdana, geneva, sans-serif;\">\u00a0 \u00a0 \u00a0 \u00a0Anschraubbarer Ersatz mit OEM-Befestigungspunkten.<br \/>\n<\/span><span style=\"font-family: verdana, geneva, sans-serif;\">\u00a0 \u00a0 \u00a0 \u00a0Inklusive PAG-\u00d6l-Vorf\u00fcllung (120ml).<br \/>\n<\/span><span style=\"font-family: verdana, geneva, sans-serif;\">\u00a0 \u00a0 \u00a0 \u00a0Standard-Riemenscheibe\/Kupplungseinheit.<\/span><\/span><\/p>\n<p>&nbsp;<\/p>\n<ul>\n<li><span style=\"font-family: verdana, geneva, sans-serif; color: #635f5f;\"><strong><b>Plug-and-Play-Installation<\/b><\/strong><\/span><\/li>\n<\/ul>\n<p style=\"padding-left: 40px;\"><span style=\"color: #635f5f;\"><span style=\"font-family: verdana, geneva, sans-serif;\">Direkt anschraubbarer Ersatz (einschlie\u00dflich OE-Halterungen und Riemenscheibe)<br \/>\n<\/span><span style=\"font-family: verdana, geneva, sans-serif;\">Voreingestellter Kupplungsluftspalt (0,5mm \u00b10,1mm Toleranz)<br \/>\n<\/span><br \/>\n<\/span><\/p>\n<ul>\n<li><span style=\"font-family: verdana, geneva, sans-serif; color: #635f5f;\"><strong><b>Warum sollten Sie sich f\u00fcr unsere Kompressoren entscheiden?<\/b><\/strong><\/span><\/li>\n<\/ul>\n<p style=\"padding-left: 40px;\"><span style=\"font-family: verdana, geneva, sans-serif; color: #635f5f;\">Strenge Qualit\u00e4tskontrolle: 72-Stunden-Leistungstest.<\/span><br \/>\n<span style=\"font-family: verdana, geneva, sans-serif; color: #635f5f;\">100% leckagegepr\u00fcft mit Heliumdetektion.<\/span><br \/>\n<span style=\"font-family: verdana, geneva, sans-serif; color: #635f5f;\">1-Jahres-Garantie<\/span><\/p>\n<p><span style=\"font-family: verdana, geneva, sans-serif; color: #635f5f;\"><strong><b>\u00a0<\/b><\/strong><\/span><\/p>\n<p>&nbsp;<\/p>","protected":false},"excerpt":{"rendered":"<p><span style=\"color: #5c5858;\"><span style=\"font-family: verdana, geneva, sans-serif;\"><strong>Produktname\uff1a<\/strong>Auto AC-Kompressor<br \/>\n<\/span><span style=\"font-family: verdana, geneva, sans-serif;\"><strong>Garantie\uff1a<\/strong>1 Jahr<br \/>\n<\/span><strong style=\"font-family: verdana, geneva, sans-serif;\">Zustand\uff1a<\/strong><span style=\"font-family: verdana, geneva, sans-serif;\">Neu<br \/>\n<\/span><strong style=\"font-family: verdana, geneva, sans-serif;\">Auto-Modell\uff1a<\/strong><span style=\"font-family: verdana, geneva, sans-serif;\">Toyota Highlander<br \/>\n<\/span><strong style=\"font-family: verdana, geneva, sans-serif;\">Spannung:\u00a0<\/strong><span style=\"font-family: verdana, geneva, sans-serif;\">12V<br \/>\n<\/span><strong style=\"font-family: verdana, geneva, sans-serif;\">K\u00e4ltemittel\uff1a<\/strong><span style=\"font-family: verdana, geneva, sans-serif;\">R134a<br \/>\n<\/span><strong style=\"font-family: verdana, geneva, sans-serif;\">OEM NO.:<\/strong>88320-48150<span style=\"font-family: verdana, geneva, sans-serif;\"><br \/>\n<\/span><strong style=\"font-family: verdana, geneva, sans-serif;\">Qualit\u00e4t: <\/strong><span style=\"font-family: verdana, geneva, sans-serif;\">100% Gepr\u00fcft<br \/>\n<\/span><strong style=\"font-family: verdana, geneva, sans-serif;\">Lieferzeiten: <\/strong><span style=\"font-family: verdana, geneva, sans-serif;\">3-7 Tage<\/span><\/span><\/p>","protected":false},"featured_media":940,"comment_status":"closed","ping_status":"closed","template":"","meta":[],"product_cat":[19],"product_tag":[],"class_list":{"0":"post-938","1":"product","2":"type-product","3":"status-publish","4":"has-post-thumbnail","6":"product_cat-electric-almotor-parts","8":"first","9":"instock","10":"shipping-taxable","11":"product-type-simple"},"_links":{"self":[{"href":"https:\/\/carbitautoparts.com\/de\/wp-json\/wp\/v2\/product\/938","targetHints":{"allow":["GET"]}}],"collection":[{"href":"https:\/\/carbitautoparts.com\/de\/wp-json\/wp\/v2\/product"}],"about":[{"href":"https:\/\/carbitautoparts.com\/de\/wp-json\/wp\/v2\/types\/product"}],"replies":[{"embeddable":true,"href":"https:\/\/carbitautoparts.com\/de\/wp-json\/wp\/v2\/comments?post=938"}],"wp:featuredmedia":[{"embeddable":true,"href":"https:\/\/carbitautoparts.com\/de\/wp-json\/wp\/v2\/media\/940"}],"wp:attachment":[{"href":"https:\/\/carbitautoparts.com\/de\/wp-json\/wp\/v2\/media?parent=938"}],"wp:term":[{"taxonomy":"product_cat","embeddable":true,"href":"https:\/\/carbitautoparts.com\/de\/wp-json\/wp\/v2\/product_cat?post=938"},{"taxonomy":"product_tag","embeddable":true,"href":"https:\/\/carbitautoparts.com\/de\/wp-json\/wp\/v2\/product_tag?post=938"}],"curies":[{"name":"wp","href":"https:\/\/api.w.org\/{rel}","templated":true}]}}