{"id":976,"date":"2025-02-24T18:04:59","date_gmt":"2025-02-24T10:04:59","guid":{"rendered":"https:\/\/carbitautoparts.com\/?post_type=product&#038;p=976"},"modified":"2025-05-07T09:39:42","modified_gmt":"2025-05-07T01:39:42","slug":"hyundai-ix35-tucson-map-sensor-oem-39300-2b000","status":"publish","type":"product","link":"https:\/\/carbitautoparts.com\/de\/product\/hyundai-ix35-tucson-karte-sensor-oem-39300-2b000\/","title":{"rendered":"Hyundai IX35\/Tucson Kr\u00fcmmer-Absolutdruck (MAP) Sensor-OEM 39300-2B000"},"content":{"rendered":"<h1><span style=\"font-family: verdana, geneva, sans-serif; font-size: 14pt; color: #424141;\"><strong>Kr\u00fcmmer-Absolutdruck-Sensor (MAP) f\u00fcr Hyundai IX35\/<span style=\"font-family: verdana, geneva, sans-serif;\">Tucson<\/span>-OEM 39300-2B000<\/strong><\/span><\/h1>\n<p><span style=\"font-family: verdana, geneva, sans-serif; color: #595757;\"><strong>Pr\u00e4zise Motorleistung f\u00fcr optimale Kraftstoffeffizienz<\/strong><\/span><\/p>\n<p><span style=\"font-family: verdana, geneva, sans-serif; color: #595757;\">Sorgen Sie f\u00fcr genaue Luftdruckmessungen und optimale Motorleistung mit unseren OEM-gepr\u00fcften\u00a0<strong>Saugrohr-Absolutdruck-Sensor (MAP) (OEM: 39300-2B000)<\/strong>. Dieser Sensor wurde speziell f\u00fcr die Modelle Hyundai IX35 und Kia Sportage entwickelt und liefert zuverl\u00e4ssige Daten an das Steuerger\u00e4t, um die Kraftstoffeffizienz, die Gasannahme und die Emissionskontrolle zu verbessern.<\/span><\/p>\n<hr \/>\n<ul>\n<li><span style=\"color: #575151;\"><span style=\"color: #575151;\"><span style=\"font-family: verdana, geneva, sans-serif;\"><strong>Exakte OEM-Anpassung<br \/>\n<\/strong><\/span><span style=\"font-family: verdana, geneva, sans-serif;\">Kompatibel mit:<br \/>\n<\/span><span style=\"font-family: verdana, geneva, sans-serif;\"><strong>-Hyundai IX35<\/strong> (2010-2015) - 2.0L Nu MPI &amp; 2.4L GDI Motoren.<br \/>\n<\/span><span style=\"font-family: verdana, geneva, sans-serif;\"><strong>-Kia Sportage<\/strong> (2010-2015) - Gemeinsame Plattform mit IX35.<br \/>\n<\/span><span style=\"font-family: verdana, geneva, sans-serif;\"><strong>-Hyundai Tucson<\/strong> (2010-2015) - 2.0L Nu MPI &amp; 2.4L GDI Motoren.<\/span><\/span><\/span><\/li>\n<li><span style=\"color: #575151;\"><span style=\"font-family: verdana, geneva, sans-serif;\"><strong>Verbesserte Motorleistung<br \/>\n<\/strong><\/span><span style=\"font-family: verdana, geneva, sans-serif;\">-Hochpr\u00e4zise Druckmessung (Bereich 0-250 kPa).<br \/>\n<\/span><span style=\"font-family: verdana, geneva, sans-serif;\">-Schnelle Reaktionszeit (&lt;10 ms) f\u00fcr ECU-Anpassungen in Echtzeit.<br \/>\n<\/span><span style=\"font-family: verdana, geneva, sans-serif;\">-Temperaturkompensation (-40\u00b0C bis 130\u00b0C \/ -40\u00b0F bis 266\u00b0F).<\/span>\u00a0<\/span><\/li>\n<li><span style=\"color: #575151;\"><span style=\"font-family: verdana, geneva, sans-serif;\"><strong>Langlebige Konstruktion<br \/>\n<\/strong><\/span><span style=\"font-family: verdana, geneva, sans-serif;\">Thermoplastisches Geh\u00e4use mit UV- und chemischer Best\u00e4ndigkeit.<br \/>\n<\/span><span style=\"font-family: verdana, geneva, sans-serif;\">-Integrierte Silikondichtung f\u00fcr leckagefreien Einbau.<br \/>\n<\/span><span style=\"font-family: verdana, geneva, sans-serif;\">IP67-zertifiziert, wasser- und staubdicht.<\/span>\u00a0<\/span><\/li>\n<li><span style=\"color: #575151;\"><span style=\"font-family: verdana, geneva, sans-serif;\"><strong>Einfache Installation<br \/>\n<\/strong><\/span><span style=\"font-family: verdana, geneva, sans-serif;\">Direkter Plug-and-Play-Ersatz (einschlie\u00dflich OE-Stecker).<br \/>\n<\/span><span style=\"font-family: verdana, geneva, sans-serif;\">-Keine Kalibrierung oder Kodierung erforderlich.<br \/>\n<\/span><span style=\"font-family: verdana, geneva, sans-serif;\">-Passt auf die werkseitigen Befestigungspunkte (Anzugsmoment: 8-10 Nm).<\/span><\/span><\/li>\n<\/ul>","protected":false},"excerpt":{"rendered":"<p><span style=\"color: #544d4d;\"><span style=\"font-family: verdana, geneva, sans-serif;\"><strong>Produktname<\/strong>\uff1a<\/span><span style=\"font-family: verdana, geneva, sans-serif; font-size: 12pt;\">MAP-Sensor<br \/>\n<\/span><strong style=\"font-family: verdana, geneva, sans-serif;\">Garantie\uff1a<\/strong><span style=\"font-family: verdana, geneva, sans-serif;\">1 Jahr<br \/>\n<\/span><span style=\"font-family: verdana, geneva, sans-serif;\"><strong>Zustand\uff1a<\/strong>Neu<\/span><\/span><br \/>\n<span style=\"font-family: verdana, geneva, sans-serif; color: #544d4d;\"><strong>Auto-Modell\uff1a<\/strong>Hyundai IX35\/<span style=\"font-family: verdana, geneva, sans-serif;\">Tucson\/<\/span>Kia Sportage\u00a0<\/span><br \/>\n<span style=\"color: #544d4d;\"><span style=\"font-family: verdana, geneva, sans-serif;\"><strong>OEM NO.: <\/strong><\/span><span style=\"font-family: verdana, geneva, sans-serif; font-size: 12pt;\">39300-2B000<br \/>\n<\/span><strong style=\"font-family: verdana, geneva, sans-serif;\">Spannung:<\/strong><span style=\"font-family: verdana, geneva, sans-serif;\"> 5V DC<br \/>\n<\/span><strong style=\"font-family: verdana, geneva, sans-serif;\">Druckbereich:<\/strong><span style=\"font-family: verdana, geneva, sans-serif;\"> 0-250 kPa<br \/>\n<\/span><strong style=\"font-family: verdana, geneva, sans-serif;\">Betriebstemperatur:<\/strong><span style=\"font-family: verdana, geneva, sans-serif;\"> -40\u00b0C bis 130\u00b0C<br \/>\n<\/span><strong style=\"font-family: verdana, geneva, sans-serif;\">Steckertyp:<\/strong><span style=\"font-family: verdana, geneva, sans-serif;\"> 3-polig wasserdicht<br \/>\n<\/span><strong style=\"font-family: verdana, geneva, sans-serif;\">Qualit\u00e4t:<\/strong><span style=\"font-family: verdana, geneva, sans-serif;\">\u00a0100% Gepr\u00fcft<br \/>\n<\/span><span style=\"font-family: verdana, geneva, sans-serif;\"><strong>Lieferzeiten:<\/strong>\u00a03-7 Tage<\/span><\/span><\/p>\n<p><span style=\"font-family: verdana, geneva, sans-serif; color: #544d4d;\">\u00a0<\/span><\/p>","protected":false},"featured_media":1814,"comment_status":"closed","ping_status":"closed","template":"","meta":[],"product_cat":[19],"product_tag":[],"class_list":{"0":"post-976","1":"product","2":"type-product","3":"status-publish","4":"has-post-thumbnail","6":"product_cat-electric-almotor-parts","8":"first","9":"instock","10":"featured","11":"shipping-taxable","12":"product-type-simple"},"_links":{"self":[{"href":"https:\/\/carbitautoparts.com\/de\/wp-json\/wp\/v2\/product\/976","targetHints":{"allow":["GET"]}}],"collection":[{"href":"https:\/\/carbitautoparts.com\/de\/wp-json\/wp\/v2\/product"}],"about":[{"href":"https:\/\/carbitautoparts.com\/de\/wp-json\/wp\/v2\/types\/product"}],"replies":[{"embeddable":true,"href":"https:\/\/carbitautoparts.com\/de\/wp-json\/wp\/v2\/comments?post=976"}],"wp:featuredmedia":[{"embeddable":true,"href":"https:\/\/carbitautoparts.com\/de\/wp-json\/wp\/v2\/media\/1814"}],"wp:attachment":[{"href":"https:\/\/carbitautoparts.com\/de\/wp-json\/wp\/v2\/media?parent=976"}],"wp:term":[{"taxonomy":"product_cat","embeddable":true,"href":"https:\/\/carbitautoparts.com\/de\/wp-json\/wp\/v2\/product_cat?post=976"},{"taxonomy":"product_tag","embeddable":true,"href":"https:\/\/carbitautoparts.com\/de\/wp-json\/wp\/v2\/product_tag?post=976"}],"curies":[{"name":"wp","href":"https:\/\/api.w.org\/{rel}","templated":true}]}}