{"id":997,"date":"2025-02-25T10:46:06","date_gmt":"2025-02-25T02:46:06","guid":{"rendered":"https:\/\/carbitautoparts.com\/?post_type=product&#038;p=997"},"modified":"2025-03-12T17:39:09","modified_gmt":"2025-03-12T09:39:09","slug":"chevry-aveo-oxygen-sensor-oem-96418965","status":"publish","type":"product","link":"https:\/\/carbitautoparts.com\/de\/product\/chevry-aveo-sauerstoffsonde-oem-96418965\/","title":{"rendered":"Chevry Aveo Sauerstoffsensor-OEM 96418965"},"content":{"rendered":"<p><span style=\"font-family: verdana, geneva, sans-serif; font-size: 14pt;\"><span style=\"color: #4d4949;\"><strong>Sauerstoffsensor f\u00fcr Chevrolet Aveo-OEM 96418965<\/strong><\/span><\/span><\/p>\n<p><span style=\"font-family: verdana, geneva, sans-serif; color: #5e5a5a;\"><strong>Pr\u00e4zise Emissionskontrolle und verbesserte Kraftstoffeffizienz<\/strong><\/span><\/p>\n<p><span style=\"font-family: verdana, geneva, sans-serif; color: #5e5a5a;\">Sorgen Sie f\u00fcr eine optimale Motorleistung und die Einhaltung globaler Emissionsstandards mit unseren OEM-gepr\u00fcften\u00a0<strong>Sauerstoffsensor<\/strong> <strong>(OEM:96418965)<\/strong>. Dieser hochpr\u00e4zise Sensor wurde speziell f\u00fcr Chevrolet Aveo Modelle entwickelt und \u00fcberwacht den Sauerstoffgehalt im Abgas, um die Kraftstoffeinspritzung zu optimieren, die Emissionen zu reduzieren und den Kraftstoffverbrauch zu senken.<\/span><\/p>\n<hr \/>\n<ul>\n<li><span style=\"color: #4a4646;\"><span style=\"color: #4a4646;\"><span style=\"font-family: verdana, geneva, sans-serif;\"><strong>Hochpr\u00e4zise Leistung<br \/>\n<\/strong><\/span><span style=\"font-family: verdana, geneva, sans-serif;\"><strong>-Breitband-Zirkoniumdioxid-Element<\/strong> f\u00fcr die genaue Messung von \u03bb (lambda).<br \/>\n<\/span><span style=\"font-family: verdana, geneva, sans-serif;\"><strong>-Betriebstemperaturbereich<\/strong>-40\u00b0C bis 900\u00b0C (-40\u00b0F bis 1.652\u00b0F)<br \/>\n<\/span><span style=\"font-family: verdana, geneva, sans-serif;\"><strong>-schnelle Reaktionszeit<\/strong> (&lt;100 ms) f\u00fcr die ECU-Anpassung in Echtzeit.<\/span><\/span><\/span><\/li>\n<li><span style=\"color: #4a4646;\"><span style=\"color: #4a4646;\"><strong style=\"font-family: verdana, geneva, sans-serif;\">Langlebige Konstruktion<br \/>\n<\/strong><span style=\"font-family: verdana, geneva, sans-serif;\"><strong>-Edelstahlgeh\u00e4use<\/strong> mit Anti-Korrosions-Beschichtung.<br \/>\n<\/span><span style=\"font-family: verdana, geneva, sans-serif;\"><strong>-IP67-zertifiziert<\/strong> wasser- und staubdichtes Design.<br \/>\n<\/span><span style=\"font-family: verdana, geneva, sans-serif;\"><strong>-Hochtemperatur-Verdrahtung<\/strong> (PTFE-Isolierung)<\/span><\/span><\/span><\/li>\n<li><span style=\"color: #4a4646;\"><strong style=\"font-family: verdana, geneva, sans-serif;\">Plug-and-Play-Installation<br \/>\n<\/strong><span style=\"font-family: verdana, geneva, sans-serif;\">Direkte OE-Steckerkompatibilit\u00e4t (4-polig)<br \/>\n<\/span><span style=\"font-family: verdana, geneva, sans-serif;\">-keine Neukalibrierung der ECU erforderlich<br \/>\n<\/span><span style=\"font-family: verdana, geneva, sans-serif;\">-Anzugsmoment: 40-50 Nm (werkseitige Montage)<\/span><\/span><\/li>\n<\/ul>","protected":false},"excerpt":{"rendered":"<p><span style=\"color: #545151;\"><strong style=\"font-family: verdana, geneva, sans-serif;\">Produktname\uff1a<\/strong><span style=\"font-size: 12pt;\"><span style=\"font-family: verdana, geneva, sans-serif;\">Sauerstoffsensor<br \/>\n<\/span><\/span><strong style=\"font-family: verdana, geneva, sans-serif;\">Garantie\uff1a<\/strong><span style=\"font-family: verdana, geneva, sans-serif;\">1 Jahr<br \/>\n<\/span><strong style=\"font-family: verdana, geneva, sans-serif;\">Zustand\uff1a<\/strong><span style=\"font-family: verdana, geneva, sans-serif;\">Neu<br \/>\n<\/span><strong style=\"font-family: verdana, geneva, sans-serif;\">Auto-Modell\uff1a<\/strong><span style=\"font-family: verdana, geneva, sans-serif; font-size: 12pt;\"><strong>Chevrolet Aveo<\/strong><\/span><span style=\"font-family: verdana, geneva, sans-serif;\"><br \/>\n<\/span><strong style=\"font-family: verdana, geneva, sans-serif;\">OEM:<\/strong><span style=\"font-family: verdana, geneva, sans-serif;\"> 96418965<br \/>\n<\/span><strong style=\"font-family: verdana, geneva, sans-serif;\">Spannung<\/strong><span style=\"font-family: verdana, geneva, sans-serif;\">: 12 V GLEICHSTROM<br \/>\n<\/span><strong style=\"font-family: verdana, geneva, sans-serif;\">Signalart<\/strong><span style=\"font-family: verdana, geneva, sans-serif;\">: 0,1-0,9V linearer Ausgang<br \/>\n<\/span><strong style=\"font-family: verdana, geneva, sans-serif;\">Qualit\u00e4t:<\/strong><span style=\"font-family: verdana, geneva, sans-serif;\"> 100% Gepr\u00fcft<br \/>\n<\/span><strong style=\"font-family: verdana, geneva, sans-serif;\">Lieferzeiten:<\/strong><span style=\"font-family: verdana, geneva, sans-serif;\">\u00a03-7 Tage<\/span><\/span><\/p>","protected":false},"featured_media":998,"comment_status":"closed","ping_status":"closed","template":"","meta":[],"product_cat":[19],"product_tag":[],"class_list":{"0":"post-997","1":"product","2":"type-product","3":"status-publish","4":"has-post-thumbnail","6":"product_cat-electric-almotor-parts","8":"first","9":"instock","10":"shipping-taxable","11":"product-type-simple"},"_links":{"self":[{"href":"https:\/\/carbitautoparts.com\/de\/wp-json\/wp\/v2\/product\/997","targetHints":{"allow":["GET"]}}],"collection":[{"href":"https:\/\/carbitautoparts.com\/de\/wp-json\/wp\/v2\/product"}],"about":[{"href":"https:\/\/carbitautoparts.com\/de\/wp-json\/wp\/v2\/types\/product"}],"replies":[{"embeddable":true,"href":"https:\/\/carbitautoparts.com\/de\/wp-json\/wp\/v2\/comments?post=997"}],"wp:featuredmedia":[{"embeddable":true,"href":"https:\/\/carbitautoparts.com\/de\/wp-json\/wp\/v2\/media\/998"}],"wp:attachment":[{"href":"https:\/\/carbitautoparts.com\/de\/wp-json\/wp\/v2\/media?parent=997"}],"wp:term":[{"taxonomy":"product_cat","embeddable":true,"href":"https:\/\/carbitautoparts.com\/de\/wp-json\/wp\/v2\/product_cat?post=997"},{"taxonomy":"product_tag","embeddable":true,"href":"https:\/\/carbitautoparts.com\/de\/wp-json\/wp\/v2\/product_tag?post=997"}],"curies":[{"name":"wp","href":"https:\/\/api.w.org\/{rel}","templated":true}]}}