{"id":277,"date":"2025-02-12T19:38:19","date_gmt":"2025-02-12T11:38:19","guid":{"rendered":"https:\/\/carbitautoparts.com\/?page_id=277"},"modified":"2026-01-14T20:43:38","modified_gmt":"2026-01-14T12:43:38","slug":"company-profile","status":"publish","type":"page","link":"https:\/\/carbitautoparts.com\/es\/perfil-de-la-empresa\/","title":{"rendered":"Perfil de la empresa"},"content":{"rendered":"<div data-elementor-type=\"wp-page\" data-elementor-id=\"277\" class=\"elementor elementor-277\">\n\t\t\t\t<div class=\"elementor-element elementor-element-7b925a7 e-con-full wd-section-stretch e-flex e-con e-parent\" data-id=\"7b925a7\" data-element_type=\"container\" data-settings=\"{&quot;background_background&quot;:&quot;classic&quot;}\">\n\t\t\t\t<div class=\"elementor-element elementor-element-8f23087 elementor-widget elementor-widget-heading\" data-id=\"8f23087\" data-element_type=\"widget\" data-widget_type=\"heading.default\">\n\t\t\t\t<div class=\"elementor-widget-container\">\n\t\t\t\t\t<h1 class=\"elementor-heading-title elementor-size-default\">Perfil de la empresa<\/h1>\t\t\t\t<\/div>\n\t\t\t\t<\/div>\n\t\t\t\t<\/div>\n\t\t<div class=\"wd-negative-gap elementor-element elementor-element-673dc9e e-flex e-con-boxed e-con e-parent\" data-id=\"673dc9e\" data-element_type=\"container\">\n\t\t\t\t\t<div class=\"e-con-inner\">\n\t\t<div class=\"elementor-element elementor-element-c722fcf e-con-full e-flex e-con e-child\" data-id=\"c722fcf\" data-element_type=\"container\">\n\t\t\t\t<div class=\"elementor-element elementor-element-0bdba00 elementor-widget elementor-widget-image\" data-id=\"0bdba00\" data-element_type=\"widget\" data-widget_type=\"image.default\">\n\t\t\t\t<div class=\"elementor-widget-container\">\n\t\t\t\t\t\t\t\t\t\t\t\t\t\t\t<img fetchpriority=\"high\" decoding=\"async\" width=\"877\" height=\"670\" src=\"https:\/\/carbitautoparts.com\/wp-content\/uploads\/2025\/03\/\u5fae\u4fe1\u56fe\u7247_20250301092850.jpg\" class=\"attachment-large size-large wp-image-1115\" alt=\"En China, colaboramos con m\u00e1s de 120 fabricantes de piezas de autom\u00f3viles de primera l\u00ednea para suministrar productos a un precio de f\u00e1brica competitivo, garantizando una calidad superior respaldada por un servicio posventa superior.\" srcset=\"https:\/\/carbitautoparts.com\/wp-content\/uploads\/2025\/03\/\u5fae\u4fe1\u56fe\u7247_20250301092850.jpg 877w, https:\/\/carbitautoparts.com\/wp-content\/uploads\/2025\/03\/\u5fae\u4fe1\u56fe\u7247_20250301092850-300x229.jpg 300w, https:\/\/carbitautoparts.com\/wp-content\/uploads\/2025\/03\/\u5fae\u4fe1\u56fe\u7247_20250301092850-768x587.jpg 768w, https:\/\/carbitautoparts.com\/wp-content\/uploads\/2025\/03\/\u5fae\u4fe1\u56fe\u7247_20250301092850-600x458.jpg 600w, https:\/\/carbitautoparts.com\/wp-content\/uploads\/2025\/03\/\u5fae\u4fe1\u56fe\u7247_20250301092850-150x115.jpg 150w\" sizes=\"(max-width: 877px) 100vw, 877px\" \/>\t\t\t\t\t\t\t\t\t\t\t\t\t\t\t<\/div>\n\t\t\t\t<\/div>\n\t\t\t\t<\/div>\n\t\t<div class=\"elementor-element elementor-element-f59d36a e-con-full e-flex e-con e-child\" data-id=\"f59d36a\" data-element_type=\"container\">\n\t\t\t\t<div class=\"elementor-element elementor-element-28fca2f color-scheme-inherit text-left elementor-widget elementor-widget-text-editor\" data-id=\"28fca2f\" data-element_type=\"widget\" data-widget_type=\"text-editor.default\">\n\t\t\t\t<div class=\"elementor-widget-container\">\n\t\t\t\t\t\t\t\t\t<p><span style=\"font-family: verdana, geneva, sans-serif;\">Fundada en 2018 en Xi'an, provincia de Shaanxi, <b data-path-to-node=\"5\" data-index-in-node=\"17\">Xi'an Carbit Auto Parts Co.<\/b> comenz\u00f3 su andadura en el mercado automovil\u00edstico nacional de China. Gracias a a\u00f1os de r\u00e1pido crecimiento y a un compromiso inquebrantable con la calidad, hemos pasado de ser un proveedor local a un socio mayorista y fabricante profesional l\u00edder a escala mundial.<\/span><br \/><span style=\"font-family: verdana, geneva, sans-serif;\">Nos enorgullecemos de nuestro modelo de negocio dual: gestionamos nuestra propia f\u00e1brica especializada en la fabricaci\u00f3n de piezas de chasis, al tiempo que mantenemos asociaciones estrat\u00e9gicas con fabricantes chinos de piezas de autom\u00f3viles de primer nivel.<\/span><\/p>\t\t\t\t\t\t\t\t<\/div>\n\t\t\t\t<\/div>\n\t\t\t\t<\/div>\n\t\t\t\t\t<\/div>\n\t\t\t\t<\/div>\n\t\t<div class=\"wd-negative-gap elementor-element elementor-element-0ee8b02 e-flex e-con-boxed e-con e-parent\" data-id=\"0ee8b02\" data-element_type=\"container\">\n\t\t\t\t\t<div class=\"e-con-inner\">\n\t\t<div class=\"elementor-element elementor-element-bf7f80b e-con-full e-flex e-con e-child\" data-id=\"bf7f80b\" data-element_type=\"container\">\n\t\t\t\t<div class=\"elementor-element elementor-element-47a60b1 color-scheme-inherit text-left elementor-widget elementor-widget-text-editor\" data-id=\"47a60b1\" data-element_type=\"widget\" data-widget_type=\"text-editor.default\">\n\t\t\t\t<div class=\"elementor-widget-container\">\n\t\t\t\t\t\t\t\t\t<p><span style=\"font-family: verdana, geneva, sans-serif;\"><strong>Acero<\/strong> <\/span><span style=\"font-family: verdana, geneva, sans-serif;\">se adquiere a los principales fabricantes, como Shandong Iron and Steel, Hangzhou Iron and Steel y Hubei Iron and Steel. Adem\u00e1s, cada lote se somete a una inspecci\u00f3n de entrada, con equipos de an\u00e1lisis espectral utilizados para examinar la composici\u00f3n met\u00e1lica de cada material, lo que garantiza el cumplimiento de la calidad del producto.<\/span><\/p>\t\t\t\t\t\t\t\t<\/div>\n\t\t\t\t<\/div>\n\t\t\t\t<\/div>\n\t\t<div class=\"elementor-element elementor-element-0e4ddd0 e-con-full e-flex e-con e-child\" data-id=\"0e4ddd0\" data-element_type=\"container\">\n\t\t\t\t<div class=\"elementor-element elementor-element-3a233dd elementor-widget__width-initial elementor-widget elementor-widget-image\" data-id=\"3a233dd\" data-element_type=\"widget\" data-widget_type=\"image.default\">\n\t\t\t\t<div class=\"elementor-widget-container\">\n\t\t\t\t\t\t\t\t\t\t\t\t\t\t\t<img decoding=\"async\" width=\"648\" height=\"430\" src=\"https:\/\/carbitautoparts.com\/wp-content\/uploads\/2026\/01\/1.png\" class=\"attachment-full size-full wp-image-1895\" alt=\"\" srcset=\"https:\/\/carbitautoparts.com\/wp-content\/uploads\/2026\/01\/1.png 648w, https:\/\/carbitautoparts.com\/wp-content\/uploads\/2026\/01\/1-300x199.png 300w, https:\/\/carbitautoparts.com\/wp-content\/uploads\/2026\/01\/1-18x12.png 18w, https:\/\/carbitautoparts.com\/wp-content\/uploads\/2026\/01\/1-600x398.png 600w, https:\/\/carbitautoparts.com\/wp-content\/uploads\/2026\/01\/1-150x100.png 150w\" sizes=\"(max-width: 648px) 100vw, 648px\" \/>\t\t\t\t\t\t\t\t\t\t\t\t\t\t\t<\/div>\n\t\t\t\t<\/div>\n\t\t\t\t<div class=\"elementor-element elementor-element-1ee9408 elementor-widget__width-auto elementor-widget elementor-widget-image\" data-id=\"1ee9408\" data-element_type=\"widget\" data-widget_type=\"image.default\">\n\t\t\t\t<div class=\"elementor-widget-container\">\n\t\t\t\t\t\t\t\t\t\t\t\t\t\t\t<img decoding=\"async\" width=\"655\" height=\"470\" src=\"https:\/\/carbitautoparts.com\/wp-content\/uploads\/2026\/01\/2.png\" class=\"attachment-large size-large wp-image-1896\" alt=\"\" srcset=\"https:\/\/carbitautoparts.com\/wp-content\/uploads\/2026\/01\/2.png 655w, https:\/\/carbitautoparts.com\/wp-content\/uploads\/2026\/01\/2-300x215.png 300w, https:\/\/carbitautoparts.com\/wp-content\/uploads\/2026\/01\/2-18x12.png 18w, https:\/\/carbitautoparts.com\/wp-content\/uploads\/2026\/01\/2-600x431.png 600w, https:\/\/carbitautoparts.com\/wp-content\/uploads\/2026\/01\/2-150x108.png 150w\" sizes=\"(max-width: 655px) 100vw, 655px\" \/>\t\t\t\t\t\t\t\t\t\t\t\t\t\t\t<\/div>\n\t\t\t\t<\/div>\n\t\t\t\t<\/div>\n\t\t\t\t\t<\/div>\n\t\t\t\t<\/div>\n\t\t<div class=\"wd-negative-gap elementor-element elementor-element-41dff30 e-flex e-con-boxed e-con e-parent\" data-id=\"41dff30\" data-element_type=\"container\">\n\t\t\t\t\t<div class=\"e-con-inner\">\n\t\t<div class=\"elementor-element elementor-element-f5f582b e-con-full e-flex e-con e-child\" data-id=\"f5f582b\" data-element_type=\"container\">\n\t\t\t\t<div class=\"elementor-element elementor-element-22f181b elementor-widget__width-initial elementor-widget elementor-widget-image\" data-id=\"22f181b\" data-element_type=\"widget\" data-widget_type=\"image.default\">\n\t\t\t\t<div class=\"elementor-widget-container\">\n\t\t\t\t\t\t\t\t\t\t\t\t\t\t\t<img loading=\"lazy\" decoding=\"async\" width=\"874\" height=\"585\" src=\"https:\/\/carbitautoparts.com\/wp-content\/uploads\/2026\/01\/4.png\" class=\"attachment-large size-large wp-image-1898\" alt=\"\" srcset=\"https:\/\/carbitautoparts.com\/wp-content\/uploads\/2026\/01\/4.png 874w, https:\/\/carbitautoparts.com\/wp-content\/uploads\/2026\/01\/4-300x201.png 300w, https:\/\/carbitautoparts.com\/wp-content\/uploads\/2026\/01\/4-768x514.png 768w, https:\/\/carbitautoparts.com\/wp-content\/uploads\/2026\/01\/4-18x12.png 18w, https:\/\/carbitautoparts.com\/wp-content\/uploads\/2026\/01\/4-600x402.png 600w, https:\/\/carbitautoparts.com\/wp-content\/uploads\/2026\/01\/4-150x100.png 150w\" sizes=\"(max-width: 874px) 100vw, 874px\" \/>\t\t\t\t\t\t\t\t\t\t\t\t\t\t\t<\/div>\n\t\t\t\t<\/div>\n\t\t\t\t<\/div>\n\t\t<div class=\"elementor-element elementor-element-91cf87b e-con-full e-flex e-con e-child\" data-id=\"91cf87b\" data-element_type=\"container\">\n\t\t\t\t<div class=\"elementor-element elementor-element-808d3df color-scheme-inherit text-left elementor-widget elementor-widget-text-editor\" data-id=\"808d3df\" data-element_type=\"widget\" data-widget_type=\"text-editor.default\">\n\t\t\t\t<div class=\"elementor-widget-container\">\n\t\t\t\t\t\t\t\t\t<p style=\"text-align: left;\"><strong><span style=\"font-family: verdana, geneva, sans-serif;\">Componentes de pl\u00e1stico<\/span><\/strong><br \/><span style=\"font-family: verdana, geneva, sans-serif;\">Fabricado con materias primas DuPont 500P;<\/span><span style=\"font-family: verdana, geneva, sans-serif;\">Se realizan controles aleatorios peri\u00f3dicos en los proveedores para verificar el uso de las materias primas,<\/span><span style=\"font-family: verdana, geneva, sans-serif;\">y el uso de materiales reciclados est\u00e1 estrictamente prohibido.<br \/><strong>Componentes y juntas de goma<\/strong> Soporta temperaturas de hasta 100\u00b0C y hasta -40\u00b0C.<br \/><strong>Tratamiento t\u00e9rmico<\/strong>Actualmente est\u00e1 equipada con tres unidades de tratamiento t\u00e9rmico de metales de alta frecuencia, un horno de temple y revenido y un equipo de tratamiento t\u00e9rmico tipo horno de cinta de malla, alcanzando una dureza metalogr\u00e1fica de Grado 5.<br \/><strong>Robot p\u00f3rtico totalmente autom\u00e1tico<\/strong><br \/>1. Todos los procesos de mecanizado cr\u00edticos utilizan equipos importados de Fuyu de Taiw\u00e1n o Tsugami de Jap\u00f3n. Estas m\u00e1quinas presentan un desgaste m\u00ednimo, lo que garantiza una estabilidad dimensional superior. Todo el sistema emplea sistemas de carga totalmente automatizados y sistemas de inspecci\u00f3n autom\u00e1tica brit\u00e1nicos Renishaw.<br \/>2. Todos los programas de mecanizado son desarrollados y gestionados uniformemente por personal especializado para garantizar la precisi\u00f3n del mecanizado y la coherencia dimensional del producto.<br \/><br \/><\/span><\/p>\t\t\t\t\t\t\t\t<\/div>\n\t\t\t\t<\/div>\n\t\t\t\t<\/div>\n\t\t\t\t\t<\/div>\n\t\t\t\t<\/div>\n\t\t<div class=\"wd-negative-gap elementor-element elementor-element-744df86 e-flex e-con-boxed e-con e-parent\" data-id=\"744df86\" data-element_type=\"container\">\n\t\t\t\t\t<div class=\"e-con-inner\">\n\t\t\t\t<div class=\"elementor-element elementor-element-9aa7c5c gallery-spacing-custom elementor-widget elementor-widget-image-gallery\" data-id=\"9aa7c5c\" data-element_type=\"widget\" data-widget_type=\"image-gallery.default\">\n\t\t\t\t<div class=\"elementor-widget-container\">\n\t\t\t\t\t\t\t<div class=\"elementor-image-gallery\">\n\t\t\t\n\t\t<style type=\"text\/css\">\n\t\t\t#gallery-1 {\n\t\t\t\tmargin: auto;\n\t\t\t}\n\t\t\t#gallery-1 .gallery-item {\n\t\t\t\tfloat: left;\n\t\t\t\tmargin-top: 10px;\n\t\t\t\ttext-align: center;\n\t\t\t\twidth: 50%;\n\t\t\t}\n\t\t\t#gallery-1 img {\n\t\t\t\tborder: 2px solid #cfcfcf;\n\t\t\t}\n\t\t\t#gallery-1 .gallery-caption {\n\t\t\t\tmargin-left: 0;\n\t\t\t}\n\t\t\t\/* see gallery_shortcode() in wp-includes\/media.php *\/\n\t\t<\/style>\n\t\t<div id='gallery-1' class='gallery galleryid-277 gallery-columns-2 gallery-size-full'><dl class='gallery-item'>\n\t\t\t<dt class='gallery-icon landscape'>\n\t\t\t\t<img loading=\"lazy\" decoding=\"async\" width=\"650\" height=\"450\" src=\"https:\/\/carbitautoparts.com\/wp-content\/uploads\/2026\/01\/\u5c4f\u5e55\u622a\u56fe-2026-01-14-115332.jpg\" class=\"attachment-full size-full\" alt=\"\" srcset=\"https:\/\/carbitautoparts.com\/wp-content\/uploads\/2026\/01\/\u5c4f\u5e55\u622a\u56fe-2026-01-14-115332.jpg 650w, https:\/\/carbitautoparts.com\/wp-content\/uploads\/2026\/01\/\u5c4f\u5e55\u622a\u56fe-2026-01-14-115332-300x208.jpg 300w, https:\/\/carbitautoparts.com\/wp-content\/uploads\/2026\/01\/\u5c4f\u5e55\u622a\u56fe-2026-01-14-115332-18x12.jpg 18w, https:\/\/carbitautoparts.com\/wp-content\/uploads\/2026\/01\/\u5c4f\u5e55\u622a\u56fe-2026-01-14-115332-600x415.jpg 600w, https:\/\/carbitautoparts.com\/wp-content\/uploads\/2026\/01\/\u5c4f\u5e55\u622a\u56fe-2026-01-14-115332-150x104.jpg 150w\" sizes=\"(max-width: 650px) 100vw, 650px\" \/>\n\t\t\t<\/dt><\/dl><dl class='gallery-item'>\n\t\t\t<dt class='gallery-icon landscape'>\n\t\t\t\t<img loading=\"lazy\" decoding=\"async\" width=\"650\" height=\"450\" src=\"https:\/\/carbitautoparts.com\/wp-content\/uploads\/2026\/01\/\u56fe\u72471.jpg\" class=\"attachment-full size-full\" alt=\"\" srcset=\"https:\/\/carbitautoparts.com\/wp-content\/uploads\/2026\/01\/\u56fe\u72471.jpg 650w, https:\/\/carbitautoparts.com\/wp-content\/uploads\/2026\/01\/\u56fe\u72471-300x208.jpg 300w, https:\/\/carbitautoparts.com\/wp-content\/uploads\/2026\/01\/\u56fe\u72471-18x12.jpg 18w, https:\/\/carbitautoparts.com\/wp-content\/uploads\/2026\/01\/\u56fe\u72471-600x415.jpg 600w, https:\/\/carbitautoparts.com\/wp-content\/uploads\/2026\/01\/\u56fe\u72471-150x104.jpg 150w\" sizes=\"(max-width: 650px) 100vw, 650px\" \/>\n\t\t\t<\/dt><\/dl><br style=\"clear: both\" \/><dl class='gallery-item'>\n\t\t\t<dt class='gallery-icon landscape'>\n\t\t\t\t<img loading=\"lazy\" decoding=\"async\" width=\"650\" height=\"450\" src=\"https:\/\/carbitautoparts.com\/wp-content\/uploads\/2025\/02\/\u56fe\u72475-1.jpg\" class=\"attachment-full size-full\" alt=\"taller de nuestro socio fabricante de piezas de automoci\u00f3n\" srcset=\"https:\/\/carbitautoparts.com\/wp-content\/uploads\/2025\/02\/\u56fe\u72475-1.jpg 650w, https:\/\/carbitautoparts.com\/wp-content\/uploads\/2025\/02\/\u56fe\u72475-1-300x208.jpg 300w, https:\/\/carbitautoparts.com\/wp-content\/uploads\/2025\/02\/\u56fe\u72475-1-600x415.jpg 600w, https:\/\/carbitautoparts.com\/wp-content\/uploads\/2025\/02\/\u56fe\u72475-1-150x104.jpg 150w\" sizes=\"(max-width: 650px) 100vw, 650px\" \/>\n\t\t\t<\/dt><\/dl><dl class='gallery-item'>\n\t\t\t<dt class='gallery-icon landscape'>\n\t\t\t\t<img loading=\"lazy\" decoding=\"async\" width=\"650\" height=\"450\" src=\"https:\/\/carbitautoparts.com\/wp-content\/uploads\/2025\/02\/\u56fe\u72476-1.jpg\" class=\"attachment-full size-full\" alt=\"taller de nuestro socio fabricante de piezas de autom\u00f3viles\" srcset=\"https:\/\/carbitautoparts.com\/wp-content\/uploads\/2025\/02\/\u56fe\u72476-1.jpg 650w, https:\/\/carbitautoparts.com\/wp-content\/uploads\/2025\/02\/\u56fe\u72476-1-300x208.jpg 300w, https:\/\/carbitautoparts.com\/wp-content\/uploads\/2025\/02\/\u56fe\u72476-1-600x415.jpg 600w, https:\/\/carbitautoparts.com\/wp-content\/uploads\/2025\/02\/\u56fe\u72476-1-150x104.jpg 150w\" sizes=\"(max-width: 650px) 100vw, 650px\" \/>\n\t\t\t<\/dt><\/dl><br style=\"clear: both\" \/><dl class='gallery-item'>\n\t\t\t<dt class='gallery-icon landscape'>\n\t\t\t\t<img loading=\"lazy\" decoding=\"async\" width=\"892\" height=\"605\" src=\"https:\/\/carbitautoparts.com\/wp-content\/uploads\/2026\/01\/3.png\" class=\"attachment-full size-full\" alt=\"\" srcset=\"https:\/\/carbitautoparts.com\/wp-content\/uploads\/2026\/01\/3.png 892w, https:\/\/carbitautoparts.com\/wp-content\/uploads\/2026\/01\/3-300x203.png 300w, https:\/\/carbitautoparts.com\/wp-content\/uploads\/2026\/01\/3-768x521.png 768w, https:\/\/carbitautoparts.com\/wp-content\/uploads\/2026\/01\/3-18x12.png 18w, https:\/\/carbitautoparts.com\/wp-content\/uploads\/2026\/01\/3-600x407.png 600w, https:\/\/carbitautoparts.com\/wp-content\/uploads\/2026\/01\/3-150x102.png 150w\" sizes=\"(max-width: 892px) 100vw, 892px\" \/>\n\t\t\t<\/dt><\/dl><dl class='gallery-item'>\n\t\t\t<dt class='gallery-icon landscape'>\n\t\t\t\t<img loading=\"lazy\" decoding=\"async\" width=\"905\" height=\"606\" src=\"https:\/\/carbitautoparts.com\/wp-content\/uploads\/2025\/05\/\u5fae\u4fe1\u56fe\u7247_20250428174459-2.jpg\" class=\"attachment-full size-full\" alt=\"\" srcset=\"https:\/\/carbitautoparts.com\/wp-content\/uploads\/2025\/05\/\u5fae\u4fe1\u56fe\u7247_20250428174459-2.jpg 905w, https:\/\/carbitautoparts.com\/wp-content\/uploads\/2025\/05\/\u5fae\u4fe1\u56fe\u7247_20250428174459-2-300x201.jpg 300w, https:\/\/carbitautoparts.com\/wp-content\/uploads\/2025\/05\/\u5fae\u4fe1\u56fe\u7247_20250428174459-2-768x514.jpg 768w, https:\/\/carbitautoparts.com\/wp-content\/uploads\/2025\/05\/\u5fae\u4fe1\u56fe\u7247_20250428174459-2-18x12.jpg 18w, https:\/\/carbitautoparts.com\/wp-content\/uploads\/2025\/05\/\u5fae\u4fe1\u56fe\u7247_20250428174459-2-600x402.jpg 600w, https:\/\/carbitautoparts.com\/wp-content\/uploads\/2025\/05\/\u5fae\u4fe1\u56fe\u7247_20250428174459-2-150x100.jpg 150w\" sizes=\"(max-width: 905px) 100vw, 905px\" \/>\n\t\t\t<\/dt><\/dl><br style=\"clear: both\" \/><dl class='gallery-item'>\n\t\t\t<dt class='gallery-icon landscape'>\n\t\t\t\t<img loading=\"lazy\" decoding=\"async\" width=\"650\" height=\"450\" src=\"https:\/\/carbitautoparts.com\/wp-content\/uploads\/2025\/02\/\u56fe\u72477-1.jpg\" class=\"attachment-full size-full\" alt=\"taller de nuestro socio fabricante de piezas de autom\u00f3viles\" srcset=\"https:\/\/carbitautoparts.com\/wp-content\/uploads\/2025\/02\/\u56fe\u72477-1.jpg 650w, https:\/\/carbitautoparts.com\/wp-content\/uploads\/2025\/02\/\u56fe\u72477-1-300x208.jpg 300w, https:\/\/carbitautoparts.com\/wp-content\/uploads\/2025\/02\/\u56fe\u72477-1-600x415.jpg 600w, https:\/\/carbitautoparts.com\/wp-content\/uploads\/2025\/02\/\u56fe\u72477-1-150x104.jpg 150w\" sizes=\"(max-width: 650px) 100vw, 650px\" \/>\n\t\t\t<\/dt><\/dl><dl class='gallery-item'>\n\t\t\t<dt class='gallery-icon landscape'>\n\t\t\t\t<img loading=\"lazy\" decoding=\"async\" width=\"650\" height=\"450\" src=\"https:\/\/carbitautoparts.com\/wp-content\/uploads\/2025\/02\/\u56fe\u724710-1.jpg\" class=\"attachment-full size-full\" alt=\"nuestro almac\u00e9n de recambios\" srcset=\"https:\/\/carbitautoparts.com\/wp-content\/uploads\/2025\/02\/\u56fe\u724710-1.jpg 650w, https:\/\/carbitautoparts.com\/wp-content\/uploads\/2025\/02\/\u56fe\u724710-1-300x208.jpg 300w, https:\/\/carbitautoparts.com\/wp-content\/uploads\/2025\/02\/\u56fe\u724710-1-600x415.jpg 600w, https:\/\/carbitautoparts.com\/wp-content\/uploads\/2025\/02\/\u56fe\u724710-1-150x104.jpg 150w\" sizes=\"(max-width: 650px) 100vw, 650px\" \/>\n\t\t\t<\/dt><\/dl><br style=\"clear: both\" \/>\n\t\t<\/div>\n\t\t<\/div>\n\t\t\t\t\t\t<\/div>\n\t\t\t\t<\/div>\n\t\t\t\t<div class=\"elementor-element elementor-element-7e3f01e color-scheme-inherit text-left elementor-widget elementor-widget-text-editor\" data-id=\"7e3f01e\" data-element_type=\"widget\" data-widget_type=\"text-editor.default\">\n\t\t\t\t<div class=\"elementor-widget-container\">\n\t\t\t\t\t\t\t\t\t<p>Motivados por nuestra dedicaci\u00f3n a la innovaci\u00f3n y la excelencia, nos esforzamos constantemente por perfeccionar y ampliar nuestra cartera de productos para responder a las m\u00faltiples exigencias del mercado mundial. Nuestro objetivo es cultivar asociaciones duraderas con los clientes a trav\u00e9s del suministro de una calidad superior, precios competitivos y una asistencia fiable. Aprovechando nuestra profunda experiencia en la industria del autom\u00f3vil y adhiri\u00e9ndonos a una filosof\u00eda que prioriza la satisfacci\u00f3n del cliente, nos posicionamos como su socio de confianza, garantizando que su negocio prospere en un entorno altamente competitivo.<\/p>\t\t\t\t\t\t\t\t<\/div>\n\t\t\t\t<\/div>\n\t\t\t\t\t<\/div>\n\t\t\t\t<\/div>\n\t\t\t\t<\/div>","protected":false},"excerpt":{"rendered":"<p>Company Profile Founded in 2018 in Xi&#8217;an,Shaanxi province, Xi\u2019an Carbit Auto Parts Co., Ltd. began the journey in China\u2019s domestic<\/p>","protected":false},"author":1,"featured_media":0,"parent":0,"menu_order":0,"comment_status":"closed","ping_status":"closed","template":"","meta":{"footnotes":""},"class_list":["post-277","page","type-page","status-publish","hentry"],"_links":{"self":[{"href":"https:\/\/carbitautoparts.com\/es\/wp-json\/wp\/v2\/pages\/277","targetHints":{"allow":["GET"]}}],"collection":[{"href":"https:\/\/carbitautoparts.com\/es\/wp-json\/wp\/v2\/pages"}],"about":[{"href":"https:\/\/carbitautoparts.com\/es\/wp-json\/wp\/v2\/types\/page"}],"author":[{"embeddable":true,"href":"https:\/\/carbitautoparts.com\/es\/wp-json\/wp\/v2\/users\/1"}],"replies":[{"embeddable":true,"href":"https:\/\/carbitautoparts.com\/es\/wp-json\/wp\/v2\/comments?post=277"}],"version-history":[{"count":28,"href":"https:\/\/carbitautoparts.com\/es\/wp-json\/wp\/v2\/pages\/277\/revisions"}],"predecessor-version":[{"id":1908,"href":"https:\/\/carbitautoparts.com\/es\/wp-json\/wp\/v2\/pages\/277\/revisions\/1908"}],"wp:attachment":[{"href":"https:\/\/carbitautoparts.com\/es\/wp-json\/wp\/v2\/media?parent=277"}],"curies":[{"name":"wp","href":"https:\/\/api.w.org\/{rel}","templated":true}]}}