{"id":1045,"date":"2025-02-28T12:17:25","date_gmt":"2025-02-28T04:17:25","guid":{"rendered":"https:\/\/carbitautoparts.com\/?post_type=product&#038;p=1045"},"modified":"2025-03-07T18:17:31","modified_gmt":"2025-03-07T10:17:31","slug":"car-wiper-blades-quietness","status":"publish","type":"product","link":"https:\/\/carbitautoparts.com\/es\/product\/escobillas-limpiaparabrisas-silenciosas\/","title":{"rendered":"Escobillas limpiaparabrisas silenciosas"},"content":{"rendered":"<p><span style=\"font-family: verdana, geneva, sans-serif;\"><span style=\"font-size: 14pt;\"><strong>Escobillas limpiaparabrisas silenciosas y resistentes a la abrasi\u00f3n de alto rendimiento<\/strong><\/span><br \/>\n<strong><br \/>\nDise\u00f1ado con precisi\u00f3n para ofrecer claridad y durabilidad en cualquier condici\u00f3n meteorol\u00f3gica<\/strong><\/span><\/p>\n<hr \/>\n<ul>\n<li><span style=\"font-family: verdana, geneva, sans-serif;\"><strong>Dise\u00f1o avanzado para todas las estaciones<\/strong><\/span><\/li>\n<\/ul>\n<p><span style=\"font-family: verdana, geneva, sans-serif;\">\u00a0 \u00a0 \u00a0 -Tiras de caucho natural de alta calidad optimizadas para temperaturas extremas (-30\u00b0C a 80\u00b0C).<br \/>\n<\/span><span style=\"font-family: verdana, geneva, sans-serif;\">\u00a0 \u00a0 \u00a0 -SK6 Se utilizan l\u00e1minas con memoria de acero de alto carbono para que la escobilla se adapte mejor a la superficie del cristal.<\/span><\/p>\n<p>&nbsp;<\/p>\n<ul>\n<li><span style=\"font-family: verdana, geneva, sans-serif;\"><strong>Funcionamiento silencioso<\/strong><\/span><\/li>\n<\/ul>\n<p><span style=\"font-family: verdana, geneva, sans-serif;\">\u00a0 \u00a0 \u00a0 \u00a0La l\u00e1mina de caucho adopta el proceso de revestimiento de nano grafito, conservando la resistencia a la abrasi\u00f3n del caucho natural, seguro y eficaz, sin da\u00f1ar el vidrio. Raspado m\u00e1s suave y silencioso.<\/span><\/p>\n<p>&nbsp;<\/p>\n<ul>\n<li><span style=\"font-family: verdana, geneva, sans-serif;\"><span style=\"font-family: verdana, geneva, sans-serif;\"><strong>Compatibilidad universal<\/strong><\/span><\/span><span style=\"font-family: verdana, geneva, sans-serif;\">-Reemplazo OEM directo para 98% de veh\u00edculos (sedanes, SUVs, camiones).<br \/>\n<\/span><span style=\"font-family: verdana, geneva, sans-serif;\">-Compatible con las marcas: Toyota, Honda, Hydai,Ford, VW, BMW, Mercedes-Benz, y m\u00e1s.<\/span><\/li>\n<li><span style=\"font-family: verdana, geneva, sans-serif;\"><span style=\"font-family: verdana, geneva, sans-serif;\"><strong>Instalaci\u00f3n r\u00e1pida y sencilla<\/strong><\/span><\/span><span style=\"font-family: verdana, geneva, sans-serif;\">-Sistema de enganche de 30 segundos sin herramientas.<br \/>\n<\/span><span style=\"font-family: verdana, geneva, sans-serif;\">-Incluye adaptadores universales para gancho en J.<\/span><\/li>\n<\/ul>\n<p>&nbsp;<\/p>\n<p><span style=\"font-family: verdana, geneva, sans-serif;\">\u00a0<\/span><\/p>\n<p>&nbsp;<\/p>\n<p>&nbsp;<\/p>","protected":false},"excerpt":{"rendered":"<p><span style=\"font-family: verdana, geneva, sans-serif;\"><strong>Nombre del producto\uff1a<\/strong>Escobillas limpiaparabrisas<\/span><br \/>\n<span style=\"font-family: verdana, geneva, sans-serif;\"><strong>Garant\u00eda\uff1a<\/strong>1 a\u00f1o<\/span><br \/>\n<span style=\"font-family: verdana, geneva, sans-serif;\"><strong>Condici\u00f3n\uff1a<\/strong>Nuevo<\/span><br \/>\n<strong style=\"font-family: verdana, geneva, sans-serif;\">Material:<\/strong><span style=\"font-family: verdana, geneva, sans-serif;\"> Caucho natural de alta calidad<\/span><strong style=\"font-family: verdana, geneva, sans-serif;\">Tallas:<\/strong><span style=\"font-family: verdana, geneva, sans-serif;\"> 14\u2033 a 28\u2033 .<br \/>\n<\/span><strong style=\"font-family: verdana, geneva, sans-serif;\">Vida \u00fatil:<\/strong><span style=\"font-family: verdana, geneva, sans-serif;\"> M\u00e1s de 12 meses (o 150.000 toallitas) en condiciones normales.<br \/>\n<strong>Calidad:<\/strong>\u00a0100% Probado<br \/>\n<strong>Plazo de entrega:<\/strong>\u00a03-7 d\u00edas<br \/>\n<\/span><\/p>\n<p>&nbsp;<\/p>","protected":false},"featured_media":1046,"comment_status":"closed","ping_status":"closed","template":"","meta":[],"product_cat":[25],"product_tag":[29,26,28,27,33,31,30,32],"class_list":{"0":"post-1045","1":"product","2":"type-product","3":"status-publish","4":"has-post-thumbnail","6":"product_cat-others-autoparts","7":"product_tag-all","8":"product_tag-all-season-car-wiper-blades-extreme-temperature-resistant-40c-to-60c","9":"product_tag-all-season-car-wiper-blade","10":"product_tag-allseasoncarwiperblades","11":"product_tag-blades","12":"product_tag-car","13":"product_tag-season","14":"product_tag-wiper","16":"first","17":"instock","18":"shipping-taxable","19":"product-type-simple"},"_links":{"self":[{"href":"https:\/\/carbitautoparts.com\/es\/wp-json\/wp\/v2\/product\/1045","targetHints":{"allow":["GET"]}}],"collection":[{"href":"https:\/\/carbitautoparts.com\/es\/wp-json\/wp\/v2\/product"}],"about":[{"href":"https:\/\/carbitautoparts.com\/es\/wp-json\/wp\/v2\/types\/product"}],"replies":[{"embeddable":true,"href":"https:\/\/carbitautoparts.com\/es\/wp-json\/wp\/v2\/comments?post=1045"}],"wp:featuredmedia":[{"embeddable":true,"href":"https:\/\/carbitautoparts.com\/es\/wp-json\/wp\/v2\/media\/1046"}],"wp:attachment":[{"href":"https:\/\/carbitautoparts.com\/es\/wp-json\/wp\/v2\/media?parent=1045"}],"wp:term":[{"taxonomy":"product_cat","embeddable":true,"href":"https:\/\/carbitautoparts.com\/es\/wp-json\/wp\/v2\/product_cat?post=1045"},{"taxonomy":"product_tag","embeddable":true,"href":"https:\/\/carbitautoparts.com\/es\/wp-json\/wp\/v2\/product_tag?post=1045"}],"curies":[{"name":"wp","href":"https:\/\/api.w.org\/{rel}","templated":true}]}}