{"id":1687,"date":"2025-04-28T21:27:06","date_gmt":"2025-04-28T13:27:06","guid":{"rendered":"https:\/\/carbitautoparts.com\/?post_type=product&#038;p=1687"},"modified":"2025-05-06T15:32:59","modified_gmt":"2025-05-06T07:32:59","slug":"brake-pads-toyota-honda-hyundai-ford-mg-geely","status":"publish","type":"product","link":"https:\/\/carbitautoparts.com\/es\/product\/pastillas-de-freno-toyota-honda-hyundai-ford-mg-geely\/","title":{"rendered":"Pastillas de freno para Toyota Honda Hyundai Ford MG Geely"},"content":{"rendered":"<p class=\"ds-markdown-paragraph\"><span style=\"font-family: verdana, geneva, sans-serif; color: #383636;\"><strong>Pastillas de freno premium: seguridad, rendimiento y durabilidad inigualables<\/strong><\/span><\/p>\n<p class=\"ds-markdown-paragraph\"><span style=\"font-family: verdana, geneva, sans-serif; color: #383636;\">Actualice el sistema de frenado de su veh\u00edculo con nuestro <strong>pastillas de freno de alto rendimiento<\/strong>Dise\u00f1adas para ofrecer una potencia de frenado precisa, fiabilidad y un funcionamiento silencioso en todas las condiciones de conducci\u00f3n. Tanto si circula por las calles de la ciudad, como si se enfrenta a pendientes pronunciadas o supera los l\u00edmites en la autopista, nuestras pastillas de freno garantizan que su seguridad y control nunca se vean comprometidos.<\/span><\/p>\n<hr \/>\n<p class=\"ds-markdown-paragraph\"><span style=\"font-family: verdana, geneva, sans-serif; color: #383636;\">\u2705\u00a0<strong>Potencia de frenado superior<\/strong>: Los materiales de fricci\u00f3n avanzados proporcionan un frenado uniforme y resistente a la decoloraci\u00f3n, incluso a temperaturas extremas o con cargas pesadas.<\/span><\/p>\n<p class=\"ds-markdown-paragraph\"><span style=\"font-family: verdana, geneva, sans-serif; color: #383636;\">\u2705\u00a0<strong>Mayor vida \u00fatil<\/strong>: Reforzadas con f\u00f3rmulas compuestas duraderas para reducir el desgaste, prolongando la vida \u00fatil hasta 30% en comparaci\u00f3n con las pastillas est\u00e1ndar.<\/span><\/p>\n<p class=\"ds-markdown-paragraph\"><span style=\"font-family: verdana, geneva, sans-serif; color: #383636;\">\u2705 <strong>Funcionamiento silencioso<\/strong>: Las arandelas antirruido y los bordes biselados eliminan los chirridos y las vibraciones para ofrecer una conducci\u00f3n suave y silenciosa.<\/span><\/p>\n<p class=\"ds-markdown-paragraph\"><span style=\"font-family: verdana, geneva, sans-serif; color: #383636;\">\u2705 <strong>Optimizado para la seguridad<\/strong>: Dise\u00f1ado con precisi\u00f3n para cumplir o superar las especificaciones de los fabricantes de equipos originales, lo que garantiza una compatibilidad perfecta y un rendimiento fiable.<\/span><\/p>\n<p class=\"ds-markdown-paragraph\"><span style=\"font-family: verdana, geneva, sans-serif; color: #383636;\">\u2705 <strong>F\u00f3rmula baja en polvo<\/strong>: Minimiza la acumulaci\u00f3n de polvo en los frenos, manteniendo las ruedas m\u00e1s limpias y reduciendo el mantenimiento.<\/span><\/p>\n<p>&nbsp;<\/p>\n<ul>\n<li><span style=\"font-family: verdana, geneva, sans-serif; color: #383636;\"><strong>Materiales avanzados para el m\u00e1ximo rendimiento<\/strong><\/span><br \/>\n<span style=\"font-family: verdana, geneva, sans-serif; color: #383636;\">Fabricadas con compuestos cer\u00e1micos, semimet\u00e1licos u org\u00e1nicos de \u00faltima generaci\u00f3n (var\u00eda seg\u00fan el modelo), nuestras pastillas de freno se someten a rigurosas pruebas de disipaci\u00f3n del calor, compatibilidad del disco y estabilidad de la fricci\u00f3n. Ideales para desplazamientos diarios, veh\u00edculos de altas prestaciones y aplicaciones pesadas.<\/span><\/li>\n<li class=\"ds-markdown-paragraph\"><span style=\"font-family: verdana, geneva, sans-serif; color: #383636;\"><strong>F\u00e1cil instalaci\u00f3n y ajuste perfecto<\/strong><\/span><br \/>\n<span style=\"font-family: verdana, geneva, sans-serif; color: #383636;\">Dise\u00f1ados para una sustituci\u00f3n sin complicaciones, cada juego incluye toda la torniller\u00eda necesaria y sensores de desgaste preinstalados (si procede). Consulta nuestra gu\u00eda de compatibilidad para confirmar la compatibilidad con la marca, el modelo y el a\u00f1o de tu veh\u00edculo.<\/span><\/li>\n<li class=\"ds-markdown-paragraph\"><span style=\"font-family: verdana, geneva, sans-serif; color: #383636;\"><strong>Garant\u00eda de calidad de confianza<\/strong><\/span><br \/>\n<span style=\"font-family: verdana, geneva, sans-serif; color: #383636;\">Todas las pastillas de freno se someten a estrictos controles de calidad y a certificaciones de terceros (por ejemplo, ISO, DOT). Respaldadas por una [garant\u00eda de 1 a\u00f1o] y un servicio de atenci\u00f3n al cliente especializado.<\/span><\/li>\n<li class=\"ds-markdown-paragraph\"><span style=\"font-family: verdana, geneva, sans-serif; color: #383636;\"><strong>Conduce con confianza - \u00a1Actual\u00edzate hoy!<\/strong><\/span><br \/>\n<span style=\"font-family: verdana, geneva, sans-serif; color: #383636;\">No comprometa la seguridad ni el rendimiento. Navegue por nuestro cat\u00e1logo, encuentre el ajuste perfecto y experimente la diferencia que marca la tecnolog\u00eda de frenado de primera calidad.<\/span><\/li>\n<\/ul>","protected":false},"excerpt":{"rendered":"<p><span style=\"font-family: verdana, geneva, sans-serif; color: #4d4a4a;\"><strong>Nombre del producto<\/strong>Pastillas de freno<\/span><br \/>\n<span style=\"font-family: verdana, geneva, sans-serif; color: #4d4a4a;\"><strong>Garant\u00eda<\/strong>1 a\u00f1o<\/span><br \/>\n<span style=\"font-family: verdana, geneva, sans-serif; color: #4d4a4a;\"><strong>Condici\u00f3n\uff1a<\/strong>Nuevo<\/span><br \/>\n<span style=\"font-family: verdana, geneva, sans-serif; color: #4d4a4a;\"><strong>Modelo de coche\uff1a<\/strong>Toyota Honda Hyundai Ford MG Geely<\/span><br \/>\n<span style=\"font-family: verdana, geneva, sans-serif; color: #4d4a4a;\"><strong>Material:<\/strong> Semimet\u00e1lico, menos met\u00e1lico, cer\u00e1mico<\/span><br \/>\n<span style=\"font-family: verdana, geneva, sans-serif; color: #4d4a4a;\"><strong>Calidad:<\/strong>\u00a0100% Probado<\/span><br \/>\n<span style=\"font-family: verdana, geneva, sans-serif; color: #4d4a4a;\"><strong>Plazo de entrega:<\/strong> 7-10 d\u00edas<\/span><\/p>","protected":false},"featured_media":1688,"comment_status":"closed","ping_status":"closed","template":"","meta":[],"product_cat":[15],"product_tag":[49],"class_list":{"0":"post-1687","1":"product","2":"type-product","3":"status-publish","4":"has-post-thumbnail","6":"product_cat-brake-parts","7":"product_tag-brake-pads-for-toyota-honda-hyundai-ford-mg-geely","9":"first","10":"instock","11":"featured","12":"shipping-taxable","13":"product-type-simple"},"_links":{"self":[{"href":"https:\/\/carbitautoparts.com\/es\/wp-json\/wp\/v2\/product\/1687","targetHints":{"allow":["GET"]}}],"collection":[{"href":"https:\/\/carbitautoparts.com\/es\/wp-json\/wp\/v2\/product"}],"about":[{"href":"https:\/\/carbitautoparts.com\/es\/wp-json\/wp\/v2\/types\/product"}],"replies":[{"embeddable":true,"href":"https:\/\/carbitautoparts.com\/es\/wp-json\/wp\/v2\/comments?post=1687"}],"wp:featuredmedia":[{"embeddable":true,"href":"https:\/\/carbitautoparts.com\/es\/wp-json\/wp\/v2\/media\/1688"}],"wp:attachment":[{"href":"https:\/\/carbitautoparts.com\/es\/wp-json\/wp\/v2\/media?parent=1687"}],"wp:term":[{"taxonomy":"product_cat","embeddable":true,"href":"https:\/\/carbitautoparts.com\/es\/wp-json\/wp\/v2\/product_cat?post=1687"},{"taxonomy":"product_tag","embeddable":true,"href":"https:\/\/carbitautoparts.com\/es\/wp-json\/wp\/v2\/product_tag?post=1687"}],"curies":[{"name":"wp","href":"https:\/\/api.w.org\/{rel}","templated":true}]}}