{"id":1763,"date":"2025-04-29T11:50:14","date_gmt":"2025-04-29T03:50:14","guid":{"rendered":"https:\/\/carbitautoparts.com\/?post_type=product&#038;p=1763"},"modified":"2025-04-29T11:50:14","modified_gmt":"2025-04-29T03:50:14","slug":"ball-joint-toyota-land-cruiser-4-runner-oem-43310-39016","status":"publish","type":"product","link":"https:\/\/carbitautoparts.com\/es\/product\/rotula-toyota-land-cruiser-4-runner-oem-43310-39016\/","title":{"rendered":"R\u00f3tula para Toyota Land Cruiser 4 Runner-OEM 43310-39016"},"content":{"rendered":"<p class=\"ds-markdown-paragraph\"><span style=\"font-family: verdana, geneva, sans-serif; color: #545050;\"><strong>R\u00f3tula OEM Premium para Toyota Land Cruiser &amp; 4Runner - 43310-39016<\/strong><\/span><\/p>\n<p class=\"ds-markdown-paragraph\"><span style=\"font-family: verdana, geneva, sans-serif; color: #545050;\">Garantice una precisi\u00f3n de la direcci\u00f3n y un rendimiento de la suspensi\u00f3n \u00f3ptimos con el\u00a0<strong>Junta de r\u00f3tula OEM 43310-39016<\/strong>Dise\u00f1ado espec\u00edficamente para los modelos Toyota Land Cruiser y 4Runner. Este recambio original OEM garantiza un ajuste perfecto, durabilidad e integraci\u00f3n perfecta con el sistema de suspensi\u00f3n delantera de su veh\u00edculo.<\/span><\/p>\n<hr \/>\n<p class=\"ds-markdown-paragraph\"><span style=\"font-family: verdana, geneva, sans-serif; color: #545050;\"><strong>Caracter\u00edsticas principales:<br \/>\n<\/strong><\/span><br \/>\n<span style=\"font-family: verdana, geneva, sans-serif; color: #545050;\">\u2705\u00a0<strong>Especificaci\u00f3n OEM exacta:<\/strong>\u00a0Reemplazo directo de la pieza Toyota #43310-39016, garantizando calidad, dimensiones y rendimiento de f\u00e1brica.<br \/>\n<\/span><br \/>\n<span style=\"font-family: verdana, geneva, sans-serif; color: #545050;\">\u2705\u00a0<strong>Construcci\u00f3n robusta:<\/strong>\u00a0Fabricado en acero de alta resistencia con revestimiento anticorrosi\u00f3n avanzado para prolongar la vida \u00fatil, incluso en condiciones todoterreno duras.<br \/>\n<\/span><br \/>\n<span style=\"font-family: verdana, geneva, sans-serif; color: #545050;\">\u2705\u00a0<strong>Mayor seguridad y estabilidad:<\/strong>\u00a0Restaura la alineaci\u00f3n precisa de las ruedas, reduce el desgaste de los neum\u00e1ticos y mantiene el control de la direcci\u00f3n para una conducci\u00f3n m\u00e1s segura.<br \/>\n<\/span><br \/>\n<span style=\"font-family: verdana, geneva, sans-serif; color: #545050;\">\u2705\u00a0<strong>Compatibilidad con veh\u00edculos:<\/strong>\u00a0Dise\u00f1ado para Toyota Land Cruiser (1998-2007) y 4Runner (2003-2009). Verifique la compatibilidad exacta del modelo utilizando el n\u00famero OEM.<br \/>\n<\/span><br \/>\n<span style=\"font-family: verdana, geneva, sans-serif; color: #545050;\">\u2705\u00a0<strong>F\u00e1cil instalaci\u00f3n:<\/strong>\u00a0Dise\u00f1ados con precisi\u00f3n para adaptarse a los componentes originales, lo que minimiza el tiempo de inactividad durante las reparaciones.<\/span><\/p>\n<p>&nbsp;<\/p>","protected":false},"excerpt":{"rendered":"<p><span style=\"font-family: verdana, geneva, sans-serif; color: #4f4d4d;\"><strong>Nombre del producto\uff1a<\/strong><\/span><span style=\"font-family: verdana, geneva, sans-serif;\">R\u00f3tula superior delantera<br \/>\n<\/span><span style=\"font-family: verdana, geneva, sans-serif; color: #4f4d4d;\"><strong>Garant\u00eda\uff1a<\/strong>1 a\u00f1o<\/span><br \/>\n<span style=\"font-family: verdana, geneva, sans-serif; color: #4f4d4d;\"><strong>Condici\u00f3n\uff1a<\/strong>Nuevo<\/span><br \/>\n<span style=\"font-family: verdana, geneva, sans-serif; color: #4f4d4d;\"><strong>Modelo de coche\uff1a<\/strong><span style=\"font-family: verdana, geneva, sans-serif; color: #545050;\">Toyota Land Cruiser (1998-2007) y 4Runner (2003-2009)<\/span><\/span><br \/>\n<span style=\"font-family: verdana, geneva, sans-serif; color: #4f4d4d;\"><strong>OEM NO.:<\/strong>43310-39016<\/span><br \/>\n<span style=\"font-family: verdana, geneva, sans-serif; color: #4f4d4d;\"><strong>Calidad:<\/strong>\u00a0100% Probado<\/span><br \/>\n<span style=\"font-family: verdana, geneva, sans-serif; color: #4f4d4d;\"><strong>Plazo de entrega:<\/strong>\u00a07-10 d\u00edas<\/span><\/p>","protected":false},"featured_media":1759,"comment_status":"closed","ping_status":"closed","template":"","meta":[],"product_cat":[50],"product_tag":[],"class_list":{"0":"post-1763","1":"product","2":"type-product","3":"status-publish","4":"has-post-thumbnail","6":"product_cat-chassis-parts","8":"first","9":"instock","10":"shipping-taxable","11":"product-type-simple"},"_links":{"self":[{"href":"https:\/\/carbitautoparts.com\/es\/wp-json\/wp\/v2\/product\/1763","targetHints":{"allow":["GET"]}}],"collection":[{"href":"https:\/\/carbitautoparts.com\/es\/wp-json\/wp\/v2\/product"}],"about":[{"href":"https:\/\/carbitautoparts.com\/es\/wp-json\/wp\/v2\/types\/product"}],"replies":[{"embeddable":true,"href":"https:\/\/carbitautoparts.com\/es\/wp-json\/wp\/v2\/comments?post=1763"}],"wp:featuredmedia":[{"embeddable":true,"href":"https:\/\/carbitautoparts.com\/es\/wp-json\/wp\/v2\/media\/1759"}],"wp:attachment":[{"href":"https:\/\/carbitautoparts.com\/es\/wp-json\/wp\/v2\/media?parent=1763"}],"wp:term":[{"taxonomy":"product_cat","embeddable":true,"href":"https:\/\/carbitautoparts.com\/es\/wp-json\/wp\/v2\/product_cat?post=1763"},{"taxonomy":"product_tag","embeddable":true,"href":"https:\/\/carbitautoparts.com\/es\/wp-json\/wp\/v2\/product_tag?post=1763"}],"curies":[{"name":"wp","href":"https:\/\/api.w.org\/{rel}","templated":true}]}}