{"id":1773,"date":"2025-05-04T17:40:59","date_gmt":"2025-05-04T09:40:59","guid":{"rendered":"https:\/\/carbitautoparts.com\/?post_type=product&#038;p=1773"},"modified":"2025-05-04T17:40:59","modified_gmt":"2025-05-04T09:40:59","slug":"tie-rod-end-honda-civic-accord-53540-ta0-a01","status":"publish","type":"product","link":"https:\/\/carbitautoparts.com\/es\/product\/rotula-de-direccion-honda-civic-accord-53540-ta0-a01\/","title":{"rendered":"Tie Rod End para Honda Civic Accord-OEM 53540-TA0-A01"},"content":{"rendered":"<p class=\"ds-markdown-paragraph\"><span style=\"font-family: verdana, geneva, sans-serif;\"><strong>Premium Tie Rod End para Honda Civic Accord | OEM 53540-TA0-A01 - Garantizar la precisi\u00f3n de direcci\u00f3n y durabilidad<\/strong><\/span><\/p>\n<p class=\"ds-markdown-paragraph\"><span style=\"font-family: verdana, geneva, sans-serif;\">Mejora el sistema de direcci\u00f3n de tu Honda Civic y Accord con nuestro <strong>\u00a0Tie Rod End (OEM 53540-TA0-A01)<\/strong>Dise\u00f1ado espec\u00edficamente para los modelos Honda Civic, este componente cr\u00edtico de la direcci\u00f3n garantiza un manejo suave, una alineaci\u00f3n precisa y una mayor seguridad en la conducci\u00f3n. Dise\u00f1ado espec\u00edficamente para los modelos Honda Civic, este componente cr\u00edtico de la direcci\u00f3n garantiza un manejo suave, una alineaci\u00f3n precisa y una mayor seguridad de conducci\u00f3n.<\/span><\/p>\n<p class=\"ds-markdown-paragraph\">\n<span style=\"font-family: verdana, geneva, sans-serif;\">\u2705\u00a0<strong>Reemplazo OEM exacto:<\/strong>\u00a0Coincide con las especificaciones originales de Honda (OEM 53540-TA0-A01) para una compatibilidad y un rendimiento perfectos.<br \/>\n<\/span><br \/>\n<span style=\"font-family: verdana, geneva, sans-serif;\">\u2705\u00a0<strong>Control de direcci\u00f3n de precisi\u00f3n:<\/strong>\u00a0Reduce las vibraciones de las ruedas y el desgaste irregular de los neum\u00e1ticos manteniendo una alineaci\u00f3n \u00f3ptima.<br \/>\n<\/span><br \/>\n<span style=\"font-family: verdana, geneva, sans-serif;\">\u2705\u00a0<strong>Construcci\u00f3n resistente:<\/strong> Forjada en acero de alta resistencia con chapado de aleaci\u00f3n Zn-Ni y pintura electrofor\u00e9tica para una larga durabilidad.<\/p>\n<p><\/span><span style=\"font-family: verdana, geneva, sans-serif;\">\u2705\u00a0<strong>F\u00e1cil instalaci\u00f3n:<\/strong>\u00a0El dise\u00f1o de ajuste directo garantiza una sustituci\u00f3n sin complicaciones, ahorr\u00e1ndole tiempo y costes de mano de obra.<br \/>\n<\/span><br \/>\n<span style=\"font-family: verdana, geneva, sans-serif;\">\u2705\u00a0<strong>Mayor seguridad:<\/strong>\u00a0Restaura la respuesta de la direcci\u00f3n y la estabilidad, fundamentales para una conducci\u00f3n segura en todas las condiciones.<\/span><\/p>\n<p class=\"ds-markdown-paragraph\"><span style=\"font-family: verdana, geneva, sans-serif;\"><strong>\u00bfPor qu\u00e9 elegir esta r\u00f3tula de direcci\u00f3n?<\/strong><\/span><br \/>\n<span style=\"font-family: verdana, geneva, sans-serif;\">Evite los riesgos de las piezas de recambio baratas. Nuestro TIE ROD END equivalente al OEM se somete a rigurosas pruebas de calidad para cumplir con los estrictos est\u00e1ndares de Honda. Si usted est\u00e1 haciendo frente a los desplazamientos diarios o exigentes unidades, este componente asegura que el sistema de direcci\u00f3n de su Civic se mantiene apretado, preciso y libre de juego.<\/span><\/p>","protected":false},"excerpt":{"rendered":"<p><span style=\"font-family: verdana, geneva, sans-serif;\"><strong>Nombre del producto\uff1a<\/strong>R\u00f3tula de direcci\u00f3n<\/span><br \/>\n<span style=\"font-family: verdana, geneva, sans-serif;\"><strong>Garant\u00eda\uff1a<\/strong>1 a\u00f1o<\/span><br \/>\n<span style=\"font-family: verdana, geneva, sans-serif;\"><strong>Condici\u00f3n\uff1a<\/strong>Nuevo<\/span><br \/>\n<span style=\"font-family: verdana, geneva, sans-serif;\"><strong>Modelo de coche\uff1a<\/strong>Honda Civic Accord<\/span><br \/>\n<span style=\"font-family: verdana, geneva, sans-serif;\"><strong>OEM NO.:<\/strong>53540-TA0-A01<\/span><br \/>\n<span style=\"font-family: verdana, geneva, sans-serif;\"><strong>Calidad:<\/strong>\u00a0100% Probado<\/span><br \/>\n<span style=\"font-family: verdana, geneva, sans-serif;\"><strong>Plazo de entrega:<\/strong>\u00a07-10 d\u00edas<\/span><\/p>","protected":false},"featured_media":1774,"comment_status":"closed","ping_status":"closed","template":"","meta":[],"product_cat":[50],"product_tag":[],"class_list":{"0":"post-1773","1":"product","2":"type-product","3":"status-publish","4":"has-post-thumbnail","6":"product_cat-chassis-parts","8":"first","9":"instock","10":"shipping-taxable","11":"product-type-simple"},"_links":{"self":[{"href":"https:\/\/carbitautoparts.com\/es\/wp-json\/wp\/v2\/product\/1773","targetHints":{"allow":["GET"]}}],"collection":[{"href":"https:\/\/carbitautoparts.com\/es\/wp-json\/wp\/v2\/product"}],"about":[{"href":"https:\/\/carbitautoparts.com\/es\/wp-json\/wp\/v2\/types\/product"}],"replies":[{"embeddable":true,"href":"https:\/\/carbitautoparts.com\/es\/wp-json\/wp\/v2\/comments?post=1773"}],"wp:featuredmedia":[{"embeddable":true,"href":"https:\/\/carbitautoparts.com\/es\/wp-json\/wp\/v2\/media\/1774"}],"wp:attachment":[{"href":"https:\/\/carbitautoparts.com\/es\/wp-json\/wp\/v2\/media?parent=1773"}],"wp:term":[{"taxonomy":"product_cat","embeddable":true,"href":"https:\/\/carbitautoparts.com\/es\/wp-json\/wp\/v2\/product_cat?post=1773"},{"taxonomy":"product_tag","embeddable":true,"href":"https:\/\/carbitautoparts.com\/es\/wp-json\/wp\/v2\/product_tag?post=1773"}],"curies":[{"name":"wp","href":"https:\/\/api.w.org\/{rel}","templated":true}]}}