{"id":1777,"date":"2025-05-05T10:33:45","date_gmt":"2025-05-05T02:33:45","guid":{"rendered":"https:\/\/carbitautoparts.com\/?post_type=product&#038;p=1777"},"modified":"2025-05-05T10:33:45","modified_gmt":"2025-05-05T02:33:45","slug":"rack-end-set-honda-cr-v-oem-53010-swa-a01","status":"publish","type":"product","link":"https:\/\/carbitautoparts.com\/es\/product\/juego-de-cremalleras-honda-cr-v-oem-53010-swa-a01\/","title":{"rendered":"Juego de caballetes para Honda CR-V-OEM 53010-SWA-A01"},"content":{"rendered":"<p class=\"ds-markdown-paragraph\"><span style=\"font-family: verdana, geneva, sans-serif; color: #4f4b4b;\"><strong>Premium Rack End Set para Honda CRV (OEM: 53010-SWA-A01) - Mejorar la precisi\u00f3n de la direcci\u00f3n y durabilidad<\/strong><\/span><\/p>\n<p class=\"ds-markdown-paragraph\"><span style=\"font-family: verdana, geneva, sans-serif; color: #4f4b4b;\">Mejora el sistema de direcci\u00f3n de tu Honda CRV con nuestro\u00a0<strong>Juego de extremos de cremallera de alta calidad<\/strong>\u00a0(OEM: 53010-SWA-A01), dise\u00f1ado para cumplir con las estrictas especificaciones OEM para un ajuste perfecto, fiabilidad y rendimiento. Dise\u00f1ado para los modelos Honda CRV, este componente cr\u00edtico de la direcci\u00f3n garantiza un manejo suave, un juego reducido y una mayor seguridad en la conducci\u00f3n.<\/span><\/p>\n<hr \/>\n<p><span style=\"font-family: verdana, geneva, sans-serif; color: #4f4b4b;\">\u2705\u00a0<strong>Recambio OEM exacto<\/strong>: Precisi\u00f3n adaptada a las especificaciones de f\u00e1brica de Honda CRV (OEM 53010-SWA-A01) para una integraci\u00f3n perfecta.<br \/>\n<\/span><br \/>\n<span style=\"font-family: verdana, geneva, sans-serif; color: #4f4b4b;\">\u2705\u00a0<strong>Durabilidad superior<\/strong>: Forjados en acero de aleaci\u00f3n de alta calidad y con tratamiento superficial de cincado para resistir las duras condiciones de la carretera, reduciendo el desgaste y prolongando la vida \u00fatil.<br \/>\n<\/span><br \/>\n<span style=\"font-family: verdana, geneva, sans-serif; color: #4f4b4b;\">\u2705\u00a0<strong>Respuesta optimizada de la direcci\u00f3n<\/strong>: Restablece el control de la direcci\u00f3n para una conducci\u00f3n m\u00e1s segura y suave.<br \/>\n<\/span><br \/>\n<span style=\"font-family: verdana, geneva, sans-serif; color: #4f4b4b;\">\u2705\u00a0<strong>Rigurosamente probado<\/strong>: Calidad asegurada mediante pruebas de estr\u00e9s para garantizar el rendimiento en condiciones extremas.<\/span><\/p>\n<ul>\n<li><span style=\"font-family: verdana, geneva, sans-serif; color: #4f4b4b;\"><strong>Ajuste perfecto para los modelos Honda CRV<\/strong>:<\/span><br \/>\n<span style=\"font-family: verdana, geneva, sans-serif; color: #4f4b4b;\">Compatible con Honda CRV\u00a0<strong>[2007-2011]<\/strong>\u00a0- verifique la compatibilidad de su veh\u00edculo utilizando el c\u00f3digo OEM 53010-SWA-A01.<\/p>\n<p><\/span><\/li>\n<\/ul>","protected":false},"excerpt":{"rendered":"<p><span style=\"font-family: verdana, geneva, sans-serif;\"><strong>Nombre del producto\uff1a<\/strong>Juego de extremos de cremallera<\/span><br \/>\n<span style=\"font-family: verdana, geneva, sans-serif;\"><strong>Garant\u00eda\uff1a<\/strong>1 a\u00f1o<\/span><br \/>\n<span style=\"font-family: verdana, geneva, sans-serif;\"><strong>Condici\u00f3n\uff1a<\/strong>Nuevo<\/span><br \/>\n<span style=\"font-family: verdana, geneva, sans-serif;\"><strong>Modelo de coche\uff1a<\/strong>Honda CR-V<\/span><br \/>\n<span style=\"font-family: verdana, geneva, sans-serif;\"><strong>OEM NO.:<\/strong>53010-SWA-A01<\/span><br \/>\n<span style=\"font-family: verdana, geneva, sans-serif;\"><strong>Calidad:<\/strong>\u00a0100% Probado<\/span><br \/>\n<span style=\"font-family: verdana, geneva, sans-serif;\"><strong>Plazo de entrega:<\/strong>\u00a07-10 d\u00edas<\/span><\/p>","protected":false},"featured_media":1778,"comment_status":"closed","ping_status":"closed","template":"","meta":[],"product_cat":[50],"product_tag":[],"class_list":{"0":"post-1777","1":"product","2":"type-product","3":"status-publish","4":"has-post-thumbnail","6":"product_cat-chassis-parts","8":"first","9":"instock","10":"shipping-taxable","11":"product-type-simple"},"_links":{"self":[{"href":"https:\/\/carbitautoparts.com\/es\/wp-json\/wp\/v2\/product\/1777","targetHints":{"allow":["GET"]}}],"collection":[{"href":"https:\/\/carbitautoparts.com\/es\/wp-json\/wp\/v2\/product"}],"about":[{"href":"https:\/\/carbitautoparts.com\/es\/wp-json\/wp\/v2\/types\/product"}],"replies":[{"embeddable":true,"href":"https:\/\/carbitautoparts.com\/es\/wp-json\/wp\/v2\/comments?post=1777"}],"wp:featuredmedia":[{"embeddable":true,"href":"https:\/\/carbitautoparts.com\/es\/wp-json\/wp\/v2\/media\/1778"}],"wp:attachment":[{"href":"https:\/\/carbitautoparts.com\/es\/wp-json\/wp\/v2\/media?parent=1777"}],"wp:term":[{"taxonomy":"product_cat","embeddable":true,"href":"https:\/\/carbitautoparts.com\/es\/wp-json\/wp\/v2\/product_cat?post=1777"},{"taxonomy":"product_tag","embeddable":true,"href":"https:\/\/carbitautoparts.com\/es\/wp-json\/wp\/v2\/product_tag?post=1777"}],"curies":[{"name":"wp","href":"https:\/\/api.w.org\/{rel}","templated":true}]}}