{"id":1787,"date":"2025-05-05T16:46:25","date_gmt":"2025-05-05T08:46:25","guid":{"rendered":"https:\/\/carbitautoparts.com\/?post_type=product&#038;p=1787"},"modified":"2025-05-06T15:34:27","modified_gmt":"2025-05-06T07:34:27","slug":"rod-assy-nissan-patrol-y62-oem-546181lb0a","status":"publish","type":"product","link":"https:\/\/carbitautoparts.com\/es\/product\/rod-assy-nissan-patrol-y62-oem-546181lb0a\/","title":{"rendered":"Conjunto de varilla para Nissan Patrol Y62-OEM 546181LB0A"},"content":{"rendered":"<p class=\"ds-markdown-paragraph\">\n<span style=\"color: #5e5b5b;\"><span style=\"font-family: verdana, geneva, sans-serif;\"><strong>Conjunto de biela para Nissan Patrol Y62 - Recambio OEM 546181LB0A | Duradero y fiable<\/p>\n<p><\/strong><\/span><span style=\"font-family: verdana, geneva, sans-serif;\">Aumente el rendimiento y la longevidad de su Nissan Patrol Y62 con nuestros productos premium\u00a0<strong>Ensamblaje de varilla<\/strong>\u00a0(OEM: 546181LB0A). Dise\u00f1ado como un reemplazo directo para el equipo original, este componente de alta calidad garantiza una integraci\u00f3n perfecta con el sistema de suspensi\u00f3n o direcci\u00f3n de su veh\u00edculo (confirmar las especificaciones de aplicaci\u00f3n basadas en el uso exacto de la pieza).<\/span><\/span><\/p>\n<hr \/>\n<p class=\"ds-markdown-paragraph\">\n<span style=\"font-family: verdana, geneva, sans-serif; color: #5e5b5b;\">\u2705\u00a0<strong>Ingenier\u00eda de precisi\u00f3n:<\/strong>\u00a0Fabricados para cumplir o superar las especificaciones de los fabricantes de equipos originales, lo que garantiza un ajuste, una resistencia y un rendimiento \u00f3ptimos.<br \/>\n<\/span><br \/>\n<span style=\"font-family: verdana, geneva, sans-serif; color: #5e5b5b;\">\u2705\u00a0<strong>Durabilidad garantizada:<\/strong> Forjado a partir de acero de alta resistencia y tratamiento superficial con revestimiento de aleaci\u00f3n de Zn-Ni y galvanoplastia para capacidad de carga, resistencia al desgaste por carreteras en mal estado e impactos fuertes y resistencia a la oxidaci\u00f3n.<br \/>\n<\/span><br \/>\n<span style=\"font-family: verdana, geneva, sans-serif; color: #5e5b5b;\">\u2705\u00a0<strong>Compatibilidad perfecta:<\/strong> Espec\u00edficamente dise\u00f1ado para el Nissan Patrol Y62 (2010-2017) - no requiere modificaciones.<br \/>\n<\/span><br \/>\n<span style=\"font-family: verdana, geneva, sans-serif; color: #5e5b5b;\">\u2705\u00a0<strong>Funcionamiento suave:<\/strong>\u00a0Restaura la capacidad de respuesta y la estabilidad de f\u00e1brica, mejorando la seguridad y el control de la conducci\u00f3n.<\/span><\/p>\n<p class=\"ds-markdown-paragraph\"><span style=\"font-family: verdana, geneva, sans-serif; color: #5e5b5b;\"><strong>\u00bfPor qu\u00e9 elegir nuestro ROD ASSY?<\/strong><\/span><\/p>\n<ul>\n<li>\n<p class=\"ds-markdown-paragraph\"><span style=\"font-family: verdana, geneva, sans-serif; color: #5e5b5b;\"><strong>100% Calidad probada:<\/strong>\u00a0Las rigurosas inspecciones garantizan un rendimiento sin defectos.<\/span><\/p>\n<\/li>\n<li>\n<p class=\"ds-markdown-paragraph\"><span style=\"font-family: verdana, geneva, sans-serif; color: #5e5b5b;\"><strong>Env\u00edo r\u00e1pido:<\/strong>\u00a0Haga su pedido hoy mismo para recibirlo r\u00e1pidamente en su domicilio.<\/span><\/p>\n<\/li>\n<li>\n<p class=\"ds-markdown-paragraph\"><span style=\"font-family: verdana, geneva, sans-serif; color: #5e5b5b;\"><strong>Precios competitivos:<\/strong>\u00a0Calidad superior a un precio imbatible.<\/span><\/p>\n<\/li>\n<\/ul>","protected":false},"excerpt":{"rendered":"<p><span style=\"font-family: verdana, geneva, sans-serif; color: #524e4e;\"><strong>Nombre del producto\uff1a<\/strong>Ensamblaje de varilla<\/span><br \/>\n<span style=\"font-family: verdana, geneva, sans-serif; color: #524e4e;\"><strong>Garant\u00eda\uff1a<\/strong>1 a\u00f1o<\/span><br \/>\n<span style=\"font-family: verdana, geneva, sans-serif; color: #524e4e;\"><strong>Condici\u00f3n\uff1a<\/strong>Nuevo<\/span><br \/>\n<span style=\"font-family: verdana, geneva, sans-serif; color: #524e4e;\"><strong>Modelo de coche\uff1a<\/strong>Nissan Patrol Y62<\/span><br \/>\n<span style=\"font-family: verdana, geneva, sans-serif; color: #524e4e;\"><strong>OEM NO.:<\/strong>546181LB0A<\/span><br \/>\n<span style=\"font-family: verdana, geneva, sans-serif; color: #524e4e;\"><strong>Calidad:<\/strong>\u00a0100% Probado<\/span><br \/>\n<span style=\"font-family: verdana, geneva, sans-serif; color: #524e4e;\"><strong>Plazo de entrega:<\/strong>\u00a07-10 d\u00edas<\/span><\/p>","protected":false},"featured_media":1788,"comment_status":"closed","ping_status":"closed","template":"","meta":[],"product_cat":[50],"product_tag":[],"class_list":{"0":"post-1787","1":"product","2":"type-product","3":"status-publish","4":"has-post-thumbnail","6":"product_cat-chassis-parts","8":"first","9":"instock","10":"featured","11":"shipping-taxable","12":"product-type-simple"},"_links":{"self":[{"href":"https:\/\/carbitautoparts.com\/es\/wp-json\/wp\/v2\/product\/1787","targetHints":{"allow":["GET"]}}],"collection":[{"href":"https:\/\/carbitautoparts.com\/es\/wp-json\/wp\/v2\/product"}],"about":[{"href":"https:\/\/carbitautoparts.com\/es\/wp-json\/wp\/v2\/types\/product"}],"replies":[{"embeddable":true,"href":"https:\/\/carbitautoparts.com\/es\/wp-json\/wp\/v2\/comments?post=1787"}],"wp:featuredmedia":[{"embeddable":true,"href":"https:\/\/carbitautoparts.com\/es\/wp-json\/wp\/v2\/media\/1788"}],"wp:attachment":[{"href":"https:\/\/carbitautoparts.com\/es\/wp-json\/wp\/v2\/media?parent=1787"}],"wp:term":[{"taxonomy":"product_cat","embeddable":true,"href":"https:\/\/carbitautoparts.com\/es\/wp-json\/wp\/v2\/product_cat?post=1787"},{"taxonomy":"product_tag","embeddable":true,"href":"https:\/\/carbitautoparts.com\/es\/wp-json\/wp\/v2\/product_tag?post=1787"}],"curies":[{"name":"wp","href":"https:\/\/api.w.org\/{rel}","templated":true}]}}