{"id":1792,"date":"2025-05-05T17:46:18","date_gmt":"2025-05-05T09:46:18","guid":{"rendered":"https:\/\/carbitautoparts.com\/?post_type=product&#038;p=1792"},"modified":"2025-05-06T15:32:31","modified_gmt":"2025-05-06T07:32:31","slug":"front-control-arm-for-hyundai-sonata-oem-54500-3k000-54501-3k000","status":"publish","type":"product","link":"https:\/\/carbitautoparts.com\/es\/product\/brazo-de-control-delantero-para-hyundai-sonata-oem-54500-3k000-54501-3k000\/","title":{"rendered":"Brazo de control delantero para Hyundai Sonata-OEM 54500-3K000 54501-3K000"},"content":{"rendered":"<p class=\"ds-markdown-paragraph\"><span style=\"font-family: verdana, geneva, sans-serif; color: #5c5858;\"><strong>Brazo de control delantero Premium para Hyundai Sonata - Recambio directo OEM 54500-3K000 &amp; 54501-3K000<\/strong><\/span><\/p>\n<p class=\"ds-markdown-paragraph\"><span style=\"font-family: verdana, geneva, sans-serif; color: #5c5858;\">Mejore el rendimiento y la seguridad de su Hyundai Sonata con nuestros\u00a0<strong>Brazo de control delantero OEM<\/strong> (OEM: 54500-3K000 y 54501-3K000). Dise\u00f1ado para cumplir con los est\u00e1ndares exactos de f\u00e1brica, esta pieza de repuesto de alta calidad garantiza una compatibilidad perfecta, durabilidad y un manejo \u00f3ptimo para su veh\u00edculo.<\/span><\/p>\n<hr \/>\n<p class=\"ds-markdown-paragraph\"><span style=\"font-family: verdana, geneva, sans-serif; color: #5c5858;\">\u2705\u00a0<strong>Ajuste OEM de precisi\u00f3n<\/strong>: Dise\u00f1ado para que coincida con las especificaciones originales de Hyundai (54500-3K000 y 54501-3K000), garantizando una alineaci\u00f3n perfecta y una instalaci\u00f3n sin problemas.<br \/>\n<\/span><br \/>\n<span style=\"font-family: verdana, geneva, sans-serif; color: #5c5858;\">\u2705\u00a0<strong>Construcci\u00f3n duradera<\/strong>: Forjado a partir de acero de alta resistencia y tratamiento superficial con revestimiento de aleaci\u00f3n de Zn-Ni y galvanoplastia para capacidad de carga, resistencia al desgaste por caminos accidentados e impactos fuertes y resistencia a la oxidaci\u00f3n.<br \/>\n<\/span><br \/>\n<span style=\"font-family: verdana, geneva, sans-serif; color: #5c5858;\">\u2705\u00a0<strong>Mayor seguridad y estabilidad<\/strong>: Restaura la respuesta precisa de la direcci\u00f3n, reduce las vibraciones y mantiene la alineaci\u00f3n de las ruedas para una conducci\u00f3n m\u00e1s segura y suave.<br \/>\n<\/span><br \/>\n<span style=\"font-family: verdana, geneva, sans-serif; color: #5c5858;\">\u2705\u00a0<strong>Soluci\u00f3n rentable<\/strong>: Evite el sobreprecio del concesionario y disfrute de la calidad de los fabricantes de equipos originales a un precio competitivo.<\/span><\/p>\n<p class=\"ds-markdown-paragraph\"><span style=\"font-family: verdana, geneva, sans-serif; color: #5c5858;\"><strong>Compatible con<\/strong>:<\/span><\/p>\n<ul>\n<li>\n<p class=\"ds-markdown-paragraph\"><span style=\"font-family: verdana, geneva, sans-serif; color: #5c5858;\">Hyundai Sonata (A\u00f1os:2004-2007)<\/span><br \/>\n<span style=\"font-family: verdana, geneva, sans-serif; color: #5c5858;\"><em>Compruebe que el n\u00famero de bastidor y el a\u00f1o de fabricaci\u00f3n de su veh\u00edculo son correctos.<\/em><\/span><\/p>\n<\/li>\n<\/ul>\n<p class=\"ds-markdown-paragraph\">","protected":false},"excerpt":{"rendered":"<p><span style=\"font-family: verdana, geneva, sans-serif; color: #544d4d;\"><strong>Nombre del producto\uff1a<\/strong>Brazo de control delantero<\/span><br \/>\n<span style=\"font-family: verdana, geneva, sans-serif; color: #544d4d;\"><strong>Garant\u00eda\uff1a<\/strong>1 a\u00f1o<\/span><br \/>\n<span style=\"font-family: verdana, geneva, sans-serif; color: #544d4d;\"><strong>Condici\u00f3n\uff1a<\/strong>Nuevo<\/span><br \/>\n<span style=\"font-family: verdana, geneva, sans-serif; color: #544d4d;\"><strong>Modelo de coche\uff1a<\/strong><span style=\"font-family: verdana, geneva, sans-serif;\">Hyundai Sonata (A\u00f1os:2004-2007)<\/span><\/span><br \/>\n<span style=\"font-family: verdana, geneva, sans-serif; color: #544d4d;\"><strong>OEM NO.:<\/strong><span style=\"font-family: verdana, geneva, sans-serif;\">54500-3K000\uff08Izquierda\uff09 &amp; 54501-3K000(Derecha)<\/span><\/span><br \/>\n<span style=\"font-family: verdana, geneva, sans-serif; color: #544d4d;\"><strong>Calidad:<\/strong>\u00a0100% Probado<\/span><br \/>\n<span style=\"font-family: verdana, geneva, sans-serif; color: #544d4d;\"><strong>Plazo de entrega:<\/strong>\u00a07-10 d\u00edas<\/span><\/p>","protected":false},"featured_media":1793,"comment_status":"closed","ping_status":"closed","template":"","meta":[],"product_cat":[50],"product_tag":[],"class_list":{"0":"post-1792","1":"product","2":"type-product","3":"status-publish","4":"has-post-thumbnail","6":"product_cat-chassis-parts","8":"first","9":"instock","10":"featured","11":"shipping-taxable","12":"product-type-simple"},"_links":{"self":[{"href":"https:\/\/carbitautoparts.com\/es\/wp-json\/wp\/v2\/product\/1792","targetHints":{"allow":["GET"]}}],"collection":[{"href":"https:\/\/carbitautoparts.com\/es\/wp-json\/wp\/v2\/product"}],"about":[{"href":"https:\/\/carbitautoparts.com\/es\/wp-json\/wp\/v2\/types\/product"}],"replies":[{"embeddable":true,"href":"https:\/\/carbitautoparts.com\/es\/wp-json\/wp\/v2\/comments?post=1792"}],"wp:featuredmedia":[{"embeddable":true,"href":"https:\/\/carbitautoparts.com\/es\/wp-json\/wp\/v2\/media\/1793"}],"wp:attachment":[{"href":"https:\/\/carbitautoparts.com\/es\/wp-json\/wp\/v2\/media?parent=1792"}],"wp:term":[{"taxonomy":"product_cat","embeddable":true,"href":"https:\/\/carbitautoparts.com\/es\/wp-json\/wp\/v2\/product_cat?post=1792"},{"taxonomy":"product_tag","embeddable":true,"href":"https:\/\/carbitautoparts.com\/es\/wp-json\/wp\/v2\/product_tag?post=1792"}],"curies":[{"name":"wp","href":"https:\/\/api.w.org\/{rel}","templated":true}]}}