{"id":1800,"date":"2025-05-06T10:27:38","date_gmt":"2025-05-06T02:27:38","guid":{"rendered":"https:\/\/carbitautoparts.com\/?post_type=product&#038;p=1800"},"modified":"2025-05-06T15:33:35","modified_gmt":"2025-05-06T07:33:35","slug":"transmission-mount-honda-crv-oem-50805s9a983","status":"publish","type":"product","link":"https:\/\/carbitautoparts.com\/es\/product\/montaje-de-la-transmision-honda-crv-oem-50805s9a983\/","title":{"rendered":"Soporte de transmisi\u00f3n para HONDA CR-V-OEM 50805S9A983"},"content":{"rendered":"<p class=\"ds-markdown-paragraph\"><span style=\"font-family: verdana, geneva, sans-serif; color: #4d4949;\"><strong>Soporte de Transmisi\u00f3n Premium para HONDA CR-V | Recambio OEM 50805S9A983<\/strong><\/span><\/p>\n<p class=\"ds-markdown-paragraph\"><span style=\"font-family: verdana, geneva, sans-serif; color: #4d4949;\">Garantice una experiencia de conducci\u00f3n m\u00e1s suave, silenciosa y estable con nuestro\u00a0<strong>soporte de transmisi\u00f3n de alta calidad<\/strong>Dise\u00f1ado espec\u00edficamente para los modelos HONDA CR-V. Dise\u00f1ado para cumplir o superar las especificaciones OEM (OEM: 50805S9A983), este componente de precisi\u00f3n ofrece una durabilidad y un rendimiento inigualables, por lo que es la opci\u00f3n ideal para restaurar la integridad de la transmisi\u00f3n de su veh\u00edculo.<\/span><\/p>\n<hr \/>\n<p class=\"ds-markdown-paragraph\">\n<span style=\"font-family: verdana, geneva, sans-serif; color: #4d4949;\">\u2705\u00a0<strong>Sustituci\u00f3n directa OEM<\/strong>: Perfectamente coincide con el dise\u00f1o de f\u00e1brica y las dimensiones de los soportes de transmisi\u00f3n HONDA CR-V (OEM 50805S9A983), garantizando una compatibilidad perfecta y una instalaci\u00f3n sin problemas.<br \/>\n<\/span><br \/>\n<span style=\"font-family: verdana, geneva, sans-serif; color: #4d4949;\">\u2705\u00a0<strong>Amortiguaci\u00f3n de vibraciones mejorada<\/strong>: Construido con compuestos de caucho de primera calidad para absorber los impactos, reducir el ruido y minimizar las vibraciones de la transmisi\u00f3n para una cabina m\u00e1s silenciosa.<br \/>\n<\/span><br \/>\n<span style=\"font-family: verdana, geneva, sans-serif; color: #4d4949;\">\u2705\u00a0<strong>Durabilidad a largo plazo<\/strong>: La construcci\u00f3n reforzada soporta tensiones extremas, calor y desgaste, proporcionando un soporte fiable para su transmisi\u00f3n y prolongando la vida \u00fatil de los componentes.<br \/>\n<\/span><br \/>\n<span style=\"font-family: verdana, geneva, sans-serif; color: #4d4949;\">\u2705\u00a0<strong>Rendimiento de conducci\u00f3n optimizado<\/strong>: Estabiliza el sistema de transmisi\u00f3n, mejorando la suavidad del cambio de marchas y la respuesta general del veh\u00edculo.<br \/>\n<\/span><br \/>\n<span style=\"font-family: verdana, geneva, sans-serif; color: #4d4949;\">\u2705\u00a0<strong>Rigurosas pruebas de calidad<\/strong>: Cada unidad se somete a estrictos controles de calidad para garantizar la precisi\u00f3n de ajuste, la seguridad y el cumplimiento de las normas de ingenier\u00eda de HONDA.<\/span><\/p>\n<p class=\"ds-markdown-paragraph\"><span style=\"font-family: verdana, geneva, sans-serif; color: #4d4949;\"><strong>\u00bfPor qu\u00e9 elegir nuestro soporte de transmisi\u00f3n?<\/strong><\/span><br \/>\n<span style=\"font-family: verdana, geneva, sans-serif; color: #4d4949;\">Mejore el rendimiento de su HONDA CR-V con una pieza que combina la fiabilidad de los fabricantes de equipos originales con la innovaci\u00f3n del mercado de recambios. Ya se trate de movimiento excesivo del motor, ruidos inusuales o desgaste prematuro, nuestro soporte de transmisi\u00f3n ofrece una soluci\u00f3n rentable para proteger los componentes cr\u00edticos de su veh\u00edculo.\u00a0<\/span><\/p>\n<hr \/>\n<p class=\"ds-markdown-paragraph\"><span style=\"font-family: verdana, geneva, sans-serif; color: #4d4949;\"><strong>Compatibilidad:<\/strong><\/span><br \/>\n<span style=\"font-family: verdana, geneva, sans-serif; color: #4d4949;\">-\u00a0<strong>Veh\u00edculo<\/strong>: Espec\u00edficamente dise\u00f1ado para HONDA CR-V 2002-2004 (Confirme el a\u00f1o de su modelo para el ajuste).<\/span><br \/>\n<span style=\"font-family: verdana, geneva, sans-serif; color: #4d4949;\">-\u00a0<strong>Referencia OEM<\/strong>: 50805S9A983 | 50805-S9A-983<\/span><\/p>","protected":false},"excerpt":{"rendered":"<p><span style=\"font-family: verdana, geneva, sans-serif; color: #524d4d;\"><strong>Nombre del producto\uff1a<\/strong>Montaje de la transmisi\u00f3n<\/span><br \/>\n<span style=\"font-family: verdana, geneva, sans-serif; color: #524d4d;\"><strong>Garant\u00eda\uff1a<\/strong>1 a\u00f1o<\/span><br \/>\n<span style=\"font-family: verdana, geneva, sans-serif; color: #524d4d;\"><strong>Condici\u00f3n\uff1a<\/strong>Nuevo<\/span><br \/>\n<span style=\"font-family: verdana, geneva, sans-serif; color: #524d4d;\"><strong>Modelo de coche\uff1a<\/strong>Honda CR-V(2002-2004\uff09<\/span><br \/>\n<span style=\"font-family: verdana, geneva, sans-serif; color: #524d4d;\"><strong>OEM NO.:<\/strong>50805S9A983<\/span><br \/>\n<span style=\"font-family: verdana, geneva, sans-serif; color: #524d4d;\"><strong>Calidad:<\/strong>\u00a0100% Probado<\/span><br \/>\n<span style=\"font-family: verdana, geneva, sans-serif; color: #524d4d;\"><strong>Plazo de entrega:<\/strong>\u00a07-10 d\u00edas<\/span><\/p>","protected":false},"featured_media":1801,"comment_status":"closed","ping_status":"closed","template":"","meta":[],"product_cat":[50],"product_tag":[],"class_list":{"0":"post-1800","1":"product","2":"type-product","3":"status-publish","4":"has-post-thumbnail","6":"product_cat-chassis-parts","8":"first","9":"instock","10":"featured","11":"shipping-taxable","12":"product-type-simple"},"_links":{"self":[{"href":"https:\/\/carbitautoparts.com\/es\/wp-json\/wp\/v2\/product\/1800","targetHints":{"allow":["GET"]}}],"collection":[{"href":"https:\/\/carbitautoparts.com\/es\/wp-json\/wp\/v2\/product"}],"about":[{"href":"https:\/\/carbitautoparts.com\/es\/wp-json\/wp\/v2\/types\/product"}],"replies":[{"embeddable":true,"href":"https:\/\/carbitautoparts.com\/es\/wp-json\/wp\/v2\/comments?post=1800"}],"wp:featuredmedia":[{"embeddable":true,"href":"https:\/\/carbitautoparts.com\/es\/wp-json\/wp\/v2\/media\/1801"}],"wp:attachment":[{"href":"https:\/\/carbitautoparts.com\/es\/wp-json\/wp\/v2\/media?parent=1800"}],"wp:term":[{"taxonomy":"product_cat","embeddable":true,"href":"https:\/\/carbitautoparts.com\/es\/wp-json\/wp\/v2\/product_cat?post=1800"},{"taxonomy":"product_tag","embeddable":true,"href":"https:\/\/carbitautoparts.com\/es\/wp-json\/wp\/v2\/product_tag?post=1800"}],"curies":[{"name":"wp","href":"https:\/\/api.w.org\/{rel}","templated":true}]}}