{"id":1828,"date":"2025-05-09T15:06:17","date_gmt":"2025-05-09T07:06:17","guid":{"rendered":"https:\/\/carbitautoparts.com\/?post_type=product&#038;p=1828"},"modified":"2025-05-09T15:06:17","modified_gmt":"2025-05-09T07:06:17","slug":"front-lower-control-arm-hyundai-santa-fe-oem-54500-2b000","status":"publish","type":"product","link":"https:\/\/carbitautoparts.com\/es\/product\/brazo-de-control-inferior-delantero-hyundai-santa-fe-oem-54500-2b000\/","title":{"rendered":"Brazo de control inferior delantero para Hyundai Santa Fe-OEM 54500-2B000"},"content":{"rendered":"<p class=\"ds-markdown-paragraph\"><span style=\"font-family: verdana, geneva, sans-serif; color: #6b6363;\"><strong>Brazo de Control Inferior Delantero Premium para Hyundai Santa Fe (OEM 54500-2B000) - Dise\u00f1ado con Precisi\u00f3n para Rendimiento y Durabilidad<\/strong><\/span><\/p>\n<p class=\"ds-markdown-paragraph\"><span style=\"font-family: verdana, geneva, sans-serif; color: #6b6363;\">Garantice una conducci\u00f3n suave y estable con nuestro brazo de control inferior delantero (L) compatible con OEM dise\u00f1ado espec\u00edficamente para los modelos Hyundai Santa Fe. Este componente cr\u00edtico de la suspensi\u00f3n sustituye al OEM 54500-2B000, ofreciendo <strong>ajuste exacto<\/strong>,\u00a0<strong>durabilidad superior<\/strong>y\u00a0<strong>mayor seguridad al volante<\/strong>\u00a0para su veh\u00edculo.<\/p>\n<p><\/span><span style=\"font-family: verdana, geneva, sans-serif; color: #6b6363;\">\u2705\u00a0<strong>Sustituci\u00f3n directa OEM<\/strong>: Dise\u00f1ado con precisi\u00f3n para que coincida con las especificaciones originales de Hyundai Santa Fe (OEM 54500-2B000) para una integraci\u00f3n perfecta.<\/p>\n<p><\/span><span style=\"font-family: verdana, geneva, sans-serif; color: #6b6363;\">\u2705\u00a0<strong>Construcci\u00f3n resistente<\/strong>: Forjado en acero de alta calidad con casquillos y r\u00f3tulas reforzados para soportar las duras condiciones de la carretera.<br \/>\n<\/span><br \/>\n<span style=\"font-family: verdana, geneva, sans-serif; color: #6b6363;\">\u2705\u00a0<strong>Manejo y estabilidad mejorados<\/strong>: Restaura la respuesta de la direcci\u00f3n como en f\u00e1brica, reduce el desgaste de los neum\u00e1ticos y minimiza las vibraciones para una conducci\u00f3n m\u00e1s suave.<br \/>\n<\/span><br \/>\n<span style=\"font-family: verdana, geneva, sans-serif; color: #6b6363;\">\u2705\u00a0<strong>Rigurosas pruebas de calidad<\/strong>: La fabricaci\u00f3n con certificaci\u00f3n ISO garantiza la fiabilidad y el cumplimiento de las normas de seguridad mundiales.<br \/>\n<\/span><br \/>\n<span style=\"font-family: verdana, geneva, sans-serif; color: #6b6363;\">\u2705\u00a0<strong>F\u00e1cil instalaci\u00f3n<\/strong>: Los racores previamente engrasados y el dise\u00f1o atornillable ahorran tiempo a los mec\u00e1nicos y aficionados al bricolaje.<\/span><\/p>\n<p class=\"ds-markdown-paragraph\"><span style=\"font-family: verdana, geneva, sans-serif; color: #6b6363;\"><strong>Compatibilidad<\/strong>: Se adapta a los modelos Hyundai Santa Fe [<em>2006-2009<\/em>]. Compruebe el embellecedor de su veh\u00edculo para garantizar el ajuste.<\/span><\/p>","protected":false},"excerpt":{"rendered":"<p><span style=\"font-family: verdana, geneva, sans-serif; color: #575050;\"><strong>Nombre del producto\uff1a<\/strong>Brazo de control inferior delantero<\/span><br \/>\n<span style=\"font-family: verdana, geneva, sans-serif; color: #575050;\"><strong>Garant\u00eda\uff1a<\/strong>1 a\u00f1o<\/span><br \/>\n<span style=\"font-family: verdana, geneva, sans-serif; color: #575050;\"><strong>Condici\u00f3n\uff1a<\/strong>Nuevo<\/span><br \/>\n<span style=\"font-family: verdana, geneva, sans-serif; color: #575050;\"><strong>Modelo de coche\uff1a<\/strong><span style=\"font-family: verdana, geneva, sans-serif;\">Hyundai Santa Fe [<em>2006-2009<\/em>]<\/span><\/span><br \/>\n<span style=\"font-family: verdana, geneva, sans-serif; color: #575050;\"><strong>OEM NO.:<\/strong>54500-2B000<\/span><br \/>\n<span style=\"font-family: verdana, geneva, sans-serif; color: #575050;\"><strong>Calidad:<\/strong>\u00a0100% Probado<\/span><br \/>\n<span style=\"font-family: verdana, geneva, sans-serif; color: #575050;\"><strong>Plazo de entrega:<\/strong>\u00a07-10 d\u00edas<\/span><\/p>","protected":false},"featured_media":1829,"comment_status":"closed","ping_status":"closed","template":"","meta":[],"product_cat":[50],"product_tag":[],"class_list":{"0":"post-1828","1":"product","2":"type-product","3":"status-publish","4":"has-post-thumbnail","6":"product_cat-chassis-parts","8":"first","9":"instock","10":"shipping-taxable","11":"product-type-simple"},"_links":{"self":[{"href":"https:\/\/carbitautoparts.com\/es\/wp-json\/wp\/v2\/product\/1828","targetHints":{"allow":["GET"]}}],"collection":[{"href":"https:\/\/carbitautoparts.com\/es\/wp-json\/wp\/v2\/product"}],"about":[{"href":"https:\/\/carbitautoparts.com\/es\/wp-json\/wp\/v2\/types\/product"}],"replies":[{"embeddable":true,"href":"https:\/\/carbitautoparts.com\/es\/wp-json\/wp\/v2\/comments?post=1828"}],"wp:featuredmedia":[{"embeddable":true,"href":"https:\/\/carbitautoparts.com\/es\/wp-json\/wp\/v2\/media\/1829"}],"wp:attachment":[{"href":"https:\/\/carbitautoparts.com\/es\/wp-json\/wp\/v2\/media?parent=1828"}],"wp:term":[{"taxonomy":"product_cat","embeddable":true,"href":"https:\/\/carbitautoparts.com\/es\/wp-json\/wp\/v2\/product_cat?post=1828"},{"taxonomy":"product_tag","embeddable":true,"href":"https:\/\/carbitautoparts.com\/es\/wp-json\/wp\/v2\/product_tag?post=1828"}],"curies":[{"name":"wp","href":"https:\/\/api.w.org\/{rel}","templated":true}]}}