{"id":1834,"date":"2025-05-09T16:06:22","date_gmt":"2025-05-09T08:06:22","guid":{"rendered":"https:\/\/carbitautoparts.com\/?post_type=product&#038;p=1834"},"modified":"2025-05-09T16:06:22","modified_gmt":"2025-05-09T08:06:22","slug":"engine-mounting-toyota-vios-yaris-ncp90-oem-12363-0m040-0m010-0m011","status":"publish","type":"product","link":"https:\/\/carbitautoparts.com\/es\/product\/montaje-del-motor-toyota-vios-yaris-ncp90-oem-12363-0m040-0m010-0m011\/","title":{"rendered":"Montaje del motor para TOYOTA Vios YARIS NCP90 | OEM 12363-0M040\/0M010\/0M011"},"content":{"rendered":"<p class=\"ds-markdown-paragraph\"><span style=\"font-family: verdana, geneva, sans-serif; color: #524d4d;\"><strong>Premium Montaje del motor para TOYOTA Vios YARIS NCP90 | OEM 12363-0M040\/0M010\/0M011<\/strong><\/span><\/p>\n<p class=\"ds-markdown-paragraph\"><span style=\"font-family: verdana, geneva, sans-serif; color: #524d4d;\">Mejore el rendimiento de su TOYOTA Vios YARIS NCP90 con nuestro\u00a0<strong>Montaje del motor de alta precisi\u00f3n<\/strong>Dise\u00f1ado para ofrecer fiabilidad y control de vibraciones con la calidad original. Directamente compatible con OEM\u00a0 <strong>12363-0M040, 12363-0M010 y 12363-0M011<\/strong>, este robusto componente garantiza un ajuste perfecto y una integraci\u00f3n perfecta con el sistema del motor de su veh\u00edculo.<\/p>\n<p><\/span><span style=\"font-family: verdana, geneva, sans-serif; color: #524d4d;\">\u2705\u00a0<strong>Recambio OEM exacto<\/strong>: Fabricado para cumplir con las estrictas especificaciones de Toyota para un ajuste \u00f3ptimo y durabilidad.<br \/>\n<\/span><br \/>\n<span style=\"font-family: verdana, geneva, sans-serif; color: #524d4d;\">\u2705\u00a0<strong>Amortiguaci\u00f3n avanzada de las vibraciones<\/strong>: El caucho reforzado y la construcci\u00f3n de acero de alta resistencia minimizan el ruido del motor y los golpes de la carretera.<br \/>\n<\/span><br \/>\n<span style=\"font-family: verdana, geneva, sans-serif; color: #524d4d;\">\u2705\u00a0<strong>Mayor longevidad<\/strong>El acero de alta resistencia y el tratamiento de superficie con revestimiento electrol\u00edtico resisten el calor, el aceite, el \u00f3xido y el desgaste para ofrecer un rendimiento duradero.<br \/>\n<\/span><\/p>\n<p class=\"ds-markdown-paragraph\"><span style=\"font-family: verdana, geneva, sans-serif; color: #524d4d;\"><strong>\u00bfPor qu\u00e9 elegir nuestro soporte de motor?<\/strong><\/span><\/p>\n<ul>\n<li>\n<p class=\"ds-markdown-paragraph\"><span style=\"font-family: verdana, geneva, sans-serif; color: #524d4d;\"><strong>Compatibilidad garantizada<\/strong>: Espec\u00edficamente dise\u00f1ado para los modelos TOYOTA Vios YARIS NCP90 (2006-2014).<\/span><\/p>\n<\/li>\n<li>\n<p class=\"ds-markdown-paragraph\"><span style=\"font-family: verdana, geneva, sans-serif; color: #524d4d;\"><strong>Mayor confort de conducci\u00f3n<\/strong>: Reduce las vibraciones del habit\u00e1culo para una conducci\u00f3n m\u00e1s suave y silenciosa.<\/span><\/p>\n<\/li>\n<li>\n<p class=\"ds-markdown-paragraph\"><span style=\"font-family: verdana, geneva, sans-serif; color: #524d4d;\"><strong>Soluci\u00f3n rentable<\/strong>: Evite los sobreprecios de los concesionarios manteniendo la calidad OEM.<\/span><\/p>\n<\/li>\n<\/ul>","protected":false},"excerpt":{"rendered":"<p><span style=\"font-family: verdana, geneva, sans-serif; color: #595353;\"><strong>Nombre del producto\uff1a<\/strong>Montaje del motor<\/span><br \/>\n<span style=\"font-family: verdana, geneva, sans-serif; color: #595353;\"><strong>Garant\u00eda\uff1a<\/strong>1 a\u00f1o<\/span><br \/>\n<span style=\"font-family: verdana, geneva, sans-serif; color: #595353;\"><strong>Condici\u00f3n\uff1a<\/strong>Nuevo<\/span><br \/>\n<span style=\"font-family: verdana, geneva, sans-serif; color: #595353;\"><strong>Modelo de coche\uff1a<\/strong><span style=\"font-family: verdana, geneva, sans-serif; color: #524d4d;\">TOYOTA Vios YARIS NCP90 (2006-2014)<\/span><\/span><br \/>\n<span style=\"font-family: verdana, geneva, sans-serif; color: #595353;\"><strong>OEM NO.: <\/strong><span style=\"font-family: verdana, geneva, sans-serif; color: #524d4d;\">12363-0M040, 12363-0M010, 12363-0M011<\/span><\/span><br \/>\n<span style=\"font-family: verdana, geneva, sans-serif; color: #595353;\"><strong>Calidad:<\/strong>\u00a0100% Probado<\/span><br \/>\n<span style=\"font-family: verdana, geneva, sans-serif; color: #595353;\"><strong>Plazo de entrega:<\/strong>\u00a07-10 d\u00edas<\/span><\/p>","protected":false},"featured_media":1835,"comment_status":"closed","ping_status":"closed","template":"","meta":[],"product_cat":[50],"product_tag":[],"class_list":{"0":"post-1834","1":"product","2":"type-product","3":"status-publish","4":"has-post-thumbnail","6":"product_cat-chassis-parts","8":"first","9":"instock","10":"shipping-taxable","11":"product-type-simple"},"_links":{"self":[{"href":"https:\/\/carbitautoparts.com\/es\/wp-json\/wp\/v2\/product\/1834","targetHints":{"allow":["GET"]}}],"collection":[{"href":"https:\/\/carbitautoparts.com\/es\/wp-json\/wp\/v2\/product"}],"about":[{"href":"https:\/\/carbitautoparts.com\/es\/wp-json\/wp\/v2\/types\/product"}],"replies":[{"embeddable":true,"href":"https:\/\/carbitautoparts.com\/es\/wp-json\/wp\/v2\/comments?post=1834"}],"wp:featuredmedia":[{"embeddable":true,"href":"https:\/\/carbitautoparts.com\/es\/wp-json\/wp\/v2\/media\/1835"}],"wp:attachment":[{"href":"https:\/\/carbitautoparts.com\/es\/wp-json\/wp\/v2\/media?parent=1834"}],"wp:term":[{"taxonomy":"product_cat","embeddable":true,"href":"https:\/\/carbitautoparts.com\/es\/wp-json\/wp\/v2\/product_cat?post=1834"},{"taxonomy":"product_tag","embeddable":true,"href":"https:\/\/carbitautoparts.com\/es\/wp-json\/wp\/v2\/product_tag?post=1834"}],"curies":[{"name":"wp","href":"https:\/\/api.w.org\/{rel}","templated":true}]}}