{"id":1861,"date":"2025-09-26T14:42:51","date_gmt":"2025-09-26T06:42:51","guid":{"rendered":"https:\/\/carbitautoparts.com\/?post_type=product&#038;p=1861"},"modified":"2025-09-26T14:42:51","modified_gmt":"2025-09-26T06:42:51","slug":"tie-rod-end-for-toyota-hilux-oem-45046-09800","status":"publish","type":"product","link":"https:\/\/carbitautoparts.com\/es\/product\/rotula-de-direccion-para-toyota-hilux-oem-45046-09800\/","title":{"rendered":"R\u00f3tula de direcci\u00f3n para Toyota Hilux - OEM 45046-09800"},"content":{"rendered":"<p class=\"ds-markdown-paragraph\"><span style=\"font-family: verdana, geneva, sans-serif; color: #3b3535;\"><strong>R\u00f3tula de direcci\u00f3n de calidad original para Toyota Hilux - Recambio directo para OEM 45046-09800<\/strong><\/span><\/p>\n<p class=\"ds-markdown-paragraph\"><span style=\"font-family: verdana, geneva, sans-serif; color: #3b3535;\">Asegure la direcci\u00f3n y la seguridad exactas con nuestro extremo superior de la barra de acoplamiento, un reemplazo directo del OEM 45046-09800 para Toyota Hilux. Construcci\u00f3n de alta resistencia, ajuste perfecto. Restaure el manejo de su veh\u00edculo.<\/span><\/p>\n<hr \/>\n<h3><\/h3>\n<p class=\"ds-markdown-paragraph\"><span style=\"font-family: verdana, geneva, sans-serif; color: #3b3535;\"><strong>Restaure la precisi\u00f3n y seguridad de la direcci\u00f3n de f\u00e1brica con nuestra r\u00f3tula de direcci\u00f3n Premium para Toyota Hilux<\/strong><\/span><\/p>\n<p class=\"ds-markdown-paragraph\"><span style=\"font-family: verdana, geneva, sans-serif; color: #3b3535;\">Esta r\u00f3tula de barra de acoplamiento de alto rendimiento se ha dise\u00f1ado como recambio directo de la pieza OEM n\u00famero\u00a0<strong>45046-09800<\/strong>Dise\u00f1ada espec\u00edficamente para satisfacer las rigurosas exigencias del Toyota Hilux. Como componente cr\u00edtico del sistema de direcci\u00f3n de su veh\u00edculo, una r\u00f3tula de direcci\u00f3n desgastada puede provocar una direcci\u00f3n imprecisa, un desgaste irregular de los neum\u00e1ticos y comprometer la seguridad. Nuestra pieza de recambio le garantiza el restablecimiento de la durabilidad, la maniobrabilidad y la confianza en la conducci\u00f3n del ic\u00f3nico Hilux.<\/span><\/p>\n<p class=\"ds-markdown-paragraph\"><span style=\"font-family: verdana, geneva, sans-serif; color: #3b3535;\">Fabricado a partir de materiales de alta calidad y fabricado con los est\u00e1ndares de calidad m\u00e1s exigentes, esta r\u00f3tula de direcci\u00f3n garantiza un ajuste perfecto y una integraci\u00f3n perfecta con la direcci\u00f3n de su Hilux. Est\u00e1 fabricada para soportar las duras condiciones y las cargas pesadas por las que es conocido el Hilux, proporcionando una fiabilidad duradera.<\/span><\/p>\n<p class=\"ds-markdown-paragraph\">\n<ul>\n<li>\n<p class=\"ds-markdown-paragraph\"><span style=\"font-family: verdana, geneva, sans-serif; color: #3b3535;\"><strong>Reemplazo OEM exacto:<\/strong>\u00a0Dise\u00f1ado para ajustarse perfectamente a las especificaciones de la pieza original Toyota (OEM #\u00a0<strong>45046-09800<\/strong>). Esto asegura una instalaci\u00f3n sin complicaciones y sin necesidad de modificaciones, lo que garantiza un rendimiento y una compatibilidad \u00f3ptimos.<\/span><\/p>\n<\/li>\n<li>\n<p class=\"ds-markdown-paragraph\"><span style=\"font-family: verdana, geneva, sans-serif; color: #3b3535;\"><strong>Durabilidad superior:<\/strong>\u00a0Construido con un cuerpo forjado con precisi\u00f3n y un esp\u00e1rrago de alta resistencia para una excepcional resistencia a los impactos, la tensi\u00f3n y el desgaste. Esta robusta construcci\u00f3n es esencial tanto para la estabilidad en carretera como para la resistencia fuera de ella.<\/span><\/p>\n<\/li>\n<li>\n<p class=\"ds-markdown-paragraph\"><span style=\"font-family: verdana, geneva, sans-serif; color: #3b3535;\"><strong>Prelubricado para una mayor duraci\u00f3n:<\/strong>\u00a0Precargados con grasa para altas temperaturas y protegidos por una funda antipolvo duradera para minimizar la fricci\u00f3n, evitar la contaminaci\u00f3n y prolongar la vida \u00fatil del componente. Esto reduce las necesidades de mantenimiento y garantiza un funcionamiento sin problemas.<\/span><\/p>\n<\/li>\n<li>\n<p class=\"ds-markdown-paragraph\"><span style=\"font-family: verdana, geneva, sans-serif; color: #3b3535;\"><strong>Seguridad y manejo mejorados:<\/strong>\u00a0Al eliminar la holgura de la direcci\u00f3n y restablecer la alineaci\u00f3n precisa de las ruedas, esta r\u00f3tula de direcci\u00f3n contribuye directamente a una respuesta m\u00e1s n\u00edtida de la direcci\u00f3n, una mayor estabilidad del veh\u00edculo y la prevenci\u00f3n del desgaste anormal de los neum\u00e1ticos.<\/span><\/p>\n<\/li>\n<li>\n<p class=\"ds-markdown-paragraph\"><span style=\"font-family: verdana, geneva, sans-serif; color: #3b3535;\"><strong>Riguroso control de calidad:<\/strong>\u00a0Cada unidad se somete a estrictas pruebas para garantizar que cumple o supera las normas de los fabricantes de equipos originales en cuanto a precisi\u00f3n dimensional, resistencia mec\u00e1nica y rendimiento, lo que le proporciona una total tranquilidad.<\/span><\/p>\n<\/li>\n<\/ul>\n<p class=\"ds-markdown-paragraph\"><span style=\"font-family: verdana, geneva, sans-serif; color: #3b3535;\"><strong>Informaci\u00f3n sobre compatibilidad:<\/strong><\/span><\/p>\n<p class=\"ds-markdown-paragraph\"><span style=\"font-family: verdana, geneva, sans-serif; color: #3b3535;\">Esta r\u00f3tula de direcci\u00f3n es compatible con varias generaciones del Toyota Hilux. Recomendamos encarecidamente la referencia cruzada de su veh\u00edculo VIN (Vehicle Identification Number) o comparar el n\u00famero de OEM.\u00a0<strong>45046-09800<\/strong>\u00a0con su pieza original para confirmar un ajuste perfecto.<\/span><\/p>","protected":false},"excerpt":{"rendered":"<p><span style=\"font-family: verdana, geneva, sans-serif; color: #453d3d;\"><strong><b>Nombre del producto\uff1a<\/b><\/strong>R\u00f3tula de direcci\u00f3n<\/span><br \/>\n<span style=\"font-family: verdana, geneva, sans-serif; color: #453d3d;\"><strong><b>Garant\u00eda\uff1a<\/b><\/strong>1 a\u00f1o<\/span><br \/>\n<span style=\"font-family: verdana, geneva, sans-serif; color: #453d3d;\"><strong><b>Condici\u00f3n\uff1a<\/b><\/strong>Nuevo<\/span><br \/>\n<span style=\"font-family: verdana, geneva, sans-serif; color: #453d3d;\"><strong><b>Modelo de coche\uff1a<\/b><\/strong><span style=\"font-family: verdana, geneva, sans-serif; color: #3b3535;\">Toyota Hilux<\/span> (2015-2021)<\/span><br \/>\n<span style=\"font-family: verdana, geneva, sans-serif; color: #453d3d;\"><strong><b>OEM NO.: <\/b><\/strong><span style=\"font-family: verdana, geneva, sans-serif; color: #3b3535;\">45046-09800<\/span><\/span><br \/>\n<span style=\"font-family: verdana, geneva, sans-serif; color: #453d3d;\"><strong><b>Calidad:<\/b><\/strong>\u00a0100% Probado<\/span><\/p>","protected":false},"featured_media":1862,"comment_status":"closed","ping_status":"closed","template":"","meta":[],"product_cat":[50],"product_tag":[],"class_list":{"0":"post-1861","1":"product","2":"type-product","3":"status-publish","4":"has-post-thumbnail","6":"product_cat-chassis-parts","8":"first","9":"instock","10":"shipping-taxable","11":"product-type-simple"},"_links":{"self":[{"href":"https:\/\/carbitautoparts.com\/es\/wp-json\/wp\/v2\/product\/1861","targetHints":{"allow":["GET"]}}],"collection":[{"href":"https:\/\/carbitautoparts.com\/es\/wp-json\/wp\/v2\/product"}],"about":[{"href":"https:\/\/carbitautoparts.com\/es\/wp-json\/wp\/v2\/types\/product"}],"replies":[{"embeddable":true,"href":"https:\/\/carbitautoparts.com\/es\/wp-json\/wp\/v2\/comments?post=1861"}],"wp:featuredmedia":[{"embeddable":true,"href":"https:\/\/carbitautoparts.com\/es\/wp-json\/wp\/v2\/media\/1862"}],"wp:attachment":[{"href":"https:\/\/carbitautoparts.com\/es\/wp-json\/wp\/v2\/media?parent=1861"}],"wp:term":[{"taxonomy":"product_cat","embeddable":true,"href":"https:\/\/carbitautoparts.com\/es\/wp-json\/wp\/v2\/product_cat?post=1861"},{"taxonomy":"product_tag","embeddable":true,"href":"https:\/\/carbitautoparts.com\/es\/wp-json\/wp\/v2\/product_tag?post=1861"}],"curies":[{"name":"wp","href":"https:\/\/api.w.org\/{rel}","templated":true}]}}