{"id":1865,"date":"2025-09-26T15:13:22","date_gmt":"2025-09-26T07:13:22","guid":{"rendered":"https:\/\/carbitautoparts.com\/?post_type=product&#038;p=1865"},"modified":"2025-09-26T15:13:22","modified_gmt":"2025-09-26T07:13:22","slug":"front-lower-control-arm-for-toyota-corolla-oem-48068-02150","status":"publish","type":"product","link":"https:\/\/carbitautoparts.com\/es\/product\/brazo-de-control-inferior-delantero-para-toyota-corolla-oem-48068-02150\/","title":{"rendered":"Brazo de control inferior delantero para Toyota Corolla | OEM 48068-02150"},"content":{"rendered":"<p class=\"ds-markdown-paragraph\"><span style=\"font-family: verdana, geneva, sans-serif; color: #423939;\"><strong>Brazo de control inferior delantero para Toyota Corolla | Parte # 48068-02150 | Compatible con Toyota Corolla 2000-2008<\/strong><\/span><\/p>\n<hr \/>\n<p class=\"ds-markdown-paragraph\">\n<span style=\"font-family: verdana, geneva, sans-serif; color: #423939;\">El brazo de control inferior es un componente estructural cr\u00edtico del sistema de suspensi\u00f3n delantera. Sirve como punto de conexi\u00f3n pivotante entre el bastidor del veh\u00edculo y el conjunto de la rueda delantera. Sus funciones principales son mantener la alineaci\u00f3n correcta de las ruedas, permitir el movimiento vertical controlado de las ruedas y absorber las fuerzas generadas durante la direcci\u00f3n y la conducci\u00f3n sobre las imperfecciones de la carretera. Un brazo de control defectuoso puede provocar un manejo inseguro, un desgaste irregular de los neum\u00e1ticos y una mala estabilidad del veh\u00edculo.<\/span><\/p>\n<p class=\"ds-markdown-paragraph\"><span style=\"font-family: verdana, geneva, sans-serif; color: #423939;\">Este brazo de control se fabrica seg\u00fan los rigurosos est\u00e1ndares de calidad de Toyota, que incluyen:<\/span><\/p>\n<ul>\n<li>\n<p class=\"ds-markdown-paragraph\"><span style=\"font-family: verdana, geneva, sans-serif; color: #423939;\"><strong>Chapa de acero estampada y soldada de alta resistencia a la tracci\u00f3n<\/strong>\u00a0El brazo est\u00e1 formado por acero de alta resistencia mediante procesos de estampaci\u00f3n y soldadura de precisi\u00f3n. Esta construcci\u00f3n proporciona una integridad estructural excepcional y resistencia a las importantes tensiones e impactos que se producen durante la conducci\u00f3n diaria.<\/span><\/p>\n<\/li>\n<li>\n<p class=\"ds-markdown-paragraph\"><span style=\"font-family: verdana, geneva, sans-serif; color: #423939;\"><strong>Revestimiento electrofor\u00e9tico superficial:<\/strong>\u00a0El componente se somete a un exhaustivo proceso de pintura electrofor\u00e9tica. Esta avanzada t\u00e9cnica de recubrimiento garantiza una capa anticorrosiva uniforme en toda la superficie, incluidas las zonas de dif\u00edcil acceso, lo que proporciona una protecci\u00f3n superior contra la oxidaci\u00f3n y la degradaci\u00f3n causadas por factores ambientales.<\/span><\/p>\n<\/li>\n<\/ul>","protected":false},"excerpt":{"rendered":"<p><span style=\"font-family: verdana, geneva, sans-serif; color: #403737;\"><strong><b>Nombre del producto\uff1a<\/b><\/strong><span style=\"font-family: verdana, geneva, sans-serif; color: #423939;\">Brazo de control inferior<\/span><\/span><br \/>\n<span style=\"font-family: verdana, geneva, sans-serif; color: #403737;\"><strong><b>Garant\u00eda\uff1a<\/b><\/strong>1 a\u00f1o<\/span><br \/>\n<span style=\"font-family: verdana, geneva, sans-serif; color: #403737;\"><strong><b>Condici\u00f3n\uff1a<\/b><\/strong>Nuevo<\/span><br \/>\n<span style=\"font-family: verdana, geneva, sans-serif; color: #403737;\"><strong><b>Modelo de coche\uff1a<\/b><\/strong>Toyota Corolla (2000-2008)<\/span><br \/>\n<span style=\"font-family: verdana, geneva, sans-serif; color: #403737;\"><strong><b>OEM NO.: <\/b><\/strong><span style=\"font-family: verdana, geneva, sans-serif; color: #423939;\">48068-02150<\/span><\/span><br \/>\n<span style=\"font-family: verdana, geneva, sans-serif; color: #403737;\"><strong><b>Calidad:<\/b><\/strong>\u00a0100% Probado<\/span><\/p>","protected":false},"featured_media":1866,"comment_status":"closed","ping_status":"closed","template":"","meta":[],"product_cat":[50],"product_tag":[],"class_list":{"0":"post-1865","1":"product","2":"type-product","3":"status-publish","4":"has-post-thumbnail","6":"product_cat-chassis-parts","8":"first","9":"instock","10":"shipping-taxable","11":"product-type-simple"},"_links":{"self":[{"href":"https:\/\/carbitautoparts.com\/es\/wp-json\/wp\/v2\/product\/1865","targetHints":{"allow":["GET"]}}],"collection":[{"href":"https:\/\/carbitautoparts.com\/es\/wp-json\/wp\/v2\/product"}],"about":[{"href":"https:\/\/carbitautoparts.com\/es\/wp-json\/wp\/v2\/types\/product"}],"replies":[{"embeddable":true,"href":"https:\/\/carbitautoparts.com\/es\/wp-json\/wp\/v2\/comments?post=1865"}],"wp:featuredmedia":[{"embeddable":true,"href":"https:\/\/carbitautoparts.com\/es\/wp-json\/wp\/v2\/media\/1866"}],"wp:attachment":[{"href":"https:\/\/carbitautoparts.com\/es\/wp-json\/wp\/v2\/media?parent=1865"}],"wp:term":[{"taxonomy":"product_cat","embeddable":true,"href":"https:\/\/carbitautoparts.com\/es\/wp-json\/wp\/v2\/product_cat?post=1865"},{"taxonomy":"product_tag","embeddable":true,"href":"https:\/\/carbitautoparts.com\/es\/wp-json\/wp\/v2\/product_tag?post=1865"}],"curies":[{"name":"wp","href":"https:\/\/api.w.org\/{rel}","templated":true}]}}