{"id":1879,"date":"2025-09-28T19:24:34","date_gmt":"2025-09-28T11:24:34","guid":{"rendered":"https:\/\/carbitautoparts.com\/?post_type=product&#038;p=1879"},"modified":"2025-09-28T19:24:34","modified_gmt":"2025-09-28T11:24:34","slug":"stabilizer-link-for-hyundai-ix35-tucson-oem-55250-2z000","status":"publish","type":"product","link":"https:\/\/carbitautoparts.com\/es\/product\/estabilizador-de-enlace-para-hyundai-ix35-tucson-oem-55250-2z000\/","title":{"rendered":"Barra estabilizadora para Hyundai IX35 \/ Tucson-OEM: 55250-2Z000"},"content":{"rendered":"<h3><span style=\"font-family: verdana, geneva, sans-serif; color: #473939;\"><strong>Barra estabilizadora profesional para Hyundai IX35 \/ Tucson | OEM: 55250-2Z000<\/strong><\/span><\/h3>\n<p class=\"ds-markdown-paragraph\"><span style=\"font-family: verdana, geneva, sans-serif; color: #473939;\"><strong>Mejore la calidad de conducci\u00f3n y la seguridad de su Hyundai IX35 con nuestra barra estabilizadora de recambio directo. Esta pieza de primera calidad est\u00e1 dise\u00f1ada para restaurar la precisi\u00f3n de manejo de su veh\u00edculo, eliminar los ruidos de golpeteo y garantizar un contacto \u00f3ptimo de los neum\u00e1ticos con la carretera.<\/strong><\/span><\/p>\n<hr \/>\n<p class=\"ds-markdown-paragraph\"><span style=\"font-family: verdana, geneva, sans-serif; color: #473939;\">Este enlace estabilizador es un reemplazo OEM perfecto, que coincide con las especificaciones exactas de su componente original (N\u00famero OEM:\u00a0<strong>55250-2Z000<\/strong>). Est\u00e1 dise\u00f1ado para un ajuste preciso y una instalaci\u00f3n perfecta en varios Hyundai IX35 (tambi\u00e9n conocido como el Tucson) modelo .<\/span><\/p>\n<ul>\n<li>\n<p class=\"ds-markdown-paragraph\"><span style=\"font-family: verdana, geneva, sans-serif; color: #473939;\"><strong>Forja de acero de alta resistencia:<\/strong>\u00a0El v\u00e1stago central y el alojamiento del esp\u00e1rrago esf\u00e9rico est\u00e1n forjados en acero con alto contenido de carbono, lo que proporciona una excepcional resistencia a la tracci\u00f3n y a la flexi\u00f3n o rotura bajo carga.<\/span><\/p>\n<\/li>\n<li>\n<p class=\"ds-markdown-paragraph\"><span style=\"font-family: verdana, geneva, sans-serif; color: #473939;\"><strong>Dise\u00f1o de r\u00f3tula de precisi\u00f3n:<\/strong>\u00a0Presenta un esp\u00e1rrago esf\u00e9rico de acero endurecido asentado dentro de un cojinete de pol\u00edmero compuesto. Este dise\u00f1o permite una articulaci\u00f3n suave y de baja fricci\u00f3n en m\u00faltiples direcciones a la vez que est\u00e1 sellado contra contaminantes.<\/span><\/p>\n<\/li>\n<li>\n<p class=\"ds-markdown-paragraph\"><span style=\"font-family: verdana, geneva, sans-serif; color: #473939;\"><strong>Bujes de goma avanzados:<\/strong>\u00a0Los casquillos integrales est\u00e1n fabricados con caucho de alta calidad resistente a la intemperie, formulado para resistir el agrietamiento, la degradaci\u00f3n por ozono y el aceite, garantizando flexibilidad y amortiguaci\u00f3n de vibraciones a largo plazo.<\/span><\/p>\n<\/li>\n<li>\n<p class=\"ds-markdown-paragraph\"><span style=\"font-family: verdana, geneva, sans-serif; color: #473939;\"><strong>S\u00f3lida protecci\u00f3n contra la corrosi\u00f3n:<\/strong> Todo el conjunto se somete a un tratamiento de pintura electrofor\u00e9tica para resistir el \u00f3xido y prolongar la vida \u00fatil, incluso en condiciones invernales.<\/span><\/p>\n<\/li>\n<\/ul>","protected":false},"excerpt":{"rendered":"<p><span style=\"font-family: verdana, geneva, sans-serif;\"><strong><b>Nombre del producto\uff1a<\/b><\/strong>Eslab\u00f3n estabilizador<\/span><br \/>\n<span style=\"font-family: verdana, geneva, sans-serif;\"><strong><b>Garant\u00eda\uff1a<\/b><\/strong>1 a\u00f1o<\/span><br \/>\n<span style=\"font-family: verdana, geneva, sans-serif;\"><strong><b>Condici\u00f3n\uff1a<\/b><\/strong>Nuevo<\/span><br \/>\n<span style=\"font-family: verdana, geneva, sans-serif;\"><strong><b>Modelo de coche\uff1a<\/b><\/strong><span style=\"font-family: verdana, geneva, sans-serif; color: #473939;\">Hyundai IX35<\/span> (2010-2013)<\/span><br \/>\n<span style=\"font-family: verdana, geneva, sans-serif;\"><strong><b>OEM NO.:<\/b><\/strong>55250-2Z000<\/span><br \/>\n<span style=\"font-family: verdana, geneva, sans-serif;\"><strong><b>Calidad:<\/b><\/strong>\u00a0100% Probado<\/span><\/p>","protected":false},"featured_media":1880,"comment_status":"closed","ping_status":"closed","template":"","meta":[],"product_cat":[50],"product_tag":[],"class_list":{"0":"post-1879","1":"product","2":"type-product","3":"status-publish","4":"has-post-thumbnail","6":"product_cat-chassis-parts","8":"first","9":"instock","10":"shipping-taxable","11":"product-type-simple"},"_links":{"self":[{"href":"https:\/\/carbitautoparts.com\/es\/wp-json\/wp\/v2\/product\/1879","targetHints":{"allow":["GET"]}}],"collection":[{"href":"https:\/\/carbitautoparts.com\/es\/wp-json\/wp\/v2\/product"}],"about":[{"href":"https:\/\/carbitautoparts.com\/es\/wp-json\/wp\/v2\/types\/product"}],"replies":[{"embeddable":true,"href":"https:\/\/carbitautoparts.com\/es\/wp-json\/wp\/v2\/comments?post=1879"}],"wp:featuredmedia":[{"embeddable":true,"href":"https:\/\/carbitautoparts.com\/es\/wp-json\/wp\/v2\/media\/1880"}],"wp:attachment":[{"href":"https:\/\/carbitautoparts.com\/es\/wp-json\/wp\/v2\/media?parent=1879"}],"wp:term":[{"taxonomy":"product_cat","embeddable":true,"href":"https:\/\/carbitautoparts.com\/es\/wp-json\/wp\/v2\/product_cat?post=1879"},{"taxonomy":"product_tag","embeddable":true,"href":"https:\/\/carbitautoparts.com\/es\/wp-json\/wp\/v2\/product_tag?post=1879"}],"curies":[{"name":"wp","href":"https:\/\/api.w.org\/{rel}","templated":true}]}}