{"id":1928,"date":"2026-01-15T11:44:47","date_gmt":"2026-01-15T03:44:47","guid":{"rendered":"https:\/\/carbitautoparts.com\/?post_type=product&#038;p=1928"},"modified":"2026-01-15T11:56:16","modified_gmt":"2026-01-15T03:56:16","slug":"shock-absorber-for-hyundai-genesis-coupe-oem-546512m101-546512m500","status":"publish","type":"product","link":"https:\/\/carbitautoparts.com\/es\/product\/amortiguador-para-hyundai-genesis-coupe-oem-546512m101-546512m500\/","title":{"rendered":"Amortiguador para Hyundai Genesis Coupe- OEM 546512M101\/546512M500"},"content":{"rendered":"<p><span style=\"font-family: verdana, geneva, sans-serif; color: #383434;\"><strong>Amortiguador trasero de alto rendimiento: conducci\u00f3n suave y estabilidad mejorada<\/strong><\/span><br \/>\n<span style=\"font-family: verdana, geneva, sans-serif; color: #383434;\">Mejore su suspensi\u00f3n con este amortiguador trasero de primera calidad dise\u00f1ado para ofrecer un confort de marcha superior, un manejo sensible y durabilidad a largo plazo. Con tecnolog\u00eda de carga por gas, materiales resistentes a la corrosi\u00f3n y funcionamiento silencioso, perfecto para mejorar la seguridad del veh\u00edculo y la experiencia de conducci\u00f3n. Dise\u00f1o de atornillado directo para una instalaci\u00f3n sin complicaciones.<\/span><\/p>\n<hr \/>\n<p><span style=\"font-family: verdana, geneva, sans-serif; color: #383434;\"><strong><b>Principales ventajas<\/b><\/strong><strong><b>\uff1a<\/b><\/strong><strong><b>Ajuste OEM preciso<\/b><\/strong><strong><b><br \/>\n<\/b><\/strong>Dise\u00f1ado para la sustituci\u00f3n directa de los amortiguadores de f\u00e1brica - no requiere modificaciones.<\/span><br \/>\n<span style=\"font-family: verdana, geneva, sans-serif; color: #383434;\"><strong><b>Conducci\u00f3n suave y estable<\/b><\/strong><\/span><\/p>\n<p><span style=\"font-family: verdana, geneva, sans-serif; color: #383434;\">Absorbe eficazmente los baches y las vibraciones de la carretera, mejorando la calidad de la conducci\u00f3n y reduciendo el balanceo de la carrocer\u00eda.<\/span><\/p>\n<p><span style=\"font-family: verdana, geneva, sans-serif; color: #383434;\"><strong><b>Construcci\u00f3n duradera y resistente a la corrosi\u00f3n<\/b><\/strong><\/span><\/p>\n<p><span style=\"font-family: verdana, geneva, sans-serif; color: #383434;\">Fabricado con materiales de primera calidad y revestimiento antioxidante para garantizar un rendimiento duradero.<\/span><\/p>\n<p><span style=\"font-family: verdana, geneva, sans-serif; color: #383434;\"><strong><b>Manejo y seguridad mejorados<\/b><\/strong><strong><b><br \/>\n<\/b><\/strong>Mejora el contacto de los neum\u00e1ticos con la carretera, lo que se traduce en un mejor frenado y trazado de las curvas.<\/span><br \/>\n<span style=\"font-family: verdana, geneva, sans-serif; color: #383434;\"><strong><b>Funcionamiento silencioso<\/b><\/strong><\/span><\/p>\n<p><span style=\"font-family: verdana, geneva, sans-serif; color: #383434;\">Dise\u00f1ado para minimizar el ruido y la aspereza para una experiencia de conducci\u00f3n m\u00e1s silenciosa y confortable.<\/span><\/p>\n<p><span style=\"font-family: verdana, geneva, sans-serif; color: #383434;\"><strong><b>Consejos de instalaci\u00f3n<\/b><\/strong><\/span><\/p>\n<p><span style=\"font-family: verdana, geneva, sans-serif; color: #383434;\">Se recomienda una instalaci\u00f3n profesional para un rendimiento y una seguridad \u00f3ptimos.<\/span><\/p>\n<p><span style=\"font-family: verdana, geneva, sans-serif; color: #383434;\">Sustituya siempre los amortiguadores por parejas (por ejemplo, izquierda y derecha) para mantener el equilibrio del veh\u00edculo.<\/span><\/p>\n<p><span style=\"font-family: verdana, geneva, sans-serif; color: #383434;\">Compruebe el a\u00f1o, la marca y el modelo de su veh\u00edculo antes de la compra para garantizar la compatibilidad.<\/span><\/p>","protected":false},"excerpt":{"rendered":"<p><span style=\"font-family: verdana, geneva, sans-serif;\"><strong><b>Nombre del producto\uff1aAmortiguador<br \/>\nCondici\u00f3n\uff1aNuevo<br \/>\nTipo de amortiguador: Cargado por gas \/ Hidr\u00e1ulico<\/b><br \/>\nTipo de montaje: Atornillado directo<br \/>\nMaterial: Acero de aleaci\u00f3n de alta resistencia<br \/>\n<b>Modelo de coche\uff1aHyundai Genesis Coupe<\/b><br \/>\n<b>OEM NO.:546512M101\/546512M500<br \/>\n<\/b><\/strong><\/span><strong><span style=\"font-family: verdana, geneva, sans-serif;\">Garant\u00eda: 12 meses \/ 50.000 km<\/span><\/strong><\/p>","protected":false},"featured_media":1929,"comment_status":"closed","ping_status":"closed","template":"","meta":[],"product_cat":[50],"product_tag":[54],"class_list":{"0":"post-1928","1":"product","2":"type-product","3":"status-publish","4":"has-post-thumbnail","6":"product_cat-chassis-parts","7":"product_tag-shock-absorber-for-hyundai-genesis-coupe-oem-546512m101-546512m500","9":"first","10":"instock","11":"shipping-taxable","12":"product-type-simple"},"_links":{"self":[{"href":"https:\/\/carbitautoparts.com\/es\/wp-json\/wp\/v2\/product\/1928","targetHints":{"allow":["GET"]}}],"collection":[{"href":"https:\/\/carbitautoparts.com\/es\/wp-json\/wp\/v2\/product"}],"about":[{"href":"https:\/\/carbitautoparts.com\/es\/wp-json\/wp\/v2\/types\/product"}],"replies":[{"embeddable":true,"href":"https:\/\/carbitautoparts.com\/es\/wp-json\/wp\/v2\/comments?post=1928"}],"wp:featuredmedia":[{"embeddable":true,"href":"https:\/\/carbitautoparts.com\/es\/wp-json\/wp\/v2\/media\/1929"}],"wp:attachment":[{"href":"https:\/\/carbitautoparts.com\/es\/wp-json\/wp\/v2\/media?parent=1928"}],"wp:term":[{"taxonomy":"product_cat","embeddable":true,"href":"https:\/\/carbitautoparts.com\/es\/wp-json\/wp\/v2\/product_cat?post=1928"},{"taxonomy":"product_tag","embeddable":true,"href":"https:\/\/carbitautoparts.com\/es\/wp-json\/wp\/v2\/product_tag?post=1928"}],"curies":[{"name":"wp","href":"https:\/\/api.w.org\/{rel}","templated":true}]}}