{"id":322,"date":"2025-02-12T20:10:47","date_gmt":"2025-02-12T12:10:47","guid":{"rendered":"https:\/\/carbitautoparts.com\/?post_type=product&#038;p=322"},"modified":"2025-03-07T18:16:12","modified_gmt":"2025-03-07T10:16:12","slug":"solar-powered-wireless-tpms-tire-pressure-monitoring-system","status":"publish","type":"product","link":"https:\/\/carbitautoparts.com\/es\/product\/sistema-inalambrico-de-control-de-la-presion-de-los-neumaticos-tpms-alimentado-por-energia-solar\/","title":{"rendered":"TPMS inal\u00e1mbrico alimentado por energ\u00eda solar (sistema de control de presi\u00f3n de neum\u00e1ticos)"},"content":{"rendered":"<p>&nbsp;<\/p>\n<p>&nbsp;<\/p>\n<p><img fetchpriority=\"high\" decoding=\"async\" class=\"wp-image-861 alignleft\" src=\"https:\/\/carbitautoparts.com\/wp-content\/uploads\/2025\/02\/\u5c4f\u5e55\u622a\u56fe-2025-02-18-114635-2.jpg\" alt=\"\" width=\"442\" height=\"636\" srcset=\"https:\/\/carbitautoparts.com\/wp-content\/uploads\/2025\/02\/\u5c4f\u5e55\u622a\u56fe-2025-02-18-114635-2.jpg 595w, https:\/\/carbitautoparts.com\/wp-content\/uploads\/2025\/02\/\u5c4f\u5e55\u622a\u56fe-2025-02-18-114635-2-209x300.jpg 209w, https:\/\/carbitautoparts.com\/wp-content\/uploads\/2025\/02\/\u5c4f\u5e55\u622a\u56fe-2025-02-18-114635-2-150x216.jpg 150w\" sizes=\"(max-width: 442px) 100vw, 442px\" \/><\/p>\n<p>&nbsp;<\/p>\n<p>&nbsp;<\/p>\n<p>&nbsp;<\/p>\n<ul>\n<li><span style=\"font-family: verdana, geneva, sans-serif;\">Nuestro TPMS inal\u00e1mbrico alimentado por energ\u00eda solar utiliza chips inteligentes avanzados para una mayor precisi\u00f3n. <\/span><br \/>\n<span style=\"font-family: verdana, geneva, sans-serif;\">Ofrece detecci\u00f3n precisa, alertas oportunas, transmisi\u00f3n de se\u00f1al estable y alcance de recepci\u00f3n ampliado, <\/span><br \/>\n<span style=\"font-family: verdana, geneva, sans-serif;\"><span style=\"font-family: verdana, geneva, sans-serif;\">bajo consumo y gran resistencia a diversos tipos de interferencias electromagn\u00e9ticas.<\/span><\/span><\/li>\n<li><span style=\"font-family: verdana, geneva, sans-serif;\">Utiliza sensores incorporados en los neum\u00e1ticos para una mayor precisi\u00f3n, seguridad superior, resistencia al robo y eliminaci\u00f3n del riesgo de fugas de aire.<\/span><\/li>\n<\/ul>\n<p>&nbsp;<\/p>\n<p>&nbsp;<\/p>\n<p>&nbsp;<\/p>\n<p>&nbsp;<\/p>\n<p>&nbsp;<\/p>\n<p>&nbsp;<\/p>\n<p>&nbsp;<\/p>\n<p>&nbsp;<\/p>\n<p>&nbsp;<\/p>\n<p>&nbsp;<\/p>\n<p>&nbsp;<\/p>\n<p><img decoding=\"async\" class=\"alignright wp-image-961\" src=\"https:\/\/carbitautoparts.com\/wp-content\/uploads\/2025\/02\/O1CN01ndVyVa1vZEwYHduer_2200620026186-0-cib-2-1024x1024.jpg\" alt=\"\" width=\"410\" height=\"410\" srcset=\"https:\/\/carbitautoparts.com\/wp-content\/uploads\/2025\/02\/O1CN01ndVyVa1vZEwYHduer_2200620026186-0-cib-2-1024x1024.jpg 1024w, https:\/\/carbitautoparts.com\/wp-content\/uploads\/2025\/02\/O1CN01ndVyVa1vZEwYHduer_2200620026186-0-cib-2-300x300.jpg 300w, https:\/\/carbitautoparts.com\/wp-content\/uploads\/2025\/02\/O1CN01ndVyVa1vZEwYHduer_2200620026186-0-cib-2-150x150.jpg 150w, https:\/\/carbitautoparts.com\/wp-content\/uploads\/2025\/02\/O1CN01ndVyVa1vZEwYHduer_2200620026186-0-cib-2-768x768.jpg 768w, https:\/\/carbitautoparts.com\/wp-content\/uploads\/2025\/02\/O1CN01ndVyVa1vZEwYHduer_2200620026186-0-cib-2-600x600.jpg 600w, https:\/\/carbitautoparts.com\/wp-content\/uploads\/2025\/02\/O1CN01ndVyVa1vZEwYHduer_2200620026186-0-cib-2.jpg 1080w\" sizes=\"(max-width: 410px) 100vw, 410px\" \/><\/p>\n<p>&nbsp;<\/p>\n<p><strong><span style=\"font-family: verdana, geneva, sans-serif;\">Conmutaci\u00f3n inteligente<\/span><\/strong><\/p>\n<ul>\n<li><span style=\"font-family: verdana, geneva, sans-serif;\">Enciende autom\u00e1ticamente el TPMS despu\u00e9s de que el coche se<br \/>\nempez\u00f3.<\/span><\/li>\n<li><span style=\"font-family: verdana, geneva, sans-serif;\">Se apaga autom\u00e1ticamente cuando el coche est\u00e1 parado.<\/span><\/li>\n<li><span style=\"font-family: verdana, geneva, sans-serif;\"><span style=\"font-family: verdana, geneva, sans-serif;\"><span style=\"font-family: verdana, geneva, sans-serif;\">Instalaci\u00f3n sencilla y r\u00e1pida sin necesidad de conexi\u00f3n<br \/>\ncon ning\u00fan cable.<\/span><\/span><\/span><\/li>\n<li><span style=\"font-family: verdana, geneva, sans-serif;\">Est\u00e1ndar de estanqueidad IPX7 para sensores.<br \/>\n<\/span><\/li>\n<li><span style=\"font-family: verdana, geneva, sans-serif;\"><span style=\"font-family: verdana, geneva, sans-serif;\">Tonos de aviso personalizables en varios idiomas (versi\u00f3n con aviso de voz)<\/span><\/span><\/li>\n<\/ul>\n<p>&nbsp;<\/p>\n<p>&nbsp;<\/p>\n<p>&nbsp;<\/p>\n<p>El TPMS ha obtenido las certificaciones ISO9001:2015 e IATF 16949:2016. Ha sido rigurosamente inspeccionado y aprobado por varios organismos reguladores nacionales e internacionales, como FCC, CE, ROHS y centros de inspecci\u00f3n de calidad de terceros. Adem\u00e1s, ha obtenido m\u00faltiples patentes para la tecnolog\u00eda de control de la presi\u00f3n de los neum\u00e1ticos y posee derechos de autor para el software de aplicaci\u00f3n asociado.<\/p>\n<p><img decoding=\"async\" class=\"size-large wp-image-864 aligncenter\" src=\"https:\/\/carbitautoparts.com\/wp-content\/uploads\/2025\/02\/WPS\u62fc\u56fe0-1-1024x187.png\" alt=\"\" width=\"1024\" height=\"187\" srcset=\"https:\/\/carbitautoparts.com\/wp-content\/uploads\/2025\/02\/WPS\u62fc\u56fe0-1-1024x187.png 1024w, https:\/\/carbitautoparts.com\/wp-content\/uploads\/2025\/02\/WPS\u62fc\u56fe0-1-300x55.png 300w, https:\/\/carbitautoparts.com\/wp-content\/uploads\/2025\/02\/WPS\u62fc\u56fe0-1-768x140.png 768w, https:\/\/carbitautoparts.com\/wp-content\/uploads\/2025\/02\/WPS\u62fc\u56fe0-1-1536x281.png 1536w, https:\/\/carbitautoparts.com\/wp-content\/uploads\/2025\/02\/WPS\u62fc\u56fe0-1-2048x374.png 2048w, https:\/\/carbitautoparts.com\/wp-content\/uploads\/2025\/02\/WPS\u62fc\u56fe0-1-600x110.png 600w, https:\/\/carbitautoparts.com\/wp-content\/uploads\/2025\/02\/WPS\u62fc\u56fe0-1-150x27.png 150w\" sizes=\"(max-width: 1024px) 100vw, 1024px\" \/><\/p>\n<p>&nbsp;<\/p>\n<p>&nbsp;<\/p>\n<p>&nbsp;<\/p>","protected":false},"excerpt":{"rendered":"<p><span style=\"color: #473636; font-family: verdana, geneva, sans-serif;\"><strong>Nombre del producto\uff1a<\/strong>TPMS inal\u00e1mbrico alimentado por energ\u00eda solar<br \/>\n<strong>Garant\u00eda\uff1a<\/strong>1 a\u00f1o<br \/>\n<strong>Condici\u00f3n\uff1a<\/strong>Nuevo<br \/>\n<strong>Tensi\u00f3n de funcionamiento\uff1a<\/strong>3.7V<br \/>\n<strong>Temperatura de funcionamiento:<\/strong> 70\u00b0C<br \/>\n<strong>Clase de impermeabilidad:<\/strong> IPX7<br \/>\n<strong>Tensi\u00f3n de carga:<\/strong> CC 5,1 V<br \/>\n<strong>Rango de presi\u00f3n:<\/strong>0\u223c6Bar<br \/>\n<strong>Frecuencia de transmisi\u00f3n:<\/strong> 433,92 MHZ<br \/>\n<strong>Potencia de transmisi\u00f3n:<\/strong> &gt;10dBm<br \/>\n<strong>Calidad:<\/strong> 100% Probado<br \/>\n<strong>Plazo de entrega:<\/strong> 3-7 d\u00edas<\/span><\/p>","protected":false},"featured_media":865,"comment_status":"closed","ping_status":"closed","template":"","meta":[],"product_cat":[25],"product_tag":[],"class_list":{"0":"post-322","1":"product","2":"type-product","3":"status-publish","4":"has-post-thumbnail","6":"product_cat-others-autoparts","8":"first","9":"instock","10":"shipping-taxable","11":"product-type-simple"},"_links":{"self":[{"href":"https:\/\/carbitautoparts.com\/es\/wp-json\/wp\/v2\/product\/322","targetHints":{"allow":["GET"]}}],"collection":[{"href":"https:\/\/carbitautoparts.com\/es\/wp-json\/wp\/v2\/product"}],"about":[{"href":"https:\/\/carbitautoparts.com\/es\/wp-json\/wp\/v2\/types\/product"}],"replies":[{"embeddable":true,"href":"https:\/\/carbitautoparts.com\/es\/wp-json\/wp\/v2\/comments?post=322"}],"wp:featuredmedia":[{"embeddable":true,"href":"https:\/\/carbitautoparts.com\/es\/wp-json\/wp\/v2\/media\/865"}],"wp:attachment":[{"href":"https:\/\/carbitautoparts.com\/es\/wp-json\/wp\/v2\/media?parent=322"}],"wp:term":[{"taxonomy":"product_cat","embeddable":true,"href":"https:\/\/carbitautoparts.com\/es\/wp-json\/wp\/v2\/product_cat?post=322"},{"taxonomy":"product_tag","embeddable":true,"href":"https:\/\/carbitautoparts.com\/es\/wp-json\/wp\/v2\/product_tag?post=322"}],"curies":[{"name":"wp","href":"https:\/\/api.w.org\/{rel}","templated":true}]}}