{"id":805,"date":"2025-02-20T10:16:45","date_gmt":"2025-02-20T02:16:45","guid":{"rendered":"https:\/\/carbitautoparts.com\/?post_type=product&#038;p=805"},"modified":"2025-05-06T15:39:07","modified_gmt":"2025-05-06T07:39:07","slug":"dual-iridium-spark-plug-for-toyota-camry-corolla-rav4-90919-01297","status":"publish","type":"product","link":"https:\/\/carbitautoparts.com\/es\/product\/bujia-dual-iridium-para-toyota-camry-corolla-rav4-90919-01297\/","title":{"rendered":"Buj\u00eda Dual Iridium para Toyota Camry\uff0cCorolla\uff0cRAV4-OEM 90919-01297"},"content":{"rendered":"<p><span style=\"font-family: verdana, geneva, sans-serif; color: #4f4d4d; font-size: 14pt;\"><strong>Rendimiento de encendido de precisi\u00f3n para una mayor eficiencia y durabilidad<\/strong><\/span><\/p>\n<p><span style=\"font-family: verdana, geneva, sans-serif; color: #636060;\">Maximice el rendimiento del motor y el ahorro de combustible con nuestro\u00a0<strong>Buj\u00eda Dual Iridium<\/strong> <strong>(OEM:90919-01297)<\/strong>Dise\u00f1ado espec\u00edficamente para los motores 1.8L, 2.0L y 2.5L de Toyota. Dise\u00f1ado para cumplir o superar<br \/>\nEsta buj\u00eda de alto rendimiento cumple las normas OEM y garantiza un encendido fiable, menos emisiones y una mayor vida \u00fatil para los modelos Camry, Corolla, Auris, RAV4 y Lexus.<\/span><\/p>\n<hr \/>\n<ul>\n<li><span style=\"font-family: verdana, geneva, sans-serif; color: #736f6f;\"><strong><b>Mayor vida \u00fatil<\/b><\/strong><\/span><\/li>\n<\/ul>\n<p style=\"padding-left: 40px;\"><span style=\"font-family: verdana, geneva, sans-serif; color: #736f6f;\">El material de iridio doble tiene una fuerte resistencia a la oxidaci\u00f3n, y el electrodo lateral<br \/>\nhace que el hueco de la buj\u00eda pr\u00e1cticamente no se desgaste, prolongando as\u00ed su vida \u00fatil.<\/span><\/p>\n<ul>\n<li><span style=\"font-family: verdana, geneva, sans-serif; color: #736f6f;\"><strong><b>Mayor rendimiento del encendido<\/b><\/strong><\/span><\/li>\n<\/ul>\n<p style=\"padding-left: 40px;\"><span style=\"font-family: verdana, geneva, sans-serif; color: #736f6f;\">Dise\u00f1o de doble aguja de iridio, buena conductividad t\u00e9rmica, uso de \"hot melt\".<br \/>\ncon un alto grado de hermeticidad. Garantiza que la temperatura se eleve a<br \/>\nla temperatura de autolimpieza a los pocos segundos de arrancar, aumentando el<br \/>\ntasa de ignici\u00f3n exitosa.<\/span><\/p>\n<ul>\n<li><span style=\"font-family: verdana, geneva, sans-serif; color: #736f6f;\"><strong><b>Encendido m\u00e1s r\u00e1pido <\/b><\/strong><\/span><\/li>\n<\/ul>\n<p style=\"padding-left: 40px;\"><span style=\"font-family: verdana, geneva, sans-serif; color: #736f6f;\">Mayor eficiencia de combustible y aceleraci\u00f3n m\u00e1s suave.<\/span><\/p>\n<ul>\n<li><span style=\"font-family: verdana, geneva, sans-serif; color: #736f6f;\"><strong><b>Ahorro de combustible<\/b><\/strong><\/span><\/li>\n<\/ul>\n<p style=\"padding-left: 40px;\"><span style=\"font-family: verdana, geneva, sans-serif; color: #736f6f;\">Los electrodos laterales est\u00e1n mecanizados en forma de cono, lo que aumenta la agregaci\u00f3n de carga<br \/>\ny mejora la trayectoria de encendido, ahorrando as\u00ed combustible y protegiendo su catalizador de tres v\u00edas para ahorrar costes de mantenimiento del coche.<\/span><\/p>\n<ul>\n<li><span style=\"font-family: verdana, geneva, sans-serif; color: #736f6f;\"><strong><b>Soluci\u00f3n a las sacudidas del motor<\/b><\/strong><\/span><\/li>\n<\/ul>\n<p style=\"padding-left: 40px;\"><span style=\"font-family: verdana, geneva, sans-serif; color: #736f6f;\">Resuelve eficazmente las vibraciones del motor causadas por la oxidaci\u00f3n de las buj\u00edas y mejora la potencia del motor.<\/span><\/p>","protected":false},"excerpt":{"rendered":"<p><span style=\"font-family: verdana, geneva, sans-serif; color: #4a4747;\"><strong>Nombre del producto\uff1a<\/strong>Buj\u00eda Dual Iridium <\/span><br \/>\n<span style=\"font-family: verdana, geneva, sans-serif; color: #4a4747;\"><strong>Garant\u00eda\uff1a<\/strong>1 a\u00f1o<\/span><br \/>\n<span style=\"font-family: verdana, geneva, sans-serif; color: #4a4747;\"><strong>Condici\u00f3n\uff1a<\/strong>Nuevo<\/span><br \/>\n<span style=\"font-family: verdana, geneva, sans-serif; color: #4a4747;\"><strong>Modelo de coche\uff1a<\/strong>Toyota Camry\/Corolla\/<span style=\"font-family: verdana, geneva, sans-serif; color: #636060;\">Auris<\/span>\/RAV4\/Lexus<\/span><br \/>\n<span style=\"font-family: verdana, geneva, sans-serif; color: #4a4747;\"><strong>OEM NO.:<\/strong> 90919-01297<\/span><br \/>\n<span style=\"font-family: verdana, geneva, sans-serif; color: #4a4747;\"><strong>Calidad:<\/strong>\u00a0100% Probado<\/span><br \/>\n<span style=\"font-family: verdana, geneva, sans-serif; color: #4a4747;\"><strong>Plazo de entrega:<\/strong>\u00a03-7 d\u00edas<\/span><\/p>","protected":false},"featured_media":806,"comment_status":"closed","ping_status":"closed","template":"","meta":[],"product_cat":[18],"product_tag":[],"class_list":{"0":"post-805","1":"product","2":"type-product","3":"status-publish","4":"has-post-thumbnail","6":"product_cat-engine-parts","8":"first","9":"instock","10":"featured","11":"shipping-taxable","12":"product-type-simple"},"_links":{"self":[{"href":"https:\/\/carbitautoparts.com\/es\/wp-json\/wp\/v2\/product\/805","targetHints":{"allow":["GET"]}}],"collection":[{"href":"https:\/\/carbitautoparts.com\/es\/wp-json\/wp\/v2\/product"}],"about":[{"href":"https:\/\/carbitautoparts.com\/es\/wp-json\/wp\/v2\/types\/product"}],"replies":[{"embeddable":true,"href":"https:\/\/carbitautoparts.com\/es\/wp-json\/wp\/v2\/comments?post=805"}],"wp:featuredmedia":[{"embeddable":true,"href":"https:\/\/carbitautoparts.com\/es\/wp-json\/wp\/v2\/media\/806"}],"wp:attachment":[{"href":"https:\/\/carbitautoparts.com\/es\/wp-json\/wp\/v2\/media?parent=805"}],"wp:term":[{"taxonomy":"product_cat","embeddable":true,"href":"https:\/\/carbitautoparts.com\/es\/wp-json\/wp\/v2\/product_cat?post=805"},{"taxonomy":"product_tag","embeddable":true,"href":"https:\/\/carbitautoparts.com\/es\/wp-json\/wp\/v2\/product_tag?post=805"}],"curies":[{"name":"wp","href":"https:\/\/api.w.org\/{rel}","templated":true}]}}