{"id":828,"date":"2025-02-20T18:00:27","date_gmt":"2025-02-20T10:00:27","guid":{"rendered":"https:\/\/carbitautoparts.com\/?post_type=product&#038;p=828"},"modified":"2025-09-29T11:20:43","modified_gmt":"2025-09-29T03:20:43","slug":"mazda-3-starter-oem-88320-48150","status":"publish","type":"product","link":"https:\/\/carbitautoparts.com\/es\/product\/mazda-3-motor-de-arranque-oem-88320-48150\/","title":{"rendered":"MAZDA 3 6 CX-5 Motor de arranque - OEM 88320-48150"},"content":{"rendered":"<p style=\"padding-left: 40px;\"><span style=\"font-family: verdana, geneva, sans-serif; color: #4d4949;\"><strong>Componente del sistema de encendido de alto rendimiento para veh\u00edculos Mazda<\/strong><\/span><\/p>\n<hr \/>\n<ul>\n<li><span style=\"font-family: verdana, geneva, sans-serif; color: #5c5757;\"><span style=\"font-family: verdana, geneva, sans-serif; color: #5c5757;\"><strong><b>H<\/b><\/strong><strong><b>igh<\/b><\/strong><strong><b>\u00a0P<\/b><\/strong><strong><b>erformance<\/b><\/strong><strong><b>\u00a0D<\/b><\/strong><strong><b>esign<\/b><\/strong><strong><b>: <\/b><\/strong>Utiliza tecnolog\u00eda electromagn\u00e9tica avanzada y un sistema de engranajes de precisi\u00f3n para proporcionar una mayor eficacia de arranque y una vida \u00fatil m\u00e1s larga. Puede arrancar de forma r\u00e1pida y fiable tanto en ambientes extremadamente fr\u00edos como calientes.<\/span><\/span><\/li>\n<li><span style=\"font-family: verdana, geneva, sans-serif; color: #5c5757;\"><span style=\"font-family: verdana, geneva, sans-serif; color: #5c5757;\"><strong><b>E<\/b><\/strong><strong><b>xcelente<\/b><\/strong><strong><b>\u00a0C<\/b><\/strong><strong><b>ompatabilidad<\/b><\/strong><strong><b>: <\/b><\/strong>Fabricado siguiendo estrictamente las especificaciones de Mazda para garantizar una compatibilidad perfecta.<\/span><\/span><\/li>\n<li><span style=\"font-family: verdana, geneva, sans-serif; color: #5c5757;\"><strong><b>D<\/b><\/strong><strong><b>urabilidad<\/b><\/strong><strong><b>:<\/b><\/strong>\u00a0Utiliza materiales de alta resistencia y revestimientos resistentes a la corrosi\u00f3n para garantizar la durabilidad en diversos climas.<\/span><\/li>\n<\/ul>","protected":false},"excerpt":{"rendered":"<p><span style=\"font-family: verdana, geneva, sans-serif;\"><strong>Nombre del producto\uff1a<\/strong>Motor de arranque<br \/>\n<\/span><strong style=\"font-family: verdana, geneva, sans-serif;\">Garant\u00eda\uff1a<\/strong><span style=\"font-family: verdana, geneva, sans-serif;\">1 a\u00f1o<br \/>\n<\/span><strong style=\"font-family: verdana, geneva, sans-serif;\">Condici\u00f3n\uff1a<\/strong><span style=\"font-family: verdana, geneva, sans-serif;\">Nuevo<br \/>\n<\/span><strong style=\"font-family: verdana, geneva, sans-serif;\">Modelo de coche\uff1a<\/strong><span style=\"font-family: verdana, geneva, sans-serif;\">MAZDA 3 6 CX-5<br \/>\n<\/span><strong style=\"font-family: verdana, geneva, sans-serif;\">Tensi\u00f3n:\u00a0<\/strong><span style=\"font-family: verdana, geneva, sans-serif;\">12V<br \/>\n<\/span><strong style=\"font-family: verdana, geneva, sans-serif;\">OEM NO.: <\/strong><span style=\"font-family: verdana, geneva, sans-serif;\">PE0718400<br \/>\n<\/span><strong style=\"font-family: verdana, geneva, sans-serif;\">Calidad: <\/strong><span style=\"font-family: verdana, geneva, sans-serif;\">100% Probado<\/span><br \/>\n<strong style=\"font-family: verdana, geneva, sans-serif;\">Plazo de entrega: <\/strong><span style=\"font-family: verdana, geneva, sans-serif;\">3-7 d\u00edas<\/span><\/p>","protected":false},"featured_media":851,"comment_status":"closed","ping_status":"closed","template":"","meta":[],"product_cat":[19],"product_tag":[],"class_list":{"0":"post-828","1":"product","2":"type-product","3":"status-publish","4":"has-post-thumbnail","6":"product_cat-electric-almotor-parts","8":"first","9":"instock","10":"shipping-taxable","11":"product-type-simple"},"_links":{"self":[{"href":"https:\/\/carbitautoparts.com\/es\/wp-json\/wp\/v2\/product\/828","targetHints":{"allow":["GET"]}}],"collection":[{"href":"https:\/\/carbitautoparts.com\/es\/wp-json\/wp\/v2\/product"}],"about":[{"href":"https:\/\/carbitautoparts.com\/es\/wp-json\/wp\/v2\/types\/product"}],"replies":[{"embeddable":true,"href":"https:\/\/carbitautoparts.com\/es\/wp-json\/wp\/v2\/comments?post=828"}],"wp:featuredmedia":[{"embeddable":true,"href":"https:\/\/carbitautoparts.com\/es\/wp-json\/wp\/v2\/media\/851"}],"wp:attachment":[{"href":"https:\/\/carbitautoparts.com\/es\/wp-json\/wp\/v2\/media?parent=828"}],"wp:term":[{"taxonomy":"product_cat","embeddable":true,"href":"https:\/\/carbitautoparts.com\/es\/wp-json\/wp\/v2\/product_cat?post=828"},{"taxonomy":"product_tag","embeddable":true,"href":"https:\/\/carbitautoparts.com\/es\/wp-json\/wp\/v2\/product_tag?post=828"}],"curies":[{"name":"wp","href":"https:\/\/api.w.org\/{rel}","templated":true}]}}