{"id":872,"date":"2025-02-21T11:17:26","date_gmt":"2025-02-21T03:17:26","guid":{"rendered":"https:\/\/carbitautoparts.com\/?post_type=product&#038;p=872"},"modified":"2025-03-31T09:28:01","modified_gmt":"2025-03-31T01:28:01","slug":"engine-valve-cover-for-bmw-3-5-7-x3-x5-series-oem-11127570292","status":"publish","type":"product","link":"https:\/\/carbitautoparts.com\/es\/product\/tapa-de-la-valvula-del-motor-para-bmw-3-5-7-x3-x5-series-oem-11127570292\/","title":{"rendered":"Tapa de la v\u00e1lvula del motor para BMW Serie 3\/5\/7\/X3\/X5-OEM 11127570292"},"content":{"rendered":"<p style=\"padding-left: 40px;\"><span style=\"font-family: verdana, geneva, sans-serif; color: #5e5959;\"><strong>Protecci\u00f3n de precisi\u00f3n para motores BMW<\/strong><\/span><\/p>\n<hr \/>\n<ul>\n<li><span style=\"color: #636060;\"><span style=\"font-family: verdana, geneva, sans-serif;\"><strong>Construcci\u00f3n avanzada de pl\u00e1stico<br \/>\n<\/strong><\/span><span style=\"font-family: verdana, geneva, sans-serif;\"><strong><br \/>\n-Material de alta resistencia<\/strong><br \/>\n<\/span><span style=\"font-family: verdana, geneva, sans-serif;\"><strong>-V\u00e1lvula PCV integrada<\/strong> para una ventilaci\u00f3n precisa del c\u00e1rter.<br \/>\n<\/span><span style=\"font-family: verdana, geneva, sans-serif;\"><strong>-Resistente al calor<\/strong> hasta 180\u00b0C (356\u00b0F) para motores turboalimentados.<\/span><\/span><\/li>\n<li><span style=\"font-family: verdana, geneva, sans-serif; color: #636060;\"><strong>Dise\u00f1o sin fugas<\/strong><\/span><span style=\"color: #636060;\"><span style=\"font-family: verdana, geneva, sans-serif;\"><strong>-Preinstalado h<\/strong><\/span><strong><span style=\"font-family: verdana, geneva, sans-serif;\">caucho de alta calidad <\/span><\/strong><span style=\"font-family: verdana, geneva, sans-serif;\"><strong>junta<\/strong> con tecnolog\u00eda de sellado multicapa,<br \/>\n<\/span><span style=\"font-family: verdana, geneva, sans-serif;\">Resistente a altas temperaturas y a la corrosi\u00f3n para una mayor vida \u00fatil.<br \/>\n<\/span><strong style=\"font-family: verdana, geneva, sans-serif;\">-Costillas antideformaci\u00f3n<\/strong><span style=\"font-family: verdana, geneva, sans-serif;\">\u00a0para una estabilidad a largo plazo<\/span><\/span><\/li>\n<li><span style=\"color: #636060;\"><strong><span style=\"font-family: verdana, geneva, sans-serif;\">Dise\u00f1o original de tama\u00f1o preciso<\/span><\/strong><\/span><span style=\"font-family: verdana, geneva, sans-serif; color: #636060;\">El dise\u00f1o original de tama\u00f1o preciso es f\u00e1cil y r\u00e1pido de instalar, sin necesidad de modificaciones.<\/span><\/li>\n<\/ul>\n<p>&nbsp;<\/p>","protected":false},"excerpt":{"rendered":"<p><span style=\"font-family: verdana, geneva, sans-serif;\"><strong>Nombre del producto\uff1a<\/strong>Montaje de faros<\/span><br \/>\n<span style=\"font-family: verdana, geneva, sans-serif;\"><strong>Garant\u00eda\uff1a<\/strong>1 a\u00f1o<\/span><br \/>\n<span style=\"font-family: verdana, geneva, sans-serif;\"><strong>Condici\u00f3n\uff1a<\/strong>Nuevo<\/span><br \/>\n<span style=\"font-family: verdana, geneva, sans-serif;\"><strong>Modelo de coche\uff1a<\/strong>BMW Serie 1\/3\/5\/6\/7\/X3\/X5\/X6<\/span><br \/>\n<span style=\"font-family: verdana, geneva, sans-serif;\"><strong>OEM NO.:<\/strong> 11127570292<\/span><br \/>\n<span style=\"font-family: verdana, geneva, sans-serif;\"><strong>Calidad:<\/strong>\u00a0100% Probado<\/span><br \/>\n<span style=\"font-family: verdana, geneva, sans-serif;\"><strong>Plazo de entrega:<\/strong>\u00a03-7 d\u00edas<\/span><\/p>","protected":false},"featured_media":881,"comment_status":"closed","ping_status":"closed","template":"","meta":[],"product_cat":[18],"product_tag":[],"class_list":{"0":"post-872","1":"product","2":"type-product","3":"status-publish","4":"has-post-thumbnail","6":"product_cat-engine-parts","8":"first","9":"instock","10":"shipping-taxable","11":"product-type-simple"},"_links":{"self":[{"href":"https:\/\/carbitautoparts.com\/es\/wp-json\/wp\/v2\/product\/872","targetHints":{"allow":["GET"]}}],"collection":[{"href":"https:\/\/carbitautoparts.com\/es\/wp-json\/wp\/v2\/product"}],"about":[{"href":"https:\/\/carbitautoparts.com\/es\/wp-json\/wp\/v2\/types\/product"}],"replies":[{"embeddable":true,"href":"https:\/\/carbitautoparts.com\/es\/wp-json\/wp\/v2\/comments?post=872"}],"wp:featuredmedia":[{"embeddable":true,"href":"https:\/\/carbitautoparts.com\/es\/wp-json\/wp\/v2\/media\/881"}],"wp:attachment":[{"href":"https:\/\/carbitautoparts.com\/es\/wp-json\/wp\/v2\/media?parent=872"}],"wp:term":[{"taxonomy":"product_cat","embeddable":true,"href":"https:\/\/carbitautoparts.com\/es\/wp-json\/wp\/v2\/product_cat?post=872"},{"taxonomy":"product_tag","embeddable":true,"href":"https:\/\/carbitautoparts.com\/es\/wp-json\/wp\/v2\/product_tag?post=872"}],"curies":[{"name":"wp","href":"https:\/\/api.w.org\/{rel}","templated":true}]}}