{"id":877,"date":"2025-02-21T11:42:47","date_gmt":"2025-02-21T03:42:47","guid":{"rendered":"https:\/\/carbitautoparts.com\/?post_type=product&#038;p=877"},"modified":"2025-05-06T15:35:31","modified_gmt":"2025-05-06T07:35:31","slug":"engine-oil-pan-for-golf-tiguan-oem-06k103600r","status":"publish","type":"product","link":"https:\/\/carbitautoparts.com\/es\/product\/carter-de-aceite-del-motor-para-golf-tiguan-oem-06k103600r\/","title":{"rendered":"C\u00e1rter de aceite de motor para Golf\uff0cTiguan-OEM 06K103600R"},"content":{"rendered":"<h1><span style=\"font-family: verdana, geneva, sans-serif; font-size: 18pt; color: #3d3b3b;\"><strong>C\u00e1rter de aceite de motor para VW Golf\/Tiguan | OEM 06K103600R<\/strong><\/span><\/h1>\n<p><span style=\"font-family: verdana, geneva, sans-serif; color: #524e4e;\"><strong>C\u00e1rter de aceite de pol\u00edmero reforzado de alto rendimiento para una mayor durabilidad y prevenci\u00f3n de fugas<\/strong><\/span><\/p>\n<p><span style=\"font-family: verdana, geneva, sans-serif; color: #524e4e;\">Garantice una protecci\u00f3n fiable del motor y una circulaci\u00f3n \u00f3ptima del aceite con nuestros productos de calidad OEM\u00a0<strong>C\u00e1rter de aceite del motor<\/strong> <strong>(OEM:<\/strong> <strong>06K103600R)<\/strong>. Dise\u00f1ado para los modelos Volkswagen Golf y Tiguan, este c\u00e1rter de aceite combina una construcci\u00f3n ligera con una durabilidad superior, por lo que es un reemplazo ideal para unidades desgastadas o da\u00f1adas.<\/span><\/p>\n<hr \/>\n<ul>\n<li><span style=\"font-family: verdana, geneva, sans-serif; color: #4a4646;\"><strong>Ajuste OEM exacto<\/strong><\/span><br \/>\n<span style=\"color: #4a4646;\"><span style=\"color: #4a4646;\"><span style=\"font-family: verdana, geneva, sans-serif;\">Compatible con:<br \/>\n<\/span><span style=\"font-family: verdana, geneva, sans-serif;\"><strong>VW Golf Mk7<\/strong> (2013-2021)<br \/>\n<\/span><span style=\"font-family: verdana, geneva, sans-serif;\"><strong>VW Tiguan Mk2<\/strong> (2016-2021)<\/span><\/span><\/span><\/li>\n<li><span style=\"font-family: verdana, geneva, sans-serif; color: #4a4646;\"><strong>Material y durabilidad<\/strong><\/span><br class=\"container_fd70d wrapper_80cf2 undefined\" \/><span style=\"font-family: verdana, geneva, sans-serif; color: #4a4646;\"><strong>Pol\u00edmero reforzado de alto grado<\/strong>: Dise\u00f1ado con tecnolog\u00eda termopl\u00e1stica avanzada para<br \/>\nresistencia superior al calor, la corrosi\u00f3n y los impactos.<\/span><br class=\"container_fd70d wrapper_80cf2 undefined\" \/><span style=\"font-family: verdana, geneva, sans-serif; color: #4a4646;\"><strong>Dise\u00f1o ligero<\/strong>: Reduce el peso total del motor manteniendo la integridad estructural.<\/span><br class=\"container_fd70d wrapper_80cf2 undefined\" \/><span style=\"color: #4a4646;\"><span style=\"color: #4a4646;\"><span style=\"font-family: verdana, geneva, sans-serif;\"><strong>Construcci\u00f3n a prueba de fugas<\/strong>: Las costuras moldeadas con precisi\u00f3n y los canales de junta integrados garantizan un<br \/>\nsellado fiable, evitando fugas de aceite.<br \/>\n<\/span><span style=\"font-family: verdana, geneva, sans-serif;\"><strong>Resistente al calor<\/strong> hasta 150\u00b0C (302\u00b0F) - ideal para motores turboalimentados.<\/span><\/span><\/span><\/li>\n<li><span style=\"font-family: verdana, geneva, sans-serif; color: #4a4646;\"><strong>Caracter\u00edsticas principales<\/strong><\/span><br class=\"container_fd70d wrapper_80cf2 undefined\" \/><span style=\"font-family: verdana, geneva, sans-serif; color: #4a4646;\"><strong>Sustituci\u00f3n directa OEM<\/strong>: Ajuste exacto garantizado para una instalaci\u00f3n sin problemas.<\/span><br class=\"container_fd70d wrapper_80cf2 undefined\" \/><span style=\"font-family: verdana, geneva, sans-serif; color: #4a4646;\"><strong>Circulaci\u00f3n de aceite optimizada<\/strong>: El dise\u00f1o del deflector interno minimiza las salpicaduras de aceite, mejorando la eficacia de la lubricaci\u00f3n.<\/span><br class=\"container_fd70d wrapper_80cf2 undefined\" \/><span style=\"font-family: verdana, geneva, sans-serif; color: #4a4646;\"><strong>Vida \u00fatil prolongada<\/strong>: Resistente a la degradaci\u00f3n qu\u00edmica de los aceites de motor y aditivos.<\/span><\/li>\n<\/ul>","protected":false},"excerpt":{"rendered":"<p><span style=\"font-family: verdana, geneva, sans-serif; color: #5e5858;\"><strong>Nombre del producto\uff1a<\/strong>C\u00e1rter de aceite del motor<\/span><br \/>\n<span style=\"font-family: verdana, geneva, sans-serif; color: #5e5858;\"><strong>Garant\u00eda\uff1a<\/strong>1 a\u00f1o<\/span><br \/>\n<span style=\"font-family: verdana, geneva, sans-serif; color: #5e5858;\"><strong>Condici\u00f3n\uff1a<\/strong>Nuevo<\/span><br \/>\n<span style=\"font-family: verdana, geneva, sans-serif; color: #5e5858;\"><strong>Modelo de coche\uff1a<\/strong><span style=\"font-family: verdana, geneva, sans-serif;\">Volkswagen Golf y Tiguan<\/span><\/span><br \/>\n<span style=\"color: #5e5858;\"><span style=\"font-family: verdana, geneva, sans-serif;\"><strong>OEM NO.:<\/strong>06K103600R<br \/>\n<\/span><strong style=\"font-family: verdana, geneva, sans-serif;\">Calidad:<\/strong><span style=\"font-family: verdana, geneva, sans-serif;\"> 100% Probado<br \/>\n<\/span><strong style=\"font-family: verdana, geneva, sans-serif;\">Plazo de entrega:<\/strong><span style=\"font-family: verdana, geneva, sans-serif;\">\u00a03-7 d\u00edas<\/span><\/span><\/p>","protected":false},"featured_media":878,"comment_status":"closed","ping_status":"closed","template":"","meta":[],"product_cat":[18],"product_tag":[],"class_list":{"0":"post-877","1":"product","2":"type-product","3":"status-publish","4":"has-post-thumbnail","6":"product_cat-engine-parts","8":"first","9":"instock","10":"featured","11":"shipping-taxable","12":"product-type-simple"},"_links":{"self":[{"href":"https:\/\/carbitautoparts.com\/es\/wp-json\/wp\/v2\/product\/877","targetHints":{"allow":["GET"]}}],"collection":[{"href":"https:\/\/carbitautoparts.com\/es\/wp-json\/wp\/v2\/product"}],"about":[{"href":"https:\/\/carbitautoparts.com\/es\/wp-json\/wp\/v2\/types\/product"}],"replies":[{"embeddable":true,"href":"https:\/\/carbitautoparts.com\/es\/wp-json\/wp\/v2\/comments?post=877"}],"wp:featuredmedia":[{"embeddable":true,"href":"https:\/\/carbitautoparts.com\/es\/wp-json\/wp\/v2\/media\/878"}],"wp:attachment":[{"href":"https:\/\/carbitautoparts.com\/es\/wp-json\/wp\/v2\/media?parent=877"}],"wp:term":[{"taxonomy":"product_cat","embeddable":true,"href":"https:\/\/carbitautoparts.com\/es\/wp-json\/wp\/v2\/product_cat?post=877"},{"taxonomy":"product_tag","embeddable":true,"href":"https:\/\/carbitautoparts.com\/es\/wp-json\/wp\/v2\/product_tag?post=877"}],"curies":[{"name":"wp","href":"https:\/\/api.w.org\/{rel}","templated":true}]}}