{"id":891,"date":"2025-02-21T19:33:21","date_gmt":"2025-02-21T11:33:21","guid":{"rendered":"https:\/\/carbitautoparts.com\/?post_type=product&#038;p=891"},"modified":"2025-03-07T17:36:57","modified_gmt":"2025-03-07T09:36:57","slug":"carbon-ceramic-car-brake-disc-for-audi-s6-s7-c7-rs5-rs6-rs7-porsche","status":"publish","type":"product","link":"https:\/\/carbitautoparts.com\/es\/product\/disco-de-freno-de-coche-de-ceramica-de-carbono-para-audi-s6-s7-c7-rs5-rs6-rs7-porsche\/","title":{"rendered":"Disco De Freno De Carbono Cer\u00e1mico Para Audi S6 S7 C7 RS5 RS6 RS7"},"content":{"rendered":"<h1 style=\"padding-left: 40px;\"><span style=\"font-family: verdana, geneva, sans-serif;\"><strong>Disco de freno cer\u00e1mico de carbono | Frenado de alto rendimiento para coches de lujo y deportivos<\/strong><\/span><\/h1>\n<hr \/>\n<p style=\"padding-left: 40px;\"><span style=\"font-family: verdana, geneva, sans-serif;\"><strong>Potencia de frenado y durabilidad inigualables<\/strong><\/span><\/p>\n<p style=\"padding-left: 40px;\"><span style=\"font-family: verdana, geneva, sans-serif;\">Actualice el sistema de frenado de su veh\u00edculo con nuestros\u00a0<strong>Discos de freno cer\u00e1micos de carbono<\/strong>dise\u00f1ados para una conducci\u00f3n de alto rendimiento. Dise\u00f1ados para ofrecer una potencia de frenado superior, un peso reducido y una durabilidad excepcional, estos discos de freno son la elecci\u00f3n definitiva para los entusiastas de los coches deportivos y de lujo.<\/span><\/p>\n<p>\u00a0 \u00a0 <img fetchpriority=\"high\" decoding=\"async\" class=\"size-large wp-image-903 aligncenter\" src=\"https:\/\/carbitautoparts.com\/wp-content\/uploads\/2025\/02\/9cbfb11d7c6a9731f4bc0be0912af6c7-1024x569.jpg\" alt=\"\" width=\"1024\" height=\"569\" srcset=\"https:\/\/carbitautoparts.com\/wp-content\/uploads\/2025\/02\/9cbfb11d7c6a9731f4bc0be0912af6c7-1024x569.jpg 1024w, https:\/\/carbitautoparts.com\/wp-content\/uploads\/2025\/02\/9cbfb11d7c6a9731f4bc0be0912af6c7-300x167.jpg 300w, https:\/\/carbitautoparts.com\/wp-content\/uploads\/2025\/02\/9cbfb11d7c6a9731f4bc0be0912af6c7-768x427.jpg 768w, https:\/\/carbitautoparts.com\/wp-content\/uploads\/2025\/02\/9cbfb11d7c6a9731f4bc0be0912af6c7-600x333.jpg 600w, https:\/\/carbitautoparts.com\/wp-content\/uploads\/2025\/02\/9cbfb11d7c6a9731f4bc0be0912af6c7-150x83.jpg 150w, https:\/\/carbitautoparts.com\/wp-content\/uploads\/2025\/02\/9cbfb11d7c6a9731f4bc0be0912af6c7.jpg 1080w\" sizes=\"(max-width: 1024px) 100vw, 1024px\" \/><\/p>\n<p>&nbsp;<\/p>\n<ul>\n<li><span style=\"font-family: verdana, geneva, sans-serif;\"><strong><b>Peso ligero:<\/b><\/strong><\/span><\/li>\n<\/ul>\n<p style=\"padding-left: 40px;\"><span style=\"font-family: verdana, geneva, sans-serif;\">Hacer el coche m\u00e1s flexible. La densidad es s\u00f3lo 1\/3 de hierro fundido gris, reducir eficazmente el peso bajo el amortiguador, mejorar el manejo del veh\u00edculo.<\/span><\/p>\n<ul>\n<li><span style=\"font-family: verdana, geneva, sans-serif;\"><strong><b>Alto coeficiente de fricci\u00f3n.<\/b><\/strong><\/span><\/li>\n<\/ul>\n<p style=\"padding-left: 40px;\"><span style=\"font-family: verdana, geneva, sans-serif;\">La menor distancia de frenado garantiza una detenci\u00f3n m\u00e1s segura.<\/span><\/p>\n<p style=\"padding-left: 40px;\"><span style=\"font-family: verdana, geneva, sans-serif;\">El sistema de frenado carbonocer\u00e1mico ofrece un rendimiento de frenado mejorado, haciendo que el proceso de frenado sea m\u00e1s seguro y fiable.<\/span><\/p>\n<ul>\n<li><span style=\"font-family: verdana, geneva, sans-serif;\"><strong><b>No hay atenuaci\u00f3n en estado h\u00famedo. <\/b><\/strong><\/span><\/li>\n<\/ul>\n<p style=\"padding-left: 40px;\"><span style=\"font-family: verdana, geneva, sans-serif;\">La fuerza de frenado no disminuye en d\u00edas lluviosos.<\/span><\/p>\n<ul>\n<li><span style=\"font-family: verdana, geneva, sans-serif;\"><strong><b>Sin atenuaci\u00f3n del calor <\/b><\/strong><\/span><\/li>\n<\/ul>\n<p style=\"padding-left: 40px;\"><span style=\"font-family: verdana, geneva, sans-serif;\">En condiciones de alta temperatura (1200\u00b0C) de frenado continuo, la fuerza de frenado del sistema de frenado de cer\u00e1mica de carbono apenas muestra atenuaci\u00f3n.<\/span><\/p>\n<ul>\n<li><span style=\"font-family: verdana, geneva, sans-serif;\"><strong><b>Buena estabilidad qu\u00edmica <\/b><\/strong><\/span><\/li>\n<\/ul>\n<p style=\"padding-left: 40px;\"><span style=\"font-family: verdana, geneva, sans-serif;\">Sin \u00f3xido, resistente a la erosi\u00f3n \u00e1cida, alcalina y salina.<\/span><\/p>\n<ul>\n<li><span style=\"font-family: verdana, geneva, sans-serif;\"><strong><b>Larga vida \u00fatil<\/b><\/strong><\/span><\/li>\n<\/ul>\n<p style=\"padding-left: 40px;\"><span style=\"font-family: verdana, geneva, sans-serif;\">La vida \u00fatil es mucho mayor que la de los discos de freno tradicionales de hierro fundido.<\/span><\/p>","protected":false},"excerpt":{"rendered":"<p><span style=\"font-family: verdana, geneva, sans-serif;\"><strong>Nombre del producto\uff1a<\/strong>Disco de freno cer\u00e1mico de carbono<\/span><br \/>\n<span style=\"font-family: verdana, geneva, sans-serif;\"><strong>Garant\u00eda\uff1a<\/strong>1 a\u00f1o<\/span><br \/>\n<span style=\"font-family: verdana, geneva, sans-serif;\"><strong>Condici\u00f3n\uff1a<\/strong>Nuevo<br \/>\n<strong>Densidad:\u00a0 <\/strong>2,0\u00b10,05g\/cm3<br \/>\n<strong>Resistencia a la tracci\u00f3n: <\/strong>87MPa<br \/>\n<strong>Resistencia a la compresi\u00f3n:<\/strong> 212MPa<br \/>\n<strong>Resistencia a la flexi\u00f3n: <\/strong>189MPa<br \/>\n<strong>Resistencia al cizallamiento interlaminar: <\/strong>26MPa<br \/>\n<strong>Resistencia al cizallamiento en el plano: <\/strong>49MPa<br \/>\n<strong>Calor espec\u00edfico a temperatura ambiente: <\/strong>1140-1880(RT-1200\u00baC)J\/kg\u00b7k<br \/>\n<strong>Conductividad t\u00e9rmica: <\/strong>40~50W\/mK<\/span><br \/>\n<span style=\"font-family: verdana, geneva, sans-serif;\"><strong>Calidad:<\/strong>\u00a0100% Probado<\/span><\/p>","protected":false},"featured_media":911,"comment_status":"closed","ping_status":"closed","template":"","meta":[],"product_cat":[15],"product_tag":[],"class_list":{"0":"post-891","1":"product","2":"type-product","3":"status-publish","4":"has-post-thumbnail","6":"product_cat-brake-parts","8":"first","9":"instock","10":"shipping-taxable","11":"product-type-simple"},"_links":{"self":[{"href":"https:\/\/carbitautoparts.com\/es\/wp-json\/wp\/v2\/product\/891","targetHints":{"allow":["GET"]}}],"collection":[{"href":"https:\/\/carbitautoparts.com\/es\/wp-json\/wp\/v2\/product"}],"about":[{"href":"https:\/\/carbitautoparts.com\/es\/wp-json\/wp\/v2\/types\/product"}],"replies":[{"embeddable":true,"href":"https:\/\/carbitautoparts.com\/es\/wp-json\/wp\/v2\/comments?post=891"}],"wp:featuredmedia":[{"embeddable":true,"href":"https:\/\/carbitautoparts.com\/es\/wp-json\/wp\/v2\/media\/911"}],"wp:attachment":[{"href":"https:\/\/carbitautoparts.com\/es\/wp-json\/wp\/v2\/media?parent=891"}],"wp:term":[{"taxonomy":"product_cat","embeddable":true,"href":"https:\/\/carbitautoparts.com\/es\/wp-json\/wp\/v2\/product_cat?post=891"},{"taxonomy":"product_tag","embeddable":true,"href":"https:\/\/carbitautoparts.com\/es\/wp-json\/wp\/v2\/product_tag?post=891"}],"curies":[{"name":"wp","href":"https:\/\/api.w.org\/{rel}","templated":true}]}}