{"id":904,"date":"2025-02-23T13:12:50","date_gmt":"2025-02-23T05:12:50","guid":{"rendered":"https:\/\/carbitautoparts.com\/?post_type=product&#038;p=904"},"modified":"2025-03-08T11:37:44","modified_gmt":"2025-03-08T03:37:44","slug":"aluminum-based-silicon-carbide-brake-discs","status":"publish","type":"product","link":"https:\/\/carbitautoparts.com\/es\/product\/discos-de-freno-de-carburo-de-silicio-a-base-de-aluminio\/","title":{"rendered":"Discos de freno de carburo de silicio con base de aluminio (AlSiC)"},"content":{"rendered":"<h1 style=\"padding-left: 40px;\"><span style=\"font-family: verdana, geneva, sans-serif; color: #635e5e;\"><strong>Aluminio <span style=\"font-family: verdana, geneva, sans-serif;\">Basado en <\/span>Discos de freno de carburo de silicio (AlSiC) | Rendimiento de frenado avanzado<\/strong><\/span><\/h1>\n<p style=\"padding-left: 40px;\"><span style=\"font-family: verdana, geneva, sans-serif; font-size: 14pt; color: #7a7777;\"><strong>Dise\u00f1ado para una mayor disipaci\u00f3n del calor y reducci\u00f3n del peso<\/strong><\/span><\/p>\n<hr \/>\n<p style=\"padding-left: 40px;\"><span style=\"font-family: verdana, geneva, sans-serif; color: #575454;\">Aumente el rendimiento de frenado de su veh\u00edculo con nuestros\u00a0<strong>Discos de freno de carburo de silicio con base de aluminio (AlSiC)<\/strong>. Combinando materiales de calidad aeroespacial con ingenier\u00eda de precisi\u00f3n, estos rotores ofrecen una durabilidad, estabilidad t\u00e9rmica y eficiencia inigualables para veh\u00edculos el\u00e9ctricos de lujo, deportivos y de alto rendimiento.<\/span><\/p>\n<p><img fetchpriority=\"high\" decoding=\"async\" class=\"aligncenter size-full wp-image-1666\" src=\"http:\/\/carbitautoparts.com\/wp-content\/uploads\/2025\/02\/ChMkJ1bKyF2IAzc8AAWbKjY7JKgAALIBAOHQ-EABZtC900_\u526f\u672c.jpg\" alt=\"Fabricante profesional de discos de freno de carburo de silicio con base de aluminio\" width=\"800\" height=\"500\" srcset=\"https:\/\/carbitautoparts.com\/wp-content\/uploads\/2025\/02\/ChMkJ1bKyF2IAzc8AAWbKjY7JKgAALIBAOHQ-EABZtC900_\u526f\u672c.jpg 800w, https:\/\/carbitautoparts.com\/wp-content\/uploads\/2025\/02\/ChMkJ1bKyF2IAzc8AAWbKjY7JKgAALIBAOHQ-EABZtC900_\u526f\u672c-300x188.jpg 300w, https:\/\/carbitautoparts.com\/wp-content\/uploads\/2025\/02\/ChMkJ1bKyF2IAzc8AAWbKjY7JKgAALIBAOHQ-EABZtC900_\u526f\u672c-768x480.jpg 768w, https:\/\/carbitautoparts.com\/wp-content\/uploads\/2025\/02\/ChMkJ1bKyF2IAzc8AAWbKjY7JKgAALIBAOHQ-EABZtC900_\u526f\u672c-18x12.jpg 18w, https:\/\/carbitautoparts.com\/wp-content\/uploads\/2025\/02\/ChMkJ1bKyF2IAzc8AAWbKjY7JKgAALIBAOHQ-EABZtC900_\u526f\u672c-600x375.jpg 600w, https:\/\/carbitautoparts.com\/wp-content\/uploads\/2025\/02\/ChMkJ1bKyF2IAzc8AAWbKjY7JKgAALIBAOHQ-EABZtC900_\u526f\u672c-150x94.jpg 150w\" sizes=\"(max-width: 800px) 100vw, 800px\" \/><\/p>\n<p>&nbsp;<\/p>\n<ul>\n<li><span style=\"font-family: verdana, geneva, sans-serif; font-size: 14pt; color: #575454;\"><strong>Dise\u00f1o ligero para un mayor rendimiento<\/strong><\/span><\/li>\n<\/ul>\n<p style=\"padding-left: 40px;\"><span style=\"font-family: verdana, geneva, sans-serif; color: #575454;\"><strong>Densidad<\/strong>: Con una densidad de s\u00f3lo\u00a0<strong>2,8-3,0 g\/cm\u00b3<\/strong>nuestros rotores de AlSiC son\u00a0<strong>50-60% encendedor<\/strong>\u00a0que los rotores de fundici\u00f3n convencionales (7,8 g\/cm\u00b3).<\/span><\/p>\n<p style=\"padding-left: 40px;\"><span style=\"font-family: verdana, geneva, sans-serif; color: #575454;\"><strong>Impacto<\/strong>: Reduce el peso bajo el muelle hasta en un\u00a0<strong>40%<\/strong>mejorando la din\u00e1mica del veh\u00edculo, la aceleraci\u00f3n y la eficiencia del combustible. Ideal para veh\u00edculos el\u00e9ctricos (VE) y coches de altas prestaciones.<\/span><\/p>\n<p>&nbsp;<\/p>\n<ul>\n<li><span style=\"font-family: verdana, geneva, sans-serif; font-size: 14pt; color: #575454;\"><strong>Gesti\u00f3n t\u00e9rmica superior<\/strong><\/span><\/li>\n<\/ul>\n<p style=\"padding-left: 40px;\"><span style=\"font-family: verdana, geneva, sans-serif; color: #575454;\"><strong>Conductividad t\u00e9rmica<\/strong>: Nuestros rotores presentan una conductividad t\u00e9rmica de\u00a0<strong>160-200 W\/m-K<\/strong>significativamente superior a la del hierro fundido\u00a0<strong>50-55 W\/m-K<\/strong>.<\/span><\/p>\n<p style=\"padding-left: 40px;\"><span style=\"font-family: verdana, geneva, sans-serif; color: #575454;\"><strong>Disipaci\u00f3n del calor<\/strong>: Reduce las temperaturas m\u00e1ximas de funcionamiento en\u00a0<strong>15-25%<\/strong>, minimizando el desvanecimiento t\u00e9rmico y manteniendo estable el coeficiente de rozamiento (\u03bc \u2248\u00a0<strong>0.4-0.45<\/strong>) incluso a temperaturas superiores a\u00a0<strong>600\u00b0C<\/strong>.<\/span><\/p>\n<p>&nbsp;<\/p>\n<ul>\n<li><span style=\"font-family: verdana, geneva, sans-serif; font-size: 14pt; color: #575454;\"><strong>Resistencia al desgaste y longevidad excepcionales<\/strong><\/span><\/li>\n<\/ul>\n<p style=\"padding-left: 40px;\"><span style=\"font-family: verdana, geneva, sans-serif; color: #575454;\"><strong>Dureza<\/strong>: La inclusi\u00f3n de\u00a0<strong>20-30% carburo de silicio (SiC)<\/strong>\u00a0en volumen proporciona una dureza Vickers de\u00a0<strong>250-300 HV<\/strong>en comparaci\u00f3n con\u00a0<strong>180-220 HV<\/strong>\u00a0para hierro fundido.<\/span><\/p>\n<p style=\"padding-left: 40px;\"><span style=\"font-family: verdana, geneva, sans-serif; color: #575454;\"><strong>Durabilidad<\/strong>: Los \u00edndices de desgaste son\u00a0<strong>40-60% inferior<\/strong>\u00a0que el hierro fundido, alargando la vida \u00fatil del rotor en\u00a0<strong>2-3\u00d7<\/strong>\u00a0en condiciones de conducci\u00f3n extremas.<\/span><\/p>\n<p>&nbsp;<\/p>\n<ul>\n<li><span style=\"font-family: verdana, geneva, sans-serif; font-size: 14pt; color: #575454;\"><strong>Expansi\u00f3n t\u00e9rmica y estabilidad optimizadas<\/strong><\/span><\/li>\n<\/ul>\n<p style=\"padding-left: 40px;\"><span style=\"font-family: verdana, geneva, sans-serif; color: #575454;\"><strong>CTE<\/strong>: Nuestros rotores de AlSiC presentan un coeficiente de expansi\u00f3n t\u00e9rmica (CTE) de\u00a0<strong>7-9 ppm\/\u00b0C<\/strong>, cubos de acero estrechamente emparejados (\u2248<strong>11 ppm\/\u00b0C<\/strong>).<\/span><\/p>\n<p style=\"padding-left: 40px;\"><span style=\"font-family: verdana, geneva, sans-serif; color: #575454;\"><strong>Rendimiento<\/strong>: Reduce el estr\u00e9s t\u00e9rmico y la distorsi\u00f3n, garantizando un contacto constante entre la pastilla y el rotor y el rendimiento de frenado.<\/span><\/p>\n<p>&nbsp;<\/p>\n<ul>\n<li><span style=\"font-family: verdana, geneva, sans-serif; font-size: 14pt; color: #575454;\"><strong>Resistencia a la corrosi\u00f3n en entornos agresivos<\/strong><\/span><\/li>\n<\/ul>\n<p style=\"padding-left: 40px;\"><span style=\"font-family: verdana, geneva, sans-serif; color: #575454;\"><strong>Protecci\u00f3n<\/strong>: La matriz de aluminio forma una capa de \u00f3xido natural, mientras que el SiC resiste la degradaci\u00f3n qu\u00edmica.<\/span><\/p>\n<p style=\"padding-left: 40px;\"><span style=\"font-family: verdana, geneva, sans-serif; color: #575454;\"><strong>Pruebas<\/strong>: Las pruebas de rociado con sal (ASTM B117) muestran\u00a0<strong>&lt;5% corrosi\u00f3n superficial<\/strong>\u00a0despu\u00e9s de 1.000 horas, en comparaci\u00f3n con\u00a0<strong>&gt;20%<\/strong>\u00a0para hierro fundido.<\/span><\/p>\n<p>&nbsp;<\/p>\n<ul>\n<li><span style=\"font-family: verdana, geneva, sans-serif; font-size: 14pt; color: #575454;\"><strong>Elevada rigidez espec\u00edfica y resistencia a la fatiga<\/strong><\/span><\/li>\n<\/ul>\n<p style=\"padding-left: 40px;\"><span style=\"color: #575454;\"><strong style=\"font-family: verdana, geneva, sans-serif;\">Rigidez<\/strong><span style=\"font-family: verdana, geneva, sans-serif;\">: La rigidez espec\u00edfica alcanza\u00a0<\/span><strong style=\"font-family: verdana, geneva, sans-serif;\">35-40 GPa-cm\u00b3\/g<\/strong><span style=\"font-family: verdana, geneva, sans-serif;\">superando a las de hierro fundido\u00a0<\/span><strong style=\"font-family: verdana, geneva, sans-serif;\">25 GPa-cm\u00b3\/g<\/strong><span style=\"font-family: verdana, geneva, sans-serif;\">.<\/span><\/span><\/p>\n<p style=\"padding-left: 40px;\"><span style=\"font-family: verdana, geneva, sans-serif; color: #575454;\"><strong>Resistencia a la fatiga<\/strong>: La resistencia a la fatiga a 10\u2077 ciclos es\u00a0<strong>120-150 MPa<\/strong>,\u00a0<strong>2\u00d7 superior<\/strong>\u00a0que el hierro fundido.<\/span><\/p>\n<p>&nbsp;<\/p>\n<ul>\n<li><span style=\"font-family: verdana, geneva, sans-serif; font-size: 14pt; color: #575454;\"><strong>Alternativa rentable a la cer\u00e1mica de carbono<\/strong><\/span><\/li>\n<\/ul>\n<p style=\"padding-left: 40px;\"><span style=\"font-family: verdana, geneva, sans-serif; color: #575454;\"><strong>Coste<\/strong>: Nuestros rotores de AlSiC son\u00a0<strong>50-70% m\u00e1s asequible<\/strong>\u00a0que los sistemas de carbono-cer\u00e1mica, ofreciendo un rendimiento similar a una fracci\u00f3n del precio.<\/span><\/p>\n<h3 style=\"padding-left: 40px;\"><span style=\"font-family: verdana, geneva, sans-serif; color: #575454;\"><strong>Resumen de datos de rendimiento<\/strong><\/span><\/h3>\n<table style=\"margin-left: 40px;\">\n<tbody style=\"padding-left: 40px;\">\n<tr style=\"padding-left: 40px;\">\n<td style=\"padding-left: 40px;\">\n<p style=\"padding-left: 40px;\"><span style=\"font-family: verdana, geneva, sans-serif; color: #575454;\"><strong><b>Propiedad<\/b><\/strong><\/span><\/p>\n<\/td>\n<td style=\"padding-left: 40px;\">\n<p style=\"padding-left: 40px;\"><span style=\"font-family: verdana, geneva, sans-serif; color: #575454;\"><strong><b>Rotores de freno AlSiC<\/b><\/strong><\/span><\/p>\n<\/td>\n<td style=\"padding-left: 40px;\">\n<p style=\"padding-left: 40px;\"><span style=\"font-family: verdana, geneva, sans-serif; color: #575454;\"><strong><b>Rotores de hierro fundido<\/b><\/strong><\/span><\/p>\n<\/td>\n<td style=\"padding-left: 40px;\">\n<p style=\"padding-left: 40px;\"><span style=\"font-family: verdana, geneva, sans-serif; color: #575454;\"><strong><b>Rotores de carbono-cer\u00e1mica<\/b><\/strong><\/span><\/p>\n<\/td>\n<\/tr>\n<tr style=\"padding-left: 40px;\">\n<td style=\"padding-left: 40px;\">\n<p style=\"padding-left: 40px;\"><span style=\"font-family: verdana, geneva, sans-serif; color: #575454;\">Densidad (g\/cm\u00b3)<\/span><\/p>\n<\/td>\n<td style=\"padding-left: 40px;\">\n<p style=\"padding-left: 40px;\"><span style=\"font-family: verdana, geneva, sans-serif; color: #575454;\">2.8-3.0<\/span><\/p>\n<\/td>\n<td style=\"padding-left: 40px;\">\n<p style=\"padding-left: 40px;\"><span style=\"font-family: verdana, geneva, sans-serif; color: #575454;\">7.8<\/span><\/p>\n<\/td>\n<td style=\"padding-left: 40px;\">\n<p style=\"padding-left: 40px;\"><span style=\"font-family: verdana, geneva, sans-serif; color: #575454;\">2.5-2.7<\/span><\/p>\n<\/td>\n<\/tr>\n<tr style=\"padding-left: 40px;\">\n<td style=\"padding-left: 40px;\">\n<p style=\"padding-left: 40px;\"><span style=\"font-family: verdana, geneva, sans-serif; color: #575454;\">Conductividad t\u00e9rmica (W\/m-K)<\/span><\/p>\n<\/td>\n<td style=\"padding-left: 40px;\">\n<p style=\"padding-left: 40px;\"><span style=\"font-family: verdana, geneva, sans-serif; color: #575454;\">160-200<\/span><\/p>\n<\/td>\n<td style=\"padding-left: 40px;\">\n<p style=\"padding-left: 40px;\"><span style=\"font-family: verdana, geneva, sans-serif; color: #575454;\">50-55<\/span><\/p>\n<\/td>\n<td style=\"padding-left: 40px;\">\n<p style=\"padding-left: 40px;\"><span style=\"font-family: verdana, geneva, sans-serif; color: #575454;\">200-250<\/span><\/p>\n<\/td>\n<\/tr>\n<tr style=\"padding-left: 40px;\">\n<td style=\"padding-left: 40px;\">\n<p style=\"padding-left: 40px;\"><span style=\"font-family: verdana, geneva, sans-serif; color: #575454;\">Dureza (HV)<\/span><\/p>\n<\/td>\n<td style=\"padding-left: 40px;\">\n<p style=\"padding-left: 40px;\"><span style=\"font-family: verdana, geneva, sans-serif; color: #575454;\">250-300<\/span><\/p>\n<\/td>\n<td style=\"padding-left: 40px;\">\n<p style=\"padding-left: 40px;\"><span style=\"font-family: verdana, geneva, sans-serif; color: #575454;\">180-220<\/span><\/p>\n<\/td>\n<td style=\"padding-left: 40px;\">\n<p style=\"padding-left: 40px;\"><span style=\"font-family: verdana, geneva, sans-serif; color: #575454;\">1,500-2,000<\/span><\/p>\n<\/td>\n<\/tr>\n<tr style=\"padding-left: 40px;\">\n<td style=\"padding-left: 40px;\">\n<p style=\"padding-left: 40px;\"><span style=\"font-family: verdana, geneva, sans-serif; color: #575454;\">CTE (ppm\/\u00b0C)<\/span><\/p>\n<\/td>\n<td style=\"padding-left: 40px;\">\n<p style=\"padding-left: 40px;\"><span style=\"font-family: verdana, geneva, sans-serif; color: #575454;\">7-9<\/span><\/p>\n<\/td>\n<td style=\"padding-left: 40px;\">\n<p style=\"padding-left: 40px;\"><span style=\"font-family: verdana, geneva, sans-serif; color: #575454;\">12-14<\/span><\/p>\n<\/td>\n<td style=\"padding-left: 40px;\">\n<p style=\"padding-left: 40px;\"><span style=\"font-family: verdana, geneva, sans-serif; color: #575454;\">4-6<\/span><\/p>\n<\/td>\n<\/tr>\n<\/tbody>\n<\/table>\n<h3 style=\"padding-left: 40px;\"><span style=\"font-family: verdana, geneva, sans-serif; color: #575454;\"><strong>Por qu\u00e9 elegir nuestro aluminio<\/strong><strong>\u00a0Basado en<\/strong><strong>\u00a0Freno de carburo de silicio (AlSiC) <\/strong><strong>Disco<\/strong><strong>s?<\/strong><\/span><\/h3>\n<p style=\"padding-left: 40px;\"><span style=\"font-family: verdana, geneva, sans-serif; color: #575454;\"><strong>Rendimiento probado<\/strong>: Respaldado por rigurosas pruebas y aplicaciones reales en los sectores del automovilismo deportivo, aeroespacial y de alto rendimiento.<\/span><\/p>\n<p style=\"padding-left: 40px;\"><span style=\"font-family: verdana, geneva, sans-serif; color: #575454;\"><strong>Soluciones a medida<\/strong>: Dise\u00f1os a medida para satisfacer las necesidades espec\u00edficas de los fabricantes de equipos originales y de posventa.<\/span><\/p>\n<p style=\"padding-left: 40px;\"><span style=\"font-family: verdana, geneva, sans-serif; color: #575454;\"><strong>Sostenibilidad<\/strong>: La construcci\u00f3n ligera contribuye a reducir el consumo de combustible y las emisiones.<\/span><\/p>\n<p>&nbsp;<\/p>\n<p style=\"padding-left: 40px;\"><span style=\"font-family: verdana, geneva, sans-serif; color: #ff9900; font-size: 14pt;\"><strong>P\u00f3ngase en contacto con nosotros<\/strong><\/span><br \/>\n<span style=\"font-family: verdana, geneva, sans-serif; color: #575454;\">Eleve su sistema de frenado con nuestros discos de freno AlSiC de \u00faltima generaci\u00f3n. Tanto si es un OEM, un equipo de carreras o un entusiasta del rendimiento, le ofrecemos la tecnolog\u00eda y la experiencia necesarias para satisfacer sus necesidades. Impulsemos juntos la innovaci\u00f3n.<\/span><\/p>","protected":false},"excerpt":{"rendered":"<p><span style=\"color: #696666;\"><span style=\"font-family: verdana, geneva, sans-serif;\"><strong>Nombre del producto\uff1a<\/strong><\/span><span style=\"font-family: verdana, geneva, sans-serif;\">Rotores de freno de carburo de aluminio y silicio (AlSiC)<strong><br \/>\n<\/strong><\/span><span style=\"font-family: verdana, geneva, sans-serif;\"><strong>Garant\u00eda\uff1a<\/strong>1 a\u00f1o<\/span><\/span><br \/>\n<span style=\"font-family: verdana, geneva, sans-serif; color: #696666;\"><strong>Condici\u00f3n\uff1a<\/strong>Nuevo<\/span><br \/>\n<span style=\"font-family: verdana, geneva, sans-serif; color: #696666;\"><strong>Densidad:<\/strong> 2,8-3,0 g\/cm\u00b3<\/span><br \/>\n<span style=\"font-family: verdana, geneva, sans-serif; color: #696666;\"><strong>Calidad:<\/strong>\u00a0100% Probado<\/span><\/p>","protected":false},"featured_media":906,"comment_status":"closed","ping_status":"closed","template":"","meta":[],"product_cat":[15],"product_tag":[],"class_list":{"0":"post-904","1":"product","2":"type-product","3":"status-publish","4":"has-post-thumbnail","6":"product_cat-brake-parts","8":"first","9":"instock","10":"shipping-taxable","11":"product-type-simple"},"_links":{"self":[{"href":"https:\/\/carbitautoparts.com\/es\/wp-json\/wp\/v2\/product\/904","targetHints":{"allow":["GET"]}}],"collection":[{"href":"https:\/\/carbitautoparts.com\/es\/wp-json\/wp\/v2\/product"}],"about":[{"href":"https:\/\/carbitautoparts.com\/es\/wp-json\/wp\/v2\/types\/product"}],"replies":[{"embeddable":true,"href":"https:\/\/carbitautoparts.com\/es\/wp-json\/wp\/v2\/comments?post=904"}],"wp:featuredmedia":[{"embeddable":true,"href":"https:\/\/carbitautoparts.com\/es\/wp-json\/wp\/v2\/media\/906"}],"wp:attachment":[{"href":"https:\/\/carbitautoparts.com\/es\/wp-json\/wp\/v2\/media?parent=904"}],"wp:term":[{"taxonomy":"product_cat","embeddable":true,"href":"https:\/\/carbitautoparts.com\/es\/wp-json\/wp\/v2\/product_cat?post=904"},{"taxonomy":"product_tag","embeddable":true,"href":"https:\/\/carbitautoparts.com\/es\/wp-json\/wp\/v2\/product_tag?post=904"}],"curies":[{"name":"wp","href":"https:\/\/api.w.org\/{rel}","templated":true}]}}