{"id":923,"date":"2025-02-24T10:45:34","date_gmt":"2025-02-24T02:45:34","guid":{"rendered":"https:\/\/carbitautoparts.com\/?post_type=product&#038;p=923"},"modified":"2025-03-12T16:23:05","modified_gmt":"2025-03-12T08:23:05","slug":"nissan-sylphy-almera-tiida-alternator-oem-23100-5ma2a","status":"publish","type":"product","link":"https:\/\/carbitautoparts.com\/es\/product\/nissan-sylphy-almera-tiida-alternador-oem-23100-5ma2a\/","title":{"rendered":"Alternador Nissan Sylphy\/Almera\/Tiida - OEM 23100-5MA2A"},"content":{"rendered":"<h1><span style=\"font-family: verdana, geneva, sans-serif; color: #575353; font-size: 18pt;\"><strong>Alternador para Nissan Sylphy\/Almera\/Tiida HR16DE | Sistema de carga de alta eficiencia<\/strong><\/span><\/h1>\n<p><span style=\"font-family: verdana, geneva, sans-serif; color: #4a4747;\"><strong>Recambio de calidad OEM para una potencia fiable<\/strong><\/span><\/p>\n<p><span style=\"font-family: verdana, geneva, sans-serif; color: #4a4747;\">Garantice un rendimiento el\u00e9ctrico y una carga de la bater\u00eda constantes para su veh\u00edculo Nissan con<br \/>\nnuestro alternador de ingenier\u00eda de precisi\u00f3n, dise\u00f1ado espec\u00edficamente para los motores HR16DE. Este alternador<br \/>\nofrece fiabilidad, durabilidad y eficiencia de nivel OEM para Nissan Sylphy, Almera,<br \/>\ny Tiida.<\/span><\/p>\n<hr \/>\n<ul>\n<li><span style=\"font-family: verdana, geneva, sans-serif; color: #6b6767;\"><strong>Ajuste OEM exacto<\/strong><\/span><br \/>\n<span style=\"color: #6b6767;\"><span style=\"font-family: verdana, geneva, sans-serif;\">Compatible con:<br \/>\n<\/span><span style=\"font-family: verdana, geneva, sans-serif;\"><strong>-Nissan Sylphy<\/strong> (2012-2019) - Motor HR16DE<br \/>\n<\/span><span style=\"font-family: verdana, geneva, sans-serif;\"><strong>-Nissan Almera<\/strong> (2011-2020) - Motor HR16DE<br \/>\n<\/span><span style=\"font-family: verdana, geneva, sans-serif;\"><span style=\"font-family: verdana, geneva, sans-serif;\"><strong>-Nissan Tiida<\/strong> (2007-2014) - Motor HR16DE<\/span><\/span><\/span><\/li>\n<li><span style=\"color: #6b6767;\"><span style=\"font-family: verdana, geneva, sans-serif;\"><strong>Alto rendimiento<br \/>\n<\/strong><\/span><span style=\"font-family: verdana, geneva, sans-serif;\"><strong>-Salida m\u00e1xima de 120 A<\/strong>\u00a0Garantiza una alimentaci\u00f3n estable para la electr\u00f3nica, la corriente alterna y la iluminaci\u00f3n.<br \/>\n<\/span><span style=\"font-family: verdana, geneva, sans-serif;\"><strong>-Regulador de tensi\u00f3n integrado<\/strong>\u00a0(rango 13,5-14,8V) para una carga \u00f3ptima de la bater\u00eda<br \/>\n<\/span><span style=\"font-family: verdana, geneva, sans-serif;\"><span style=\"font-family: verdana, geneva, sans-serif;\"><strong>-Funcionamiento silencioso<\/strong>\u00a0(&lt;68 dB) con rotor equilibrado de precisi\u00f3n<\/span><\/span><\/span><\/li>\n<li><span style=\"color: #6b6767;\"><span style=\"font-family: verdana, geneva, sans-serif;\"><strong>Construcci\u00f3n duradera<br \/>\n<\/strong><\/span><span style=\"font-family: verdana, geneva, sans-serif;\"><strong>-Carcasa de aluminio fundido a presi\u00f3n<\/strong>\u00a0con revestimiento resistente al calor (hasta 150\u00b0C)<br \/>\n<\/span><span style=\"font-family: verdana, geneva, sans-serif;\"><strong>-Vida \u00fatil del cepillo de carbono<\/strong>: M\u00e1s de 150.000 kil\u00f3metros<br \/>\n<\/span><span style=\"font-family: verdana, geneva, sans-serif;\"><span style=\"font-family: verdana, geneva, sans-serif;\"><strong>-Clasificaci\u00f3n IP55<\/strong>\u00a0resistencia al polvo y al agua<\/span><\/span><\/span><\/li>\n<li><span style=\"color: #6b6767;\"><span style=\"font-family: verdana, geneva, sans-serif;\"><strong>F\u00e1cil instalaci\u00f3n<br \/>\n<\/strong><\/span><span style=\"font-family: verdana, geneva, sans-serif;\">-Sustituci\u00f3n directa atornillada (puntos de montaje y alineaci\u00f3n de la polea del equipo original)<br \/>\n<\/span><span style=\"font-family: verdana, geneva, sans-serif;\">-Conectores preinstalados para cableado plug-and-play<br \/>\n<\/span><\/span><span style=\"font-family: verdana, geneva, sans-serif;\"><span style=\"color: #6b6767;\">-No requiere programaci\u00f3n ni modificaciones<\/span>d<\/span><\/li>\n<\/ul>","protected":false},"excerpt":{"rendered":"<p><span style=\"color: #696464;\"><span style=\"font-family: verdana, geneva, sans-serif;\"><strong>Nombre del producto\uff1a<\/strong><\/span><span style=\"font-family: verdana, geneva, sans-serif;\">Alternador<br \/>\n<\/span><span style=\"font-family: verdana, geneva, sans-serif;\"><strong>Garant\u00eda\uff1a<\/strong>1 a\u00f1o<\/span><\/span><br \/>\n<span style=\"font-family: verdana, geneva, sans-serif; color: #696464;\"><strong>Condici\u00f3n\uff1a<\/strong>Nuevo<\/span><br \/>\n<span style=\"color: #696464;\"><span style=\"font-family: verdana, geneva, sans-serif;\"><strong>Modelo de coche\uff1a<\/strong><\/span><span style=\"font-family: verdana, geneva, sans-serif;\">Nissan Sylphy\/Almera\/Tiida<br \/>\n<\/span><strong style=\"font-family: verdana, geneva, sans-serif;\">OEM NO.:<\/strong><span style=\"font-family: verdana, geneva, sans-serif;\"> 23100-5MA2A, 23100-6LB0A\uff0c23100-4FU0A\uff0cetc.<br \/>\n<\/span><span style=\"font-family: verdana, geneva, sans-serif;\"><strong>Salida<\/strong>90 A (en reposo) \/ 120 A (m\u00e1x.)<br \/>\n<\/span><span style=\"font-family: verdana, geneva, sans-serif;\"><strong>Tensi\u00f3n<\/strong>: 12V CC<br \/>\n<\/span><span style=\"font-family: verdana, geneva, sans-serif;\"><strong>Tipo de polea<\/strong>: Correa serpentina de 6 varillas<br \/>\n<\/span><span style=\"font-family: verdana, geneva, sans-serif;\"><strong>Conector<\/strong>: Impermeable de 2 pines espec\u00edfico de Nissan<br \/>\n<strong>Calidad:<\/strong>\u00a0100% Probado<br \/>\n<strong>Plazo de entrega:<\/strong>\u00a03-7 d\u00edas<br \/>\n<\/span><\/span><\/p>","protected":false},"featured_media":926,"comment_status":"closed","ping_status":"closed","template":"","meta":[],"product_cat":[19],"product_tag":[],"class_list":{"0":"post-923","1":"product","2":"type-product","3":"status-publish","4":"has-post-thumbnail","6":"product_cat-electric-almotor-parts","8":"first","9":"instock","10":"shipping-taxable","11":"product-type-simple"},"_links":{"self":[{"href":"https:\/\/carbitautoparts.com\/es\/wp-json\/wp\/v2\/product\/923","targetHints":{"allow":["GET"]}}],"collection":[{"href":"https:\/\/carbitautoparts.com\/es\/wp-json\/wp\/v2\/product"}],"about":[{"href":"https:\/\/carbitautoparts.com\/es\/wp-json\/wp\/v2\/types\/product"}],"replies":[{"embeddable":true,"href":"https:\/\/carbitautoparts.com\/es\/wp-json\/wp\/v2\/comments?post=923"}],"wp:featuredmedia":[{"embeddable":true,"href":"https:\/\/carbitautoparts.com\/es\/wp-json\/wp\/v2\/media\/926"}],"wp:attachment":[{"href":"https:\/\/carbitautoparts.com\/es\/wp-json\/wp\/v2\/media?parent=923"}],"wp:term":[{"taxonomy":"product_cat","embeddable":true,"href":"https:\/\/carbitautoparts.com\/es\/wp-json\/wp\/v2\/product_cat?post=923"},{"taxonomy":"product_tag","embeddable":true,"href":"https:\/\/carbitautoparts.com\/es\/wp-json\/wp\/v2\/product_tag?post=923"}],"curies":[{"name":"wp","href":"https:\/\/api.w.org\/{rel}","templated":true}]}}