{"id":962,"date":"2025-02-24T16:34:37","date_gmt":"2025-02-24T08:34:37","guid":{"rendered":"https:\/\/carbitautoparts.com\/?post_type=product&#038;p=962"},"modified":"2025-03-13T10:40:43","modified_gmt":"2025-03-13T02:40:43","slug":"ignition-coil-for-hyundai-sonata-elantra-kia-oem-27300-3f100","status":"publish","type":"product","link":"https:\/\/carbitautoparts.com\/es\/product\/bobina-de-encendido-para-hyundai-sonata-elantra-kia-oem-27300-3f100\/","title":{"rendered":"Bobina de encendido para Hyundai Sonata\uff0cElantra\uff0cKia-OEM 27300-3F100"},"content":{"rendered":"<p><span style=\"font-size: 18pt; color: #403e3e;\"><strong style=\"font-family: verdana, geneva, sans-serif;\">Bobina de encendido para Hyundai Sonata\/Elantra\/Kia | OEM 27300-3F100<\/strong><\/span><\/p>\n<p><span style=\"font-family: verdana, geneva, sans-serif; color: #545151;\"><strong>Componente del sistema de encendido de alto rendimiento<\/strong><\/span><\/p>\n<p><span style=\"font-family: verdana, geneva, sans-serif; color: #545151;\">Garantice un arranque fiable del motor, una aceleraci\u00f3n m\u00e1s suave y una eficiencia de combustible \u00f3ptima con nuestra bobina de encendido de calidad OEM.<strong> (OEM:27300-3F100)<\/strong>. Dise\u00f1ada como recambio directo para los modelos Hyundai Sonata, Elantra y Kia, esta bobina de ingenier\u00eda de precisi\u00f3n proporciona una energ\u00eda de chispa constante y durabilidad para los motores de gasolina modernos.<\/span><\/p>\n<hr \/>\n<ul>\n<li><span style=\"color: #4a4848;\"><span style=\"color: #4a4848;\"><span style=\"color: #4a4848;\"><span style=\"font-family: verdana, geneva, sans-serif;\">Fabricado con materias primas de primera calidad, el producto presenta una excelente resistencia a las altas temperaturas y al envejecimiento, lo que garantiza una vida \u00fatil prolongada. Ofrece una salida de tensi\u00f3n estable que mitiga los problemas de fluctuaci\u00f3n, reduce eficazmente el consumo de combustible y mejora significativamente el rendimiento del veh\u00edculo.<\/span><\/span><\/span><\/span><\/li>\n<li><span style=\"color: #4a4848;\"><span style=\"font-family: verdana, geneva, sans-serif;\">Se realizan pruebas continuas y rigurosas en una variedad de bobinas de encendido, que abarcan la evaluaci\u00f3n del rendimiento, la resistencia al choque t\u00e9rmico, la resistencia a altas temperaturas, la resistencia a la fatiga y los ciclos t\u00e9rmicos de potencia. Estas pruebas est\u00e1n dise\u00f1adas para garantizar la calidad y fiabilidad de cada producto.<br \/>\n<\/span><\/span><\/li>\n<li><span style=\"color: #4a4848;\"><span style=\"color: #4a4848;\"><span style=\"font-family: verdana, geneva, sans-serif;\">Compatible con Hyundai\/Kia 27300-3F100, Denso 471-1111, NGK U5050 y Bosch 0221504476. Se adapta a 2015-2021 Hyundai Sonata\/Elantra y Kia.<\/span><\/span><\/span><\/li>\n<li><span style=\"font-family: verdana, geneva, sans-serif; color: #4a4848;\"><strong>Instalaci\u00f3n Plug and Play<\/strong><\/span><\/li>\n<\/ul>\n<p><span style=\"color: #4a4848;\"><span style=\"font-family: verdana, geneva, sans-serif;\">\u00a0 \u00a0 \u00a0 \u00a0Sustituci\u00f3n directa con conectores y soportes de montaje originales.<br \/>\n<\/span><span style=\"font-family: verdana, geneva, sans-serif;\">\u00a0 \u00a0 \u00a0 \u00a0No requiere codificaci\u00f3n ni modificaciones.<br \/>\n<\/span><span style=\"font-family: verdana, geneva, sans-serif;\">\u00a0 \u00a0 \u00a0 \u00a0Compatible con buj\u00edas OEM (por ejemplo, NGK 94193).<\/span><\/span><\/p>","protected":false},"excerpt":{"rendered":"<p><span style=\"font-family: verdana, geneva, sans-serif; color: #4a4444;\"><strong>Nombre del producto\uff1a<\/strong>Montaje de faros<\/span><br \/>\n<span style=\"font-family: verdana, geneva, sans-serif; color: #4a4444;\"><strong>Garant\u00eda\uff1a<\/strong>1 a\u00f1o<\/span><br \/>\n<span style=\"font-family: verdana, geneva, sans-serif; color: #4a4444;\"><strong>Condici\u00f3n\uff1a<\/strong>Nuevo<\/span><br \/>\n<span style=\"font-family: verdana, geneva, sans-serif; color: #4a4444;\"><strong>Modelo de coche\uff1a<\/strong>Hyundai Sonata\/Elantra\/Kia<\/span><br \/>\n<span style=\"color: #4a4444;\"><span style=\"font-family: verdana, geneva, sans-serif;\"><strong>OEM NO.:<\/strong> 27300-3F100<br \/>\n<\/span><strong style=\"font-family: verdana, geneva, sans-serif;\">Resistencia primaria:<\/strong><span style=\"font-family: verdana, geneva, sans-serif;\"> 0.55-0.75 \u03a9<br \/>\n<\/span><strong style=\"font-family: verdana, geneva, sans-serif;\">Resistencia secundaria:<\/strong><span style=\"font-family: verdana, geneva, sans-serif;\"> 6,8-8,2 k\u03a9<br \/>\n<\/span><strong style=\"font-family: verdana, geneva, sans-serif;\">Tensi\u00f3n:<\/strong><span style=\"font-family: verdana, geneva, sans-serif;\"> 12 V CC<br \/>\n<\/span><strong style=\"font-family: verdana, geneva, sans-serif;\">Temperatura de funcionamiento:<\/strong><span style=\"font-family: verdana, geneva, sans-serif;\"> -40\u00b0C a 150\u00b0C<br \/>\n<strong>Protecci\u00f3n impermeable y antipolvo: <\/strong>IP67<br \/>\n<\/span><strong style=\"font-family: verdana, geneva, sans-serif;\">Calidad:<\/strong><span style=\"font-family: verdana, geneva, sans-serif;\"> 100% Probado<br \/>\n<\/span><strong style=\"font-family: verdana, geneva, sans-serif;\">Plazo de entrega:<\/strong><span style=\"font-family: verdana, geneva, sans-serif;\">\u00a03-7 d\u00edas<\/span><\/span><\/p>","protected":false},"featured_media":963,"comment_status":"closed","ping_status":"closed","template":"","meta":[],"product_cat":[18],"product_tag":[],"class_list":{"0":"post-962","1":"product","2":"type-product","3":"status-publish","4":"has-post-thumbnail","6":"product_cat-engine-parts","8":"first","9":"instock","10":"shipping-taxable","11":"product-type-simple"},"_links":{"self":[{"href":"https:\/\/carbitautoparts.com\/es\/wp-json\/wp\/v2\/product\/962","targetHints":{"allow":["GET"]}}],"collection":[{"href":"https:\/\/carbitautoparts.com\/es\/wp-json\/wp\/v2\/product"}],"about":[{"href":"https:\/\/carbitautoparts.com\/es\/wp-json\/wp\/v2\/types\/product"}],"replies":[{"embeddable":true,"href":"https:\/\/carbitautoparts.com\/es\/wp-json\/wp\/v2\/comments?post=962"}],"wp:featuredmedia":[{"embeddable":true,"href":"https:\/\/carbitautoparts.com\/es\/wp-json\/wp\/v2\/media\/963"}],"wp:attachment":[{"href":"https:\/\/carbitautoparts.com\/es\/wp-json\/wp\/v2\/media?parent=962"}],"wp:term":[{"taxonomy":"product_cat","embeddable":true,"href":"https:\/\/carbitautoparts.com\/es\/wp-json\/wp\/v2\/product_cat?post=962"},{"taxonomy":"product_tag","embeddable":true,"href":"https:\/\/carbitautoparts.com\/es\/wp-json\/wp\/v2\/product_tag?post=962"}],"curies":[{"name":"wp","href":"https:\/\/api.w.org\/{rel}","templated":true}]}}