{"id":968,"date":"2025-02-24T16:50:11","date_gmt":"2025-02-24T08:50:11","guid":{"rendered":"https:\/\/carbitautoparts.com\/?post_type=product&#038;p=968"},"modified":"2025-03-31T14:15:33","modified_gmt":"2025-03-31T06:15:33","slug":"hyundai-ix25-ix35-kia-rio-ignition-coil-oem-27301-2b010","status":"publish","type":"product","link":"https:\/\/carbitautoparts.com\/es\/product\/hyundai-ix25-ix35-kia-rio-bobina-de-encendido-oem-27301-2b010\/","title":{"rendered":"Hyundai IX25, IX35, Kia Rio Bobina de encendido original de repuesto-OEM 27301-2B010 Ajuste directo"},"content":{"rendered":"<h1><span style=\"font-family: verdana, geneva, sans-serif; font-size: 14pt; color: #4a4747;\"><strong>Bobina de encendido para Hyundai IX25\/IX35\/Kia Rio | OEM 27301-2B010<\/strong><\/span><\/h1>\n<p><span style=\"font-family: verdana, geneva, sans-serif; color: #5c5858;\"><strong>Componente del sistema de encendido de alto rendimiento<\/strong><\/span><\/p>\n<p><span style=\"font-family: verdana, geneva, sans-serif; color: #5c5858;\">Garantice un arranque fiable del motor, una aceleraci\u00f3n m\u00e1s suave y una eficiencia de combustible \u00f3ptima con nuestra bobina de encendido de calidad OEM. <strong>(OEM: 27301-2B010)<\/strong>. Dise\u00f1ada como recambio directo para los modelos Hyundai IX25, IX35 y Kia Rio, esta bobina de ingenier\u00eda de precisi\u00f3n proporciona una energ\u00eda de chispa constante y durabilidad para los motores de gasolina modernos.<\/span><\/p>\n<hr \/>\n<ul>\n<li><span style=\"font-family: verdana, geneva, sans-serif; color: #524d4d;\"><span style=\"font-family: verdana, geneva, sans-serif; color: #524d4d;\">Fabricado con materias primas de primera calidad, el producto presenta una excelente resistencia a las altas temperaturas y al envejecimiento, lo que garantiza una vida \u00fatil prolongada. Ofrece una salida de tensi\u00f3n estable que mitiga los problemas de fluctuaci\u00f3n, reduce eficazmente el consumo de combustible y mejora significativamente el rendimiento del veh\u00edculo.<\/span><\/span><\/li>\n<li><span style=\"font-family: verdana, geneva, sans-serif; color: #524d4d;\"><span style=\"font-family: verdana, geneva, sans-serif; color: #524d4d;\"><span style=\"font-family: verdana, geneva, sans-serif;\">Se realizan pruebas continuas y rigurosas en una variedad de bobinas de encendido, que abarcan la evaluaci\u00f3n del rendimiento, la resistencia al choque t\u00e9rmico, la resistencia a altas temperaturas, la resistencia a la fatiga y los ciclos t\u00e9rmicos de potencia. Estas pruebas est\u00e1n dise\u00f1adas para garantizar la calidad y fiabilidad de cada producto.<\/span><\/span><\/span><\/li>\n<li><span style=\"font-family: verdana, geneva, sans-serif; color: #524d4d;\"><span style=\"font-family: verdana, geneva, sans-serif; color: #524d4d;\">Compatible con Hyundai\/Kia 27301-2B010, Denso 673-0101, NGK U5050 y Bosch 0221504476. Se adapta a 2010-2020 Hyundai IX25\/IX35 y Kia Rio con motores Gamma\/Nu MPI.<\/span><\/span><\/li>\n<li><span style=\"color: #524d4d;\"><span style=\"color: #524d4d;\"><span style=\"font-family: verdana, geneva, sans-serif;\"><strong>Instalaci\u00f3n Plug and Play<\/strong><\/span><\/span><\/span><span style=\"color: #524d4d;\"><span style=\"font-family: verdana, geneva, sans-serif;\">Sustituci\u00f3n directa con conectores y soportes de montaje originales.<br \/>\n<\/span><span style=\"font-family: verdana, geneva, sans-serif;\">No requiere codificaci\u00f3n ni modificaciones.<br \/>\n<\/span><span style=\"font-family: verdana, geneva, sans-serif;\">Compatible con buj\u00edas OEM (por ejemplo, NGK 94193).<\/span><\/span><\/li>\n<\/ul>\n<p>&nbsp;<\/p>","protected":false},"excerpt":{"rendered":"<p><span style=\"font-family: verdana, geneva, sans-serif; color: #544f4f;\"><strong>Nombre del producto\uff1a<\/strong><\/span><span style=\"font-family: verdana, geneva, sans-serif; font-size: 14pt; color: #4a4747;\"><span style=\"font-size: 12pt;\">Bobina de encendido<\/span><strong><br \/>\n<\/strong><\/span><span style=\"font-family: verdana, geneva, sans-serif; color: #544f4f;\"><strong>Garant\u00eda\uff1a<\/strong>1 a\u00f1o<\/span><br \/>\n<span style=\"font-family: verdana, geneva, sans-serif; color: #544f4f;\"><strong>Condici\u00f3n\uff1a<\/strong>Nuevo<\/span><br \/>\n<span style=\"font-family: verdana, geneva, sans-serif; color: #544f4f;\"><strong>Modelo de coche\uff1a<\/strong>Hyundai IX25\/IX35\/Kia Rio<\/span><br \/>\n<span style=\"color: #544f4f;\"><span style=\"font-family: verdana, geneva, sans-serif;\"><strong>OEM NO.: <\/strong><\/span><span style=\"font-family: verdana, geneva, sans-serif; font-size: 12pt;\">27301-2B010<br \/>\n<\/span><strong style=\"font-family: verdana, geneva, sans-serif;\">Resistencia primaria:<\/strong><span style=\"font-family: verdana, geneva, sans-serif;\"> 0.55-0.75 \u03a9<br \/>\n<\/span><strong style=\"font-family: verdana, geneva, sans-serif;\">Resistencia secundaria:<\/strong><span style=\"font-family: verdana, geneva, sans-serif;\"> 6,8-8,2 k\u03a9<br \/>\n<\/span><strong style=\"font-family: verdana, geneva, sans-serif;\">Tensi\u00f3n:<\/strong><span style=\"font-family: verdana, geneva, sans-serif;\"> 12 V CC<br \/>\n<\/span><strong style=\"font-family: verdana, geneva, sans-serif;\">Temperatura de funcionamiento:<\/strong><span style=\"font-family: verdana, geneva, sans-serif;\"> -40\u00b0C a 150\u00b0C<br \/>\n<\/span><strong style=\"font-family: verdana, geneva, sans-serif;\">Protecci\u00f3n impermeable y antipolvo: <\/strong><span style=\"font-family: verdana, geneva, sans-serif;\">IP67<br \/>\n<\/span><strong style=\"font-family: verdana, geneva, sans-serif;\">Calidad:<\/strong><span style=\"font-family: verdana, geneva, sans-serif;\"> 100% Probado<br \/>\n<\/span><strong style=\"font-family: verdana, geneva, sans-serif;\">Plazo de entrega:<\/strong><span style=\"font-family: verdana, geneva, sans-serif;\">\u00a03-7 d\u00edas<\/span><\/span><\/p>","protected":false},"featured_media":969,"comment_status":"closed","ping_status":"closed","template":"","meta":[],"product_cat":[18],"product_tag":[],"class_list":{"0":"post-968","1":"product","2":"type-product","3":"status-publish","4":"has-post-thumbnail","6":"product_cat-engine-parts","8":"first","9":"instock","10":"shipping-taxable","11":"product-type-simple"},"_links":{"self":[{"href":"https:\/\/carbitautoparts.com\/es\/wp-json\/wp\/v2\/product\/968","targetHints":{"allow":["GET"]}}],"collection":[{"href":"https:\/\/carbitautoparts.com\/es\/wp-json\/wp\/v2\/product"}],"about":[{"href":"https:\/\/carbitautoparts.com\/es\/wp-json\/wp\/v2\/types\/product"}],"replies":[{"embeddable":true,"href":"https:\/\/carbitautoparts.com\/es\/wp-json\/wp\/v2\/comments?post=968"}],"wp:featuredmedia":[{"embeddable":true,"href":"https:\/\/carbitautoparts.com\/es\/wp-json\/wp\/v2\/media\/969"}],"wp:attachment":[{"href":"https:\/\/carbitautoparts.com\/es\/wp-json\/wp\/v2\/media?parent=968"}],"wp:term":[{"taxonomy":"product_cat","embeddable":true,"href":"https:\/\/carbitautoparts.com\/es\/wp-json\/wp\/v2\/product_cat?post=968"},{"taxonomy":"product_tag","embeddable":true,"href":"https:\/\/carbitautoparts.com\/es\/wp-json\/wp\/v2\/product_tag?post=968"}],"curies":[{"name":"wp","href":"https:\/\/api.w.org\/{rel}","templated":true}]}}