{"id":277,"date":"2025-02-12T19:38:19","date_gmt":"2025-02-12T11:38:19","guid":{"rendered":"https:\/\/carbitautoparts.com\/?page_id=277"},"modified":"2026-01-14T20:43:38","modified_gmt":"2026-01-14T12:43:38","slug":"company-profile","status":"publish","type":"page","link":"https:\/\/carbitautoparts.com\/fr\/profil-de-lentreprise\/","title":{"rendered":"Profil de l'entreprise"},"content":{"rendered":"<div data-elementor-type=\"wp-page\" data-elementor-id=\"277\" class=\"elementor elementor-277\">\n\t\t\t\t<div class=\"elementor-element elementor-element-7b925a7 e-con-full wd-section-stretch e-flex e-con e-parent\" data-id=\"7b925a7\" data-element_type=\"container\" data-settings=\"{&quot;background_background&quot;:&quot;classic&quot;}\">\n\t\t\t\t<div class=\"elementor-element elementor-element-8f23087 elementor-widget elementor-widget-heading\" data-id=\"8f23087\" data-element_type=\"widget\" data-widget_type=\"heading.default\">\n\t\t\t\t<div class=\"elementor-widget-container\">\n\t\t\t\t\t<h1 class=\"elementor-heading-title elementor-size-default\">Profil de l'entreprise<\/h1>\t\t\t\t<\/div>\n\t\t\t\t<\/div>\n\t\t\t\t<\/div>\n\t\t<div class=\"wd-negative-gap elementor-element elementor-element-673dc9e e-flex e-con-boxed e-con e-parent\" data-id=\"673dc9e\" data-element_type=\"container\">\n\t\t\t\t\t<div class=\"e-con-inner\">\n\t\t<div class=\"elementor-element elementor-element-c722fcf e-con-full e-flex e-con e-child\" data-id=\"c722fcf\" data-element_type=\"container\">\n\t\t\t\t<div class=\"elementor-element elementor-element-0bdba00 elementor-widget elementor-widget-image\" data-id=\"0bdba00\" data-element_type=\"widget\" data-widget_type=\"image.default\">\n\t\t\t\t<div class=\"elementor-widget-container\">\n\t\t\t\t\t\t\t\t\t\t\t\t\t\t\t<img fetchpriority=\"high\" decoding=\"async\" width=\"877\" height=\"670\" src=\"https:\/\/carbitautoparts.com\/wp-content\/uploads\/2025\/03\/\u5fae\u4fe1\u56fe\u7247_20250301092850.jpg\" class=\"attachment-large size-large wp-image-1115\" alt=\"En Chine, nous collaborons avec plus de 120 fabricants de pi\u00e8ces automobiles de premier plan pour fournir des produits \u00e0 un prix d&#039;usine comp\u00e9titif, garantissant une qualit\u00e9 sup\u00e9rieure et un service apr\u00e8s-vente de haut niveau.\" srcset=\"https:\/\/carbitautoparts.com\/wp-content\/uploads\/2025\/03\/\u5fae\u4fe1\u56fe\u7247_20250301092850.jpg 877w, https:\/\/carbitautoparts.com\/wp-content\/uploads\/2025\/03\/\u5fae\u4fe1\u56fe\u7247_20250301092850-300x229.jpg 300w, https:\/\/carbitautoparts.com\/wp-content\/uploads\/2025\/03\/\u5fae\u4fe1\u56fe\u7247_20250301092850-768x587.jpg 768w, https:\/\/carbitautoparts.com\/wp-content\/uploads\/2025\/03\/\u5fae\u4fe1\u56fe\u7247_20250301092850-600x458.jpg 600w, https:\/\/carbitautoparts.com\/wp-content\/uploads\/2025\/03\/\u5fae\u4fe1\u56fe\u7247_20250301092850-150x115.jpg 150w\" sizes=\"(max-width: 877px) 100vw, 877px\" \/>\t\t\t\t\t\t\t\t\t\t\t\t\t\t\t<\/div>\n\t\t\t\t<\/div>\n\t\t\t\t<\/div>\n\t\t<div class=\"elementor-element elementor-element-f59d36a e-con-full e-flex e-con e-child\" data-id=\"f59d36a\" data-element_type=\"container\">\n\t\t\t\t<div class=\"elementor-element elementor-element-28fca2f color-scheme-inherit text-left elementor-widget elementor-widget-text-editor\" data-id=\"28fca2f\" data-element_type=\"widget\" data-widget_type=\"text-editor.default\">\n\t\t\t\t<div class=\"elementor-widget-container\">\n\t\t\t\t\t\t\t\t\t<p><span style=\"font-family: verdana, geneva, sans-serif;\">Fond\u00e9e en 2018 \u00e0 Xi'an, dans la province de Shaanxi, <b data-path-to-node=\"5\" data-index-in-node=\"17\">Xi'an Carbit Auto Parts Co. Ltd.<\/b> a commenc\u00e9 son parcours sur le march\u00e9 automobile national chinois. Gr\u00e2ce \u00e0 des ann\u00e9es de croissance rapide et \u00e0 un engagement sans rel\u00e2che en faveur de la qualit\u00e9, nous sommes pass\u00e9s du statut de fournisseur local \u00e0 celui de partenaire de gros et de fabricant professionnel de premier plan au niveau mondial.<\/span><br \/><span style=\"font-family: verdana, geneva, sans-serif;\">Nous sommes fiers de notre mod\u00e8le d'entreprise \u00e0 double force : nous exploitons notre propre usine de fabrication de pi\u00e8ces de ch\u00e2ssis sp\u00e9cialis\u00e9es tout en entretenant des partenariats strat\u00e9giques avec des fabricants chinois de pi\u00e8ces automobiles de premier plan.<\/span><\/p>\t\t\t\t\t\t\t\t<\/div>\n\t\t\t\t<\/div>\n\t\t\t\t<\/div>\n\t\t\t\t\t<\/div>\n\t\t\t\t<\/div>\n\t\t<div class=\"wd-negative-gap elementor-element elementor-element-0ee8b02 e-flex e-con-boxed e-con e-parent\" data-id=\"0ee8b02\" data-element_type=\"container\">\n\t\t\t\t\t<div class=\"e-con-inner\">\n\t\t<div class=\"elementor-element elementor-element-bf7f80b e-con-full e-flex e-con e-child\" data-id=\"bf7f80b\" data-element_type=\"container\">\n\t\t\t\t<div class=\"elementor-element elementor-element-47a60b1 color-scheme-inherit text-left elementor-widget elementor-widget-text-editor\" data-id=\"47a60b1\" data-element_type=\"widget\" data-widget_type=\"text-editor.default\">\n\t\t\t\t<div class=\"elementor-widget-container\">\n\t\t\t\t\t\t\t\t\t<p><span style=\"font-family: verdana, geneva, sans-serif;\"><strong>Acier<\/strong> <\/span><span style=\"font-family: verdana, geneva, sans-serif;\">provient de grands fabricants tels que Shandong Iron and Steel, Hangzhou Iron and Steel et Hubei Iron and Steel. En outre, chaque lot fait l'objet d'une inspection \u00e0 l'arriv\u00e9e, l'\u00e9quipement d'analyse spectrale \u00e9tant utilis\u00e9 pour examiner la composition m\u00e9tallique de chaque mat\u00e9riau, ce qui garantit la conformit\u00e9 de la qualit\u00e9 du produit.<\/span><\/p>\t\t\t\t\t\t\t\t<\/div>\n\t\t\t\t<\/div>\n\t\t\t\t<\/div>\n\t\t<div class=\"elementor-element elementor-element-0e4ddd0 e-con-full e-flex e-con e-child\" data-id=\"0e4ddd0\" data-element_type=\"container\">\n\t\t\t\t<div class=\"elementor-element elementor-element-3a233dd elementor-widget__width-initial elementor-widget elementor-widget-image\" data-id=\"3a233dd\" data-element_type=\"widget\" data-widget_type=\"image.default\">\n\t\t\t\t<div class=\"elementor-widget-container\">\n\t\t\t\t\t\t\t\t\t\t\t\t\t\t\t<img decoding=\"async\" width=\"648\" height=\"430\" src=\"https:\/\/carbitautoparts.com\/wp-content\/uploads\/2026\/01\/1.png\" class=\"attachment-full size-full wp-image-1895\" alt=\"\" srcset=\"https:\/\/carbitautoparts.com\/wp-content\/uploads\/2026\/01\/1.png 648w, https:\/\/carbitautoparts.com\/wp-content\/uploads\/2026\/01\/1-300x199.png 300w, https:\/\/carbitautoparts.com\/wp-content\/uploads\/2026\/01\/1-18x12.png 18w, https:\/\/carbitautoparts.com\/wp-content\/uploads\/2026\/01\/1-600x398.png 600w, https:\/\/carbitautoparts.com\/wp-content\/uploads\/2026\/01\/1-150x100.png 150w\" sizes=\"(max-width: 648px) 100vw, 648px\" \/>\t\t\t\t\t\t\t\t\t\t\t\t\t\t\t<\/div>\n\t\t\t\t<\/div>\n\t\t\t\t<div class=\"elementor-element elementor-element-1ee9408 elementor-widget__width-auto elementor-widget elementor-widget-image\" data-id=\"1ee9408\" data-element_type=\"widget\" data-widget_type=\"image.default\">\n\t\t\t\t<div class=\"elementor-widget-container\">\n\t\t\t\t\t\t\t\t\t\t\t\t\t\t\t<img decoding=\"async\" width=\"655\" height=\"470\" src=\"https:\/\/carbitautoparts.com\/wp-content\/uploads\/2026\/01\/2.png\" class=\"attachment-large size-large wp-image-1896\" alt=\"\" srcset=\"https:\/\/carbitautoparts.com\/wp-content\/uploads\/2026\/01\/2.png 655w, https:\/\/carbitautoparts.com\/wp-content\/uploads\/2026\/01\/2-300x215.png 300w, https:\/\/carbitautoparts.com\/wp-content\/uploads\/2026\/01\/2-18x12.png 18w, https:\/\/carbitautoparts.com\/wp-content\/uploads\/2026\/01\/2-600x431.png 600w, https:\/\/carbitautoparts.com\/wp-content\/uploads\/2026\/01\/2-150x108.png 150w\" sizes=\"(max-width: 655px) 100vw, 655px\" \/>\t\t\t\t\t\t\t\t\t\t\t\t\t\t\t<\/div>\n\t\t\t\t<\/div>\n\t\t\t\t<\/div>\n\t\t\t\t\t<\/div>\n\t\t\t\t<\/div>\n\t\t<div class=\"wd-negative-gap elementor-element elementor-element-41dff30 e-flex e-con-boxed e-con e-parent\" data-id=\"41dff30\" data-element_type=\"container\">\n\t\t\t\t\t<div class=\"e-con-inner\">\n\t\t<div class=\"elementor-element elementor-element-f5f582b e-con-full e-flex e-con e-child\" data-id=\"f5f582b\" data-element_type=\"container\">\n\t\t\t\t<div class=\"elementor-element elementor-element-22f181b elementor-widget__width-initial elementor-widget elementor-widget-image\" data-id=\"22f181b\" data-element_type=\"widget\" data-widget_type=\"image.default\">\n\t\t\t\t<div class=\"elementor-widget-container\">\n\t\t\t\t\t\t\t\t\t\t\t\t\t\t\t<img loading=\"lazy\" decoding=\"async\" width=\"874\" height=\"585\" src=\"https:\/\/carbitautoparts.com\/wp-content\/uploads\/2026\/01\/4.png\" class=\"attachment-large size-large wp-image-1898\" alt=\"\" srcset=\"https:\/\/carbitautoparts.com\/wp-content\/uploads\/2026\/01\/4.png 874w, https:\/\/carbitautoparts.com\/wp-content\/uploads\/2026\/01\/4-300x201.png 300w, https:\/\/carbitautoparts.com\/wp-content\/uploads\/2026\/01\/4-768x514.png 768w, https:\/\/carbitautoparts.com\/wp-content\/uploads\/2026\/01\/4-18x12.png 18w, https:\/\/carbitautoparts.com\/wp-content\/uploads\/2026\/01\/4-600x402.png 600w, https:\/\/carbitautoparts.com\/wp-content\/uploads\/2026\/01\/4-150x100.png 150w\" sizes=\"(max-width: 874px) 100vw, 874px\" \/>\t\t\t\t\t\t\t\t\t\t\t\t\t\t\t<\/div>\n\t\t\t\t<\/div>\n\t\t\t\t<\/div>\n\t\t<div class=\"elementor-element elementor-element-91cf87b e-con-full e-flex e-con e-child\" data-id=\"91cf87b\" data-element_type=\"container\">\n\t\t\t\t<div class=\"elementor-element elementor-element-808d3df color-scheme-inherit text-left elementor-widget elementor-widget-text-editor\" data-id=\"808d3df\" data-element_type=\"widget\" data-widget_type=\"text-editor.default\">\n\t\t\t\t<div class=\"elementor-widget-container\">\n\t\t\t\t\t\t\t\t\t<p style=\"text-align: left;\"><strong><span style=\"font-family: verdana, geneva, sans-serif;\">Composants en plastique<\/span><\/strong><br \/><span style=\"font-family: verdana, geneva, sans-serif;\">Fabriqu\u00e9 \u00e0 partir de mati\u00e8res premi\u00e8res DuPont 500P ;<\/span><span style=\"font-family: verdana, geneva, sans-serif;\">Des contr\u00f4les ponctuels sont r\u00e9guli\u00e8rement effectu\u00e9s chez les fournisseurs pour v\u00e9rifier l'utilisation des mati\u00e8res premi\u00e8res,<\/span><span style=\"font-family: verdana, geneva, sans-serif;\">et l'utilisation de mat\u00e9riaux recycl\u00e9s est strictement interdite.<br \/><strong>Composants\/joints en caoutchouc<\/strong> Peut r\u00e9sister \u00e0 des temp\u00e9ratures allant jusqu'\u00e0 100\u00b0C et jusqu'\u00e0 -40\u00b0C.<br \/><strong>Traitement thermique<\/strong>Elle est actuellement \u00e9quip\u00e9e de trois unit\u00e9s de traitement thermique des m\u00e9taux \u00e0 haute fr\u00e9quence, d'un four de trempe et de revenu et d'un \u00e9quipement de traitement thermique de type four \u00e0 bande en treillis, ce qui lui permet d'atteindre une duret\u00e9 m\u00e9tallographique de grade 5.<br \/><strong>Robot portique enti\u00e8rement automatique<\/strong><br \/>1. Tous les processus d'usinage critiques utilisent des \u00e9quipements import\u00e9s de Fuyu (Ta\u00efwan) ou de Tsugami (Japon). Ces machines pr\u00e9sentent une usure minimale, ce qui garantit une stabilit\u00e9 dimensionnelle sup\u00e9rieure. L'ensemble du syst\u00e8me utilise des syst\u00e8mes de chargement enti\u00e8rement automatis\u00e9s et des syst\u00e8mes d'inspection automatique Renishaw britanniques.<br \/>2. Tous les programmes d'usinage sont d\u00e9velopp\u00e9s et g\u00e9r\u00e9s de mani\u00e8re uniforme par un personnel sp\u00e9cialis\u00e9 afin de garantir la pr\u00e9cision de l'usinage et la coh\u00e9rence dimensionnelle des produits.<br \/><br \/><\/span><\/p>\t\t\t\t\t\t\t\t<\/div>\n\t\t\t\t<\/div>\n\t\t\t\t<\/div>\n\t\t\t\t\t<\/div>\n\t\t\t\t<\/div>\n\t\t<div class=\"wd-negative-gap elementor-element elementor-element-744df86 e-flex e-con-boxed e-con e-parent\" data-id=\"744df86\" data-element_type=\"container\">\n\t\t\t\t\t<div class=\"e-con-inner\">\n\t\t\t\t<div class=\"elementor-element elementor-element-9aa7c5c gallery-spacing-custom elementor-widget elementor-widget-image-gallery\" data-id=\"9aa7c5c\" data-element_type=\"widget\" data-widget_type=\"image-gallery.default\">\n\t\t\t\t<div class=\"elementor-widget-container\">\n\t\t\t\t\t\t\t<div class=\"elementor-image-gallery\">\n\t\t\t\n\t\t<style type=\"text\/css\">\n\t\t\t#gallery-1 {\n\t\t\t\tmargin: auto;\n\t\t\t}\n\t\t\t#gallery-1 .gallery-item {\n\t\t\t\tfloat: left;\n\t\t\t\tmargin-top: 10px;\n\t\t\t\ttext-align: center;\n\t\t\t\twidth: 50%;\n\t\t\t}\n\t\t\t#gallery-1 img {\n\t\t\t\tborder: 2px solid #cfcfcf;\n\t\t\t}\n\t\t\t#gallery-1 .gallery-caption {\n\t\t\t\tmargin-left: 0;\n\t\t\t}\n\t\t\t\/* see gallery_shortcode() in wp-includes\/media.php *\/\n\t\t<\/style>\n\t\t<div id='gallery-1' class='gallery galleryid-277 gallery-columns-2 gallery-size-full'><dl class='gallery-item'>\n\t\t\t<dt class='gallery-icon landscape'>\n\t\t\t\t<img loading=\"lazy\" decoding=\"async\" width=\"650\" height=\"450\" src=\"https:\/\/carbitautoparts.com\/wp-content\/uploads\/2026\/01\/\u5c4f\u5e55\u622a\u56fe-2026-01-14-115332.jpg\" class=\"attachment-full size-full\" alt=\"\" srcset=\"https:\/\/carbitautoparts.com\/wp-content\/uploads\/2026\/01\/\u5c4f\u5e55\u622a\u56fe-2026-01-14-115332.jpg 650w, https:\/\/carbitautoparts.com\/wp-content\/uploads\/2026\/01\/\u5c4f\u5e55\u622a\u56fe-2026-01-14-115332-300x208.jpg 300w, https:\/\/carbitautoparts.com\/wp-content\/uploads\/2026\/01\/\u5c4f\u5e55\u622a\u56fe-2026-01-14-115332-18x12.jpg 18w, https:\/\/carbitautoparts.com\/wp-content\/uploads\/2026\/01\/\u5c4f\u5e55\u622a\u56fe-2026-01-14-115332-600x415.jpg 600w, https:\/\/carbitautoparts.com\/wp-content\/uploads\/2026\/01\/\u5c4f\u5e55\u622a\u56fe-2026-01-14-115332-150x104.jpg 150w\" sizes=\"(max-width: 650px) 100vw, 650px\" \/>\n\t\t\t<\/dt><\/dl><dl class='gallery-item'>\n\t\t\t<dt class='gallery-icon landscape'>\n\t\t\t\t<img loading=\"lazy\" decoding=\"async\" width=\"650\" height=\"450\" src=\"https:\/\/carbitautoparts.com\/wp-content\/uploads\/2026\/01\/\u56fe\u72471.jpg\" class=\"attachment-full size-full\" alt=\"\" srcset=\"https:\/\/carbitautoparts.com\/wp-content\/uploads\/2026\/01\/\u56fe\u72471.jpg 650w, https:\/\/carbitautoparts.com\/wp-content\/uploads\/2026\/01\/\u56fe\u72471-300x208.jpg 300w, https:\/\/carbitautoparts.com\/wp-content\/uploads\/2026\/01\/\u56fe\u72471-18x12.jpg 18w, https:\/\/carbitautoparts.com\/wp-content\/uploads\/2026\/01\/\u56fe\u72471-600x415.jpg 600w, https:\/\/carbitautoparts.com\/wp-content\/uploads\/2026\/01\/\u56fe\u72471-150x104.jpg 150w\" sizes=\"(max-width: 650px) 100vw, 650px\" \/>\n\t\t\t<\/dt><\/dl><br style=\"clear: both\" \/><dl class='gallery-item'>\n\t\t\t<dt class='gallery-icon landscape'>\n\t\t\t\t<img loading=\"lazy\" decoding=\"async\" width=\"650\" height=\"450\" src=\"https:\/\/carbitautoparts.com\/wp-content\/uploads\/2025\/02\/\u56fe\u72475-1.jpg\" class=\"attachment-full size-full\" alt=\"atelier de notre partenaire fabricant de pi\u00e8ces automobiles\" srcset=\"https:\/\/carbitautoparts.com\/wp-content\/uploads\/2025\/02\/\u56fe\u72475-1.jpg 650w, https:\/\/carbitautoparts.com\/wp-content\/uploads\/2025\/02\/\u56fe\u72475-1-300x208.jpg 300w, https:\/\/carbitautoparts.com\/wp-content\/uploads\/2025\/02\/\u56fe\u72475-1-600x415.jpg 600w, https:\/\/carbitautoparts.com\/wp-content\/uploads\/2025\/02\/\u56fe\u72475-1-150x104.jpg 150w\" sizes=\"(max-width: 650px) 100vw, 650px\" \/>\n\t\t\t<\/dt><\/dl><dl class='gallery-item'>\n\t\t\t<dt class='gallery-icon landscape'>\n\t\t\t\t<img loading=\"lazy\" decoding=\"async\" width=\"650\" height=\"450\" src=\"https:\/\/carbitautoparts.com\/wp-content\/uploads\/2025\/02\/\u56fe\u72476-1.jpg\" class=\"attachment-full size-full\" alt=\"atelier de notre partenaire fabricant de pi\u00e8ces automobiles\" srcset=\"https:\/\/carbitautoparts.com\/wp-content\/uploads\/2025\/02\/\u56fe\u72476-1.jpg 650w, https:\/\/carbitautoparts.com\/wp-content\/uploads\/2025\/02\/\u56fe\u72476-1-300x208.jpg 300w, https:\/\/carbitautoparts.com\/wp-content\/uploads\/2025\/02\/\u56fe\u72476-1-600x415.jpg 600w, https:\/\/carbitautoparts.com\/wp-content\/uploads\/2025\/02\/\u56fe\u72476-1-150x104.jpg 150w\" sizes=\"(max-width: 650px) 100vw, 650px\" \/>\n\t\t\t<\/dt><\/dl><br style=\"clear: both\" \/><dl class='gallery-item'>\n\t\t\t<dt class='gallery-icon landscape'>\n\t\t\t\t<img loading=\"lazy\" decoding=\"async\" width=\"892\" height=\"605\" src=\"https:\/\/carbitautoparts.com\/wp-content\/uploads\/2026\/01\/3.png\" class=\"attachment-full size-full\" alt=\"\" srcset=\"https:\/\/carbitautoparts.com\/wp-content\/uploads\/2026\/01\/3.png 892w, https:\/\/carbitautoparts.com\/wp-content\/uploads\/2026\/01\/3-300x203.png 300w, https:\/\/carbitautoparts.com\/wp-content\/uploads\/2026\/01\/3-768x521.png 768w, https:\/\/carbitautoparts.com\/wp-content\/uploads\/2026\/01\/3-18x12.png 18w, https:\/\/carbitautoparts.com\/wp-content\/uploads\/2026\/01\/3-600x407.png 600w, https:\/\/carbitautoparts.com\/wp-content\/uploads\/2026\/01\/3-150x102.png 150w\" sizes=\"(max-width: 892px) 100vw, 892px\" \/>\n\t\t\t<\/dt><\/dl><dl class='gallery-item'>\n\t\t\t<dt class='gallery-icon landscape'>\n\t\t\t\t<img loading=\"lazy\" decoding=\"async\" width=\"905\" height=\"606\" src=\"https:\/\/carbitautoparts.com\/wp-content\/uploads\/2025\/05\/\u5fae\u4fe1\u56fe\u7247_20250428174459-2.jpg\" class=\"attachment-full size-full\" alt=\"\" srcset=\"https:\/\/carbitautoparts.com\/wp-content\/uploads\/2025\/05\/\u5fae\u4fe1\u56fe\u7247_20250428174459-2.jpg 905w, https:\/\/carbitautoparts.com\/wp-content\/uploads\/2025\/05\/\u5fae\u4fe1\u56fe\u7247_20250428174459-2-300x201.jpg 300w, https:\/\/carbitautoparts.com\/wp-content\/uploads\/2025\/05\/\u5fae\u4fe1\u56fe\u7247_20250428174459-2-768x514.jpg 768w, https:\/\/carbitautoparts.com\/wp-content\/uploads\/2025\/05\/\u5fae\u4fe1\u56fe\u7247_20250428174459-2-18x12.jpg 18w, https:\/\/carbitautoparts.com\/wp-content\/uploads\/2025\/05\/\u5fae\u4fe1\u56fe\u7247_20250428174459-2-600x402.jpg 600w, https:\/\/carbitautoparts.com\/wp-content\/uploads\/2025\/05\/\u5fae\u4fe1\u56fe\u7247_20250428174459-2-150x100.jpg 150w\" sizes=\"(max-width: 905px) 100vw, 905px\" \/>\n\t\t\t<\/dt><\/dl><br style=\"clear: both\" \/><dl class='gallery-item'>\n\t\t\t<dt class='gallery-icon landscape'>\n\t\t\t\t<img loading=\"lazy\" decoding=\"async\" width=\"650\" height=\"450\" src=\"https:\/\/carbitautoparts.com\/wp-content\/uploads\/2025\/02\/\u56fe\u72477-1.jpg\" class=\"attachment-full size-full\" alt=\"atelier de notre partenaire fabricant de pi\u00e8ces automobiles\" srcset=\"https:\/\/carbitautoparts.com\/wp-content\/uploads\/2025\/02\/\u56fe\u72477-1.jpg 650w, https:\/\/carbitautoparts.com\/wp-content\/uploads\/2025\/02\/\u56fe\u72477-1-300x208.jpg 300w, https:\/\/carbitautoparts.com\/wp-content\/uploads\/2025\/02\/\u56fe\u72477-1-600x415.jpg 600w, https:\/\/carbitautoparts.com\/wp-content\/uploads\/2025\/02\/\u56fe\u72477-1-150x104.jpg 150w\" sizes=\"(max-width: 650px) 100vw, 650px\" \/>\n\t\t\t<\/dt><\/dl><dl class='gallery-item'>\n\t\t\t<dt class='gallery-icon landscape'>\n\t\t\t\t<img loading=\"lazy\" decoding=\"async\" width=\"650\" height=\"450\" src=\"https:\/\/carbitautoparts.com\/wp-content\/uploads\/2025\/02\/\u56fe\u724710-1.jpg\" class=\"attachment-full size-full\" alt=\"notre entrep\u00f4t de pi\u00e8ces d\u00e9tach\u00e9es automobiles\" srcset=\"https:\/\/carbitautoparts.com\/wp-content\/uploads\/2025\/02\/\u56fe\u724710-1.jpg 650w, https:\/\/carbitautoparts.com\/wp-content\/uploads\/2025\/02\/\u56fe\u724710-1-300x208.jpg 300w, https:\/\/carbitautoparts.com\/wp-content\/uploads\/2025\/02\/\u56fe\u724710-1-600x415.jpg 600w, https:\/\/carbitautoparts.com\/wp-content\/uploads\/2025\/02\/\u56fe\u724710-1-150x104.jpg 150w\" sizes=\"(max-width: 650px) 100vw, 650px\" \/>\n\t\t\t<\/dt><\/dl><br style=\"clear: both\" \/>\n\t\t<\/div>\n\t\t<\/div>\n\t\t\t\t\t\t<\/div>\n\t\t\t\t<\/div>\n\t\t\t\t<div class=\"elementor-element elementor-element-7e3f01e color-scheme-inherit text-left elementor-widget elementor-widget-text-editor\" data-id=\"7e3f01e\" data-element_type=\"widget\" data-widget_type=\"text-editor.default\">\n\t\t\t\t<div class=\"elementor-widget-container\">\n\t\t\t\t\t\t\t\t\t<p>Motiv\u00e9s par l'innovation et l'excellence, nous nous effor\u00e7ons constamment d'affiner et d'\u00e9largir notre gamme de produits afin de r\u00e9pondre aux exigences multiples du march\u00e9 mondial. Notre objectif est de cultiver des partenariats durables avec nos clients en leur fournissant une qualit\u00e9 sup\u00e9rieure, des prix comp\u00e9titifs et une assistance fiable. En nous appuyant sur notre expertise approfondie de l'industrie automobile et en adh\u00e9rant \u00e0 une philosophie qui donne la priorit\u00e9 \u00e0 la satisfaction du client, nous nous positionnons comme votre partenaire fiable, en veillant \u00e0 ce que votre entreprise prosp\u00e8re dans un environnement hautement concurrentiel.<\/p>\t\t\t\t\t\t\t\t<\/div>\n\t\t\t\t<\/div>\n\t\t\t\t\t<\/div>\n\t\t\t\t<\/div>\n\t\t\t\t<\/div>","protected":false},"excerpt":{"rendered":"<p>Company Profile Founded in 2018 in Xi&#8217;an,Shaanxi province, Xi\u2019an Carbit Auto Parts Co., Ltd. began the journey in China\u2019s domestic<\/p>","protected":false},"author":1,"featured_media":0,"parent":0,"menu_order":0,"comment_status":"closed","ping_status":"closed","template":"","meta":{"footnotes":""},"class_list":["post-277","page","type-page","status-publish","hentry"],"_links":{"self":[{"href":"https:\/\/carbitautoparts.com\/fr\/wp-json\/wp\/v2\/pages\/277","targetHints":{"allow":["GET"]}}],"collection":[{"href":"https:\/\/carbitautoparts.com\/fr\/wp-json\/wp\/v2\/pages"}],"about":[{"href":"https:\/\/carbitautoparts.com\/fr\/wp-json\/wp\/v2\/types\/page"}],"author":[{"embeddable":true,"href":"https:\/\/carbitautoparts.com\/fr\/wp-json\/wp\/v2\/users\/1"}],"replies":[{"embeddable":true,"href":"https:\/\/carbitautoparts.com\/fr\/wp-json\/wp\/v2\/comments?post=277"}],"version-history":[{"count":28,"href":"https:\/\/carbitautoparts.com\/fr\/wp-json\/wp\/v2\/pages\/277\/revisions"}],"predecessor-version":[{"id":1908,"href":"https:\/\/carbitautoparts.com\/fr\/wp-json\/wp\/v2\/pages\/277\/revisions\/1908"}],"wp:attachment":[{"href":"https:\/\/carbitautoparts.com\/fr\/wp-json\/wp\/v2\/media?parent=277"}],"curies":[{"name":"wp","href":"https:\/\/api.w.org\/{rel}","templated":true}]}}