{"id":1673,"date":"2025-03-13T11:54:10","date_gmt":"2025-03-13T03:54:10","guid":{"rendered":"https:\/\/carbitautoparts.com\/?post_type=product&#038;p=1673"},"modified":"2025-05-06T15:37:39","modified_gmt":"2025-05-06T07:37:39","slug":"nissan-x-trail-ac-compressor-92600-au010","status":"publish","type":"product","link":"https:\/\/carbitautoparts.com\/fr\/product\/nissan-x-trail-ac-compressor-92600-au010\/","title":{"rendered":"Compresseur de climatisation pour Nissan X-Trail | OEM 92600-AU010"},"content":{"rendered":"<p><span style=\"font-family: verdana, geneva, sans-serif; color: #474545;\"><span style=\"font-size: 14pt;\"><strong><b>Solution de refroidissement haute performance pour les mod\u00e8les Nissan X-Trail<br \/>\n<\/b><\/strong><\/span><strong><b><br \/>\n<\/b><\/strong>R\u00e9tablissez les performances optimales du syst\u00e8me de climatisation de votre Nissan X-Trail gr\u00e2ce \u00e0 notre compresseur de climatisation de premi\u00e8re qualit\u00e9. Con\u00e7u comme une pi\u00e8ce de rechange directe, ce compresseur garantit une efficacit\u00e9 de refroidissement et une durabilit\u00e9 fiables pour les diff\u00e9rentes g\u00e9n\u00e9rations de X-Trail.<\/span><\/p>\n<hr \/>\n<ul>\n<li><span style=\"font-family: verdana, geneva, sans-serif; color: #5e5c5c;\"><span style=\"font-family: verdana, geneva, sans-serif;\"><strong><b>Optimis\u00e9 pour les conditions extr\u00eames<\/b><\/strong><strong><b><br \/>\n<\/b><\/strong>-Compatible avec le r\u00e9frig\u00e9rant R134a (pr\u00e9charg\u00e9 avec de l'huile PAG46).<br \/>\n-Bo\u00eetier en aluminium r\u00e9sistant \u00e0 la corrosion pour les environnements humides et \u00e0 haute temp\u00e9rature.<\/span><\/span>&nbsp;<\/li>\n<li><span style=\"font-family: verdana, geneva, sans-serif; color: #5e5c5c;\"><span style=\"font-family: verdana, geneva, sans-serif;\"><strong><b>Construction durable<\/b><\/strong><strong><b><br \/>\n<\/b><\/strong><strong><b>&#8211;<\/b><\/strong>Les composants internes sont con\u00e7us avec pr\u00e9cision pour r\u00e9duire l'usure.<br \/>\n-Joint d'arbre \u00e0 double l\u00e8vre pour un fonctionnement sans fuite.<br \/>\n-Fabrication certifi\u00e9e ISO 9001.<\/span><\/span>&nbsp;<\/li>\n<li><span style=\"font-family: verdana, geneva, sans-serif; color: #5e5c5c;\"><span style=\"font-family: verdana, geneva, sans-serif;\"><strong><b>Installation facile<\/b><\/strong><strong><b><br \/>\n<\/b><\/strong>-Remplacement direct par boulonnage (aucune modification n'est n\u00e9cessaire).<br \/>\n-Ecart d'embrayage pr\u00e9r\u00e9gl\u00e9 (0,5 mm \u00b10,1 mm de tol\u00e9rance).<br \/>\n-Comprend les supports de montage et les goupilles d'alignement.<\/span><\/span>&nbsp;<\/li>\n<li><span style=\"font-family: verdana, geneva, sans-serif; color: #5e5c5c;\"><strong><b>Pourquoi choisir nos compresseurs ?<br \/>\n<\/b><\/strong>\u00a0Contr\u00f4le de qualit\u00e9 strict : test de performance de 72 heures.<\/span><br \/>\n<span style=\"font-family: verdana, geneva, sans-serif; color: #5e5c5c;\">\u00a0100% avec contr\u00f4le d'\u00e9tanch\u00e9it\u00e9 et d\u00e9tection d'h\u00e9lium.<br \/>\nGarantie de 1 an.<\/span><\/li>\n<\/ul>","protected":false},"excerpt":{"rendered":"<p><span style=\"font-family: verdana, geneva, sans-serif; color: #4d4b4b;\"><strong>Nom du produit\uff1a<\/strong>Compresseur de climatisation pour automobiles<\/span><br \/>\n<span style=\"font-family: verdana, geneva, sans-serif; color: #4d4b4b;\"><strong>Garantie\uff1a<\/strong>1 an<\/span><br \/>\n<span style=\"font-family: verdana, geneva, sans-serif; color: #4d4b4b;\"><strong>Condition\uff1a<\/strong>Nouveau<\/span><br \/>\n<span style=\"font-family: verdana, geneva, sans-serif; color: #4d4b4b;\"><strong>Mod\u00e8le de voiture\uff1a<\/strong>Nissan X-Trail<\/span><br \/>\n<span style=\"font-family: verdana, geneva, sans-serif; color: #4d4b4b;\"><strong>Tension :\u00a0<\/strong>12V<\/span><br \/>\n<span style=\"font-family: verdana, geneva, sans-serif; color: #4d4b4b;\"><strong>R\u00e9frig\u00e9rant\uff1a<\/strong>R134a<\/span><br \/>\n<span style=\"color: #4d4b4b;\"><span style=\"font-family: verdana, geneva, sans-serif;\"><strong>OEM : <\/strong>92600-AU010 92600-AU000<br \/>\n92600-AU01B 92600-AU01A<br \/>\n92600-ET82A 92600-JG30B<br \/>\n92600-JG30A 4472501490<strong><b><br \/>\n<\/b><\/strong><\/span><strong style=\"font-family: verdana, geneva, sans-serif;\">Qualit\u00e9 : <\/strong><span style=\"font-family: verdana, geneva, sans-serif;\">100% Test\u00e9<br \/>\n<\/span><span style=\"font-family: verdana, geneva, sans-serif;\"><strong>D\u00e9lai de livraison :\u00a0<\/strong>3-7 jours<\/span><\/span><\/p>","protected":false},"featured_media":1674,"comment_status":"closed","ping_status":"closed","template":"","meta":[],"product_cat":[19],"product_tag":[44,45,42,40,41,47,43,46],"class_list":{"0":"post-1673","1":"product","2":"type-product","3":"status-publish","4":"has-post-thumbnail","6":"product_cat-electric-almotor-parts","7":"product_tag-ac","8":"product_tag-compressor","9":"product_tag-nissan","10":"product_tag-nissan-x-trail-ac-compressor","11":"product_tag-nissanx-trailaccompressor","12":"product_tag-nissanxtrailaccompressor","13":"product_tag-x-trail","14":"product_tag-xtrail","16":"first","17":"instock","18":"featured","19":"shipping-taxable","20":"product-type-simple"},"_links":{"self":[{"href":"https:\/\/carbitautoparts.com\/fr\/wp-json\/wp\/v2\/product\/1673","targetHints":{"allow":["GET"]}}],"collection":[{"href":"https:\/\/carbitautoparts.com\/fr\/wp-json\/wp\/v2\/product"}],"about":[{"href":"https:\/\/carbitautoparts.com\/fr\/wp-json\/wp\/v2\/types\/product"}],"replies":[{"embeddable":true,"href":"https:\/\/carbitautoparts.com\/fr\/wp-json\/wp\/v2\/comments?post=1673"}],"wp:featuredmedia":[{"embeddable":true,"href":"https:\/\/carbitautoparts.com\/fr\/wp-json\/wp\/v2\/media\/1674"}],"wp:attachment":[{"href":"https:\/\/carbitautoparts.com\/fr\/wp-json\/wp\/v2\/media?parent=1673"}],"wp:term":[{"taxonomy":"product_cat","embeddable":true,"href":"https:\/\/carbitautoparts.com\/fr\/wp-json\/wp\/v2\/product_cat?post=1673"},{"taxonomy":"product_tag","embeddable":true,"href":"https:\/\/carbitautoparts.com\/fr\/wp-json\/wp\/v2\/product_tag?post=1673"}],"curies":[{"name":"wp","href":"https:\/\/api.w.org\/{rel}","templated":true}]}}